{"id":9460,"date":"2025-07-14T09:22:12","date_gmt":"2025-07-14T09:22:12","guid":{"rendered":"https:\/\/imiapower.com\/?post_type=product&#038;p=9460"},"modified":"2025-07-14T09:22:47","modified_gmt":"2025-07-14T09:22:47","slug":"universal-travel-outlet-35w","status":"publish","type":"product","link":"https:\/\/imiapower.com\/pl\/products\/travel-adapter\/universal-travel-outlet-35w\/","title":{"rendered":"Uniwersalne gniazdko podr\u00f3\u017cne z USB, USB-C PD 35 W, gniazdem AC \u2013 kompatybilno\u015b\u0107 na ca\u0142ym \u015bwiecie"},"content":{"rendered":"<ul>\n<li><strong>Napi\u0119cie wej\u015bciowe:<\/strong>110~250 V\/pr\u0105d przemienny 50-60 Hz<\/li>\n<li><strong>Wyj\u015bcie pr\u0105du przemiennego:<\/strong>Maks. 10 A (1000 W\/100 V lub 2400 W\/240 V)<\/li>\n<li><strong>Wyj\u015bcie USB:<\/strong> 5V3A\/9V2A\/12V 1,5A (maks. 18W)<\/li>\n<li><strong>Wyj\u015bcie typu C1:<\/strong>5 V, 3 A 9 V, 3 A 12 V, 2,91 A 15 V, 2,33 A 20 V, 1,75 A (MAKS. 35 W)<\/li>\n<li><strong>Wyj\u015bcie typu C2:<\/strong> 5V1A 5W<\/li>\n<li><strong>Kabel C3:<\/strong>5 V, 3 A 9 V, 3 A 12 V, 2,91 A 15 V, 2,33 A 20 V, 1,75 A (MAKS. 35 W)<\/li>\n<li><strong>C1\/C2+C3:<\/strong> 20W+5W<\/li>\n<li><strong>C1+C2+C3+USB:<\/strong>20W+15W<\/li>\n<li><strong>C3+USB:<\/strong>5V3A<\/li>\n<li><strong>Waga:<\/strong>248g<\/li>\n<li><strong>Materia\u0142 :<\/strong> Wypalany PC + mied\u017a metalowa<\/li>\n<li><strong>Certyfikat:<\/strong> FCC,CE<\/li>\n<\/ul>","protected":false},"excerpt":{"rendered":"<p>Podr\u00f3\u017cuj m\u0105drzej dzi\u0119ki temu uniwersalnemu gniazdku podr\u00f3\u017cnemu, kt\u00f3re zosta\u0142o zaprojektowane z my\u015bl\u0105 o wygodzie, bezpiecze\u0144stwie i szybko\u015bci.<\/p>\n<p>Ten adapter jest kompatybilny z wej\u015bciem pr\u0105du zmiennego 110\u2013250 V i oferuje moc wyj\u015bciow\u0105 do 2400 W, dzi\u0119ki czemu idealnie sprawdza si\u0119 w podr\u00f3\u017cach mi\u0119dzynarodowych.<\/p>\n<p>Posiada konstrukcj\u0119 wieloportow\u0105, w tym jeden port USB-A (18 W), dwa porty USB-C (C1 i C2) oraz jeden wbudowany kabel (C3) z technologi\u0105 Power Delivery (PD) do 35 W. Umo\u017cliwia jednoczesne \u0142adowanie smartfon\u00f3w, tablet\u00f3w, laptop\u00f3w i innych urz\u0105dze\u0144 elektronicznych.<\/p>","protected":false},"featured_media":9465,"comment_status":"open","ping_status":"closed","template":"","meta":{"rank_math_lock_modified_date":false,"site-sidebar-layout":"default","site-content-layout":"","ast-site-content-layout":"default","site-content-style":"default","site-sidebar-style":"default","ast-global-header-display":"","ast-banner-title-visibility":"","ast-main-header-display":"","ast-hfb-above-header-display":"","ast-hfb-below-header-display":"","ast-hfb-mobile-header-display":"","site-post-title":"","ast-breadcrumbs-content":"","ast-featured-img":"","footer-sml-layout":"","ast-disable-related-posts":"","theme-transparent-header-meta":"default","adv-header-id-meta":"","stick-header-meta":"","header-above-stick-meta":"","header-main-stick-meta":"","header-below-stick-meta":"","astra-migrate-meta-layouts":"set","ast-page-background-enabled":"default","ast-page-background-meta":{"desktop":{"background-color":"","background-image":"","background-repeat":"repeat","background-position":"center center","background-size":"auto","background-attachment":"scroll","background-type":"","background-media":"","overlay-type":"","overlay-color":"","overlay-opacity":"","overlay-gradient":""},"tablet":{"background-color":"","background-image":"","background-repeat":"repeat","background-position":"center center","background-size":"auto","background-attachment":"scroll","background-type":"","background-media":"","overlay-type":"","overlay-color":"","overlay-opacity":"","overlay-gradient":""},"mobile":{"background-color":"","background-image":"","background-repeat":"repeat","background-position":"center center","background-size":"auto","background-attachment":"scroll","background-type":"","background-media":"","overlay-type":"","overlay-color":"","overlay-opacity":"","overlay-gradient":""}},"ast-content-background-meta":{"desktop":{"background-color":"var(--ast-global-color-5)","background-image":"","background-repeat":"repeat","background-position":"center center","background-size":"auto","background-attachment":"scroll","background-type":"","background-media":"","overlay-type":"","overlay-color":"","overlay-opacity":"","overlay-gradient":""},"tablet":{"background-color":"var(--ast-global-color-5)","background-image":"","background-repeat":"repeat","background-position":"center center","background-size":"auto","background-attachment":"scroll","background-type":"","background-media":"","overlay-type":"","overlay-color":"","overlay-opacity":"","overlay-gradient":""},"mobile":{"background-color":"var(--ast-global-color-5)","background-image":"","background-repeat":"repeat","background-position":"center center","background-size":"auto","background-attachment":"scroll","background-type":"","background-media":"","overlay-type":"","overlay-color":"","overlay-opacity":"","overlay-gradient":""}}},"product_cat":[64],"product_tag":[],"class_list":{"0":"post-9460","1":"product","2":"type-product","3":"status-publish","4":"has-post-thumbnail","6":"product_cat-travel-adapter","7":"desktop-align-center","8":"tablet-align-center","9":"mobile-align-center","11":"first","12":"instock","13":"shipping-taxable","14":"product-type-simple"},"_links":{"self":[{"href":"https:\/\/imiapower.com\/pl\/wp-json\/wp\/v2\/product\/9460","targetHints":{"allow":["GET"]}}],"collection":[{"href":"https:\/\/imiapower.com\/pl\/wp-json\/wp\/v2\/product"}],"about":[{"href":"https:\/\/imiapower.com\/pl\/wp-json\/wp\/v2\/types\/product"}],"replies":[{"embeddable":true,"href":"https:\/\/imiapower.com\/pl\/wp-json\/wp\/v2\/comments?post=9460"}],"version-history":[{"count":1,"href":"https:\/\/imiapower.com\/pl\/wp-json\/wp\/v2\/product\/9460\/revisions"}],"predecessor-version":[{"id":9467,"href":"https:\/\/imiapower.com\/pl\/wp-json\/wp\/v2\/product\/9460\/revisions\/9467"}],"wp:featuredmedia":[{"embeddable":true,"href":"https:\/\/imiapower.com\/pl\/wp-json\/wp\/v2\/media\/9465"}],"wp:attachment":[{"href":"https:\/\/imiapower.com\/pl\/wp-json\/wp\/v2\/media?parent=9460"}],"wp:term":[{"taxonomy":"product_cat","embeddable":true,"href":"https:\/\/imiapower.com\/pl\/wp-json\/wp\/v2\/product_cat?post=9460"},{"taxonomy":"product_tag","embeddable":true,"href":"https:\/\/imiapower.com\/pl\/wp-json\/wp\/v2\/product_tag?post=9460"}],"curies":[{"name":"wp","href":"https:\/\/api.w.org\/{rel}","templated":true}]}}