{"id":9473,"date":"2025-07-16T01:52:30","date_gmt":"2025-07-16T01:52:30","guid":{"rendered":"https:\/\/imiapower.com\/?post_type=product&#038;p=9473"},"modified":"2025-07-16T01:52:43","modified_gmt":"2025-07-16T01:52:43","slug":"pd-protocol-charger-20w","status":"publish","type":"product","link":"https:\/\/imiapower.com\/pl\/products\/wall-charger\/pd-protocol-charger-20w\/","title":{"rendered":"\u0141adowarka \u015bcienna z protoko\u0142em PD Innovation 20 W \u2013 urocza i szybka \u0142adowarka USB-C do iPhone&#039;a i Samsunga"},"content":{"rendered":"<ul>\n<li><strong>\u0142adowarka protoko\u0142u PD<\/strong><\/li>\n<li><strong>Wej\u015bcie:<\/strong>100 ~ 250 V\/AC 50-60 Hz<\/li>\n<li><strong>Wyj\u015bcie:<\/strong>5V3A, 9V2.22A, 12V1.67A (maks. 20W)<\/li>\n<li><strong>Materia\u0142:<\/strong>komputer<\/li>\n<li><strong>Certyfikat:<\/strong>FCC, CCC, RoHS<\/li>\n<\/ul>","protected":false},"excerpt":{"rendered":"<p>Ten <strong data-start=\"663\" data-end=\"690\">\u0141adowarka protoko\u0142u PD 20 W<\/strong> zapewnia szybkie i stabilne \u0142adowanie urz\u0105dze\u0144 iPhone, Samsung i USB-C, zamkni\u0119te w uroczej, kompaktowej obudowie idealnej dla m\u0142odych dziewcz\u0105t, kt\u00f3re uwielbiaj\u0105 stylow\u0105 technologi\u0119.<\/p>\n<p>Wspieraj\u0105cy <strong data-start=\"857\" data-end=\"897\">5 V 3 A, 9 V 2,22 A, 12 V 1,67 A (maks. 20 W)<\/strong> wyj\u015bcia, gwarantuje wydajne dostarczanie energii zar\u00f3wno w domu, szkole, jak i w podr\u00f3\u017cy.<\/p>\n<p>Wykonany z ognioodpornego materia\u0142u PC i certyfikowany przez <strong data-start=\"1037\" data-end=\"1059\">FCC, CCC i RoHS<\/strong>\u0141\u0105czy w sobie bezpiecze\u0144stwo z innowacyjnym designem, dzi\u0119ki czemu jest niezb\u0119dnym urz\u0105dzeniem na co dzie\u0144 dla tych, kt\u00f3rzy chc\u0105 mie\u0107 szybk\u0105 \u0142adowark\u0119 dostosowan\u0105 do ich estetyki, a jednocze\u015bnie gotow\u0105 do dzia\u0142ania w ka\u017cdej chwili.<\/p>\n<p><img fetchpriority=\"high\" decoding=\"async\" class=\"alignnone wp-image-9475 size-full\" src=\"https:\/\/imiapower.com\/wp-content\/uploads\/converted-2-10.webp\" alt=\"\u0142adowarka protoko\u0142u PD\" width=\"800\" height=\"628\" srcset=\"https:\/\/imiapower.com\/wp-content\/uploads\/converted-2-10.webp 800w, https:\/\/imiapower.com\/wp-content\/uploads\/converted-2-10-300x236.webp 300w, https:\/\/imiapower.com\/wp-content\/uploads\/converted-2-10-768x603.webp 768w, https:\/\/imiapower.com\/wp-content\/uploads\/converted-2-10-15x12.webp 15w, https:\/\/imiapower.com\/wp-content\/uploads\/converted-2-10-600x471.webp 600w, https:\/\/imiapower.com\/wp-content\/uploads\/converted-2-10-64x50.webp 64w\" sizes=\"(max-width: 800px) 100vw, 800px\" \/><\/p>","protected":false},"featured_media":9476,"comment_status":"open","ping_status":"closed","template":"","meta":{"rank_math_lock_modified_date":false,"site-sidebar-layout":"default","site-content-layout":"","ast-site-content-layout":"default","site-content-style":"default","site-sidebar-style":"default","ast-global-header-display":"","ast-banner-title-visibility":"","ast-main-header-display":"","ast-hfb-above-header-display":"","ast-hfb-below-header-display":"","ast-hfb-mobile-header-display":"","site-post-title":"","ast-breadcrumbs-content":"","ast-featured-img":"","footer-sml-layout":"","ast-disable-related-posts":"","theme-transparent-header-meta":"default","adv-header-id-meta":"","stick-header-meta":"","header-above-stick-meta":"","header-main-stick-meta":"","header-below-stick-meta":"","astra-migrate-meta-layouts":"set","ast-page-background-enabled":"default","ast-page-background-meta":{"desktop":{"background-color":"","background-image":"","background-repeat":"repeat","background-position":"center center","background-size":"auto","background-attachment":"scroll","background-type":"","background-media":"","overlay-type":"","overlay-color":"","overlay-opacity":"","overlay-gradient":""},"tablet":{"background-color":"","background-image":"","background-repeat":"repeat","background-position":"center center","background-size":"auto","background-attachment":"scroll","background-type":"","background-media":"","overlay-type":"","overlay-color":"","overlay-opacity":"","overlay-gradient":""},"mobile":{"background-color":"","background-image":"","background-repeat":"repeat","background-position":"center center","background-size":"auto","background-attachment":"scroll","background-type":"","background-media":"","overlay-type":"","overlay-color":"","overlay-opacity":"","overlay-gradient":""}},"ast-content-background-meta":{"desktop":{"background-color":"var(--ast-global-color-5)","background-image":"","background-repeat":"repeat","background-position":"center center","background-size":"auto","background-attachment":"scroll","background-type":"","background-media":"","overlay-type":"","overlay-color":"","overlay-opacity":"","overlay-gradient":""},"tablet":{"background-color":"var(--ast-global-color-5)","background-image":"","background-repeat":"repeat","background-position":"center center","background-size":"auto","background-attachment":"scroll","background-type":"","background-media":"","overlay-type":"","overlay-color":"","overlay-opacity":"","overlay-gradient":""},"mobile":{"background-color":"var(--ast-global-color-5)","background-image":"","background-repeat":"repeat","background-position":"center center","background-size":"auto","background-attachment":"scroll","background-type":"","background-media":"","overlay-type":"","overlay-color":"","overlay-opacity":"","overlay-gradient":""}}},"product_cat":[43],"product_tag":[],"class_list":{"0":"post-9473","1":"product","2":"type-product","3":"status-publish","4":"has-post-thumbnail","6":"product_cat-wall-charger","7":"desktop-align-center","8":"tablet-align-center","9":"mobile-align-center","11":"first","12":"instock","13":"featured","14":"shipping-taxable","15":"product-type-simple"},"_links":{"self":[{"href":"https:\/\/imiapower.com\/pl\/wp-json\/wp\/v2\/product\/9473","targetHints":{"allow":["GET"]}}],"collection":[{"href":"https:\/\/imiapower.com\/pl\/wp-json\/wp\/v2\/product"}],"about":[{"href":"https:\/\/imiapower.com\/pl\/wp-json\/wp\/v2\/types\/product"}],"replies":[{"embeddable":true,"href":"https:\/\/imiapower.com\/pl\/wp-json\/wp\/v2\/comments?post=9473"}],"version-history":[{"count":1,"href":"https:\/\/imiapower.com\/pl\/wp-json\/wp\/v2\/product\/9473\/revisions"}],"predecessor-version":[{"id":9477,"href":"https:\/\/imiapower.com\/pl\/wp-json\/wp\/v2\/product\/9473\/revisions\/9477"}],"wp:featuredmedia":[{"embeddable":true,"href":"https:\/\/imiapower.com\/pl\/wp-json\/wp\/v2\/media\/9476"}],"wp:attachment":[{"href":"https:\/\/imiapower.com\/pl\/wp-json\/wp\/v2\/media?parent=9473"}],"wp:term":[{"taxonomy":"product_cat","embeddable":true,"href":"https:\/\/imiapower.com\/pl\/wp-json\/wp\/v2\/product_cat?post=9473"},{"taxonomy":"product_tag","embeddable":true,"href":"https:\/\/imiapower.com\/pl\/wp-json\/wp\/v2\/product_tag?post=9473"}],"curies":[{"name":"wp","href":"https:\/\/api.w.org\/{rel}","templated":true}]}}