{"id":9579,"date":"2025-08-02T00:17:39","date_gmt":"2025-08-02T00:17:39","guid":{"rendered":"https:\/\/imiapower.com\/?post_type=product&#038;p=9579"},"modified":"2025-08-02T00:17:40","modified_gmt":"2025-08-02T00:17:40","slug":"type-i-adapter","status":"publish","type":"product","link":"https:\/\/imiapower.com\/pl\/products\/travel-adapter\/type-i-adapter\/","title":{"rendered":"Adapter typu I \u2013 konwerter zasilania z Europy do Australii"},"content":{"rendered":"<ul>\n<li><strong>Adapter typu i<\/strong><\/li>\n<li><strong>Wej\u015bcie:<\/strong> 250V 10A 2500W maks.<\/li>\n<li><strong>Materia\u0142 obudowy:<\/strong> komputer<\/li>\n<li><strong>Standard:<\/strong> Zgodny z norm\u0105 IEC60884-2-5<\/li>\n<li><strong>Kolor:<\/strong>\u00a0Bia\u0142y\/czarny<\/li>\n<li><strong>Uwaga:<\/strong> Adapter wtyczki europejskiej do australijskiej<\/li>\n<\/ul>","protected":false},"excerpt":{"rendered":"<p data-start=\"751\" data-end=\"1342\">Bezproblemowo zasilaj swoje europejskie urz\u0105dzenia w Australii dzi\u0119ki temu wysokiej jako\u015bci <strong data-start=\"828\" data-end=\"851\">Adapter typu I<\/strong>.<\/p>\n<p data-start=\"751\" data-end=\"1342\">Zaprojektowany z my\u015bl\u0105 o kompatybilno\u015bci z systemami 250 V 10 A i maksymalnej mocy znamionowej 2500 W, zapewnia bezpieczn\u0105 i wydajn\u0105 konwersj\u0119 energii elektrycznej.<\/p>\n<p data-start=\"751\" data-end=\"1342\">Wykonany z trwa\u0142ej, ognioodpornej obudowy PC i zgodny z <strong data-start=\"1056\" data-end=\"1072\">IEC60884-2-5<\/strong> Standardy dotycz\u0105ce adapter\u00f3w sprawiaj\u0105, \u017ce to kompaktowe i por\u0119czne akcesorium idealnie nadaje si\u0119 dla os\u00f3b cz\u0119sto podr\u00f3\u017cuj\u0105cych, student\u00f3w zagranicznych i profesjonalist\u00f3w.<\/p>\n<p data-start=\"751\" data-end=\"1342\">Dost\u0119pne w wersji klasycznej <strong data-start=\"1245\" data-end=\"1263\">bia\u0142y lub czarny<\/strong> wyko\u0144czenia, \u0142atwo si\u0119 konwertuje <strong data-start=\"1293\" data-end=\"1341\">Wtyczki europejskie (UE) do gniazdek australijskich (AUS)<\/strong>.<\/p>\n<p data-start=\"751\" data-end=\"1342\"><img fetchpriority=\"high\" decoding=\"async\" class=\"alignnone wp-image-9580 size-full\" src=\"https:\/\/imiapower.com\/wp-content\/uploads\/converted-1-12.webp\" alt=\"adapter typu i\" width=\"960\" height=\"669\" srcset=\"https:\/\/imiapower.com\/wp-content\/uploads\/converted-1-12.webp 960w, https:\/\/imiapower.com\/wp-content\/uploads\/converted-1-12-300x209.webp 300w, https:\/\/imiapower.com\/wp-content\/uploads\/converted-1-12-768x535.webp 768w, https:\/\/imiapower.com\/wp-content\/uploads\/converted-1-12-18x12.webp 18w, https:\/\/imiapower.com\/wp-content\/uploads\/converted-1-12-600x418.webp 600w, https:\/\/imiapower.com\/wp-content\/uploads\/converted-1-12-64x45.webp 64w\" sizes=\"(max-width: 960px) 100vw, 960px\" \/><\/p>","protected":false},"featured_media":9581,"comment_status":"open","ping_status":"closed","template":"","meta":{"rank_math_lock_modified_date":false,"site-sidebar-layout":"default","site-content-layout":"","ast-site-content-layout":"default","site-content-style":"default","site-sidebar-style":"default","ast-global-header-display":"","ast-banner-title-visibility":"","ast-main-header-display":"","ast-hfb-above-header-display":"","ast-hfb-below-header-display":"","ast-hfb-mobile-header-display":"","site-post-title":"","ast-breadcrumbs-content":"","ast-featured-img":"","footer-sml-layout":"","ast-disable-related-posts":"","theme-transparent-header-meta":"default","adv-header-id-meta":"","stick-header-meta":"","header-above-stick-meta":"","header-main-stick-meta":"","header-below-stick-meta":"","astra-migrate-meta-layouts":"set","ast-page-background-enabled":"default","ast-page-background-meta":{"desktop":{"background-color":"","background-image":"","background-repeat":"repeat","background-position":"center center","background-size":"auto","background-attachment":"scroll","background-type":"","background-media":"","overlay-type":"","overlay-color":"","overlay-opacity":"","overlay-gradient":""},"tablet":{"background-color":"","background-image":"","background-repeat":"repeat","background-position":"center center","background-size":"auto","background-attachment":"scroll","background-type":"","background-media":"","overlay-type":"","overlay-color":"","overlay-opacity":"","overlay-gradient":""},"mobile":{"background-color":"","background-image":"","background-repeat":"repeat","background-position":"center center","background-size":"auto","background-attachment":"scroll","background-type":"","background-media":"","overlay-type":"","overlay-color":"","overlay-opacity":"","overlay-gradient":""}},"ast-content-background-meta":{"desktop":{"background-color":"var(--ast-global-color-5)","background-image":"","background-repeat":"repeat","background-position":"center center","background-size":"auto","background-attachment":"scroll","background-type":"","background-media":"","overlay-type":"","overlay-color":"","overlay-opacity":"","overlay-gradient":""},"tablet":{"background-color":"var(--ast-global-color-5)","background-image":"","background-repeat":"repeat","background-position":"center center","background-size":"auto","background-attachment":"scroll","background-type":"","background-media":"","overlay-type":"","overlay-color":"","overlay-opacity":"","overlay-gradient":""},"mobile":{"background-color":"var(--ast-global-color-5)","background-image":"","background-repeat":"repeat","background-position":"center center","background-size":"auto","background-attachment":"scroll","background-type":"","background-media":"","overlay-type":"","overlay-color":"","overlay-opacity":"","overlay-gradient":""}}},"product_cat":[64],"product_tag":[],"class_list":{"0":"post-9579","1":"product","2":"type-product","3":"status-publish","4":"has-post-thumbnail","6":"product_cat-travel-adapter","7":"desktop-align-center","8":"tablet-align-center","9":"mobile-align-center","11":"first","12":"instock","13":"shipping-taxable","14":"product-type-simple"},"_links":{"self":[{"href":"https:\/\/imiapower.com\/pl\/wp-json\/wp\/v2\/product\/9579","targetHints":{"allow":["GET"]}}],"collection":[{"href":"https:\/\/imiapower.com\/pl\/wp-json\/wp\/v2\/product"}],"about":[{"href":"https:\/\/imiapower.com\/pl\/wp-json\/wp\/v2\/types\/product"}],"replies":[{"embeddable":true,"href":"https:\/\/imiapower.com\/pl\/wp-json\/wp\/v2\/comments?post=9579"}],"version-history":[{"count":2,"href":"https:\/\/imiapower.com\/pl\/wp-json\/wp\/v2\/product\/9579\/revisions"}],"predecessor-version":[{"id":9583,"href":"https:\/\/imiapower.com\/pl\/wp-json\/wp\/v2\/product\/9579\/revisions\/9583"}],"wp:featuredmedia":[{"embeddable":true,"href":"https:\/\/imiapower.com\/pl\/wp-json\/wp\/v2\/media\/9581"}],"wp:attachment":[{"href":"https:\/\/imiapower.com\/pl\/wp-json\/wp\/v2\/media?parent=9579"}],"wp:term":[{"taxonomy":"product_cat","embeddable":true,"href":"https:\/\/imiapower.com\/pl\/wp-json\/wp\/v2\/product_cat?post=9579"},{"taxonomy":"product_tag","embeddable":true,"href":"https:\/\/imiapower.com\/pl\/wp-json\/wp\/v2\/product_tag?post=9579"}],"curies":[{"name":"wp","href":"https:\/\/api.w.org\/{rel}","templated":true}]}}