{"id":9584,"date":"2025-07-26T02:15:58","date_gmt":"2025-07-26T02:15:58","guid":{"rendered":"https:\/\/imiapower.com\/?post_type=product&#038;p=9584"},"modified":"2025-08-02T00:17:55","modified_gmt":"2025-08-02T00:17:55","slug":"electrical-adapter","status":"publish","type":"product","link":"https:\/\/imiapower.com\/pl\/products\/travel-adapter\/electrical-adapter\/","title":{"rendered":"Adapter elektryczny \u2013 konwerter wtyczki europejskiej na szwajcarsk\u0105"},"content":{"rendered":"<ul>\n<li><strong>Adapter elektryczny<\/strong><\/li>\n<li><strong>Wej\u015bcie:<\/strong> 250V 10A 2500W maks.<\/li>\n<li><strong>Materia\u0142 obudowy:<\/strong> komputer<\/li>\n<li><strong>Standard:<\/strong> Zgodny z norm\u0105 IEC60884-2-5<\/li>\n<li><strong>Kolor:<\/strong>\u00a0Bia\u0142y\/czarny<\/li>\n<li><strong>Uwaga:<\/strong> Adapter wtyczki Europa-Szwajcaria<\/li>\n<\/ul>","protected":false},"excerpt":{"rendered":"<p data-start=\"817\" data-end=\"1130\">Ta wysokowydajna <strong data-start=\"839\" data-end=\"861\">adapter elektryczny<\/strong> to idealne rozwi\u0105zanie do zasilania urz\u0105dze\u0144 europejskich <strong data-start=\"924\" data-end=\"939\">Szwajcaria<\/strong>Zaprojektowany do konwersji standardowej <strong data-start=\"970\" data-end=\"982\">Wtyczki UE<\/strong> Do <strong data-start=\"986\" data-end=\"1003\">Gniazda szwajcarskie<\/strong>, obs\u0142uguje do <strong data-start=\"1023\" data-end=\"1035\">250 V 10 A<\/strong>, z <strong data-start=\"1044\" data-end=\"1069\">maksymalne obci\u0105\u017cenie 2500W<\/strong>\u2014idealne do wi\u0119kszo\u015bci urz\u0105dze\u0144 podr\u00f3\u017cnych, \u0142adowarek i urz\u0105dze\u0144 elektronicznych.<\/p>\n<p data-start=\"1132\" data-end=\"1551\">Wykonane z trwa\u0142ego i ognioodpornego materia\u0142u <strong data-start=\"1171\" data-end=\"1185\">Obudowa komputera<\/strong>, zapewnia bezpiecze\u0144stwo i trwa\u0142o\u015b\u0107. Produkt jest zgodny z <strong data-start=\"1250\" data-end=\"1266\">IEC60884-2-5<\/strong>, spe\u0142niaj\u0105cy mi\u0119dzynarodowe normy bezpiecze\u0144stwa dla adapter\u00f3w wtykowych. Niezale\u017cnie od tego, czy podr\u00f3\u017cujesz, przeprowadzasz si\u0119, czy po prostu potrzebujesz konwertera EU na CH w domu lub biurze, ten kompaktowy adapter to niezawodny wyb\u00f3r. Dost\u0119pny w <strong data-start=\"1482\" data-end=\"1500\">bia\u0142y lub czarny<\/strong>\u0142\u0105czy w sobie funkcjonalno\u015b\u0107 z czystym, nowoczesnym designem.<\/p>\n<p data-start=\"1132\" data-end=\"1551\"><img fetchpriority=\"high\" decoding=\"async\" class=\"alignnone wp-image-9586 size-full\" src=\"https:\/\/imiapower.com\/wp-content\/uploads\/20250409024035250.jpg\" alt=\"adapter elektryczny\" width=\"960\" height=\"674\" srcset=\"https:\/\/imiapower.com\/wp-content\/uploads\/20250409024035250.jpg 960w, https:\/\/imiapower.com\/wp-content\/uploads\/20250409024035250-300x211.jpg 300w, https:\/\/imiapower.com\/wp-content\/uploads\/20250409024035250-768x539.jpg 768w, https:\/\/imiapower.com\/wp-content\/uploads\/20250409024035250-18x12.jpg 18w, https:\/\/imiapower.com\/wp-content\/uploads\/20250409024035250-600x421.jpg 600w, https:\/\/imiapower.com\/wp-content\/uploads\/20250409024035250-64x45.jpg 64w\" sizes=\"(max-width: 960px) 100vw, 960px\" \/><\/p>\n<p data-start=\"751\" data-end=\"1342\">","protected":false},"featured_media":9585,"comment_status":"open","ping_status":"closed","template":"","meta":{"rank_math_lock_modified_date":false,"site-sidebar-layout":"default","site-content-layout":"","ast-site-content-layout":"default","site-content-style":"default","site-sidebar-style":"default","ast-global-header-display":"","ast-banner-title-visibility":"","ast-main-header-display":"","ast-hfb-above-header-display":"","ast-hfb-below-header-display":"","ast-hfb-mobile-header-display":"","site-post-title":"","ast-breadcrumbs-content":"","ast-featured-img":"","footer-sml-layout":"","ast-disable-related-posts":"","theme-transparent-header-meta":"default","adv-header-id-meta":"","stick-header-meta":"","header-above-stick-meta":"","header-main-stick-meta":"","header-below-stick-meta":"","astra-migrate-meta-layouts":"set","ast-page-background-enabled":"default","ast-page-background-meta":{"desktop":{"background-color":"","background-image":"","background-repeat":"repeat","background-position":"center center","background-size":"auto","background-attachment":"scroll","background-type":"","background-media":"","overlay-type":"","overlay-color":"","overlay-opacity":"","overlay-gradient":""},"tablet":{"background-color":"","background-image":"","background-repeat":"repeat","background-position":"center center","background-size":"auto","background-attachment":"scroll","background-type":"","background-media":"","overlay-type":"","overlay-color":"","overlay-opacity":"","overlay-gradient":""},"mobile":{"background-color":"","background-image":"","background-repeat":"repeat","background-position":"center center","background-size":"auto","background-attachment":"scroll","background-type":"","background-media":"","overlay-type":"","overlay-color":"","overlay-opacity":"","overlay-gradient":""}},"ast-content-background-meta":{"desktop":{"background-color":"var(--ast-global-color-5)","background-image":"","background-repeat":"repeat","background-position":"center center","background-size":"auto","background-attachment":"scroll","background-type":"","background-media":"","overlay-type":"","overlay-color":"","overlay-opacity":"","overlay-gradient":""},"tablet":{"background-color":"var(--ast-global-color-5)","background-image":"","background-repeat":"repeat","background-position":"center center","background-size":"auto","background-attachment":"scroll","background-type":"","background-media":"","overlay-type":"","overlay-color":"","overlay-opacity":"","overlay-gradient":""},"mobile":{"background-color":"var(--ast-global-color-5)","background-image":"","background-repeat":"repeat","background-position":"center center","background-size":"auto","background-attachment":"scroll","background-type":"","background-media":"","overlay-type":"","overlay-color":"","overlay-opacity":"","overlay-gradient":""}}},"product_cat":[64],"product_tag":[],"class_list":{"0":"post-9584","1":"product","2":"type-product","3":"status-publish","4":"has-post-thumbnail","6":"product_cat-travel-adapter","7":"desktop-align-center","8":"tablet-align-center","9":"mobile-align-center","11":"first","12":"instock","13":"shipping-taxable","14":"product-type-simple"},"_links":{"self":[{"href":"https:\/\/imiapower.com\/pl\/wp-json\/wp\/v2\/product\/9584","targetHints":{"allow":["GET"]}}],"collection":[{"href":"https:\/\/imiapower.com\/pl\/wp-json\/wp\/v2\/product"}],"about":[{"href":"https:\/\/imiapower.com\/pl\/wp-json\/wp\/v2\/types\/product"}],"replies":[{"embeddable":true,"href":"https:\/\/imiapower.com\/pl\/wp-json\/wp\/v2\/comments?post=9584"}],"version-history":[{"count":1,"href":"https:\/\/imiapower.com\/pl\/wp-json\/wp\/v2\/product\/9584\/revisions"}],"predecessor-version":[{"id":9587,"href":"https:\/\/imiapower.com\/pl\/wp-json\/wp\/v2\/product\/9584\/revisions\/9587"}],"wp:featuredmedia":[{"embeddable":true,"href":"https:\/\/imiapower.com\/pl\/wp-json\/wp\/v2\/media\/9585"}],"wp:attachment":[{"href":"https:\/\/imiapower.com\/pl\/wp-json\/wp\/v2\/media?parent=9584"}],"wp:term":[{"taxonomy":"product_cat","embeddable":true,"href":"https:\/\/imiapower.com\/pl\/wp-json\/wp\/v2\/product_cat?post=9584"},{"taxonomy":"product_tag","embeddable":true,"href":"https:\/\/imiapower.com\/pl\/wp-json\/wp\/v2\/product_tag?post=9584"}],"curies":[{"name":"wp","href":"https:\/\/api.w.org\/{rel}","templated":true}]}}