{"id":9588,"date":"2025-07-26T02:38:35","date_gmt":"2025-07-26T02:38:35","guid":{"rendered":"https:\/\/imiapower.com\/?post_type=product&#038;p=9588"},"modified":"2025-08-02T00:18:08","modified_gmt":"2025-08-02T00:18:08","slug":"power-adapter-travel","status":"publish","type":"product","link":"https:\/\/imiapower.com\/pl\/products\/travel-adapter\/power-adapter-travel\/","title":{"rendered":"Zasilacz podr\u00f3\u017cny \u2013 konwerter wtyczki z Europy do Republiki Po\u0142udniowej Afryki"},"content":{"rendered":"<ul>\n<li><strong>Zasilacz podr\u00f3\u017cny<\/strong><\/li>\n<li><strong>Wej\u015bcie:<\/strong> 250V 10A 2500W maks.<\/li>\n<li><strong>Materia\u0142 obudowy:<\/strong> komputer<\/li>\n<li><strong>Standard:<\/strong> Zgodny z norm\u0105 IEC60884-2-5<\/li>\n<li><strong>Kolor:<\/strong>\u00a0Bia\u0142y\/czarny<\/li>\n<li><strong>Uwaga:<\/strong> Adapter wtykowy Europa-Po\u0142udniowa Afryka<\/li>\n<\/ul>","protected":false},"excerpt":{"rendered":"<p data-start=\"744\" data-end=\"1042\">Podr\u00f3\u017cuj pewnie, korzystaj\u0105c z tego wysokiej jako\u015bci <strong data-start=\"791\" data-end=\"815\">zasilacz podr\u00f3\u017cny<\/strong> rozwi\u0105zanie zaprojektowane w celu konwersji <strong data-start=\"845\" data-end=\"863\">Wtyczki europejskie<\/strong> Do <strong data-start=\"867\" data-end=\"892\">Gniazdka po\u0142udniowoafryka\u0144skie<\/strong>Niezale\u017cnie od tego, czy wyje\u017cd\u017casz za granic\u0119, przeprowadzasz si\u0119 czy wysy\u0142asz sprz\u0119t elektroniczny, ten kompaktowy adapter zapewni bezpieczne i wydajne zasilanie Twoich urz\u0105dze\u0144.<\/p>\n<p data-start=\"1044\" data-end=\"1385\">Z moc\u0105 znamionow\u0105 <strong data-start=\"1067\" data-end=\"1090\">250 V 10 A, maks. 2500 W<\/strong>, obs\u0142uguje szerok\u0105 gam\u0119 urz\u0105dze\u0144 elektronicznych, w tym laptopy, \u0142adowarki, suszarki do w\u0142os\u00f3w i wiele innych. Wykonany z <strong data-start=\"1201\" data-end=\"1240\">trwa\u0142a, ognioodporna obudowa PC<\/strong>, zapewnia zwi\u0119kszone bezpiecze\u0144stwo i trwa\u0142o\u015b\u0107. Ten adapter jest <strong data-start=\"1300\" data-end=\"1331\">zgodny z norm\u0105 IEC60884-2-5<\/strong>, spe\u0142niaj\u0105ce mi\u0119dzynarodowe standardy dotycz\u0105ce adapter\u00f3w podr\u00f3\u017cnych.<\/p>\n<p data-start=\"1387\" data-end=\"1565\">Dost\u0119pne w <strong data-start=\"1400\" data-end=\"1418\">bia\u0142y lub czarny<\/strong>\u0142\u0105czy nowoczesny design z niezawodn\u0105 wydajno\u015bci\u0105 \u2014 niezb\u0119dny dodatek dla podr\u00f3\u017cnik\u00f3w na ca\u0142ym \u015bwiecie, kt\u00f3rzy potrzebuj\u0105 <strong data-start=\"1527\" data-end=\"1553\">Europa do Republiki Po\u0142udniowej Afryki<\/strong> po\u0142\u0105czenie.<\/p>\n<p data-start=\"1387\" data-end=\"1565\"><img fetchpriority=\"high\" decoding=\"async\" class=\"alignnone wp-image-9590 size-full\" src=\"https:\/\/imiapower.com\/wp-content\/uploads\/converted-21.webp\" alt=\"zasilacz podr\u00f3\u017cny\" width=\"960\" height=\"822\" srcset=\"https:\/\/imiapower.com\/wp-content\/uploads\/converted-21.webp 960w, https:\/\/imiapower.com\/wp-content\/uploads\/converted-21-300x257.webp 300w, https:\/\/imiapower.com\/wp-content\/uploads\/converted-21-768x658.webp 768w, https:\/\/imiapower.com\/wp-content\/uploads\/converted-21-14x12.webp 14w, https:\/\/imiapower.com\/wp-content\/uploads\/converted-21-600x514.webp 600w, https:\/\/imiapower.com\/wp-content\/uploads\/converted-21-64x55.webp 64w\" sizes=\"(max-width: 960px) 100vw, 960px\" \/><\/p>","protected":false},"featured_media":9589,"comment_status":"open","ping_status":"closed","template":"","meta":{"rank_math_lock_modified_date":false,"site-sidebar-layout":"default","site-content-layout":"","ast-site-content-layout":"default","site-content-style":"default","site-sidebar-style":"default","ast-global-header-display":"","ast-banner-title-visibility":"","ast-main-header-display":"","ast-hfb-above-header-display":"","ast-hfb-below-header-display":"","ast-hfb-mobile-header-display":"","site-post-title":"","ast-breadcrumbs-content":"","ast-featured-img":"","footer-sml-layout":"","ast-disable-related-posts":"","theme-transparent-header-meta":"default","adv-header-id-meta":"","stick-header-meta":"","header-above-stick-meta":"","header-main-stick-meta":"","header-below-stick-meta":"","astra-migrate-meta-layouts":"set","ast-page-background-enabled":"default","ast-page-background-meta":{"desktop":{"background-color":"","background-image":"","background-repeat":"repeat","background-position":"center center","background-size":"auto","background-attachment":"scroll","background-type":"","background-media":"","overlay-type":"","overlay-color":"","overlay-opacity":"","overlay-gradient":""},"tablet":{"background-color":"","background-image":"","background-repeat":"repeat","background-position":"center center","background-size":"auto","background-attachment":"scroll","background-type":"","background-media":"","overlay-type":"","overlay-color":"","overlay-opacity":"","overlay-gradient":""},"mobile":{"background-color":"","background-image":"","background-repeat":"repeat","background-position":"center center","background-size":"auto","background-attachment":"scroll","background-type":"","background-media":"","overlay-type":"","overlay-color":"","overlay-opacity":"","overlay-gradient":""}},"ast-content-background-meta":{"desktop":{"background-color":"var(--ast-global-color-5)","background-image":"","background-repeat":"repeat","background-position":"center center","background-size":"auto","background-attachment":"scroll","background-type":"","background-media":"","overlay-type":"","overlay-color":"","overlay-opacity":"","overlay-gradient":""},"tablet":{"background-color":"var(--ast-global-color-5)","background-image":"","background-repeat":"repeat","background-position":"center center","background-size":"auto","background-attachment":"scroll","background-type":"","background-media":"","overlay-type":"","overlay-color":"","overlay-opacity":"","overlay-gradient":""},"mobile":{"background-color":"var(--ast-global-color-5)","background-image":"","background-repeat":"repeat","background-position":"center center","background-size":"auto","background-attachment":"scroll","background-type":"","background-media":"","overlay-type":"","overlay-color":"","overlay-opacity":"","overlay-gradient":""}}},"product_cat":[64],"product_tag":[],"class_list":{"0":"post-9588","1":"product","2":"type-product","3":"status-publish","4":"has-post-thumbnail","6":"product_cat-travel-adapter","7":"desktop-align-center","8":"tablet-align-center","9":"mobile-align-center","11":"first","12":"instock","13":"shipping-taxable","14":"product-type-simple"},"_links":{"self":[{"href":"https:\/\/imiapower.com\/pl\/wp-json\/wp\/v2\/product\/9588","targetHints":{"allow":["GET"]}}],"collection":[{"href":"https:\/\/imiapower.com\/pl\/wp-json\/wp\/v2\/product"}],"about":[{"href":"https:\/\/imiapower.com\/pl\/wp-json\/wp\/v2\/types\/product"}],"replies":[{"embeddable":true,"href":"https:\/\/imiapower.com\/pl\/wp-json\/wp\/v2\/comments?post=9588"}],"version-history":[{"count":1,"href":"https:\/\/imiapower.com\/pl\/wp-json\/wp\/v2\/product\/9588\/revisions"}],"predecessor-version":[{"id":9591,"href":"https:\/\/imiapower.com\/pl\/wp-json\/wp\/v2\/product\/9588\/revisions\/9591"}],"wp:featuredmedia":[{"embeddable":true,"href":"https:\/\/imiapower.com\/pl\/wp-json\/wp\/v2\/media\/9589"}],"wp:attachment":[{"href":"https:\/\/imiapower.com\/pl\/wp-json\/wp\/v2\/media?parent=9588"}],"wp:term":[{"taxonomy":"product_cat","embeddable":true,"href":"https:\/\/imiapower.com\/pl\/wp-json\/wp\/v2\/product_cat?post=9588"},{"taxonomy":"product_tag","embeddable":true,"href":"https:\/\/imiapower.com\/pl\/wp-json\/wp\/v2\/product_tag?post=9588"}],"curies":[{"name":"wp","href":"https:\/\/api.w.org\/{rel}","templated":true}]}}