{"id":9592,"date":"2025-07-26T03:04:52","date_gmt":"2025-07-26T03:04:52","guid":{"rendered":"https:\/\/imiapower.com\/?post_type=product&#038;p=9592"},"modified":"2025-08-21T01:07:23","modified_gmt":"2025-08-21T01:07:23","slug":"european-power-adapter","status":"publish","type":"product","link":"https:\/\/imiapower.com\/pl\/products\/travel-adapter\/european-power-adapter\/","title":{"rendered":"Europejski adapter zasilania \u2013 konwerter wtyczki europejskiej na indyjsk\u0105"},"content":{"rendered":"<ul>\n<li><strong>Europejski adapter zasilania<\/strong><\/li>\n<li><strong>Wej\u015bcie:<\/strong> 250V 10A 2500W maks.<\/li>\n<li><strong>Materia\u0142 obudowy:<\/strong> komputer<\/li>\n<li><strong>Standard:<\/strong> Zgodny z norm\u0105 IEC60884-2-5<\/li>\n<li><strong>Kolor:<\/strong>\u00a0Bia\u0142y\/czarny<\/li>\n<li><strong>Uwaga:<\/strong> Adapter wtyczek Europa-Indie<\/li>\n<\/ul>","protected":false},"excerpt":{"rendered":"<p data-start=\"766\" data-end=\"1123\">Ten <strong data-start=\"771\" data-end=\"797\">Europejski adapter zasilania<\/strong> jest niezb\u0119dnym akcesorium podr\u00f3\u017cnym do konwersji <strong data-start=\"845\" data-end=\"876\">Wtyczki europejskie (typ C\/E\/F)<\/strong> pasowa\u0107 <strong data-start=\"884\" data-end=\"911\">Gniazda indyjskie (typ D)<\/strong>Idealny dla podr\u00f3\u017cnik\u00f3w, ekspatriant\u00f3w lub do u\u017cytku w mi\u0119dzynarodowych firmach, zapewnia niezawodn\u0105 wydajno\u015b\u0107 dzi\u0119ki <strong data-start=\"1013\" data-end=\"1032\">Napi\u0119cie znamionowe 250 V 10 A<\/strong>, obs\u0142uguj\u0105c do <strong data-start=\"1051\" data-end=\"1060\">2500 W<\/strong> mocy \u2014 nadaje si\u0119 do laptop\u00f3w, \u0142adowarek, urz\u0105dze\u0144 do w\u0142os\u00f3w i nie tylko.<\/p>\n<p data-start=\"1125\" data-end=\"1417\">Wykonane z <strong data-start=\"1138\" data-end=\"1169\">materia\u0142 PC trudnopalny<\/strong>, zapewnia d\u0142ugotrwa\u0142\u0105 trwa\u0142o\u015b\u0107 i bezpieczne u\u017cytkowanie. Kompaktowa i lekka konstrukcja sprawia, \u017ce idealnie nadaje si\u0119 do noszenia w torbie podr\u00f3\u017cnej. W pe\u0142ni <strong data-start=\"1318\" data-end=\"1349\">zgodny z norm\u0105 IEC60884-2-5<\/strong>Ten adapter spe\u0142nia mi\u0119dzynarodowe standardy bezpiecze\u0144stwa i wydajno\u015bci.<\/p>\n<p data-start=\"1419\" data-end=\"1560\">Dost\u0119pne w <strong data-start=\"1432\" data-end=\"1450\">bia\u0142y lub czarny<\/strong>\u0142\u0105czy w sobie praktyczno\u015b\u0107 i elegancki design dla ka\u017cdego, kto potrzebuje <strong data-start=\"1515\" data-end=\"1534\">Europa do Indii<\/strong> rozwi\u0105zanie konwersji wtyczki.<\/p>\n<p data-start=\"1419\" data-end=\"1560\"><img fetchpriority=\"high\" decoding=\"async\" class=\"alignnone wp-image-9593 size-full\" src=\"https:\/\/imiapower.com\/wp-content\/uploads\/converted-1-14.webp\" alt=\"europejski zasilacz\" width=\"960\" height=\"691\" srcset=\"https:\/\/imiapower.com\/wp-content\/uploads\/converted-1-14.webp 960w, https:\/\/imiapower.com\/wp-content\/uploads\/converted-1-14-300x216.webp 300w, https:\/\/imiapower.com\/wp-content\/uploads\/converted-1-14-768x553.webp 768w, https:\/\/imiapower.com\/wp-content\/uploads\/converted-1-14-18x12.webp 18w, https:\/\/imiapower.com\/wp-content\/uploads\/converted-1-14-600x432.webp 600w, https:\/\/imiapower.com\/wp-content\/uploads\/converted-1-14-64x46.webp 64w\" sizes=\"(max-width: 960px) 100vw, 960px\" \/><\/p>","protected":false},"featured_media":9594,"comment_status":"open","ping_status":"closed","template":"","meta":{"rank_math_lock_modified_date":false,"site-sidebar-layout":"default","site-content-layout":"","ast-site-content-layout":"default","site-content-style":"default","site-sidebar-style":"default","ast-global-header-display":"","ast-banner-title-visibility":"","ast-main-header-display":"","ast-hfb-above-header-display":"","ast-hfb-below-header-display":"","ast-hfb-mobile-header-display":"","site-post-title":"","ast-breadcrumbs-content":"","ast-featured-img":"","footer-sml-layout":"","ast-disable-related-posts":"","theme-transparent-header-meta":"default","adv-header-id-meta":"","stick-header-meta":"","header-above-stick-meta":"","header-main-stick-meta":"","header-below-stick-meta":"","astra-migrate-meta-layouts":"set","ast-page-background-enabled":"default","ast-page-background-meta":{"desktop":{"background-color":"","background-image":"","background-repeat":"repeat","background-position":"center center","background-size":"auto","background-attachment":"scroll","background-type":"","background-media":"","overlay-type":"","overlay-color":"","overlay-opacity":"","overlay-gradient":""},"tablet":{"background-color":"","background-image":"","background-repeat":"repeat","background-position":"center center","background-size":"auto","background-attachment":"scroll","background-type":"","background-media":"","overlay-type":"","overlay-color":"","overlay-opacity":"","overlay-gradient":""},"mobile":{"background-color":"","background-image":"","background-repeat":"repeat","background-position":"center center","background-size":"auto","background-attachment":"scroll","background-type":"","background-media":"","overlay-type":"","overlay-color":"","overlay-opacity":"","overlay-gradient":""}},"ast-content-background-meta":{"desktop":{"background-color":"var(--ast-global-color-5)","background-image":"","background-repeat":"repeat","background-position":"center center","background-size":"auto","background-attachment":"scroll","background-type":"","background-media":"","overlay-type":"","overlay-color":"","overlay-opacity":"","overlay-gradient":""},"tablet":{"background-color":"var(--ast-global-color-5)","background-image":"","background-repeat":"repeat","background-position":"center center","background-size":"auto","background-attachment":"scroll","background-type":"","background-media":"","overlay-type":"","overlay-color":"","overlay-opacity":"","overlay-gradient":""},"mobile":{"background-color":"var(--ast-global-color-5)","background-image":"","background-repeat":"repeat","background-position":"center center","background-size":"auto","background-attachment":"scroll","background-type":"","background-media":"","overlay-type":"","overlay-color":"","overlay-opacity":"","overlay-gradient":""}}},"product_cat":[64],"product_tag":[],"class_list":{"0":"post-9592","1":"product","2":"type-product","3":"status-publish","4":"has-post-thumbnail","6":"product_cat-travel-adapter","7":"desktop-align-center","8":"tablet-align-center","9":"mobile-align-center","11":"first","12":"instock","13":"shipping-taxable","14":"product-type-simple"},"_links":{"self":[{"href":"https:\/\/imiapower.com\/pl\/wp-json\/wp\/v2\/product\/9592","targetHints":{"allow":["GET"]}}],"collection":[{"href":"https:\/\/imiapower.com\/pl\/wp-json\/wp\/v2\/product"}],"about":[{"href":"https:\/\/imiapower.com\/pl\/wp-json\/wp\/v2\/types\/product"}],"replies":[{"embeddable":true,"href":"https:\/\/imiapower.com\/pl\/wp-json\/wp\/v2\/comments?post=9592"}],"version-history":[{"count":1,"href":"https:\/\/imiapower.com\/pl\/wp-json\/wp\/v2\/product\/9592\/revisions"}],"predecessor-version":[{"id":9595,"href":"https:\/\/imiapower.com\/pl\/wp-json\/wp\/v2\/product\/9592\/revisions\/9595"}],"wp:featuredmedia":[{"embeddable":true,"href":"https:\/\/imiapower.com\/pl\/wp-json\/wp\/v2\/media\/9594"}],"wp:attachment":[{"href":"https:\/\/imiapower.com\/pl\/wp-json\/wp\/v2\/media?parent=9592"}],"wp:term":[{"taxonomy":"product_cat","embeddable":true,"href":"https:\/\/imiapower.com\/pl\/wp-json\/wp\/v2\/product_cat?post=9592"},{"taxonomy":"product_tag","embeddable":true,"href":"https:\/\/imiapower.com\/pl\/wp-json\/wp\/v2\/product_tag?post=9592"}],"curies":[{"name":"wp","href":"https:\/\/api.w.org\/{rel}","templated":true}]}}