{"id":9596,"date":"2025-07-26T07:35:09","date_gmt":"2025-07-26T07:35:09","guid":{"rendered":"https:\/\/imiapower.com\/?post_type=product&#038;p=9596"},"modified":"2025-08-02T00:18:30","modified_gmt":"2025-08-02T00:18:30","slug":"best-power-adapters-for-travel","status":"publish","type":"product","link":"https:\/\/imiapower.com\/pl\/products\/travel-adapter\/best-power-adapters-for-travel\/","title":{"rendered":"Najlepsze adaptery zasilania do podr\u00f3\u017cy \u2013 adaptery z wtyczki europejskiej do brytyjskiej"},"content":{"rendered":"<ul>\n<li><strong>Najlepsze zasilacze do podr\u00f3\u017cy<\/strong><\/li>\n<li><strong>Wej\u015bcie:<\/strong> 250V 10A 2500W maks.<\/li>\n<li><strong>Materia\u0142 obudowy:<\/strong> komputer<\/li>\n<li><strong>Standard:<\/strong> Zgodny z norm\u0105 IEC60884-2-5<\/li>\n<li><strong>Kolor:<\/strong>\u00a0Bia\u0142y\/czarny<\/li>\n<li><strong>Uwaga:<\/strong> Adapter wtyczki Europa-Wielka Brytania<\/li>\n<\/ul>","protected":false},"excerpt":{"rendered":"<p data-start=\"947\" data-end=\"1381\">Szukam <strong data-start=\"963\" data-end=\"997\">najlepsze zasilacze podr\u00f3\u017cne<\/strong>Ten adapter z wtyczki europejskiej na brytyjsk\u0105 to idealne rozwi\u0105zanie dla podr\u00f3\u017cnych potrzebuj\u0105cych niezawodnej i wydajnej konwersji. Dzi\u0119ki maksymalnej wydajno\u015bci 250 V, 10 A i 2500 W, bez problemu obs\u0142uguje urz\u0105dzenia i sprz\u0119t o wysokiej wydajno\u015bci. Wykonany z wysokiej jako\u015bci obudowy z poliw\u0119glanu, zapewniaj\u0105cej doskona\u0142\u0105 odporno\u015b\u0107 na ciep\u0142o i trwa\u0142o\u015b\u0107, adapter jest w pe\u0142ni zgodny z mi\u0119dzynarodow\u0105 norm\u0105 bezpiecze\u0144stwa IEC60884-2-5.<\/p>\n<p data-start=\"1383\" data-end=\"1632\">Kompaktowy, lekki i dost\u0119pny w eleganckim czarnym lub bia\u0142ym wyko\u0144czeniu, to Tw\u00f3j niezb\u0119dny towarzysz podr\u00f3\u017cy po Europie i Wielkiej Brytanii. Niezale\u017cnie od tego, czy podr\u00f3\u017cujesz s\u0142u\u017cbowo, czy na wakacjach, zadbaj o to, aby Twoja elektronika by\u0142a zasilana bezpiecznie i wydajnie.<\/p>\n<p data-start=\"1383\" data-end=\"1632\"><img fetchpriority=\"high\" decoding=\"async\" class=\"alignnone wp-image-9597 size-full\" src=\"https:\/\/imiapower.com\/wp-content\/uploads\/converted-1-15.webp\" alt=\"najlepsze zasilacze podr\u00f3\u017cne\" width=\"960\" height=\"770\" srcset=\"https:\/\/imiapower.com\/wp-content\/uploads\/converted-1-15.webp 960w, https:\/\/imiapower.com\/wp-content\/uploads\/converted-1-15-300x241.webp 300w, https:\/\/imiapower.com\/wp-content\/uploads\/converted-1-15-768x616.webp 768w, https:\/\/imiapower.com\/wp-content\/uploads\/converted-1-15-15x12.webp 15w, https:\/\/imiapower.com\/wp-content\/uploads\/converted-1-15-600x481.webp 600w, https:\/\/imiapower.com\/wp-content\/uploads\/converted-1-15-64x51.webp 64w\" sizes=\"(max-width: 960px) 100vw, 960px\" \/><\/p>","protected":false},"featured_media":9598,"comment_status":"open","ping_status":"closed","template":"","meta":{"rank_math_lock_modified_date":false,"site-sidebar-layout":"default","site-content-layout":"","ast-site-content-layout":"default","site-content-style":"default","site-sidebar-style":"default","ast-global-header-display":"","ast-banner-title-visibility":"","ast-main-header-display":"","ast-hfb-above-header-display":"","ast-hfb-below-header-display":"","ast-hfb-mobile-header-display":"","site-post-title":"","ast-breadcrumbs-content":"","ast-featured-img":"","footer-sml-layout":"","ast-disable-related-posts":"","theme-transparent-header-meta":"default","adv-header-id-meta":"","stick-header-meta":"","header-above-stick-meta":"","header-main-stick-meta":"","header-below-stick-meta":"","astra-migrate-meta-layouts":"set","ast-page-background-enabled":"default","ast-page-background-meta":{"desktop":{"background-color":"","background-image":"","background-repeat":"repeat","background-position":"center center","background-size":"auto","background-attachment":"scroll","background-type":"","background-media":"","overlay-type":"","overlay-color":"","overlay-opacity":"","overlay-gradient":""},"tablet":{"background-color":"","background-image":"","background-repeat":"repeat","background-position":"center center","background-size":"auto","background-attachment":"scroll","background-type":"","background-media":"","overlay-type":"","overlay-color":"","overlay-opacity":"","overlay-gradient":""},"mobile":{"background-color":"","background-image":"","background-repeat":"repeat","background-position":"center center","background-size":"auto","background-attachment":"scroll","background-type":"","background-media":"","overlay-type":"","overlay-color":"","overlay-opacity":"","overlay-gradient":""}},"ast-content-background-meta":{"desktop":{"background-color":"var(--ast-global-color-5)","background-image":"","background-repeat":"repeat","background-position":"center center","background-size":"auto","background-attachment":"scroll","background-type":"","background-media":"","overlay-type":"","overlay-color":"","overlay-opacity":"","overlay-gradient":""},"tablet":{"background-color":"var(--ast-global-color-5)","background-image":"","background-repeat":"repeat","background-position":"center center","background-size":"auto","background-attachment":"scroll","background-type":"","background-media":"","overlay-type":"","overlay-color":"","overlay-opacity":"","overlay-gradient":""},"mobile":{"background-color":"var(--ast-global-color-5)","background-image":"","background-repeat":"repeat","background-position":"center center","background-size":"auto","background-attachment":"scroll","background-type":"","background-media":"","overlay-type":"","overlay-color":"","overlay-opacity":"","overlay-gradient":""}}},"product_cat":[64],"product_tag":[],"class_list":{"0":"post-9596","1":"product","2":"type-product","3":"status-publish","4":"has-post-thumbnail","6":"product_cat-travel-adapter","7":"desktop-align-center","8":"tablet-align-center","9":"mobile-align-center","11":"first","12":"instock","13":"shipping-taxable","14":"product-type-simple"},"_links":{"self":[{"href":"https:\/\/imiapower.com\/pl\/wp-json\/wp\/v2\/product\/9596","targetHints":{"allow":["GET"]}}],"collection":[{"href":"https:\/\/imiapower.com\/pl\/wp-json\/wp\/v2\/product"}],"about":[{"href":"https:\/\/imiapower.com\/pl\/wp-json\/wp\/v2\/types\/product"}],"replies":[{"embeddable":true,"href":"https:\/\/imiapower.com\/pl\/wp-json\/wp\/v2\/comments?post=9596"}],"version-history":[{"count":1,"href":"https:\/\/imiapower.com\/pl\/wp-json\/wp\/v2\/product\/9596\/revisions"}],"predecessor-version":[{"id":9599,"href":"https:\/\/imiapower.com\/pl\/wp-json\/wp\/v2\/product\/9596\/revisions\/9599"}],"wp:featuredmedia":[{"embeddable":true,"href":"https:\/\/imiapower.com\/pl\/wp-json\/wp\/v2\/media\/9598"}],"wp:attachment":[{"href":"https:\/\/imiapower.com\/pl\/wp-json\/wp\/v2\/media?parent=9596"}],"wp:term":[{"taxonomy":"product_cat","embeddable":true,"href":"https:\/\/imiapower.com\/pl\/wp-json\/wp\/v2\/product_cat?post=9596"},{"taxonomy":"product_tag","embeddable":true,"href":"https:\/\/imiapower.com\/pl\/wp-json\/wp\/v2\/product_tag?post=9596"}],"curies":[{"name":"wp","href":"https:\/\/api.w.org\/{rel}","templated":true}]}}