{"id":9609,"date":"2025-08-08T02:28:27","date_gmt":"2025-08-08T02:28:27","guid":{"rendered":"https:\/\/imiapower.com\/?post_type=product&#038;p=9609"},"modified":"2025-08-08T02:37:57","modified_gmt":"2025-08-08T02:37:57","slug":"power-plugs-universal","status":"publish","type":"product","link":"https:\/\/imiapower.com\/pl\/products\/travel-adapter\/power-plugs-universal\/","title":{"rendered":"Adaptery wtyczek zasilaj\u0105cych \u2013 uniwersalny konwerter wtyczek \u015bwiatowych na ameryka\u0144skie"},"content":{"rendered":"<ul>\n<li><strong>Wtyczki zasilaj\u0105ce<\/strong><\/li>\n<li><strong>Wej\u015bcie:<\/strong>250V 10A 2500W maks.<\/li>\n<li><strong>Materia\u0142 obudowy:<\/strong>komputer<\/li>\n<li><strong>Standard: <\/strong>BS8546, IEC60884-2-5<\/li>\n<li><strong>Kolor:<\/strong>\u00a0Bia\u0142y\/czarny<\/li>\n<li><strong>Uwaga:<\/strong>Adapter wtyczki World-US<\/li>\n<\/ul>","protected":false},"excerpt":{"rendered":"<p data-start=\"1078\" data-end=\"1415\"><img fetchpriority=\"high\" decoding=\"async\" class=\"alignnone wp-image-9612 size-full\" src=\"https:\/\/imiapower.com\/wp-content\/uploads\/converted-2-11.webp\" alt=\"wtyczki zasilaj\u0105ce\" width=\"960\" height=\"960\" srcset=\"https:\/\/imiapower.com\/wp-content\/uploads\/converted-2-11.webp 960w, https:\/\/imiapower.com\/wp-content\/uploads\/converted-2-11-300x300.webp 300w, https:\/\/imiapower.com\/wp-content\/uploads\/converted-2-11-150x150.webp 150w, https:\/\/imiapower.com\/wp-content\/uploads\/converted-2-11-768x768.webp 768w, https:\/\/imiapower.com\/wp-content\/uploads\/converted-2-11-12x12.webp 12w, https:\/\/imiapower.com\/wp-content\/uploads\/converted-2-11-600x600.webp 600w, https:\/\/imiapower.com\/wp-content\/uploads\/converted-2-11-100x100.webp 100w, https:\/\/imiapower.com\/wp-content\/uploads\/converted-2-11-64x64.webp 64w\" sizes=\"(max-width: 960px) 100vw, 960px\" \/><\/p>\n<p data-start=\"1025\" data-end=\"1337\">Za pomoc\u0105 tego uniwersalnego adaptera mo\u017cesz zamieni\u0107 dowoln\u0105 wtyczk\u0119 mi\u0119dzynarodow\u0105 na standard ameryka\u0144ski.<br data-start=\"1114\" data-end=\"1117\" \/>Ten adapter World to US zosta\u0142 zaprojektowany z my\u015bl\u0105 o podr\u00f3\u017cnikach i urz\u0105dzeniach mi\u0119dzynarodowych. Obs\u0142uguje wtyczki z ponad 150 kraj\u00f3w i dostosowuje je do gniazdek typu A\/B u\u017cywanych w USA, Kanadzie, Japonii i innych krajach.<\/p>\n<p data-start=\"1339\" data-end=\"1543\">Obs\u0142uguje moc do 2500 W (250 V, 10 A) i spe\u0142nia kluczowe normy bezpiecze\u0144stwa BS8546 oraz IEC60884-2-5. Obudowa z ognioodpornego PC gwarantuje trwa\u0142o\u015b\u0107 i bezpiecze\u0144stwo podczas podr\u00f3\u017cy lub codziennego u\u017cytkowania.<\/p>\n<p data-start=\"1545\" data-end=\"1689\">Kompaktowy i lekki, ten adapter zasilania doskonale sprawdzi si\u0119 w czasie podr\u00f3\u017cy s\u0142u\u017cbowych, wakacji lub \u0142adowania zagranicznych urz\u0105dze\u0144 elektronicznych w lokalizacjach w USA.<\/p>\n<ul>\n<li data-start=\"1830\" data-end=\"1889\">\n<p data-start=\"1832\" data-end=\"1889\">\ud83c\udf0d <strong data-start=\"1835\" data-end=\"1854\">Wej\u015bcie uniwersalne<\/strong> \u2013 Akceptuje wtyczki UE, Wielkiej Brytanii, Australii i Azji<\/p>\n<\/li>\n<li data-start=\"1890\" data-end=\"1952\">\n<p data-start=\"1892\" data-end=\"1952\">\ud83d\udd0c <strong data-start=\"1895\" data-end=\"1913\">Wyj\u015bcie wtyczki ameryka\u0144skiej<\/strong> \u2013 Kompatybilny z gniazdami typu A i B<\/p>\n<\/li>\n<li data-start=\"1953\" data-end=\"2002\">\n<p data-start=\"1955\" data-end=\"2002\">\u26a1 <strong data-start=\"1957\" data-end=\"1972\">Moc znamionowa<\/strong> \u2013 250 V 10 A, do 2500 W maks.<\/p>\n<\/li>\n<li data-start=\"2003\" data-end=\"2064\">\n<p data-start=\"2005\" data-end=\"2064\">\ud83d\udd25 <strong data-start=\"2008\" data-end=\"2028\">Bezpieczne i certyfikowane<\/strong> \u2013 normy BS8546 \/ IEC60884-2-5<\/p>\n<\/li>\n<li data-start=\"2065\" data-end=\"2137\">\n<p data-start=\"2067\" data-end=\"2137\">\ud83e\uddf3 <strong data-start=\"2070\" data-end=\"2086\">Gotowy do podr\u00f3\u017cy<\/strong> \u2013 Lekka, trwa\u0142a, ognioodporna obudowa z poliw\u0119glanu<\/p>\n<\/li>\n<li data-start=\"2138\" data-end=\"2179\">\n<p data-start=\"2140\" data-end=\"2179\">\ud83c\udfa8 <strong data-start=\"2143\" data-end=\"2160\">Opcje kolor\u00f3w<\/strong> \u2013 Czarny lub bia\u0142y<\/p>\n<\/li>\n<li data-start=\"2180\" data-end=\"2256\">\n<p data-start=\"2182\" data-end=\"2256\">\u2705 <strong data-start=\"2184\" data-end=\"2197\">Idealny dla<\/strong>:Podr\u00f3\u017cuj\u0105cy zagraniczni, podr\u00f3\u017ce s\u0142u\u017cbowe, hotele, u\u017cytek domowy<\/p>\n<\/li>\n<\/ul>\n<p data-start=\"1417\" data-end=\"1611\">","protected":false},"featured_media":9611,"comment_status":"open","ping_status":"closed","template":"","meta":{"rank_math_lock_modified_date":false,"site-sidebar-layout":"default","site-content-layout":"","ast-site-content-layout":"default","site-content-style":"default","site-sidebar-style":"default","ast-global-header-display":"","ast-banner-title-visibility":"","ast-main-header-display":"","ast-hfb-above-header-display":"","ast-hfb-below-header-display":"","ast-hfb-mobile-header-display":"","site-post-title":"","ast-breadcrumbs-content":"","ast-featured-img":"","footer-sml-layout":"","ast-disable-related-posts":"","theme-transparent-header-meta":"default","adv-header-id-meta":"","stick-header-meta":"","header-above-stick-meta":"","header-main-stick-meta":"","header-below-stick-meta":"","astra-migrate-meta-layouts":"set","ast-page-background-enabled":"default","ast-page-background-meta":{"desktop":{"background-color":"","background-image":"","background-repeat":"repeat","background-position":"center center","background-size":"auto","background-attachment":"scroll","background-type":"","background-media":"","overlay-type":"","overlay-color":"","overlay-opacity":"","overlay-gradient":""},"tablet":{"background-color":"","background-image":"","background-repeat":"repeat","background-position":"center center","background-size":"auto","background-attachment":"scroll","background-type":"","background-media":"","overlay-type":"","overlay-color":"","overlay-opacity":"","overlay-gradient":""},"mobile":{"background-color":"","background-image":"","background-repeat":"repeat","background-position":"center center","background-size":"auto","background-attachment":"scroll","background-type":"","background-media":"","overlay-type":"","overlay-color":"","overlay-opacity":"","overlay-gradient":""}},"ast-content-background-meta":{"desktop":{"background-color":"var(--ast-global-color-5)","background-image":"","background-repeat":"repeat","background-position":"center center","background-size":"auto","background-attachment":"scroll","background-type":"","background-media":"","overlay-type":"","overlay-color":"","overlay-opacity":"","overlay-gradient":""},"tablet":{"background-color":"var(--ast-global-color-5)","background-image":"","background-repeat":"repeat","background-position":"center center","background-size":"auto","background-attachment":"scroll","background-type":"","background-media":"","overlay-type":"","overlay-color":"","overlay-opacity":"","overlay-gradient":""},"mobile":{"background-color":"var(--ast-global-color-5)","background-image":"","background-repeat":"repeat","background-position":"center center","background-size":"auto","background-attachment":"scroll","background-type":"","background-media":"","overlay-type":"","overlay-color":"","overlay-opacity":"","overlay-gradient":""}}},"product_cat":[64],"product_tag":[],"class_list":{"0":"post-9609","1":"product","2":"type-product","3":"status-publish","4":"has-post-thumbnail","6":"product_cat-travel-adapter","7":"desktop-align-center","8":"tablet-align-center","9":"mobile-align-center","11":"first","12":"instock","13":"shipping-taxable","14":"product-type-simple"},"_links":{"self":[{"href":"https:\/\/imiapower.com\/pl\/wp-json\/wp\/v2\/product\/9609","targetHints":{"allow":["GET"]}}],"collection":[{"href":"https:\/\/imiapower.com\/pl\/wp-json\/wp\/v2\/product"}],"about":[{"href":"https:\/\/imiapower.com\/pl\/wp-json\/wp\/v2\/types\/product"}],"replies":[{"embeddable":true,"href":"https:\/\/imiapower.com\/pl\/wp-json\/wp\/v2\/comments?post=9609"}],"version-history":[{"count":1,"href":"https:\/\/imiapower.com\/pl\/wp-json\/wp\/v2\/product\/9609\/revisions"}],"predecessor-version":[{"id":9613,"href":"https:\/\/imiapower.com\/pl\/wp-json\/wp\/v2\/product\/9609\/revisions\/9613"}],"wp:featuredmedia":[{"embeddable":true,"href":"https:\/\/imiapower.com\/pl\/wp-json\/wp\/v2\/media\/9611"}],"wp:attachment":[{"href":"https:\/\/imiapower.com\/pl\/wp-json\/wp\/v2\/media?parent=9609"}],"wp:term":[{"taxonomy":"product_cat","embeddable":true,"href":"https:\/\/imiapower.com\/pl\/wp-json\/wp\/v2\/product_cat?post=9609"},{"taxonomy":"product_tag","embeddable":true,"href":"https:\/\/imiapower.com\/pl\/wp-json\/wp\/v2\/product_tag?post=9609"}],"curies":[{"name":"wp","href":"https:\/\/api.w.org\/{rel}","templated":true}]}}