{"id":9670,"date":"2025-09-02T00:14:49","date_gmt":"2025-09-02T00:14:49","guid":{"rendered":"https:\/\/imiapower.com\/?post_type=product&#038;p=9670"},"modified":"2025-09-02T00:14:50","modified_gmt":"2025-09-02T00:14:50","slug":"adapter-manufacturer","status":"publish","type":"product","link":"https:\/\/imiapower.com\/pl\/products\/travel-adapter\/adapter-manufacturer\/","title":{"rendered":"Producent adapter\u00f3w | Adapter wtyczki z Wielkiej Brytanii do USA"},"content":{"rendered":"<ul>\n<li><strong>Producent adaptera<\/strong><\/li>\n<li><strong>Oceny:<\/strong> 100-125 V 10 A, maks. 1250 W<\/li>\n<li><strong>Materia\u0142 obudowy:<\/strong> komputer<\/li>\n<li><strong>Materia\u0142 przewodnika:<\/strong> Mied\u017a<\/li>\n<li><strong>Klasyfikacja ogniowa:<\/strong> 94V0<\/li>\n<li><strong>Kolor:<\/strong> Bia\u0142y i czarny<\/li>\n<li><strong>Uwaga:<\/strong> Adapter wtyczki brytyjskiej do ameryka\u0144skiej<\/li>\n<\/ul>","protected":false},"excerpt":{"rendered":"<p>Jako profesjonalny producent adapter\u00f3w, oferujemy wysokiej jako\u015bci adaptery wtykowe zaprojektowane z my\u015bl\u0105 o bezpiecze\u0144stwie, wygodzie i podr\u00f3\u017cach po ca\u0142ym \u015bwiecie. Koncentruj\u0105c si\u0119 na przyst\u0119pnej cenie i mobilno\u015bci, ten adapter jest niezb\u0119dnym akcesorium dla ka\u017cdego podr\u00f3\u017cuj\u0105cego z Wielkiej Brytanii do Stan\u00f3w Zjednoczonych.<\/p>\n<p data-start=\"1949\" data-end=\"1966\"><strong data-start=\"1949\" data-end=\"1964\">Zalety:<\/strong><\/p>\n<ul data-start=\"1967\" data-end=\"2322\">\n<li data-start=\"1967\" data-end=\"2036\">\n<p data-start=\"1969\" data-end=\"2036\"><strong data-start=\"1969\" data-end=\"1990\">Niezb\u0119dnik podr\u00f3\u017cny:<\/strong> Rozwi\u0105zuje problemy z kompatybilno\u015bci\u0105 wtyczek w USA.<\/p>\n<\/li>\n<li data-start=\"2037\" data-end=\"2103\">\n<p data-start=\"2039\" data-end=\"2103\"><strong data-start=\"2039\" data-end=\"2065\">Kompaktowy i lekki:<\/strong> \u0141atwe do przenoszenia w torbie lub walizce.<\/p>\n<\/li>\n<li data-start=\"2104\" data-end=\"2169\">\n<p data-start=\"2106\" data-end=\"2169\"><strong data-start=\"2106\" data-end=\"2133\">Przyst\u0119pne cenowo i praktyczne:<\/strong> Op\u0142acalne przy zakupie hurtowym.<\/p>\n<\/li>\n<li data-start=\"2170\" data-end=\"2239\">\n<p data-start=\"2172\" data-end=\"2239\"><strong data-start=\"2172\" data-end=\"2191\">Bezpieczne i trwa\u0142e:<\/strong> Przewodnik miedziany + obudowa z poliw\u0119glanu ognioodpornego.<\/p>\n<\/li>\n<li data-start=\"2240\" data-end=\"2322\">\n<p data-start=\"2242\" data-end=\"2322\"><strong data-start=\"2242\" data-end=\"2256\">Gotowy na B2B:<\/strong> Nadaje si\u0119 dla hurtownik\u00f3w, importer\u00f3w, dystrybutor\u00f3w i detalist\u00f3w.<\/p>\n<\/li>\n<\/ul>\n<p data-start=\"2324\" data-end=\"2558\">Oferujemy personalizacj\u0119 OEM\/ODM, dostawy hurtowe i dystrybucj\u0119 hurtow\u0105 dla globalnych partner\u00f3w. Nasz adapter wtyczki jest szeroko stosowany przez dostawc\u00f3w akcesori\u00f3w podr\u00f3\u017cnych, dystrybutor\u00f3w elektroniki, hotele i platformy e-commerce.<\/p>\n<p><img fetchpriority=\"high\" decoding=\"async\" class=\"alignnone wp-image-9671 size-full\" src=\"https:\/\/imiapower.com\/wp-content\/uploads\/converted-1-23.webp\" alt=\"producent adapter\u00f3w\" width=\"960\" height=\"960\" srcset=\"https:\/\/imiapower.com\/wp-content\/uploads\/converted-1-23.webp 960w, https:\/\/imiapower.com\/wp-content\/uploads\/converted-1-23-300x300.webp 300w, https:\/\/imiapower.com\/wp-content\/uploads\/converted-1-23-150x150.webp 150w, https:\/\/imiapower.com\/wp-content\/uploads\/converted-1-23-768x768.webp 768w, https:\/\/imiapower.com\/wp-content\/uploads\/converted-1-23-12x12.webp 12w, https:\/\/imiapower.com\/wp-content\/uploads\/converted-1-23-600x600.webp 600w, https:\/\/imiapower.com\/wp-content\/uploads\/converted-1-23-100x100.webp 100w, https:\/\/imiapower.com\/wp-content\/uploads\/converted-1-23-64x64.webp 64w\" sizes=\"(max-width: 960px) 100vw, 960px\" \/><\/p>","protected":false},"featured_media":9672,"comment_status":"open","ping_status":"closed","template":"","meta":{"rank_math_lock_modified_date":false,"site-sidebar-layout":"default","site-content-layout":"","ast-site-content-layout":"default","site-content-style":"default","site-sidebar-style":"default","ast-global-header-display":"","ast-banner-title-visibility":"","ast-main-header-display":"","ast-hfb-above-header-display":"","ast-hfb-below-header-display":"","ast-hfb-mobile-header-display":"","site-post-title":"","ast-breadcrumbs-content":"","ast-featured-img":"","footer-sml-layout":"","ast-disable-related-posts":"","theme-transparent-header-meta":"default","adv-header-id-meta":"","stick-header-meta":"","header-above-stick-meta":"","header-main-stick-meta":"","header-below-stick-meta":"","astra-migrate-meta-layouts":"set","ast-page-background-enabled":"default","ast-page-background-meta":{"desktop":{"background-color":"","background-image":"","background-repeat":"repeat","background-position":"center center","background-size":"auto","background-attachment":"scroll","background-type":"","background-media":"","overlay-type":"","overlay-color":"","overlay-opacity":"","overlay-gradient":""},"tablet":{"background-color":"","background-image":"","background-repeat":"repeat","background-position":"center center","background-size":"auto","background-attachment":"scroll","background-type":"","background-media":"","overlay-type":"","overlay-color":"","overlay-opacity":"","overlay-gradient":""},"mobile":{"background-color":"","background-image":"","background-repeat":"repeat","background-position":"center center","background-size":"auto","background-attachment":"scroll","background-type":"","background-media":"","overlay-type":"","overlay-color":"","overlay-opacity":"","overlay-gradient":""}},"ast-content-background-meta":{"desktop":{"background-color":"var(--ast-global-color-5)","background-image":"","background-repeat":"repeat","background-position":"center center","background-size":"auto","background-attachment":"scroll","background-type":"","background-media":"","overlay-type":"","overlay-color":"","overlay-opacity":"","overlay-gradient":""},"tablet":{"background-color":"var(--ast-global-color-5)","background-image":"","background-repeat":"repeat","background-position":"center center","background-size":"auto","background-attachment":"scroll","background-type":"","background-media":"","overlay-type":"","overlay-color":"","overlay-opacity":"","overlay-gradient":""},"mobile":{"background-color":"var(--ast-global-color-5)","background-image":"","background-repeat":"repeat","background-position":"center center","background-size":"auto","background-attachment":"scroll","background-type":"","background-media":"","overlay-type":"","overlay-color":"","overlay-opacity":"","overlay-gradient":""}}},"product_cat":[64],"product_tag":[],"class_list":{"0":"post-9670","1":"product","2":"type-product","3":"status-publish","4":"has-post-thumbnail","6":"product_cat-travel-adapter","7":"desktop-align-center","8":"tablet-align-center","9":"mobile-align-center","11":"first","12":"instock","13":"shipping-taxable","14":"product-type-simple"},"_links":{"self":[{"href":"https:\/\/imiapower.com\/pl\/wp-json\/wp\/v2\/product\/9670","targetHints":{"allow":["GET"]}}],"collection":[{"href":"https:\/\/imiapower.com\/pl\/wp-json\/wp\/v2\/product"}],"about":[{"href":"https:\/\/imiapower.com\/pl\/wp-json\/wp\/v2\/types\/product"}],"replies":[{"embeddable":true,"href":"https:\/\/imiapower.com\/pl\/wp-json\/wp\/v2\/comments?post=9670"}],"version-history":[{"count":1,"href":"https:\/\/imiapower.com\/pl\/wp-json\/wp\/v2\/product\/9670\/revisions"}],"predecessor-version":[{"id":9673,"href":"https:\/\/imiapower.com\/pl\/wp-json\/wp\/v2\/product\/9670\/revisions\/9673"}],"wp:featuredmedia":[{"embeddable":true,"href":"https:\/\/imiapower.com\/pl\/wp-json\/wp\/v2\/media\/9672"}],"wp:attachment":[{"href":"https:\/\/imiapower.com\/pl\/wp-json\/wp\/v2\/media?parent=9670"}],"wp:term":[{"taxonomy":"product_cat","embeddable":true,"href":"https:\/\/imiapower.com\/pl\/wp-json\/wp\/v2\/product_cat?post=9670"},{"taxonomy":"product_tag","embeddable":true,"href":"https:\/\/imiapower.com\/pl\/wp-json\/wp\/v2\/product_tag?post=9670"}],"curies":[{"name":"wp","href":"https:\/\/api.w.org\/{rel}","templated":true}]}}