{"id":9674,"date":"2025-09-02T00:13:26","date_gmt":"2025-09-02T00:13:26","guid":{"rendered":"https:\/\/imiapower.com\/?post_type=product&#038;p=9674"},"modified":"2025-09-02T00:13:28","modified_gmt":"2025-09-02T00:13:28","slug":"south-africa-plug-adapter","status":"publish","type":"product","link":"https:\/\/imiapower.com\/pl\/products\/travel-adapter\/south-africa-plug-adapter\/","title":{"rendered":"Adapter wtykowy z RPA | Adapter wtykowy z Wielkiej Brytanii do RPA"},"content":{"rendered":"<ul>\n<li><strong>Adapter wtyczki do Republiki Po\u0142udniowej Afryki<\/strong><\/li>\n<li><strong>Oceny:<\/strong> 100-125 V 10 A, maks. 1250 W<\/li>\n<li><strong>Materia\u0142 obudowy:<\/strong> komputer<\/li>\n<li><strong>Kolor:<\/strong> Czarno-bia\u0142y<\/li>\n<li><strong>Materia\u0142 przewodnika:<\/strong> Mied\u017a<\/li>\n<li><strong>Klasyfikacja ogniowa:<\/strong> 94V0<\/li>\n<li><strong>Uwaga:<\/strong> Adapter wtyczki z Wielkiej Brytanii do Republiki Po\u0142udniowej Afryki<\/li>\n<\/ul>","protected":false},"excerpt":{"rendered":"<p>Ten adapter wtyczki do gniazdka w RPA jest idealnym rozwi\u0105zaniem dla turyst\u00f3w z Wielkiej Brytanii udaj\u0105cych si\u0119 do RPA.<\/p>\n<p>Zaprojektowano je, aby rozwi\u0105za\u0107 problemy z kompatybilno\u015bci\u0105 wtyczek, zapewniaj\u0105c bezpieczn\u0105 i niezawodn\u0105 konwersj\u0119 energii.<\/p>\n<p>Dzi\u0119ki kompaktowej i lekkiej konstrukcji jest \u0142atwy do przenoszenia, niedrogi i niezb\u0119dny w podr\u00f3\u017cach mi\u0119dzynarodowych.<\/p>\n<p>Wykonany z ognioodpornej obudowy PC z miedzianymi przewodnikami, o napi\u0119ciu znamionowym 100-125 V, 10 A, maks. 1250 W, dost\u0119pny w kolorze czarnym i bia\u0142ym. Idealny do u\u017cytku osobistego, detalicznego lub hurtowych dostaw B2B.<\/p>\n<p><img fetchpriority=\"high\" decoding=\"async\" class=\"alignnone wp-image-9675 size-full\" src=\"https:\/\/imiapower.com\/wp-content\/uploads\/converted-1-24.webp\" alt=\"adapter wtyczki po\u0142udniowoafryka\u0144skiej\" width=\"960\" height=\"960\" srcset=\"https:\/\/imiapower.com\/wp-content\/uploads\/converted-1-24.webp 960w, https:\/\/imiapower.com\/wp-content\/uploads\/converted-1-24-300x300.webp 300w, https:\/\/imiapower.com\/wp-content\/uploads\/converted-1-24-150x150.webp 150w, https:\/\/imiapower.com\/wp-content\/uploads\/converted-1-24-768x768.webp 768w, https:\/\/imiapower.com\/wp-content\/uploads\/converted-1-24-12x12.webp 12w, https:\/\/imiapower.com\/wp-content\/uploads\/converted-1-24-600x600.webp 600w, https:\/\/imiapower.com\/wp-content\/uploads\/converted-1-24-100x100.webp 100w, https:\/\/imiapower.com\/wp-content\/uploads\/converted-1-24-64x64.webp 64w\" sizes=\"(max-width: 960px) 100vw, 960px\" \/><\/p>\n<p>&nbsp;<\/p>","protected":false},"featured_media":9676,"comment_status":"open","ping_status":"closed","template":"","meta":{"rank_math_lock_modified_date":false,"site-sidebar-layout":"default","site-content-layout":"","ast-site-content-layout":"default","site-content-style":"default","site-sidebar-style":"default","ast-global-header-display":"","ast-banner-title-visibility":"","ast-main-header-display":"","ast-hfb-above-header-display":"","ast-hfb-below-header-display":"","ast-hfb-mobile-header-display":"","site-post-title":"","ast-breadcrumbs-content":"","ast-featured-img":"","footer-sml-layout":"","ast-disable-related-posts":"","theme-transparent-header-meta":"default","adv-header-id-meta":"","stick-header-meta":"","header-above-stick-meta":"","header-main-stick-meta":"","header-below-stick-meta":"","astra-migrate-meta-layouts":"set","ast-page-background-enabled":"default","ast-page-background-meta":{"desktop":{"background-color":"","background-image":"","background-repeat":"repeat","background-position":"center center","background-size":"auto","background-attachment":"scroll","background-type":"","background-media":"","overlay-type":"","overlay-color":"","overlay-opacity":"","overlay-gradient":""},"tablet":{"background-color":"","background-image":"","background-repeat":"repeat","background-position":"center center","background-size":"auto","background-attachment":"scroll","background-type":"","background-media":"","overlay-type":"","overlay-color":"","overlay-opacity":"","overlay-gradient":""},"mobile":{"background-color":"","background-image":"","background-repeat":"repeat","background-position":"center center","background-size":"auto","background-attachment":"scroll","background-type":"","background-media":"","overlay-type":"","overlay-color":"","overlay-opacity":"","overlay-gradient":""}},"ast-content-background-meta":{"desktop":{"background-color":"var(--ast-global-color-5)","background-image":"","background-repeat":"repeat","background-position":"center center","background-size":"auto","background-attachment":"scroll","background-type":"","background-media":"","overlay-type":"","overlay-color":"","overlay-opacity":"","overlay-gradient":""},"tablet":{"background-color":"var(--ast-global-color-5)","background-image":"","background-repeat":"repeat","background-position":"center center","background-size":"auto","background-attachment":"scroll","background-type":"","background-media":"","overlay-type":"","overlay-color":"","overlay-opacity":"","overlay-gradient":""},"mobile":{"background-color":"var(--ast-global-color-5)","background-image":"","background-repeat":"repeat","background-position":"center center","background-size":"auto","background-attachment":"scroll","background-type":"","background-media":"","overlay-type":"","overlay-color":"","overlay-opacity":"","overlay-gradient":""}}},"product_cat":[64],"product_tag":[],"class_list":{"0":"post-9674","1":"product","2":"type-product","3":"status-publish","4":"has-post-thumbnail","6":"product_cat-travel-adapter","7":"desktop-align-center","8":"tablet-align-center","9":"mobile-align-center","11":"first","12":"instock","13":"shipping-taxable","14":"product-type-simple"},"_links":{"self":[{"href":"https:\/\/imiapower.com\/pl\/wp-json\/wp\/v2\/product\/9674","targetHints":{"allow":["GET"]}}],"collection":[{"href":"https:\/\/imiapower.com\/pl\/wp-json\/wp\/v2\/product"}],"about":[{"href":"https:\/\/imiapower.com\/pl\/wp-json\/wp\/v2\/types\/product"}],"replies":[{"embeddable":true,"href":"https:\/\/imiapower.com\/pl\/wp-json\/wp\/v2\/comments?post=9674"}],"version-history":[{"count":1,"href":"https:\/\/imiapower.com\/pl\/wp-json\/wp\/v2\/product\/9674\/revisions"}],"predecessor-version":[{"id":9677,"href":"https:\/\/imiapower.com\/pl\/wp-json\/wp\/v2\/product\/9674\/revisions\/9677"}],"wp:featuredmedia":[{"embeddable":true,"href":"https:\/\/imiapower.com\/pl\/wp-json\/wp\/v2\/media\/9676"}],"wp:attachment":[{"href":"https:\/\/imiapower.com\/pl\/wp-json\/wp\/v2\/media?parent=9674"}],"wp:term":[{"taxonomy":"product_cat","embeddable":true,"href":"https:\/\/imiapower.com\/pl\/wp-json\/wp\/v2\/product_cat?post=9674"},{"taxonomy":"product_tag","embeddable":true,"href":"https:\/\/imiapower.com\/pl\/wp-json\/wp\/v2\/product_tag?post=9674"}],"curies":[{"name":"wp","href":"https:\/\/api.w.org\/{rel}","templated":true}]}}