{"id":9678,"date":"2025-09-02T00:15:19","date_gmt":"2025-09-02T00:15:19","guid":{"rendered":"https:\/\/imiapower.com\/?post_type=product&#038;p=9678"},"modified":"2025-09-02T00:15:20","modified_gmt":"2025-09-02T00:15:20","slug":"travel-plug-adapter-for-china","status":"publish","type":"product","link":"https:\/\/imiapower.com\/pl\/products\/travel-adapter\/travel-plug-adapter-for-china\/","title":{"rendered":"Adapter wtyczki podr\u00f3\u017cnej do Chin \u2013 trwa\u0142a obudowa PC, klasa UL94 V-0"},"content":{"rendered":"<ul>\n<li><strong>Adapter wtyczki podr\u00f3\u017cnej do Chin <\/strong><\/li>\n<li><strong>Oceny:<\/strong> 250 V 10 A, maks. 2500 W<\/li>\n<li><strong>Materia\u0142 obudowy:<\/strong> komputer<\/li>\n<li><strong>Materia\u0142 przewodnika:<\/strong> Mied\u017a<\/li>\n<li><strong>Klasyfikacja ogniowa:<\/strong> 94V0<\/li>\n<li><strong>Uwaga:<\/strong> Adapter wtyczki UK do AUS\/CN<\/li>\n<li><strong>Kolor:<\/strong> Bia\u0142y i czarny<\/li>\n<\/ul>","protected":false},"excerpt":{"rendered":"<p>Dzi\u0119ki temu adapterowi wtyczek UK \u2013 AUS\/CN Twoja podr\u00f3\u017c do Chin b\u0119dzie bezproblemowa.<\/p>\n<p>Zaprojektowany do gniazdek typu I powszechnie u\u017cywanych w Chinach kontynentalnych i Australii, umo\u017cliwia natychmiastowe pod\u0142\u0105czenie urz\u0105dze\u0144 w Wielkiej Brytanii \u2014 co jest idealnym rozwi\u0105zaniem dla os\u00f3b podr\u00f3\u017cuj\u0105cych s\u0142u\u017cbowo i zespo\u0142\u00f3w targowych.<\/p>\n<p>Wykonany z trwa\u0142ej obudowy z poliw\u0119glanu i miedzianych przewodnik\u00f3w, obs\u0142uguje napi\u0119cie do 250 V 10 A (maks. 2500 W) dla laptop\u00f3w, \u0142adowarek i ma\u0142ych urz\u0105dze\u0144.<\/p>\n<p>Klasa ognioodporno\u015bci UL94 V-0 zwi\u0119ksza bezpiecze\u0144stwo w podr\u00f3\u017cy. Dost\u0119pne w kolorze bia\u0142ym i czarnym.<\/p>\n<p>Zgodno\u015b\u0107: wtyczka brytyjska \u2192 gniazdka \u015bcienne AUS\/CN (typ I); mo\u017cna stosowa\u0107 w Chinach<\/p>\n<p><img fetchpriority=\"high\" decoding=\"async\" class=\"alignnone wp-image-9679 size-full\" src=\"https:\/\/imiapower.com\/wp-content\/uploads\/converted-1-25.webp\" alt=\"adapter wtyczki podr\u00f3\u017cnej do Chin\" width=\"960\" height=\"960\" srcset=\"https:\/\/imiapower.com\/wp-content\/uploads\/converted-1-25.webp 960w, https:\/\/imiapower.com\/wp-content\/uploads\/converted-1-25-300x300.webp 300w, https:\/\/imiapower.com\/wp-content\/uploads\/converted-1-25-150x150.webp 150w, https:\/\/imiapower.com\/wp-content\/uploads\/converted-1-25-768x768.webp 768w, https:\/\/imiapower.com\/wp-content\/uploads\/converted-1-25-12x12.webp 12w, https:\/\/imiapower.com\/wp-content\/uploads\/converted-1-25-600x600.webp 600w, https:\/\/imiapower.com\/wp-content\/uploads\/converted-1-25-100x100.webp 100w, https:\/\/imiapower.com\/wp-content\/uploads\/converted-1-25-64x64.webp 64w\" sizes=\"(max-width: 960px) 100vw, 960px\" \/><\/p>\n<p>&nbsp;<\/p>","protected":false},"featured_media":9680,"comment_status":"open","ping_status":"closed","template":"","meta":{"rank_math_lock_modified_date":false,"site-sidebar-layout":"default","site-content-layout":"","ast-site-content-layout":"default","site-content-style":"default","site-sidebar-style":"default","ast-global-header-display":"","ast-banner-title-visibility":"","ast-main-header-display":"","ast-hfb-above-header-display":"","ast-hfb-below-header-display":"","ast-hfb-mobile-header-display":"","site-post-title":"","ast-breadcrumbs-content":"","ast-featured-img":"","footer-sml-layout":"","ast-disable-related-posts":"","theme-transparent-header-meta":"default","adv-header-id-meta":"","stick-header-meta":"","header-above-stick-meta":"","header-main-stick-meta":"","header-below-stick-meta":"","astra-migrate-meta-layouts":"set","ast-page-background-enabled":"default","ast-page-background-meta":{"desktop":{"background-color":"","background-image":"","background-repeat":"repeat","background-position":"center center","background-size":"auto","background-attachment":"scroll","background-type":"","background-media":"","overlay-type":"","overlay-color":"","overlay-opacity":"","overlay-gradient":""},"tablet":{"background-color":"","background-image":"","background-repeat":"repeat","background-position":"center center","background-size":"auto","background-attachment":"scroll","background-type":"","background-media":"","overlay-type":"","overlay-color":"","overlay-opacity":"","overlay-gradient":""},"mobile":{"background-color":"","background-image":"","background-repeat":"repeat","background-position":"center center","background-size":"auto","background-attachment":"scroll","background-type":"","background-media":"","overlay-type":"","overlay-color":"","overlay-opacity":"","overlay-gradient":""}},"ast-content-background-meta":{"desktop":{"background-color":"var(--ast-global-color-5)","background-image":"","background-repeat":"repeat","background-position":"center center","background-size":"auto","background-attachment":"scroll","background-type":"","background-media":"","overlay-type":"","overlay-color":"","overlay-opacity":"","overlay-gradient":""},"tablet":{"background-color":"var(--ast-global-color-5)","background-image":"","background-repeat":"repeat","background-position":"center center","background-size":"auto","background-attachment":"scroll","background-type":"","background-media":"","overlay-type":"","overlay-color":"","overlay-opacity":"","overlay-gradient":""},"mobile":{"background-color":"var(--ast-global-color-5)","background-image":"","background-repeat":"repeat","background-position":"center center","background-size":"auto","background-attachment":"scroll","background-type":"","background-media":"","overlay-type":"","overlay-color":"","overlay-opacity":"","overlay-gradient":""}}},"product_cat":[64],"product_tag":[],"class_list":{"0":"post-9678","1":"product","2":"type-product","3":"status-publish","4":"has-post-thumbnail","6":"product_cat-travel-adapter","7":"desktop-align-center","8":"tablet-align-center","9":"mobile-align-center","11":"first","12":"instock","13":"shipping-taxable","14":"product-type-simple"},"_links":{"self":[{"href":"https:\/\/imiapower.com\/pl\/wp-json\/wp\/v2\/product\/9678","targetHints":{"allow":["GET"]}}],"collection":[{"href":"https:\/\/imiapower.com\/pl\/wp-json\/wp\/v2\/product"}],"about":[{"href":"https:\/\/imiapower.com\/pl\/wp-json\/wp\/v2\/types\/product"}],"replies":[{"embeddable":true,"href":"https:\/\/imiapower.com\/pl\/wp-json\/wp\/v2\/comments?post=9678"}],"version-history":[{"count":1,"href":"https:\/\/imiapower.com\/pl\/wp-json\/wp\/v2\/product\/9678\/revisions"}],"predecessor-version":[{"id":9681,"href":"https:\/\/imiapower.com\/pl\/wp-json\/wp\/v2\/product\/9678\/revisions\/9681"}],"wp:featuredmedia":[{"embeddable":true,"href":"https:\/\/imiapower.com\/pl\/wp-json\/wp\/v2\/media\/9680"}],"wp:attachment":[{"href":"https:\/\/imiapower.com\/pl\/wp-json\/wp\/v2\/media?parent=9678"}],"wp:term":[{"taxonomy":"product_cat","embeddable":true,"href":"https:\/\/imiapower.com\/pl\/wp-json\/wp\/v2\/product_cat?post=9678"},{"taxonomy":"product_tag","embeddable":true,"href":"https:\/\/imiapower.com\/pl\/wp-json\/wp\/v2\/product_tag?post=9678"}],"curies":[{"name":"wp","href":"https:\/\/api.w.org\/{rel}","templated":true}]}}