{"id":9682,"date":"2025-10-16T08:57:50","date_gmt":"2025-10-16T08:57:50","guid":{"rendered":"https:\/\/imiapower.com\/?post_type=product&#038;p=9682"},"modified":"2025-10-16T08:57:51","modified_gmt":"2025-10-16T08:57:51","slug":"wholesale-power-adapters-in-uk","status":"publish","type":"product","link":"https:\/\/imiapower.com\/pl\/products\/travel-adapter\/wholesale-power-adapters-in-uk\/","title":{"rendered":"Hurtowe zasilacze w Wielkiej Brytanii | Wtyczka podr\u00f3\u017cna World-to-UK z PD 20 W, 2 portami USB-C i 1 portem USB-A"},"content":{"rendered":"<ul>\n<li><strong>Hurtowa sprzeda\u017c zasilaczy w Wielkiej Brytanii<\/strong><\/li>\n<li><strong>Wej\u015bcie:<\/strong> 100-250V 10A maks. 2500W maks.<\/li>\n<li><strong>Wyj\u015bcie:<\/strong> PD 20w<\/li>\n<li><strong>Port \u0142adowania:<\/strong> 2 porty USB C i 1 port USB A.<\/li>\n<li><strong>Kolor:<\/strong> Bia\u0142y i czarny<\/li>\n<li><strong>Uwaga:<\/strong> Adapter podr\u00f3\u017cny ze \u015bwiata na Wielk\u0105 Brytani\u0119<\/li>\n<\/ul>","protected":false},"excerpt":{"rendered":"<p><img fetchpriority=\"high\" decoding=\"async\" class=\"alignnone wp-image-9683 size-full\" src=\"https:\/\/imiapower.com\/wp-content\/uploads\/converted-1-26.webp\" alt=\"hurtowe zasilacze w Wielkiej Brytanii\" width=\"800\" height=\"1053\" srcset=\"https:\/\/imiapower.com\/wp-content\/uploads\/converted-1-26.webp 800w, https:\/\/imiapower.com\/wp-content\/uploads\/converted-1-26-228x300.webp 228w, https:\/\/imiapower.com\/wp-content\/uploads\/converted-1-26-778x1024.webp 778w, https:\/\/imiapower.com\/wp-content\/uploads\/converted-1-26-768x1011.webp 768w, https:\/\/imiapower.com\/wp-content\/uploads\/converted-1-26-9x12.webp 9w, https:\/\/imiapower.com\/wp-content\/uploads\/converted-1-26-600x790.webp 600w, https:\/\/imiapower.com\/wp-content\/uploads\/converted-1-26-64x84.webp 64w\" sizes=\"(max-width: 800px) 100vw, 800px\" \/><\/p>\n<p data-start=\"907\" data-end=\"1079\">Szukasz hurtowych adapter\u00f3w zasilania w Wielkiej Brytanii? Ten wszechstronny adapter podr\u00f3\u017cny World-to-UK jest przeznaczony dla odbiorc\u00f3w hurtowych, dystrybutor\u00f3w i podr\u00f3\u017cnych z ca\u0142ego \u015bwiata.<\/p>\n<p data-start=\"1081\" data-end=\"1572\">\u2705 <strong data-start=\"1083\" data-end=\"1105\">Szeroka kompatybilno\u015b\u0107<\/strong> \u2013 Dzia\u0142a z napi\u0119ciem 100\u2013250 V, 10 A, maks. 2500 W, pasuje do wtyczek z wi\u0119kszo\u015bci kraj\u00f3w.<\/p>\n<p data-start=\"1081\" data-end=\"1572\"><br data-start=\"1184\" data-end=\"1187\" \/>\u2705 <strong data-start=\"1189\" data-end=\"1213\">Szybkie \u0142adowanie PD 20 W<\/strong> \u2013 Szybkie \u0142adowanie smartfon\u00f3w, tablet\u00f3w i innych urz\u0105dze\u0144.<\/p>\n<p data-start=\"1081\" data-end=\"1572\"><br data-start=\"1272\" data-end=\"1275\" \/>\u2705 <strong data-start=\"1277\" data-end=\"1294\">3 wyj\u015bcia USB<\/strong> \u2013 2 porty USB-C + 1 port USB-A do \u0142adowania wielu urz\u0105dze\u0144 jednocze\u015bnie.<\/p>\n<p data-start=\"1081\" data-end=\"1572\"><br data-start=\"1367\" data-end=\"1370\" \/>\u2705 <strong data-start=\"1372\" data-end=\"1395\">Uniwersalne gniazdo AC<\/strong> \u2013 Akceptuje wtyczki z ca\u0142ego \u015bwiata, dlatego jest niezb\u0119dnym wyposa\u017ceniem dla podr\u00f3\u017cnik\u00f3w.<\/p>\n<p data-start=\"1081\" data-end=\"1572\"><br data-start=\"1478\" data-end=\"1481\" \/>\u2705 <strong data-start=\"1483\" data-end=\"1501\">Bezpieczne i trwa\u0142e<\/strong> \u2013 Wykonany z ognioodpornej obudowy PC, dost\u0119pny w kolorze czarnym i bia\u0142ym.<\/p>","protected":false},"featured_media":9684,"comment_status":"open","ping_status":"closed","template":"","meta":{"rank_math_lock_modified_date":false,"site-sidebar-layout":"default","site-content-layout":"","ast-site-content-layout":"default","site-content-style":"default","site-sidebar-style":"default","ast-global-header-display":"","ast-banner-title-visibility":"","ast-main-header-display":"","ast-hfb-above-header-display":"","ast-hfb-below-header-display":"","ast-hfb-mobile-header-display":"","site-post-title":"","ast-breadcrumbs-content":"","ast-featured-img":"","footer-sml-layout":"","ast-disable-related-posts":"","theme-transparent-header-meta":"default","adv-header-id-meta":"","stick-header-meta":"","header-above-stick-meta":"","header-main-stick-meta":"","header-below-stick-meta":"","astra-migrate-meta-layouts":"set","ast-page-background-enabled":"default","ast-page-background-meta":{"desktop":{"background-color":"","background-image":"","background-repeat":"repeat","background-position":"center center","background-size":"auto","background-attachment":"scroll","background-type":"","background-media":"","overlay-type":"","overlay-color":"","overlay-opacity":"","overlay-gradient":""},"tablet":{"background-color":"","background-image":"","background-repeat":"repeat","background-position":"center center","background-size":"auto","background-attachment":"scroll","background-type":"","background-media":"","overlay-type":"","overlay-color":"","overlay-opacity":"","overlay-gradient":""},"mobile":{"background-color":"","background-image":"","background-repeat":"repeat","background-position":"center center","background-size":"auto","background-attachment":"scroll","background-type":"","background-media":"","overlay-type":"","overlay-color":"","overlay-opacity":"","overlay-gradient":""}},"ast-content-background-meta":{"desktop":{"background-color":"var(--ast-global-color-5)","background-image":"","background-repeat":"repeat","background-position":"center center","background-size":"auto","background-attachment":"scroll","background-type":"","background-media":"","overlay-type":"","overlay-color":"","overlay-opacity":"","overlay-gradient":""},"tablet":{"background-color":"var(--ast-global-color-5)","background-image":"","background-repeat":"repeat","background-position":"center center","background-size":"auto","background-attachment":"scroll","background-type":"","background-media":"","overlay-type":"","overlay-color":"","overlay-opacity":"","overlay-gradient":""},"mobile":{"background-color":"var(--ast-global-color-5)","background-image":"","background-repeat":"repeat","background-position":"center center","background-size":"auto","background-attachment":"scroll","background-type":"","background-media":"","overlay-type":"","overlay-color":"","overlay-opacity":"","overlay-gradient":""}}},"product_cat":[64],"product_tag":[],"class_list":{"0":"post-9682","1":"product","2":"type-product","3":"status-publish","4":"has-post-thumbnail","6":"product_cat-travel-adapter","7":"desktop-align-center","8":"tablet-align-center","9":"mobile-align-center","11":"first","12":"instock","13":"shipping-taxable","14":"product-type-simple"},"_links":{"self":[{"href":"https:\/\/imiapower.com\/pl\/wp-json\/wp\/v2\/product\/9682","targetHints":{"allow":["GET"]}}],"collection":[{"href":"https:\/\/imiapower.com\/pl\/wp-json\/wp\/v2\/product"}],"about":[{"href":"https:\/\/imiapower.com\/pl\/wp-json\/wp\/v2\/types\/product"}],"replies":[{"embeddable":true,"href":"https:\/\/imiapower.com\/pl\/wp-json\/wp\/v2\/comments?post=9682"}],"version-history":[{"count":3,"href":"https:\/\/imiapower.com\/pl\/wp-json\/wp\/v2\/product\/9682\/revisions"}],"predecessor-version":[{"id":9687,"href":"https:\/\/imiapower.com\/pl\/wp-json\/wp\/v2\/product\/9682\/revisions\/9687"}],"wp:featuredmedia":[{"embeddable":true,"href":"https:\/\/imiapower.com\/pl\/wp-json\/wp\/v2\/media\/9684"}],"wp:attachment":[{"href":"https:\/\/imiapower.com\/pl\/wp-json\/wp\/v2\/media?parent=9682"}],"wp:term":[{"taxonomy":"product_cat","embeddable":true,"href":"https:\/\/imiapower.com\/pl\/wp-json\/wp\/v2\/product_cat?post=9682"},{"taxonomy":"product_tag","embeddable":true,"href":"https:\/\/imiapower.com\/pl\/wp-json\/wp\/v2\/product_tag?post=9682"}],"curies":[{"name":"wp","href":"https:\/\/api.w.org\/{rel}","templated":true}]}}