{"id":9717,"date":"2025-09-01T06:52:08","date_gmt":"2025-09-01T06:52:08","guid":{"rendered":"https:\/\/imiapower.com\/?post_type=product&#038;p=9717"},"modified":"2025-09-08T00:28:25","modified_gmt":"2025-09-08T00:28:25","slug":"odm-power-supply-german-plug","status":"publish","type":"product","link":"https:\/\/imiapower.com\/pl\/products\/travel-adapter\/odm-power-supply-german-plug\/","title":{"rendered":"Zasilacz ODM, niemiecki adapter wtykowy z szybkim \u0142adowaniem PD 20 W | Porty USB-C i USB-A"},"content":{"rendered":"<ul>\n<li><strong>Zasilacz ODM<\/strong><\/li>\n<li><strong>Wej\u015bcie:<\/strong> 100-250V 10A maks. 2500W maks.<\/li>\n<li><strong>Wyj\u015bcie:<\/strong> PD 20w<\/li>\n<li><strong>Port \u0142adowania:<\/strong> 2 porty USB C i 1 port USB A.<\/li>\n<li><strong>Kolor:<\/strong> Bia\u0142y i czarny<\/li>\n<li><strong>Waga:<\/strong> 95g<\/li>\n<li><strong>Uwaga:<\/strong> Adapter podr\u00f3\u017cny World-Germany<\/li>\n<\/ul>","protected":false},"excerpt":{"rendered":"<p><img fetchpriority=\"high\" decoding=\"async\" class=\"alignnone wp-image-9718 size-full\" src=\"https:\/\/imiapower.com\/wp-content\/uploads\/converted-1-28.webp\" alt=\"zasilacz ODM\" width=\"960\" height=\"960\" srcset=\"https:\/\/imiapower.com\/wp-content\/uploads\/converted-1-28.webp 960w, https:\/\/imiapower.com\/wp-content\/uploads\/converted-1-28-300x300.webp 300w, https:\/\/imiapower.com\/wp-content\/uploads\/converted-1-28-150x150.webp 150w, https:\/\/imiapower.com\/wp-content\/uploads\/converted-1-28-768x768.webp 768w, https:\/\/imiapower.com\/wp-content\/uploads\/converted-1-28-12x12.webp 12w, https:\/\/imiapower.com\/wp-content\/uploads\/converted-1-28-600x600.webp 600w, https:\/\/imiapower.com\/wp-content\/uploads\/converted-1-28-100x100.webp 100w, https:\/\/imiapower.com\/wp-content\/uploads\/converted-1-28-64x64.webp 64w\" sizes=\"(max-width: 960px) 100vw, 960px\" \/><\/p>\n<p data-start=\"808\" data-end=\"1148\">Zasilacz ODM do Niemiec \u2013 adapter wtykowy przeznaczony dla marek, dystrybutor\u00f3w i hurtowych nabywc\u00f3w, kt\u00f3rzy potrzebuj\u0105 wysokiej jako\u015bci, konfigurowalnych urz\u0105dze\u0144 zasilaj\u0105cych.<\/p>\n<p data-start=\"808\" data-end=\"1148\">Rozwi\u0105zania ODM, nazywane r\u00f3wnie\u017c adapterami, s\u0105 szeroko stosowane w takich bran\u017cach, jak elektronika u\u017cytkowa, akcesoria podr\u00f3\u017cne, hotelarstwo i projekty opakowa\u0144 detalicznych.<\/p>\n<p data-start=\"1150\" data-end=\"1470\">Ten model obs\u0142uguje napi\u0119cie wej\u015bciowe 100\u2013250 V, 10 A (do 2500 W) i zapewnia szybkie \u0142adowanie PD 20 W za pomoc\u0105 2 port\u00f3w USB-C i 1 portu USB-A, co umo\u017cliwia jednoczesne \u0142adowanie wielu urz\u0105dze\u0144.<\/p>\n<p data-start=\"1472\" data-end=\"1629\">Dost\u0119pny w kolorze bia\u0142ym i czarnym, ten adapter ODM jest doskona\u0142ym wyborem dla partner\u00f3w poszukuj\u0105cych niestandardowego brandingu, zam\u00f3wie\u0144 hurtowych lub rozwi\u0105za\u0144 marek w\u0142asnych.<\/p>\n<p>&nbsp;<\/p>","protected":false},"featured_media":9719,"comment_status":"open","ping_status":"closed","template":"","meta":{"rank_math_lock_modified_date":false,"site-sidebar-layout":"default","site-content-layout":"","ast-site-content-layout":"default","site-content-style":"default","site-sidebar-style":"default","ast-global-header-display":"","ast-banner-title-visibility":"","ast-main-header-display":"","ast-hfb-above-header-display":"","ast-hfb-below-header-display":"","ast-hfb-mobile-header-display":"","site-post-title":"","ast-breadcrumbs-content":"","ast-featured-img":"","footer-sml-layout":"","ast-disable-related-posts":"","theme-transparent-header-meta":"default","adv-header-id-meta":"","stick-header-meta":"","header-above-stick-meta":"","header-main-stick-meta":"","header-below-stick-meta":"","astra-migrate-meta-layouts":"set","ast-page-background-enabled":"default","ast-page-background-meta":{"desktop":{"background-color":"","background-image":"","background-repeat":"repeat","background-position":"center center","background-size":"auto","background-attachment":"scroll","background-type":"","background-media":"","overlay-type":"","overlay-color":"","overlay-opacity":"","overlay-gradient":""},"tablet":{"background-color":"","background-image":"","background-repeat":"repeat","background-position":"center center","background-size":"auto","background-attachment":"scroll","background-type":"","background-media":"","overlay-type":"","overlay-color":"","overlay-opacity":"","overlay-gradient":""},"mobile":{"background-color":"","background-image":"","background-repeat":"repeat","background-position":"center center","background-size":"auto","background-attachment":"scroll","background-type":"","background-media":"","overlay-type":"","overlay-color":"","overlay-opacity":"","overlay-gradient":""}},"ast-content-background-meta":{"desktop":{"background-color":"var(--ast-global-color-5)","background-image":"","background-repeat":"repeat","background-position":"center center","background-size":"auto","background-attachment":"scroll","background-type":"","background-media":"","overlay-type":"","overlay-color":"","overlay-opacity":"","overlay-gradient":""},"tablet":{"background-color":"var(--ast-global-color-5)","background-image":"","background-repeat":"repeat","background-position":"center center","background-size":"auto","background-attachment":"scroll","background-type":"","background-media":"","overlay-type":"","overlay-color":"","overlay-opacity":"","overlay-gradient":""},"mobile":{"background-color":"var(--ast-global-color-5)","background-image":"","background-repeat":"repeat","background-position":"center center","background-size":"auto","background-attachment":"scroll","background-type":"","background-media":"","overlay-type":"","overlay-color":"","overlay-opacity":"","overlay-gradient":""}}},"product_cat":[64],"product_tag":[],"class_list":{"0":"post-9717","1":"product","2":"type-product","3":"status-publish","4":"has-post-thumbnail","6":"product_cat-travel-adapter","7":"desktop-align-center","8":"tablet-align-center","9":"mobile-align-center","11":"first","12":"instock","13":"shipping-taxable","14":"product-type-simple"},"_links":{"self":[{"href":"https:\/\/imiapower.com\/pl\/wp-json\/wp\/v2\/product\/9717","targetHints":{"allow":["GET"]}}],"collection":[{"href":"https:\/\/imiapower.com\/pl\/wp-json\/wp\/v2\/product"}],"about":[{"href":"https:\/\/imiapower.com\/pl\/wp-json\/wp\/v2\/types\/product"}],"replies":[{"embeddable":true,"href":"https:\/\/imiapower.com\/pl\/wp-json\/wp\/v2\/comments?post=9717"}],"version-history":[{"count":1,"href":"https:\/\/imiapower.com\/pl\/wp-json\/wp\/v2\/product\/9717\/revisions"}],"predecessor-version":[{"id":9720,"href":"https:\/\/imiapower.com\/pl\/wp-json\/wp\/v2\/product\/9717\/revisions\/9720"}],"wp:featuredmedia":[{"embeddable":true,"href":"https:\/\/imiapower.com\/pl\/wp-json\/wp\/v2\/media\/9719"}],"wp:attachment":[{"href":"https:\/\/imiapower.com\/pl\/wp-json\/wp\/v2\/media?parent=9717"}],"wp:term":[{"taxonomy":"product_cat","embeddable":true,"href":"https:\/\/imiapower.com\/pl\/wp-json\/wp\/v2\/product_cat?post=9717"},{"taxonomy":"product_tag","embeddable":true,"href":"https:\/\/imiapower.com\/pl\/wp-json\/wp\/v2\/product_tag?post=9717"}],"curies":[{"name":"wp","href":"https:\/\/api.w.org\/{rel}","templated":true}]}}