{"id":9721,"date":"2025-09-01T07:03:40","date_gmt":"2025-09-01T07:03:40","guid":{"rendered":"https:\/\/imiapower.com\/?post_type=product&#038;p=9721"},"modified":"2025-09-08T00:27:02","modified_gmt":"2025-09-08T00:27:02","slug":"electrical-plug-types","status":"publish","type":"product","link":"https:\/\/imiapower.com\/pl\/products\/travel-adapter\/electrical-plug-types\/","title":{"rendered":"Typy wtyczek elektrycznych: ameryka\u0144ski adapter podr\u00f3\u017cny z szybkim \u0142adowaniem PD 20 W | USB-C i USB-A | Zasilanie OEM\/ODM"},"content":{"rendered":"<ul>\n<li><strong>Typy wtyczek elektrycznych<\/strong><\/li>\n<li><strong>Wej\u015bcie:<\/strong> 100-250V 10A maks. 2500W maks.<\/li>\n<li><strong>Wyj\u015bcie:<\/strong> PD 20w<\/li>\n<li><strong>Port \u0142adowania:<\/strong> 2 porty USB C i 1 port USB A.<\/li>\n<li><strong>Kolor:<\/strong> Bia\u0142y i czarny<\/li>\n<li><strong>Waga:<\/strong> 95g<\/li>\n<li><strong>Uwaga:<\/strong> Przej\u015bci\u00f3wka podr\u00f3\u017cna World-USA<\/li>\n<\/ul>","protected":false},"excerpt":{"rendered":"<p data-start=\"1472\" data-end=\"1629\"><img fetchpriority=\"high\" decoding=\"async\" class=\"alignnone wp-image-9723 size-full\" src=\"https:\/\/imiapower.com\/wp-content\/uploads\/converted-2-13.webp\" alt=\"rodzaje wtyczek elektrycznych\" width=\"1200\" height=\"1200\" srcset=\"https:\/\/imiapower.com\/wp-content\/uploads\/converted-2-13.webp 1200w, https:\/\/imiapower.com\/wp-content\/uploads\/converted-2-13-300x300.webp 300w, https:\/\/imiapower.com\/wp-content\/uploads\/converted-2-13-1024x1024.webp 1024w, https:\/\/imiapower.com\/wp-content\/uploads\/converted-2-13-150x150.webp 150w, https:\/\/imiapower.com\/wp-content\/uploads\/converted-2-13-768x768.webp 768w, https:\/\/imiapower.com\/wp-content\/uploads\/converted-2-13-12x12.webp 12w, https:\/\/imiapower.com\/wp-content\/uploads\/converted-2-13-600x600.webp 600w, https:\/\/imiapower.com\/wp-content\/uploads\/converted-2-13-100x100.webp 100w, https:\/\/imiapower.com\/wp-content\/uploads\/converted-2-13-64x64.webp 64w\" sizes=\"(max-width: 1200px) 100vw, 1200px\" \/><\/p>\n<p data-start=\"863\" data-end=\"1160\">Typy wtyczek elektrycznych \u2013 Adapter podr\u00f3\u017cny World-to-USA, przeznaczony zar\u00f3wno do u\u017cytku konsumenckiego, jak i do rozwi\u0105za\u0144 zasilania B2B. Ten adapter obs\u0142uguje napi\u0119cie wej\u015bciowe 100\u2013250 V, 10 A (do 2500 W) i zapewnia szybkie \u0142adowanie PD 20 W, z 2 portami USB-C i 1 portem USB-A do \u0142adowania wielu urz\u0105dze\u0144.<\/p>\n<p data-start=\"1162\" data-end=\"1457\">Dzi\u0119ki lekkiej obudowie o wadze 95 g i kompaktowej konstrukcji, ten adapter idealnie nadaje si\u0119 dla podr\u00f3\u017cnych udaj\u0105cych si\u0119 do USA lub region\u00f3w korzystaj\u0105cych z wtyczek typu A\/B. Dost\u0119pny w kolorze bia\u0142ym i czarnym, zapewnia niezawodne \u0142adowanie smartfon\u00f3w, tablet\u00f3w, laptop\u00f3w i innych urz\u0105dze\u0144 elektronicznych.<\/p>\n<p data-start=\"1459\" data-end=\"1583\">Jako dostawca energii i producent ODM\/OEM dostarczamy dostosowane rozwi\u0105zania w zakresie adapter\u00f3w wtykowych dla takich bran\u017c, jak:<\/p>\n<ul data-start=\"1584\" data-end=\"1868\">\n<li data-start=\"1584\" data-end=\"1650\">\n<p data-start=\"1586\" data-end=\"1650\">Marki elektroniki u\u017cytkowej poszukuj\u0105ce produkt\u00f3w marek w\u0142asnych<\/p>\n<\/li>\n<li data-start=\"1651\" data-end=\"1724\">\n<p data-start=\"1653\" data-end=\"1724\">Przedsi\u0119biorstwa z bran\u017cy hotelarskiej i turystycznej zapewniaj\u0105ce rozwi\u0105zania zasilania dla go\u015bci<\/p>\n<\/li>\n<li data-start=\"1725\" data-end=\"1792\">\n<p data-start=\"1727\" data-end=\"1792\">Dystrybutorzy i hurtownicy poszukuj\u0105cy dostaw o du\u017cej obj\u0119to\u015bci<\/p>\n<\/li>\n<li data-start=\"1793\" data-end=\"1868\">\n<p data-start=\"1795\" data-end=\"1868\">Projekty przemys\u0142owe i komercyjne wymagaj\u0105ce dostosowanych urz\u0105dze\u0144 zasilaj\u0105cych<\/p>\n<\/li>\n<\/ul>\n<p data-start=\"1870\" data-end=\"2009\">Ten ameryka\u0144ski adapter wtyczki podr\u00f3\u017cnej to nie tylko akcesorium gotowe do sprzeda\u017cy detalicznej, ale r\u00f3wnie\u017c skalowalne urz\u0105dzenie zasilaj\u0105ce ODM przeznaczone na rynki globalne.<\/p>\n<p>&nbsp;<\/p>","protected":false},"featured_media":9722,"comment_status":"open","ping_status":"closed","template":"","meta":{"rank_math_lock_modified_date":false,"site-sidebar-layout":"default","site-content-layout":"","ast-site-content-layout":"default","site-content-style":"default","site-sidebar-style":"default","ast-global-header-display":"","ast-banner-title-visibility":"","ast-main-header-display":"","ast-hfb-above-header-display":"","ast-hfb-below-header-display":"","ast-hfb-mobile-header-display":"","site-post-title":"","ast-breadcrumbs-content":"","ast-featured-img":"","footer-sml-layout":"","ast-disable-related-posts":"","theme-transparent-header-meta":"default","adv-header-id-meta":"","stick-header-meta":"","header-above-stick-meta":"","header-main-stick-meta":"","header-below-stick-meta":"","astra-migrate-meta-layouts":"set","ast-page-background-enabled":"default","ast-page-background-meta":{"desktop":{"background-color":"","background-image":"","background-repeat":"repeat","background-position":"center center","background-size":"auto","background-attachment":"scroll","background-type":"","background-media":"","overlay-type":"","overlay-color":"","overlay-opacity":"","overlay-gradient":""},"tablet":{"background-color":"","background-image":"","background-repeat":"repeat","background-position":"center center","background-size":"auto","background-attachment":"scroll","background-type":"","background-media":"","overlay-type":"","overlay-color":"","overlay-opacity":"","overlay-gradient":""},"mobile":{"background-color":"","background-image":"","background-repeat":"repeat","background-position":"center center","background-size":"auto","background-attachment":"scroll","background-type":"","background-media":"","overlay-type":"","overlay-color":"","overlay-opacity":"","overlay-gradient":""}},"ast-content-background-meta":{"desktop":{"background-color":"var(--ast-global-color-5)","background-image":"","background-repeat":"repeat","background-position":"center center","background-size":"auto","background-attachment":"scroll","background-type":"","background-media":"","overlay-type":"","overlay-color":"","overlay-opacity":"","overlay-gradient":""},"tablet":{"background-color":"var(--ast-global-color-5)","background-image":"","background-repeat":"repeat","background-position":"center center","background-size":"auto","background-attachment":"scroll","background-type":"","background-media":"","overlay-type":"","overlay-color":"","overlay-opacity":"","overlay-gradient":""},"mobile":{"background-color":"var(--ast-global-color-5)","background-image":"","background-repeat":"repeat","background-position":"center center","background-size":"auto","background-attachment":"scroll","background-type":"","background-media":"","overlay-type":"","overlay-color":"","overlay-opacity":"","overlay-gradient":""}}},"product_cat":[64],"product_tag":[],"class_list":{"0":"post-9721","1":"product","2":"type-product","3":"status-publish","4":"has-post-thumbnail","6":"product_cat-travel-adapter","7":"desktop-align-center","8":"tablet-align-center","9":"mobile-align-center","11":"first","12":"instock","13":"shipping-taxable","14":"product-type-simple"},"_links":{"self":[{"href":"https:\/\/imiapower.com\/pl\/wp-json\/wp\/v2\/product\/9721","targetHints":{"allow":["GET"]}}],"collection":[{"href":"https:\/\/imiapower.com\/pl\/wp-json\/wp\/v2\/product"}],"about":[{"href":"https:\/\/imiapower.com\/pl\/wp-json\/wp\/v2\/types\/product"}],"replies":[{"embeddable":true,"href":"https:\/\/imiapower.com\/pl\/wp-json\/wp\/v2\/comments?post=9721"}],"version-history":[{"count":1,"href":"https:\/\/imiapower.com\/pl\/wp-json\/wp\/v2\/product\/9721\/revisions"}],"predecessor-version":[{"id":9724,"href":"https:\/\/imiapower.com\/pl\/wp-json\/wp\/v2\/product\/9721\/revisions\/9724"}],"wp:featuredmedia":[{"embeddable":true,"href":"https:\/\/imiapower.com\/pl\/wp-json\/wp\/v2\/media\/9722"}],"wp:attachment":[{"href":"https:\/\/imiapower.com\/pl\/wp-json\/wp\/v2\/media?parent=9721"}],"wp:term":[{"taxonomy":"product_cat","embeddable":true,"href":"https:\/\/imiapower.com\/pl\/wp-json\/wp\/v2\/product_cat?post=9721"},{"taxonomy":"product_tag","embeddable":true,"href":"https:\/\/imiapower.com\/pl\/wp-json\/wp\/v2\/product_tag?post=9721"}],"curies":[{"name":"wp","href":"https:\/\/api.w.org\/{rel}","templated":true}]}}