{"id":9725,"date":"2025-09-02T00:15:46","date_gmt":"2025-09-02T00:15:46","guid":{"rendered":"https:\/\/imiapower.com\/?post_type=product&#038;p=9725"},"modified":"2025-09-03T00:46:43","modified_gmt":"2025-09-03T00:46:43","slug":"travel-adapter-for-high-power-appliances","status":"publish","type":"product","link":"https:\/\/imiapower.com\/pl\/products\/travel-adapter\/travel-adapter-for-high-power-appliances\/","title":{"rendered":"Adapter podr\u00f3\u017cny do urz\u0105dze\u0144 o du\u017cej mocy | Maks. 2500 W | 4 od\u0142\u0105czane wtyczki (USA\/Wielka Brytania\/AUS\/UE) z szybkim \u0142adowaniem PD 20 W"},"content":{"rendered":"<ul>\n<li><strong>Adapter podr\u00f3\u017cny do urz\u0105dze\u0144 o du\u017cej mocy<\/strong><\/li>\n<li><strong>Wej\u015bcie:<\/strong> 100-250V 10A maks. 2500W maks.<\/li>\n<li><strong>Wyj\u015bcie:<\/strong> PD 20W, USA 18W<\/li>\n<li><strong>Port \u0142adowania:<\/strong> 2 porty USB C i 1 port USB A.<\/li>\n<li><strong>Kolor:<\/strong> Bia\u0142y i czarny<\/li>\n<li><b>Wtyczki: USA\/AUS\/UK\/EU<\/b><\/li>\n<\/ul>","protected":false},"excerpt":{"rendered":"<p><img fetchpriority=\"high\" decoding=\"async\" class=\"alignnone wp-image-9728 size-full\" src=\"https:\/\/imiapower.com\/wp-content\/uploads\/converted-2-14.webp\" alt=\"adapter podr\u00f3\u017cny do urz\u0105dze\u0144 o du\u017cej mocy\" width=\"960\" height=\"960\" srcset=\"https:\/\/imiapower.com\/wp-content\/uploads\/converted-2-14.webp 960w, https:\/\/imiapower.com\/wp-content\/uploads\/converted-2-14-300x300.webp 300w, https:\/\/imiapower.com\/wp-content\/uploads\/converted-2-14-150x150.webp 150w, https:\/\/imiapower.com\/wp-content\/uploads\/converted-2-14-768x768.webp 768w, https:\/\/imiapower.com\/wp-content\/uploads\/converted-2-14-12x12.webp 12w, https:\/\/imiapower.com\/wp-content\/uploads\/converted-2-14-600x600.webp 600w, https:\/\/imiapower.com\/wp-content\/uploads\/converted-2-14-100x100.webp 100w, https:\/\/imiapower.com\/wp-content\/uploads\/converted-2-14-64x64.webp 64w\" sizes=\"(max-width: 960px) 100vw, 960px\" \/> <img decoding=\"async\" class=\"alignnone wp-image-9729 size-full\" src=\"https:\/\/imiapower.com\/wp-content\/uploads\/converted-37.webp\" alt=\"adapter podr\u00f3\u017cny do urz\u0105dze\u0144 o du\u017cej mocy\" width=\"850\" height=\"1553\" srcset=\"https:\/\/imiapower.com\/wp-content\/uploads\/converted-37.webp 850w, https:\/\/imiapower.com\/wp-content\/uploads\/converted-37-164x300.webp 164w, https:\/\/imiapower.com\/wp-content\/uploads\/converted-37-560x1024.webp 560w, https:\/\/imiapower.com\/wp-content\/uploads\/converted-37-768x1403.webp 768w, https:\/\/imiapower.com\/wp-content\/uploads\/converted-37-841x1536.webp 841w, https:\/\/imiapower.com\/wp-content\/uploads\/converted-37-7x12.webp 7w, https:\/\/imiapower.com\/wp-content\/uploads\/converted-37-600x1096.webp 600w, https:\/\/imiapower.com\/wp-content\/uploads\/converted-37-64x117.webp 64w\" sizes=\"(max-width: 850px) 100vw, 850px\" \/><\/p>\n<p data-start=\"916\" data-end=\"1272\">Adapter podr\u00f3\u017cny do urz\u0105dze\u0144 o du\u017cym poborze mocy \u2013 idealny wyb\u00f3r dla os\u00f3b podr\u00f3\u017cuj\u0105cych za granic\u0119 i zabieraj\u0105cych ze sob\u0105 takie urz\u0105dzenia jak czajniki, maszynki do golenia, suszarki do w\u0142os\u00f3w, prostownice, aparaty fotograficzne i inne urz\u0105dzenia elektroniczne wysokiego napi\u0119cia. Ten uniwersalny adapter obs\u0142uguje napi\u0119cia 100\u2013250 V, 10 A i moc do 2500 W, dzi\u0119ki czemu jest bezpieczny i niezawodny zar\u00f3wno dla codziennych gad\u017cet\u00f3w, jak i wymagaj\u0105cych urz\u0105dze\u0144.<\/p>\n<p data-start=\"1274\" data-end=\"1380\">Wyposa\u017cony w 4 od\u0142\u0105czane wtyczki (USA, Wielka Brytania, Australia, UE), zapewnia kompatybilno\u015b\u0107 w ponad 200 krajach:<\/p>\n<ul data-start=\"1381\" data-end=\"2005\">\n<li data-start=\"1381\" data-end=\"1552\">\n<p data-start=\"1383\" data-end=\"1552\">Wtyczka ameryka\u0144ska \u2013 powszechnie stosowana w Stanach Zjednoczonych, Kanadzie, Japonii, Meksyku, na Filipinach, w Panamie, Kolumbii, Barbadosie, Guam, Haiti, Hondurasie, Jamajce, Libanie i innych krajach.<\/p>\n<\/li>\n<li data-start=\"1553\" data-end=\"1681\">\n<p data-start=\"1555\" data-end=\"1681\">Wtyczka AUS \u2013 popularna w Australii, Nowej Zelandii, Argentynie, Fid\u017ci, Egipcie, Kiribati, Nauru, \u0141otwie, Papui-Nowej Gwinei itd.<\/p>\n<\/li>\n<li data-start=\"1682\" data-end=\"1811\">\n<p data-start=\"1684\" data-end=\"1811\">Wtyczka brytyjska \u2013 u\u017cywana w Wielkiej Brytanii, Zjednoczonych Emiratach Arabskich, Pakistanie, Bhutanie, Kenii, Botswanie, Malawi, na Cyprze, Seszelach i innych rynkach.<\/p>\n<\/li>\n<li data-start=\"1812\" data-end=\"2005\">\n<p data-start=\"1814\" data-end=\"2005\">Wtyczka EU \u2013 standard w Niemczech, Korei Po\u0142udniowej, Wietnamie, Rosji, Brazylii, Grecji, Francji, Indonezji, Finlandii, Norwegii, Polsce, Portugalii, Austrii, Hiszpanii, Szwecji i w wi\u0119kszo\u015bci kraj\u00f3w Europy.<\/p>\n<\/li>\n<\/ul>\n<p data-start=\"2007\" data-end=\"2206\">Opr\u00f3cz uniwersalnego gniazda AC, adapter ten integruje nowoczesn\u0105 technologi\u0119 \u0142adowania z wyj\u015bciem PD 20 W i USB 18 W, a tak\u017ce 2 portami USB-C i 1 portem USB-A do szybkiego \u0142adowania wielu urz\u0105dze\u0144.<\/p>\n<p data-start=\"2208\" data-end=\"2403\">Dost\u0119pny w kolorze bia\u0142ym i czarnym, ten adapter \u0142\u0105czy w sobie moc, wszechstronno\u015b\u0107 i mobilno\u015b\u0107 \u2013 wa\u017cy zaledwie 95 g. To niezb\u0119dny gad\u017cet dla podr\u00f3\u017cnik\u00f3w, os\u00f3b podr\u00f3\u017cuj\u0105cych s\u0142u\u017cbowo i klient\u00f3w B2B.<\/p>\n<p data-start=\"2405\" data-end=\"2578\">Jako producent zasilaczy oferujemy r\u00f3wnie\u017c us\u0142ugi dostosowywania OEM\/ODM, dostawy hurtowe i markowanie w\u0142asne dla dystrybutor\u00f3w i klient\u00f3w bran\u017cowych na ca\u0142ym \u015bwiecie.<\/p>\n<p>&nbsp;<\/p>","protected":false},"featured_media":9727,"comment_status":"open","ping_status":"closed","template":"","meta":{"rank_math_lock_modified_date":false,"site-sidebar-layout":"default","site-content-layout":"","ast-site-content-layout":"default","site-content-style":"default","site-sidebar-style":"default","ast-global-header-display":"","ast-banner-title-visibility":"","ast-main-header-display":"","ast-hfb-above-header-display":"","ast-hfb-below-header-display":"","ast-hfb-mobile-header-display":"","site-post-title":"","ast-breadcrumbs-content":"","ast-featured-img":"","footer-sml-layout":"","ast-disable-related-posts":"","theme-transparent-header-meta":"default","adv-header-id-meta":"","stick-header-meta":"","header-above-stick-meta":"","header-main-stick-meta":"","header-below-stick-meta":"","astra-migrate-meta-layouts":"set","ast-page-background-enabled":"default","ast-page-background-meta":{"desktop":{"background-color":"","background-image":"","background-repeat":"repeat","background-position":"center center","background-size":"auto","background-attachment":"scroll","background-type":"","background-media":"","overlay-type":"","overlay-color":"","overlay-opacity":"","overlay-gradient":""},"tablet":{"background-color":"","background-image":"","background-repeat":"repeat","background-position":"center center","background-size":"auto","background-attachment":"scroll","background-type":"","background-media":"","overlay-type":"","overlay-color":"","overlay-opacity":"","overlay-gradient":""},"mobile":{"background-color":"","background-image":"","background-repeat":"repeat","background-position":"center center","background-size":"auto","background-attachment":"scroll","background-type":"","background-media":"","overlay-type":"","overlay-color":"","overlay-opacity":"","overlay-gradient":""}},"ast-content-background-meta":{"desktop":{"background-color":"var(--ast-global-color-5)","background-image":"","background-repeat":"repeat","background-position":"center center","background-size":"auto","background-attachment":"scroll","background-type":"","background-media":"","overlay-type":"","overlay-color":"","overlay-opacity":"","overlay-gradient":""},"tablet":{"background-color":"var(--ast-global-color-5)","background-image":"","background-repeat":"repeat","background-position":"center center","background-size":"auto","background-attachment":"scroll","background-type":"","background-media":"","overlay-type":"","overlay-color":"","overlay-opacity":"","overlay-gradient":""},"mobile":{"background-color":"var(--ast-global-color-5)","background-image":"","background-repeat":"repeat","background-position":"center center","background-size":"auto","background-attachment":"scroll","background-type":"","background-media":"","overlay-type":"","overlay-color":"","overlay-opacity":"","overlay-gradient":""}}},"product_cat":[64],"product_tag":[],"class_list":{"0":"post-9725","1":"product","2":"type-product","3":"status-publish","4":"has-post-thumbnail","6":"product_cat-travel-adapter","7":"desktop-align-center","8":"tablet-align-center","9":"mobile-align-center","11":"first","12":"instock","13":"shipping-taxable","14":"product-type-simple"},"_links":{"self":[{"href":"https:\/\/imiapower.com\/pl\/wp-json\/wp\/v2\/product\/9725","targetHints":{"allow":["GET"]}}],"collection":[{"href":"https:\/\/imiapower.com\/pl\/wp-json\/wp\/v2\/product"}],"about":[{"href":"https:\/\/imiapower.com\/pl\/wp-json\/wp\/v2\/types\/product"}],"replies":[{"embeddable":true,"href":"https:\/\/imiapower.com\/pl\/wp-json\/wp\/v2\/comments?post=9725"}],"version-history":[{"count":1,"href":"https:\/\/imiapower.com\/pl\/wp-json\/wp\/v2\/product\/9725\/revisions"}],"predecessor-version":[{"id":9730,"href":"https:\/\/imiapower.com\/pl\/wp-json\/wp\/v2\/product\/9725\/revisions\/9730"}],"wp:featuredmedia":[{"embeddable":true,"href":"https:\/\/imiapower.com\/pl\/wp-json\/wp\/v2\/media\/9727"}],"wp:attachment":[{"href":"https:\/\/imiapower.com\/pl\/wp-json\/wp\/v2\/media?parent=9725"}],"wp:term":[{"taxonomy":"product_cat","embeddable":true,"href":"https:\/\/imiapower.com\/pl\/wp-json\/wp\/v2\/product_cat?post=9725"},{"taxonomy":"product_tag","embeddable":true,"href":"https:\/\/imiapower.com\/pl\/wp-json\/wp\/v2\/product_tag?post=9725"}],"curies":[{"name":"wp","href":"https:\/\/api.w.org\/{rel}","templated":true}]}}