{"id":9744,"date":"2025-10-16T08:56:34","date_gmt":"2025-10-16T08:56:34","guid":{"rendered":"https:\/\/imiapower.com\/?post_type=product&#038;p=9744"},"modified":"2025-10-16T08:56:35","modified_gmt":"2025-10-16T08:56:35","slug":"promotional-universal-power-adapters","status":"publish","type":"product","link":"https:\/\/imiapower.com\/pl\/products\/travel-adapter\/promotional-universal-power-adapters\/","title":{"rendered":"Promocyjne uniwersalne zasilacze 35 W z USB i typem C"},"content":{"rendered":"<ul>\n<li><strong>Promocyjne uniwersalne zasilacze<\/strong><\/li>\n<li><strong>Napi\u0119cie wej\u015bciowe:<\/strong> 100 ~ 250 V, 50\/60 Hz<\/li>\n<li><strong> Wyj\u015bcie AC:<\/strong> 6 A maks.<\/li>\n<li><strong>Wyj\u015bcie typu C1\/C2:<\/strong> 5 V, 3 A 9 V, 3 A 12 V, 2,91 A 15 V, 2,33 A 20 V, 1,75 A (MAKS. 35 W)<\/li>\n<li><strong>Wyj\u015bcie USB:<\/strong> 5V 3A \/ 9V 2A \/ 12V 1,5A (maks. 18 W)<\/li>\n<li><strong>Wyj\u015bcie USB+Typ-C:<\/strong> 5V3A (maks. 15W)<\/li>\n<li><strong>Wtyczka:<\/strong> USA, UE, Wielka Brytania, Australia<\/li>\n<li><strong>Materia\u0142y:<\/strong> PC + Mied\u017a Metal<\/li>\n<li><strong>Kolor:<\/strong> Czarny<\/li>\n<li><strong>Certyfikat:<\/strong> CE\/FCC\/RoHS<\/li>\n<\/ul>","protected":false},"excerpt":{"rendered":"<p><img fetchpriority=\"high\" decoding=\"async\" class=\"alignnone wp-image-9746 size-full\" src=\"https:\/\/imiapower.com\/wp-content\/uploads\/converted-38.webp\" alt=\"promocyjne uniwersalne zasilacze\" width=\"1024\" height=\"1280\" srcset=\"https:\/\/imiapower.com\/wp-content\/uploads\/converted-38.webp 1024w, https:\/\/imiapower.com\/wp-content\/uploads\/converted-38-240x300.webp 240w, https:\/\/imiapower.com\/wp-content\/uploads\/converted-38-819x1024.webp 819w, https:\/\/imiapower.com\/wp-content\/uploads\/converted-38-768x960.webp 768w, https:\/\/imiapower.com\/wp-content\/uploads\/converted-38-10x12.webp 10w, https:\/\/imiapower.com\/wp-content\/uploads\/converted-38-600x750.webp 600w, https:\/\/imiapower.com\/wp-content\/uploads\/converted-38-64x80.webp 64w\" sizes=\"(max-width: 1024px) 100vw, 1024px\" \/><\/p>\n<p>&nbsp;<\/p>\n<p data-start=\"852\" data-end=\"1196\">Te promocyjne, uniwersalne zasilacze s\u0105 najch\u0119tniej kupowanymi akcesoriami podr\u00f3\u017cnymi, zaprojektowanymi z my\u015bl\u0105 o globalnej kompatybilno\u015bci w ponad 200 krajach.<\/p>\n<p data-start=\"852\" data-end=\"1196\">Dzi\u0119ki wymiennym wtyczkom ameryka\u0144skim, europejskim, brytyjskim i australijskim ten adapter gwarantuje niezawodne \u0142adowanie, gdziekolwiek jeste\u015b.<\/p>\n<p data-start=\"1198\" data-end=\"1549\">Wykonany z materia\u0142\u00f3w metalowych PC i miedzi, \u0142\u0105czy w sobie trwa\u0142o\u015b\u0107, bezpiecze\u0144stwo i stylowy design.<\/p>\n<p data-start=\"1198\" data-end=\"1549\">Adapter obs\u0142uguje szybkie \u0142adowanie poprzez wyj\u015bcia typu C1\/C2 do 35 W i port USB do 18 W, dzi\u0119ki czemu idealnie nadaje si\u0119 do smartfon\u00f3w, tablet\u00f3w, laptop\u00f3w i innych urz\u0105dze\u0144 elektronicznych.<\/p>\n<p data-start=\"1198\" data-end=\"1549\">Przy jednoczesnym stosowaniu USB i Type-C, maksymalna moc wynosi 15 W.<\/p>\n<p data-start=\"1198\" data-end=\"1549\">Te uniwersalne zasilacze sieciowe doskonale nadaj\u0105 si\u0119 jako upominki firmowe, prezenty na kampanie promocyjne, prezenty dla podr\u00f3\u017cuj\u0105cych i prezenty biznesowe. S\u0105 praktyczne, stylowe i kompatybilne z urz\u0105dzeniami na ca\u0142ym \u015bwiecie.<\/p>","protected":false},"featured_media":9745,"comment_status":"open","ping_status":"closed","template":"","meta":{"rank_math_lock_modified_date":false,"site-sidebar-layout":"default","site-content-layout":"","ast-site-content-layout":"default","site-content-style":"default","site-sidebar-style":"default","ast-global-header-display":"","ast-banner-title-visibility":"","ast-main-header-display":"","ast-hfb-above-header-display":"","ast-hfb-below-header-display":"","ast-hfb-mobile-header-display":"","site-post-title":"","ast-breadcrumbs-content":"","ast-featured-img":"","footer-sml-layout":"","ast-disable-related-posts":"","theme-transparent-header-meta":"default","adv-header-id-meta":"","stick-header-meta":"","header-above-stick-meta":"","header-main-stick-meta":"","header-below-stick-meta":"","astra-migrate-meta-layouts":"set","ast-page-background-enabled":"default","ast-page-background-meta":{"desktop":{"background-color":"","background-image":"","background-repeat":"repeat","background-position":"center center","background-size":"auto","background-attachment":"scroll","background-type":"","background-media":"","overlay-type":"","overlay-color":"","overlay-opacity":"","overlay-gradient":""},"tablet":{"background-color":"","background-image":"","background-repeat":"repeat","background-position":"center center","background-size":"auto","background-attachment":"scroll","background-type":"","background-media":"","overlay-type":"","overlay-color":"","overlay-opacity":"","overlay-gradient":""},"mobile":{"background-color":"","background-image":"","background-repeat":"repeat","background-position":"center center","background-size":"auto","background-attachment":"scroll","background-type":"","background-media":"","overlay-type":"","overlay-color":"","overlay-opacity":"","overlay-gradient":""}},"ast-content-background-meta":{"desktop":{"background-color":"var(--ast-global-color-5)","background-image":"","background-repeat":"repeat","background-position":"center center","background-size":"auto","background-attachment":"scroll","background-type":"","background-media":"","overlay-type":"","overlay-color":"","overlay-opacity":"","overlay-gradient":""},"tablet":{"background-color":"var(--ast-global-color-5)","background-image":"","background-repeat":"repeat","background-position":"center center","background-size":"auto","background-attachment":"scroll","background-type":"","background-media":"","overlay-type":"","overlay-color":"","overlay-opacity":"","overlay-gradient":""},"mobile":{"background-color":"var(--ast-global-color-5)","background-image":"","background-repeat":"repeat","background-position":"center center","background-size":"auto","background-attachment":"scroll","background-type":"","background-media":"","overlay-type":"","overlay-color":"","overlay-opacity":"","overlay-gradient":""}}},"product_cat":[64],"product_tag":[],"class_list":{"0":"post-9744","1":"product","2":"type-product","3":"status-publish","4":"has-post-thumbnail","6":"product_cat-travel-adapter","7":"desktop-align-center","8":"tablet-align-center","9":"mobile-align-center","11":"first","12":"instock","13":"shipping-taxable","14":"product-type-simple"},"_links":{"self":[{"href":"https:\/\/imiapower.com\/pl\/wp-json\/wp\/v2\/product\/9744","targetHints":{"allow":["GET"]}}],"collection":[{"href":"https:\/\/imiapower.com\/pl\/wp-json\/wp\/v2\/product"}],"about":[{"href":"https:\/\/imiapower.com\/pl\/wp-json\/wp\/v2\/types\/product"}],"replies":[{"embeddable":true,"href":"https:\/\/imiapower.com\/pl\/wp-json\/wp\/v2\/comments?post=9744"}],"version-history":[{"count":3,"href":"https:\/\/imiapower.com\/pl\/wp-json\/wp\/v2\/product\/9744\/revisions"}],"predecessor-version":[{"id":9749,"href":"https:\/\/imiapower.com\/pl\/wp-json\/wp\/v2\/product\/9744\/revisions\/9749"}],"wp:featuredmedia":[{"embeddable":true,"href":"https:\/\/imiapower.com\/pl\/wp-json\/wp\/v2\/media\/9745"}],"wp:attachment":[{"href":"https:\/\/imiapower.com\/pl\/wp-json\/wp\/v2\/media?parent=9744"}],"wp:term":[{"taxonomy":"product_cat","embeddable":true,"href":"https:\/\/imiapower.com\/pl\/wp-json\/wp\/v2\/product_cat?post=9744"},{"taxonomy":"product_tag","embeddable":true,"href":"https:\/\/imiapower.com\/pl\/wp-json\/wp\/v2\/product_tag?post=9744"}],"curies":[{"name":"wp","href":"https:\/\/api.w.org\/{rel}","templated":true}]}}