{"id":9750,"date":"2025-09-11T07:38:32","date_gmt":"2025-09-11T07:38:32","guid":{"rendered":"https:\/\/imiapower.com\/?post_type=product&#038;p=9750"},"modified":"2025-09-11T07:38:33","modified_gmt":"2025-09-11T07:38:33","slug":"universal-adapter-meaning","status":"publish","type":"product","link":"https:\/\/imiapower.com\/pl\/products\/travel-adapter\/universal-adapter-meaning\/","title":{"rendered":"Wyja\u015bnienie znaczenia adaptera uniwersalnego \u2013 smuk\u0142a \u0142adowarka podr\u00f3\u017cna z wieloma wtyczkami"},"content":{"rendered":"<ul>\n<li><strong>Znaczenie adaptera uniwersalnego<\/strong><\/li>\n<li><strong>Napi\u0119cie wej\u015bciowe:<\/strong> 100 ~ 250 V, 50\/60 Hz<\/li>\n<li><strong> Wyj\u015bcie AC:<\/strong> 6 A maks.<\/li>\n<li><strong>Wyj\u015bcie typu C1\/C2:<\/strong> 5 V 3 A \/ 9 V 2,22 A \/ 12 V 1,67 A (maks. 20 W)<\/li>\n<li><strong>Wyj\u015bcie USB:<\/strong> 5V 3A \/ 9V 2A \/ 12V 1,5A (maks. 18 W)<\/li>\n<li><strong>Wyj\u015bcie USB+Typ-C:<\/strong> 5V3A (maks. 15W)<\/li>\n<li><strong>Wtyczka:<\/strong> USA, UE, Wielka Brytania, Australia<\/li>\n<li><strong>Materia\u0142y:<\/strong> PC + Mied\u017a Metal<\/li>\n<li><strong>Kolor:<\/strong> Czarny<\/li>\n<li><strong>Certyfikat:<\/strong> CE\/FCC\/RoHS<\/li>\n<\/ul>","protected":false},"excerpt":{"rendered":"<p><img fetchpriority=\"high\" decoding=\"async\" class=\"alignnone wp-image-9751 size-full\" src=\"https:\/\/imiapower.com\/wp-content\/uploads\/converted-1-33.webp\" alt=\"znaczenie uniwersalnego adaptera\" width=\"1024\" height=\"1280\" srcset=\"https:\/\/imiapower.com\/wp-content\/uploads\/converted-1-33.webp 1024w, https:\/\/imiapower.com\/wp-content\/uploads\/converted-1-33-240x300.webp 240w, https:\/\/imiapower.com\/wp-content\/uploads\/converted-1-33-819x1024.webp 819w, https:\/\/imiapower.com\/wp-content\/uploads\/converted-1-33-768x960.webp 768w, https:\/\/imiapower.com\/wp-content\/uploads\/converted-1-33-10x12.webp 10w, https:\/\/imiapower.com\/wp-content\/uploads\/converted-1-33-600x750.webp 600w, https:\/\/imiapower.com\/wp-content\/uploads\/converted-1-33-64x80.webp 64w\" sizes=\"(max-width: 1024px) 100vw, 1024px\" \/><\/p>\n<p>Pod poj\u0119ciem adaptera uniwersalnego rozumie si\u0119 \u0142adowark\u0119, kt\u00f3ra dzia\u0142a na ca\u0142ym \u015bwiecie, dostosowuj\u0105c si\u0119 do r\u00f3\u017cnych typ\u00f3w wtyczek i potrzeb \u0142adowania.<\/p>\n<p>Oto smuk\u0142y, uniwersalny adapter podr\u00f3\u017cny z wymiennymi wtyczkami (USA, UE, Wielka Brytania, Australia), co zapewnia jego globaln\u0105 kompatybilno\u015b\u0107.<\/p>\n<p>Zawiera porty szybkiego \u0142adowania USB i Type-C (do 20 W), dzi\u0119ki czemu doskonale nadaje si\u0119 do wydajnego zasilania smartfon\u00f3w, tablet\u00f3w i innych urz\u0105dze\u0144.<\/p>\n<p>Smuk\u0142a, lekka konstrukcja sprawia, \u017ce urz\u0105dzenie z \u0142atwo\u015bci\u0105 zmie\u015bci si\u0119 w kieszeni lub torbie, co jest idealnym rozwi\u0105zaniem dla os\u00f3b cz\u0119sto podr\u00f3\u017cuj\u0105cych.<\/p>\n<p>Wykonany z trwa\u0142ych materia\u0142\u00f3w metalowych PC i miedzi, posiada certyfikaty CE\/FCC\/RoHS, co gwarantuje bezpiecze\u0144stwo i wydajno\u015b\u0107.<\/p>\n<p>Dystrybutorom i markom oferujemy r\u00f3wnie\u017c us\u0142ugi OEM\/ODM, umo\u017cliwiaj\u0105ce dostosowanie projekt\u00f3w, opakowa\u0144 i brandingu do potrzeb Twojej firmy.<\/p>\n<p>&nbsp;<\/p>","protected":false},"featured_media":9752,"comment_status":"open","ping_status":"closed","template":"","meta":{"rank_math_lock_modified_date":false,"site-sidebar-layout":"default","site-content-layout":"","ast-site-content-layout":"default","site-content-style":"default","site-sidebar-style":"default","ast-global-header-display":"","ast-banner-title-visibility":"","ast-main-header-display":"","ast-hfb-above-header-display":"","ast-hfb-below-header-display":"","ast-hfb-mobile-header-display":"","site-post-title":"","ast-breadcrumbs-content":"","ast-featured-img":"","footer-sml-layout":"","ast-disable-related-posts":"","theme-transparent-header-meta":"default","adv-header-id-meta":"","stick-header-meta":"","header-above-stick-meta":"","header-main-stick-meta":"","header-below-stick-meta":"","astra-migrate-meta-layouts":"set","ast-page-background-enabled":"default","ast-page-background-meta":{"desktop":{"background-color":"","background-image":"","background-repeat":"repeat","background-position":"center center","background-size":"auto","background-attachment":"scroll","background-type":"","background-media":"","overlay-type":"","overlay-color":"","overlay-opacity":"","overlay-gradient":""},"tablet":{"background-color":"","background-image":"","background-repeat":"repeat","background-position":"center center","background-size":"auto","background-attachment":"scroll","background-type":"","background-media":"","overlay-type":"","overlay-color":"","overlay-opacity":"","overlay-gradient":""},"mobile":{"background-color":"","background-image":"","background-repeat":"repeat","background-position":"center center","background-size":"auto","background-attachment":"scroll","background-type":"","background-media":"","overlay-type":"","overlay-color":"","overlay-opacity":"","overlay-gradient":""}},"ast-content-background-meta":{"desktop":{"background-color":"var(--ast-global-color-5)","background-image":"","background-repeat":"repeat","background-position":"center center","background-size":"auto","background-attachment":"scroll","background-type":"","background-media":"","overlay-type":"","overlay-color":"","overlay-opacity":"","overlay-gradient":""},"tablet":{"background-color":"var(--ast-global-color-5)","background-image":"","background-repeat":"repeat","background-position":"center center","background-size":"auto","background-attachment":"scroll","background-type":"","background-media":"","overlay-type":"","overlay-color":"","overlay-opacity":"","overlay-gradient":""},"mobile":{"background-color":"var(--ast-global-color-5)","background-image":"","background-repeat":"repeat","background-position":"center center","background-size":"auto","background-attachment":"scroll","background-type":"","background-media":"","overlay-type":"","overlay-color":"","overlay-opacity":"","overlay-gradient":""}}},"product_cat":[64],"product_tag":[],"class_list":{"0":"post-9750","1":"product","2":"type-product","3":"status-publish","4":"has-post-thumbnail","6":"product_cat-travel-adapter","7":"desktop-align-center","8":"tablet-align-center","9":"mobile-align-center","11":"first","12":"instock","13":"shipping-taxable","14":"product-type-simple"},"_links":{"self":[{"href":"https:\/\/imiapower.com\/pl\/wp-json\/wp\/v2\/product\/9750","targetHints":{"allow":["GET"]}}],"collection":[{"href":"https:\/\/imiapower.com\/pl\/wp-json\/wp\/v2\/product"}],"about":[{"href":"https:\/\/imiapower.com\/pl\/wp-json\/wp\/v2\/types\/product"}],"replies":[{"embeddable":true,"href":"https:\/\/imiapower.com\/pl\/wp-json\/wp\/v2\/comments?post=9750"}],"version-history":[{"count":1,"href":"https:\/\/imiapower.com\/pl\/wp-json\/wp\/v2\/product\/9750\/revisions"}],"predecessor-version":[{"id":9753,"href":"https:\/\/imiapower.com\/pl\/wp-json\/wp\/v2\/product\/9750\/revisions\/9753"}],"wp:featuredmedia":[{"embeddable":true,"href":"https:\/\/imiapower.com\/pl\/wp-json\/wp\/v2\/media\/9752"}],"wp:attachment":[{"href":"https:\/\/imiapower.com\/pl\/wp-json\/wp\/v2\/media?parent=9750"}],"wp:term":[{"taxonomy":"product_cat","embeddable":true,"href":"https:\/\/imiapower.com\/pl\/wp-json\/wp\/v2\/product_cat?post=9750"},{"taxonomy":"product_tag","embeddable":true,"href":"https:\/\/imiapower.com\/pl\/wp-json\/wp\/v2\/product_tag?post=9750"}],"curies":[{"name":"wp","href":"https:\/\/api.w.org\/{rel}","templated":true}]}}