{"id":9841,"date":"2026-01-05T08:57:43","date_gmt":"2026-01-05T08:57:43","guid":{"rendered":"https:\/\/imiapower.com\/?post_type=product&#038;p=9841"},"modified":"2026-01-05T08:58:24","modified_gmt":"2026-01-05T08:58:24","slug":"140w-macbook-charger-pd","status":"publish","type":"product","link":"https:\/\/imiapower.com\/pl\/products\/wall-charger\/140w-macbook-charger-pd\/","title":{"rendered":"Najnowsza \u0142adowarka MacBook 140 W do 16-calowego MacBooka Pro, iPada Pro, Samsunga S23, zgodna z QC4.0+"},"content":{"rendered":"<ul>\n<li><strong>\u0141adowarka MacBooka 140 W<\/strong><\/li>\n<li><strong>Wej\u015bcie:<\/strong>100-240VAC 50\/60HZ<\/li>\n<li><strong>Wyj\u015bcie:<\/strong>5,1 V 5 A 9 V 3 A 12 V 3 A 15 V 3 A 20 V 5 A 28 V 5 A<\/li>\n<li><strong>Wymiar:<\/strong>75*75*29MM<\/li>\n<li><strong>Projekt:<\/strong>roz\u0142\u00f3\u017c wtyczk\u0119 USA i wtyczk\u0119 UE<\/li>\n<li><strong>Kolor:<\/strong>Czarny<\/li>\n<li><strong>Certyfikat:<\/strong>UL FCC CE CB UKCA<\/li>\n<li><strong>Czas realizacji produkcji:<\/strong>30 dni<\/li>\n<li><strong>Gwarancja:<\/strong>2 lata<\/li>\n<\/ul>","protected":false},"excerpt":{"rendered":"<p><span class=\"citation-43\">Zapewnia ogromn\u0105 ci\u0105g\u0142\u0105 moc wyj\u015bciow\u0105 140 W<\/span>. <span class=\"citation-42\">Obs\u0142uguje najnowszy profil napi\u0119cia 28 V\/5 A wymagany do szybkiego \u0142adowania 16-calowego MacBooka Pro w po\u0142\u0105czeniu z kablem E-Marker o mocy 140 W<\/span>.<\/p>\n<p><span class=\"citation-41\">Uniwersalne szybkie \u0142adowanie:<\/span><span class=\"citation-41\"> Nie tylko <\/span><span class=\"citation-41\">\u0141adowarka MacBooka 140 W<\/span><span class=\"citation-41\">; charakteryzuje si\u0119 szerok\u0105 kompatybilno\u015bci\u0105 protoko\u0142\u00f3w, w tym PD3.1, PPS, QC4+, QC3.0, Samsung AFC, Huawei SCP\/FCP i MTK PE-2.0<\/span>.<\/p>\n<p>Inteligentna regulacja mocy: Wbudowany uk\u0142ad AVS (regulowanego napi\u0119cia zasilania) automatycznie rozpoznaje urz\u0105dzenie i dostosowuje moc wyj\u015bciow\u0105. <span class=\"citation-40\">W trybie PPS precyzyjnie dostraja napi\u0119cie w krokach co 20 mV (5,02 V\u201321 V) w celu uzyskania optymalnej wydajno\u015bci \u0142adowania<\/span>.<\/p>\n<p><span class=\"citation-39\">Kompleksowe bezpiecze\u0144stwo:<\/span><span class=\"citation-39\"> Zaprojektowany w trwa\u0142ej obudowie PC (klasa UL94 V-0)<\/span>. <span class=\"citation-38\">Posiada wiele system\u00f3w zabezpieczaj\u0105cych, w tym zabezpieczenie przed przepi\u0119ciem (maks. 180 W) i zabezpieczenie przed zwarciem z automatycznym odzyskiwaniem<\/span>.<\/p>\n<p><span class=\"citation-37\">Globalna zgodno\u015b\u0107:<\/span><span class=\"citation-37\"> Obs\u0142uguje wej\u015bcie AC 100-240 V 50\/60 Hz<\/span>, co czyni go idealnym towarzyszem podr\u00f3\u017cy. <span class=\"citation-36\">Kompaktowa konstrukcja do monta\u017cu na \u015bcianie z \u0142atwo\u015bci\u0105 mie\u015bci si\u0119 w torbach, zapewniaj\u0105c zasilanie w podr\u00f3\u017cy<\/span>.<\/p>","protected":false},"featured_media":9844,"comment_status":"open","ping_status":"closed","template":"","meta":{"rank_math_lock_modified_date":false,"site-sidebar-layout":"default","site-content-layout":"","ast-site-content-layout":"default","site-content-style":"default","site-sidebar-style":"default","ast-global-header-display":"","ast-banner-title-visibility":"","ast-main-header-display":"","ast-hfb-above-header-display":"","ast-hfb-below-header-display":"","ast-hfb-mobile-header-display":"","site-post-title":"","ast-breadcrumbs-content":"","ast-featured-img":"","footer-sml-layout":"","ast-disable-related-posts":"","theme-transparent-header-meta":"default","adv-header-id-meta":"","stick-header-meta":"","header-above-stick-meta":"","header-main-stick-meta":"","header-below-stick-meta":"","astra-migrate-meta-layouts":"set","ast-page-background-enabled":"default","ast-page-background-meta":{"desktop":{"background-color":"","background-image":"","background-repeat":"repeat","background-position":"center center","background-size":"auto","background-attachment":"scroll","background-type":"","background-media":"","overlay-type":"","overlay-color":"","overlay-opacity":"","overlay-gradient":""},"tablet":{"background-color":"","background-image":"","background-repeat":"repeat","background-position":"center center","background-size":"auto","background-attachment":"scroll","background-type":"","background-media":"","overlay-type":"","overlay-color":"","overlay-opacity":"","overlay-gradient":""},"mobile":{"background-color":"","background-image":"","background-repeat":"repeat","background-position":"center center","background-size":"auto","background-attachment":"scroll","background-type":"","background-media":"","overlay-type":"","overlay-color":"","overlay-opacity":"","overlay-gradient":""}},"ast-content-background-meta":{"desktop":{"background-color":"var(--ast-global-color-5)","background-image":"","background-repeat":"repeat","background-position":"center center","background-size":"auto","background-attachment":"scroll","background-type":"","background-media":"","overlay-type":"","overlay-color":"","overlay-opacity":"","overlay-gradient":""},"tablet":{"background-color":"var(--ast-global-color-5)","background-image":"","background-repeat":"repeat","background-position":"center center","background-size":"auto","background-attachment":"scroll","background-type":"","background-media":"","overlay-type":"","overlay-color":"","overlay-opacity":"","overlay-gradient":""},"mobile":{"background-color":"var(--ast-global-color-5)","background-image":"","background-repeat":"repeat","background-position":"center center","background-size":"auto","background-attachment":"scroll","background-type":"","background-media":"","overlay-type":"","overlay-color":"","overlay-opacity":"","overlay-gradient":""}}},"product_cat":[43],"product_tag":[],"class_list":{"0":"post-9841","1":"product","2":"type-product","3":"status-publish","4":"has-post-thumbnail","6":"product_cat-wall-charger","7":"desktop-align-center","8":"tablet-align-center","9":"mobile-align-center","11":"first","12":"instock","13":"shipping-taxable","14":"product-type-simple"},"_links":{"self":[{"href":"https:\/\/imiapower.com\/pl\/wp-json\/wp\/v2\/product\/9841","targetHints":{"allow":["GET"]}}],"collection":[{"href":"https:\/\/imiapower.com\/pl\/wp-json\/wp\/v2\/product"}],"about":[{"href":"https:\/\/imiapower.com\/pl\/wp-json\/wp\/v2\/types\/product"}],"replies":[{"embeddable":true,"href":"https:\/\/imiapower.com\/pl\/wp-json\/wp\/v2\/comments?post=9841"}],"version-history":[{"count":1,"href":"https:\/\/imiapower.com\/pl\/wp-json\/wp\/v2\/product\/9841\/revisions"}],"predecessor-version":[{"id":9845,"href":"https:\/\/imiapower.com\/pl\/wp-json\/wp\/v2\/product\/9841\/revisions\/9845"}],"wp:featuredmedia":[{"embeddable":true,"href":"https:\/\/imiapower.com\/pl\/wp-json\/wp\/v2\/media\/9844"}],"wp:attachment":[{"href":"https:\/\/imiapower.com\/pl\/wp-json\/wp\/v2\/media?parent=9841"}],"wp:term":[{"taxonomy":"product_cat","embeddable":true,"href":"https:\/\/imiapower.com\/pl\/wp-json\/wp\/v2\/product_cat?post=9841"},{"taxonomy":"product_tag","embeddable":true,"href":"https:\/\/imiapower.com\/pl\/wp-json\/wp\/v2\/product_tag?post=9841"}],"curies":[{"name":"wp","href":"https:\/\/api.w.org\/{rel}","templated":true}]}}