{"id":9862,"date":"2026-01-06T08:19:21","date_gmt":"2026-01-06T08:19:21","guid":{"rendered":"https:\/\/imiapower.com\/?post_type=product&#038;p=9862"},"modified":"2026-01-09T01:54:43","modified_gmt":"2026-01-09T01:54:43","slug":"weldless-18650-battery-bank","status":"publish","type":"product","link":"https:\/\/imiapower.com\/pl\/products\/battery-bank\/weldless-18650-battery-bank\/","title":{"rendered":"Zestaw banku akumulator\u00f3w bez spawania \u2013 wytrzyma\u0142y, naprawialny i szybko \u0142aduj\u0105cy"},"content":{"rendered":"<ul>\n<li><strong>bank baterii<\/strong><\/li>\n<li><strong>Wyj\u015bcie:<\/strong>1x USB-C + 2x USB-A (5 V, 9 V, 12 V do 18 W)<\/li>\n<li><strong>Materia\u0142:<\/strong>Wytrzyma\u0142a obudowa drukowana w technologii 3D + elastyczne \u015bruby TPU 95A<\/li>\n<li><strong>Wymiary:<\/strong>Ultrakompaktowy<\/li>\n<li><strong>Szybkie \u0142adowanie:<\/strong>18W dwukierunkowy<\/li>\n<\/ul>","protected":false},"excerpt":{"rendered":"<p>Zbuduj w\u0142asny, niezawodny bank akumulator\u00f3w bez u\u017cycia spawarki punktowej.<\/p>\n<p>Ten innowacyjny zestaw do samodzielnego monta\u017cu charakteryzuje si\u0119 wytrzyma\u0142\u0105, modu\u0142ow\u0105 konstrukcj\u0105 i wykorzystuje dwukierunkow\u0105 technologi\u0119 szybkiego \u0142adowania 18 W zgodn\u0105 ze standardem IP5328P.<\/p>\n<p>Wykorzystuje unikalne, elastyczne \u015bruby TPU, aby zapewni\u0107 bezpieczne, oparte na nacisku po\u0142\u0105czenia dla ogniw 18650 lub 21700. Posiada 3 porty (USB-C i USB-A) i \u0142atw\u0105 w obs\u0142udze konstrukcj\u0119.<\/p>\n<p>To najlepsze rozwi\u0105zanie zasilaj\u0105ce dla tw\u00f3rc\u00f3w i entuzjast\u00f3w technologii<\/p>","protected":false},"featured_media":9871,"comment_status":"open","ping_status":"closed","template":"","meta":{"rank_math_lock_modified_date":false,"site-sidebar-layout":"default","site-content-layout":"","ast-site-content-layout":"default","site-content-style":"default","site-sidebar-style":"default","ast-global-header-display":"","ast-banner-title-visibility":"","ast-main-header-display":"","ast-hfb-above-header-display":"","ast-hfb-below-header-display":"","ast-hfb-mobile-header-display":"","site-post-title":"","ast-breadcrumbs-content":"","ast-featured-img":"","footer-sml-layout":"","ast-disable-related-posts":"","theme-transparent-header-meta":"default","adv-header-id-meta":"","stick-header-meta":"","header-above-stick-meta":"","header-main-stick-meta":"","header-below-stick-meta":"","astra-migrate-meta-layouts":"set","ast-page-background-enabled":"default","ast-page-background-meta":{"desktop":{"background-color":"","background-image":"","background-repeat":"repeat","background-position":"center center","background-size":"auto","background-attachment":"scroll","background-type":"","background-media":"","overlay-type":"","overlay-color":"","overlay-opacity":"","overlay-gradient":""},"tablet":{"background-color":"","background-image":"","background-repeat":"repeat","background-position":"center center","background-size":"auto","background-attachment":"scroll","background-type":"","background-media":"","overlay-type":"","overlay-color":"","overlay-opacity":"","overlay-gradient":""},"mobile":{"background-color":"","background-image":"","background-repeat":"repeat","background-position":"center center","background-size":"auto","background-attachment":"scroll","background-type":"","background-media":"","overlay-type":"","overlay-color":"","overlay-opacity":"","overlay-gradient":""}},"ast-content-background-meta":{"desktop":{"background-color":"var(--ast-global-color-5)","background-image":"","background-repeat":"repeat","background-position":"center center","background-size":"auto","background-attachment":"scroll","background-type":"","background-media":"","overlay-type":"","overlay-color":"","overlay-opacity":"","overlay-gradient":""},"tablet":{"background-color":"var(--ast-global-color-5)","background-image":"","background-repeat":"repeat","background-position":"center center","background-size":"auto","background-attachment":"scroll","background-type":"","background-media":"","overlay-type":"","overlay-color":"","overlay-opacity":"","overlay-gradient":""},"mobile":{"background-color":"var(--ast-global-color-5)","background-image":"","background-repeat":"repeat","background-position":"center center","background-size":"auto","background-attachment":"scroll","background-type":"","background-media":"","overlay-type":"","overlay-color":"","overlay-opacity":"","overlay-gradient":""}}},"product_cat":[364],"product_tag":[],"class_list":{"0":"post-9862","1":"product","2":"type-product","3":"status-publish","4":"has-post-thumbnail","6":"product_cat-battery-bank","7":"desktop-align-center","8":"tablet-align-center","9":"mobile-align-center","11":"first","12":"instock","13":"shipping-taxable","14":"product-type-simple"},"_links":{"self":[{"href":"https:\/\/imiapower.com\/pl\/wp-json\/wp\/v2\/product\/9862","targetHints":{"allow":["GET"]}}],"collection":[{"href":"https:\/\/imiapower.com\/pl\/wp-json\/wp\/v2\/product"}],"about":[{"href":"https:\/\/imiapower.com\/pl\/wp-json\/wp\/v2\/types\/product"}],"replies":[{"embeddable":true,"href":"https:\/\/imiapower.com\/pl\/wp-json\/wp\/v2\/comments?post=9862"}],"version-history":[{"count":5,"href":"https:\/\/imiapower.com\/pl\/wp-json\/wp\/v2\/product\/9862\/revisions"}],"predecessor-version":[{"id":9869,"href":"https:\/\/imiapower.com\/pl\/wp-json\/wp\/v2\/product\/9862\/revisions\/9869"}],"wp:featuredmedia":[{"embeddable":true,"href":"https:\/\/imiapower.com\/pl\/wp-json\/wp\/v2\/media\/9871"}],"wp:attachment":[{"href":"https:\/\/imiapower.com\/pl\/wp-json\/wp\/v2\/media?parent=9862"}],"wp:term":[{"taxonomy":"product_cat","embeddable":true,"href":"https:\/\/imiapower.com\/pl\/wp-json\/wp\/v2\/product_cat?post=9862"},{"taxonomy":"product_tag","embeddable":true,"href":"https:\/\/imiapower.com\/pl\/wp-json\/wp\/v2\/product_tag?post=9862"}],"curies":[{"name":"wp","href":"https:\/\/api.w.org\/{rel}","templated":true}]}}