{"id":9885,"date":"2026-01-23T02:04:30","date_gmt":"2026-01-23T02:04:30","guid":{"rendered":"https:\/\/imiapower.com\/?post_type=product&#038;p=9885"},"modified":"2026-01-23T02:04:30","modified_gmt":"2026-01-23T02:04:30","slug":"worldwide-travel-charger","status":"publish","type":"product","link":"https:\/\/imiapower.com\/pl\/products\/travel-adapter\/worldwide-travel-charger\/","title":{"rendered":"Uniwersalny adapter do \u0142adowarki podr\u00f3\u017cnej na ca\u0142y \u015bwiat | Wtyczka mi\u0119dzynarodowa typu \u201ewszystko w jednym\u201d (USA\/UE\/Wielka Brytania\/Australia)"},"content":{"rendered":"<ul>\n<li><strong>\u0141adowarka podr\u00f3\u017cna na ca\u0142y \u015bwiat<\/strong><\/li>\n<li><strong>Napi\u0119cie wej\u015bciowe:<\/strong> 100 ~ 250 V, 50\/60 Hz<\/li>\n<li><strong>Moc znamionowa:<\/strong> Maks. 10 A (1000 W\/100 V, 2500 W\/250 V)<\/li>\n<li><strong>Masa brutto:<\/strong> 150g<\/li>\n<li><strong>Stosowanie:<\/strong> Do u\u017cytku wewn\u0105trz<\/li>\n<li><strong>Grunt:<\/strong> Brak uziemienia<\/li>\n<\/ul>\n<p>&nbsp;<\/p>","protected":false},"excerpt":{"rendered":"<p data-path-to-node=\"3\">Miniaturowy rozmiar, globalny zasi\u0119g: najlepsza \u0142adowarka podr\u00f3\u017cna na ca\u0142y \u015bwiat. Podr\u00f3\u017cuj l\u017cej i sprawniej. Ta miniaturowa \u0142adowarka podr\u00f3\u017cna zapewnia \u0142\u0105czno\u015b\u0107 na ca\u0142ym \u015bwiecie w ultrakompaktowej obudowie, oszcz\u0119dzaj\u0105c cenne miejsce w baga\u017cu bez uszczerbku dla bezpiecze\u0144stwa.<\/p>\n<ul data-path-to-node=\"4\">\n<li>\n<p data-path-to-node=\"4,0,0\">\ud83d\udccf <strong>Ultraminiaturowa konstrukcja: <\/strong>Nie pozw\u00f3l, by niepor\u0119czne adaptery Ci\u0119 przyt\u0142oczy\u0142y. Nasza minikostka z \u0142atwo\u015bci\u0105 zmie\u015bci si\u0119 w kieszeni lub torebce, dzi\u0119ki czemu jest idealnym, minimalistycznym towarzyszem podr\u00f3\u017cy.<\/p>\n<\/li>\n<li>\n<p data-path-to-node=\"4,1,0\">\u26a1 <strong>Rozwi\u0105zanie w zakresie \u0142adowarek podr\u00f3\u017cnych na ca\u0142ym \u015bwiecie:<\/strong> Pomimo niewielkich rozmiar\u00f3w, zasi\u0119g urz\u0105dzenia obejmuje ponad 150 kraj\u00f3w i oferuje chowane wtyczki do gniazdek w USA, Wielkiej Brytanii, UE i Australii.<\/p>\n<\/li>\n<li>\n<p data-path-to-node=\"4,2,0\">\ud83d\udee1\ufe0f <strong>Certyfikat bezpiecze\u0144stwa:<\/strong> Ma\u0142y, ale pot\u0119\u017cny. Spe\u0142nia rygorystyczne normy bezpiecze\u0144stwa (przetestowany zgodnie z norm\u0105 UL 62368-1:2025) i ma wbudowane rolety, kt\u00f3re zapewniaj\u0105 bezpiecze\u0144stwo.<\/p>\n<\/li>\n<li>\n<p data-path-to-node=\"4,3,0\">\ud83d\udd0c <strong>Uniwersalna kompatybilno\u015b\u0107:<\/strong> Miniaturowa obudowa wyposa\u017cona jest w uniwersalne gniazdo, kt\u00f3re umo\u017cliwia bezpieczne pod\u0142\u0105czenie wtyczek niemal z ka\u017cdego miejsca na \u015bwiecie.<\/p>\n<\/li>\n<\/ul>","protected":false},"featured_media":9888,"comment_status":"open","ping_status":"closed","template":"","meta":{"rank_math_lock_modified_date":false,"site-sidebar-layout":"default","site-content-layout":"","ast-site-content-layout":"default","site-content-style":"default","site-sidebar-style":"default","ast-global-header-display":"","ast-banner-title-visibility":"","ast-main-header-display":"","ast-hfb-above-header-display":"","ast-hfb-below-header-display":"","ast-hfb-mobile-header-display":"","site-post-title":"","ast-breadcrumbs-content":"","ast-featured-img":"","footer-sml-layout":"","ast-disable-related-posts":"","theme-transparent-header-meta":"default","adv-header-id-meta":"","stick-header-meta":"","header-above-stick-meta":"","header-main-stick-meta":"","header-below-stick-meta":"","astra-migrate-meta-layouts":"set","ast-page-background-enabled":"default","ast-page-background-meta":{"desktop":{"background-color":"","background-image":"","background-repeat":"repeat","background-position":"center center","background-size":"auto","background-attachment":"scroll","background-type":"","background-media":"","overlay-type":"","overlay-color":"","overlay-opacity":"","overlay-gradient":""},"tablet":{"background-color":"","background-image":"","background-repeat":"repeat","background-position":"center center","background-size":"auto","background-attachment":"scroll","background-type":"","background-media":"","overlay-type":"","overlay-color":"","overlay-opacity":"","overlay-gradient":""},"mobile":{"background-color":"","background-image":"","background-repeat":"repeat","background-position":"center center","background-size":"auto","background-attachment":"scroll","background-type":"","background-media":"","overlay-type":"","overlay-color":"","overlay-opacity":"","overlay-gradient":""}},"ast-content-background-meta":{"desktop":{"background-color":"var(--ast-global-color-5)","background-image":"","background-repeat":"repeat","background-position":"center center","background-size":"auto","background-attachment":"scroll","background-type":"","background-media":"","overlay-type":"","overlay-color":"","overlay-opacity":"","overlay-gradient":""},"tablet":{"background-color":"var(--ast-global-color-5)","background-image":"","background-repeat":"repeat","background-position":"center center","background-size":"auto","background-attachment":"scroll","background-type":"","background-media":"","overlay-type":"","overlay-color":"","overlay-opacity":"","overlay-gradient":""},"mobile":{"background-color":"var(--ast-global-color-5)","background-image":"","background-repeat":"repeat","background-position":"center center","background-size":"auto","background-attachment":"scroll","background-type":"","background-media":"","overlay-type":"","overlay-color":"","overlay-opacity":"","overlay-gradient":""}}},"product_cat":[64],"product_tag":[],"class_list":{"0":"post-9885","1":"product","2":"type-product","3":"status-publish","4":"has-post-thumbnail","6":"product_cat-travel-adapter","7":"desktop-align-center","8":"tablet-align-center","9":"mobile-align-center","11":"first","12":"instock","13":"shipping-taxable","14":"product-type-simple"},"_links":{"self":[{"href":"https:\/\/imiapower.com\/pl\/wp-json\/wp\/v2\/product\/9885","targetHints":{"allow":["GET"]}}],"collection":[{"href":"https:\/\/imiapower.com\/pl\/wp-json\/wp\/v2\/product"}],"about":[{"href":"https:\/\/imiapower.com\/pl\/wp-json\/wp\/v2\/types\/product"}],"replies":[{"embeddable":true,"href":"https:\/\/imiapower.com\/pl\/wp-json\/wp\/v2\/comments?post=9885"}],"version-history":[{"count":3,"href":"https:\/\/imiapower.com\/pl\/wp-json\/wp\/v2\/product\/9885\/revisions"}],"predecessor-version":[{"id":9891,"href":"https:\/\/imiapower.com\/pl\/wp-json\/wp\/v2\/product\/9885\/revisions\/9891"}],"wp:featuredmedia":[{"embeddable":true,"href":"https:\/\/imiapower.com\/pl\/wp-json\/wp\/v2\/media\/9888"}],"wp:attachment":[{"href":"https:\/\/imiapower.com\/pl\/wp-json\/wp\/v2\/media?parent=9885"}],"wp:term":[{"taxonomy":"product_cat","embeddable":true,"href":"https:\/\/imiapower.com\/pl\/wp-json\/wp\/v2\/product_cat?post=9885"},{"taxonomy":"product_tag","embeddable":true,"href":"https:\/\/imiapower.com\/pl\/wp-json\/wp\/v2\/product_tag?post=9885"}],"curies":[{"name":"wp","href":"https:\/\/api.w.org\/{rel}","templated":true}]}}