{"id":9969,"date":"2026-02-05T09:19:40","date_gmt":"2026-02-05T09:19:40","guid":{"rendered":"https:\/\/imiapower.com\/?post_type=product&#038;p=9969"},"modified":"2026-02-05T09:19:40","modified_gmt":"2026-02-05T09:19:40","slug":"10w-qi-wireless-charger","status":"publish","type":"product","link":"https:\/\/imiapower.com\/pl\/products\/wireless-charger\/10w-qi-wireless-charger\/","title":{"rendered":"\u0141adowarka bezprzewodowa Qi z lampk\u0105 nocn\u0105, podk\u0142adka do szybkiego \u0142adowania 10 W dla iPhone&#039;a i Androida"},"content":{"rendered":"<ul>\n<li><strong>\u0141adowarka bezprzewodowa Qi<\/strong><\/li>\n<li><strong>Wej\u015bcie:<\/strong> Micro-USB 5V\/3A 9V\/2A<\/li>\n<li><strong>Wyj\u015bcie:<\/strong> 5W 7,5W 10W<\/li>\n<li><strong>Rozmiar:<\/strong> 95,3*95,3*16,9 mm<\/li>\n<li><strong>Waga:<\/strong> 98g<\/li>\n<li><strong>Prowadzony:<\/strong> niebieskie \u015bwiat\u0142o LED \u015bwieci przez 5 sekund<\/li>\n<\/ul>","protected":false},"excerpt":{"rendered":"<p data-path-to-node=\"14,0,0\"><b data-path-to-node=\"14,0,0\" data-index-in-node=\"0\">Projekt 2 w 1:<\/b> Idealne po\u0142\u0105czenie \u0142adowarki bezprzewodowej Qi 10 W i uspokajaj\u0105cej lampki nocnej LED.<\/p>\n<p data-path-to-node=\"14,1,0\"><b data-path-to-node=\"14,1,0\" data-index-in-node=\"0\">Uniwersalna kompatybilno\u015b\u0107:<\/b> Dzia\u0142a doskonale ze wszystkimi smartfonami obs\u0142uguj\u0105cymi technologi\u0119 Qi, w tym seriami iPhone 8-15, Samsung Galaxy i innymi.<\/p>\n<p data-path-to-node=\"14,2,0\"><b data-path-to-node=\"14,2,0\" data-index-in-node=\"0\">Inteligentne szybkie \u0142adowanie:<\/b> Wbudowany inteligentny uk\u0142ad automatycznie dostosowuje moc (5 W\/7,5 W\/10 W), aby chroni\u0107 bateri\u0119 Twojego urz\u0105dzenia.<\/p>\n<p data-path-to-node=\"14,3,0\"><b data-path-to-node=\"14,3,0\" data-index-in-node=\"0\">Elegancki i bezpieczny:<\/b> Wyko\u0144czenie najwy\u017cszej jako\u015bci metaliczne z detekcj\u0105 cia\u0142 obcych (FOD) i kontrol\u0105 temperatury dla bezpiecznego \u0142adowania 100%.<\/p>","protected":false},"featured_media":9972,"comment_status":"open","ping_status":"closed","template":"","meta":{"rank_math_lock_modified_date":false,"site-sidebar-layout":"default","site-content-layout":"","ast-site-content-layout":"default","site-content-style":"default","site-sidebar-style":"default","ast-global-header-display":"","ast-banner-title-visibility":"","ast-main-header-display":"","ast-hfb-above-header-display":"","ast-hfb-below-header-display":"","ast-hfb-mobile-header-display":"","site-post-title":"","ast-breadcrumbs-content":"","ast-featured-img":"","footer-sml-layout":"","ast-disable-related-posts":"","theme-transparent-header-meta":"default","adv-header-id-meta":"","stick-header-meta":"","header-above-stick-meta":"","header-main-stick-meta":"","header-below-stick-meta":"","astra-migrate-meta-layouts":"set","ast-page-background-enabled":"default","ast-page-background-meta":{"desktop":{"background-color":"","background-image":"","background-repeat":"repeat","background-position":"center center","background-size":"auto","background-attachment":"scroll","background-type":"","background-media":"","overlay-type":"","overlay-color":"","overlay-opacity":"","overlay-gradient":""},"tablet":{"background-color":"","background-image":"","background-repeat":"repeat","background-position":"center center","background-size":"auto","background-attachment":"scroll","background-type":"","background-media":"","overlay-type":"","overlay-color":"","overlay-opacity":"","overlay-gradient":""},"mobile":{"background-color":"","background-image":"","background-repeat":"repeat","background-position":"center center","background-size":"auto","background-attachment":"scroll","background-type":"","background-media":"","overlay-type":"","overlay-color":"","overlay-opacity":"","overlay-gradient":""}},"ast-content-background-meta":{"desktop":{"background-color":"var(--ast-global-color-5)","background-image":"","background-repeat":"repeat","background-position":"center center","background-size":"auto","background-attachment":"scroll","background-type":"","background-media":"","overlay-type":"","overlay-color":"","overlay-opacity":"","overlay-gradient":""},"tablet":{"background-color":"var(--ast-global-color-5)","background-image":"","background-repeat":"repeat","background-position":"center center","background-size":"auto","background-attachment":"scroll","background-type":"","background-media":"","overlay-type":"","overlay-color":"","overlay-opacity":"","overlay-gradient":""},"mobile":{"background-color":"var(--ast-global-color-5)","background-image":"","background-repeat":"repeat","background-position":"center center","background-size":"auto","background-attachment":"scroll","background-type":"","background-media":"","overlay-type":"","overlay-color":"","overlay-opacity":"","overlay-gradient":""}}},"product_cat":[365],"product_tag":[],"class_list":{"0":"post-9969","1":"product","2":"type-product","3":"status-publish","4":"has-post-thumbnail","6":"product_cat-wireless-charger","7":"desktop-align-center","8":"tablet-align-center","9":"mobile-align-center","11":"first","12":"instock","13":"shipping-taxable","14":"product-type-simple"},"_links":{"self":[{"href":"https:\/\/imiapower.com\/pl\/wp-json\/wp\/v2\/product\/9969","targetHints":{"allow":["GET"]}}],"collection":[{"href":"https:\/\/imiapower.com\/pl\/wp-json\/wp\/v2\/product"}],"about":[{"href":"https:\/\/imiapower.com\/pl\/wp-json\/wp\/v2\/types\/product"}],"replies":[{"embeddable":true,"href":"https:\/\/imiapower.com\/pl\/wp-json\/wp\/v2\/comments?post=9969"}],"version-history":[{"count":1,"href":"https:\/\/imiapower.com\/pl\/wp-json\/wp\/v2\/product\/9969\/revisions"}],"predecessor-version":[{"id":9973,"href":"https:\/\/imiapower.com\/pl\/wp-json\/wp\/v2\/product\/9969\/revisions\/9973"}],"wp:featuredmedia":[{"embeddable":true,"href":"https:\/\/imiapower.com\/pl\/wp-json\/wp\/v2\/media\/9972"}],"wp:attachment":[{"href":"https:\/\/imiapower.com\/pl\/wp-json\/wp\/v2\/media?parent=9969"}],"wp:term":[{"taxonomy":"product_cat","embeddable":true,"href":"https:\/\/imiapower.com\/pl\/wp-json\/wp\/v2\/product_cat?post=9969"},{"taxonomy":"product_tag","embeddable":true,"href":"https:\/\/imiapower.com\/pl\/wp-json\/wp\/v2\/product_tag?post=9969"}],"curies":[{"name":"wp","href":"https:\/\/api.w.org\/{rel}","templated":true}]}}