{"id":4652,"date":"2023-03-04T00:24:05","date_gmt":"2023-03-04T00:24:05","guid":{"rendered":"https:\/\/imia.com.cn\/?post_type=product&#038;p=4652"},"modified":"2024-08-16T13:06:51","modified_gmt":"2024-08-16T13:06:51","slug":"20w-pd-wall-charger","status":"publish","type":"product","link":"https:\/\/imiapower.com\/pt_pt\/products\/wall-charger\/20w-pd-wall-charger\/","title":{"rendered":"Fabricante popular de carregador de parede PD de 20 W"},"content":{"rendered":"<ul>\n<li><strong>carregador de parede 20w PD<\/strong><\/li>\n<li><strong>Sa\u00edda:<\/strong>5V2A 10W m\u00e1x.<\/li>\n<li><strong>Tens\u00e3o de entrada:<\/strong>100-240 V<\/li>\n<li><strong>Frequ\u00eancia de entrada:<\/strong>50\/60Hz<\/li>\n<li><strong>Classe Energ\u00e9tica: <\/strong>VI<\/li>\n<li><strong>Certifica\u00e7\u00e3o de seguran\u00e7a:<\/strong>EN62368: FCC\/CE\/SAA\/CCC<\/li>\n<li><strong>Tamanho dos EUA\/CN\/JP:<\/strong>60*26*40mm<\/li>\n<li><strong>Tamanho UE\/KR:<\/strong>80*27*40mm<\/li>\n<li><strong>Tamanho do Reino Unido:<\/strong>75*27*39,5mm<\/li>\n<\/ul>","protected":false},"excerpt":{"rendered":"<p>Embora os carregadores PD recentemente desenvolvidos no mercado sejam de at\u00e9 140 W e 200 W, um carregador de parede PD de 20 W tamb\u00e9m \u00e9 um dispositivo de carregamento muito comum e popular, e pode atender aos requisitos de carregamento r\u00e1pido do mercado de telefones.<\/p>\n<p>Algumas marcas populares selecionaram este carregador PD de 20w, este carregador pode ser adicionado em um design de caixa como capa, e muitos jovens gostam, porque foi escolhido por uma marca popular, ent\u00e3o a qualidade \u00e9 garantida, fornecemos amostras gr\u00e1tis para testar, tamb\u00e9m suporta baixo MOQ<\/p>\n<p>20 watts para carregar rapidamente seus smartphones, tablets e outros dispositivos alimentados por USB.<\/p>\n<p>Velocidades de carregamento at\u00e9 50% mais r\u00e1pidas com tecnologias avan\u00e7adas USB Power Delivery (PD) e Qualcomm Quick Charge.<\/p>\n<p>&nbsp;<\/p>","protected":false},"featured_media":4584,"comment_status":"closed","ping_status":"closed","template":"","meta":{"rank_math_lock_modified_date":false,"site-sidebar-layout":"default","site-content-layout":"default","ast-site-content-layout":"default","site-content-style":"default","site-sidebar-style":"default","ast-global-header-display":"","ast-banner-title-visibility":"","ast-main-header-display":"","ast-hfb-above-header-display":"","ast-hfb-below-header-display":"","ast-hfb-mobile-header-display":"","site-post-title":"","ast-breadcrumbs-content":"","ast-featured-img":"","footer-sml-layout":"","ast-disable-related-posts":"","theme-transparent-header-meta":"default","adv-header-id-meta":"","stick-header-meta":"","header-above-stick-meta":"","header-main-stick-meta":"","header-below-stick-meta":"","astra-migrate-meta-layouts":"set","ast-page-background-enabled":"default","ast-page-background-meta":{"desktop":{"background-color":"","background-image":"","background-repeat":"repeat","background-position":"center center","background-size":"auto","background-attachment":"scroll","background-type":"","background-media":"","overlay-type":"","overlay-color":"","overlay-opacity":"","overlay-gradient":""},"tablet":{"background-color":"","background-image":"","background-repeat":"repeat","background-position":"center center","background-size":"auto","background-attachment":"scroll","background-type":"","background-media":"","overlay-type":"","overlay-color":"","overlay-opacity":"","overlay-gradient":""},"mobile":{"background-color":"","background-image":"","background-repeat":"repeat","background-position":"center center","background-size":"auto","background-attachment":"scroll","background-type":"","background-media":"","overlay-type":"","overlay-color":"","overlay-opacity":"","overlay-gradient":""}},"ast-content-background-meta":{"desktop":{"background-color":"var(--ast-global-color-5)","background-image":"","background-repeat":"repeat","background-position":"center center","background-size":"auto","background-attachment":"scroll","background-type":"","background-media":"","overlay-type":"","overlay-color":"","overlay-opacity":"","overlay-gradient":""},"tablet":{"background-color":"var(--ast-global-color-5)","background-image":"","background-repeat":"repeat","background-position":"center center","background-size":"auto","background-attachment":"scroll","background-type":"","background-media":"","overlay-type":"","overlay-color":"","overlay-opacity":"","overlay-gradient":""},"mobile":{"background-color":"var(--ast-global-color-5)","background-image":"","background-repeat":"repeat","background-position":"center center","background-size":"auto","background-attachment":"scroll","background-type":"","background-media":"","overlay-type":"","overlay-color":"","overlay-opacity":"","overlay-gradient":""}}},"product_cat":[43],"product_tag":[],"class_list":{"0":"post-4652","1":"product","2":"type-product","3":"status-publish","4":"has-post-thumbnail","6":"product_cat-wall-charger","7":"desktop-align-center","8":"tablet-align-center","9":"mobile-align-center","11":"first","12":"instock","13":"shipping-taxable","14":"purchasable","15":"product-type-simple"},"_links":{"self":[{"href":"https:\/\/imiapower.com\/pt_pt\/wp-json\/wp\/v2\/product\/4652","targetHints":{"allow":["GET"]}}],"collection":[{"href":"https:\/\/imiapower.com\/pt_pt\/wp-json\/wp\/v2\/product"}],"about":[{"href":"https:\/\/imiapower.com\/pt_pt\/wp-json\/wp\/v2\/types\/product"}],"replies":[{"embeddable":true,"href":"https:\/\/imiapower.com\/pt_pt\/wp-json\/wp\/v2\/comments?post=4652"}],"version-history":[{"count":4,"href":"https:\/\/imiapower.com\/pt_pt\/wp-json\/wp\/v2\/product\/4652\/revisions"}],"predecessor-version":[{"id":8288,"href":"https:\/\/imiapower.com\/pt_pt\/wp-json\/wp\/v2\/product\/4652\/revisions\/8288"}],"wp:featuredmedia":[{"embeddable":true,"href":"https:\/\/imiapower.com\/pt_pt\/wp-json\/wp\/v2\/media\/4584"}],"wp:attachment":[{"href":"https:\/\/imiapower.com\/pt_pt\/wp-json\/wp\/v2\/media?parent=4652"}],"wp:term":[{"taxonomy":"product_cat","embeddable":true,"href":"https:\/\/imiapower.com\/pt_pt\/wp-json\/wp\/v2\/product_cat?post=4652"},{"taxonomy":"product_tag","embeddable":true,"href":"https:\/\/imiapower.com\/pt_pt\/wp-json\/wp\/v2\/product_tag?post=4652"}],"curies":[{"name":"wp","href":"https:\/\/api.w.org\/{rel}","templated":true}]}}