{"id":4653,"date":"2023-03-04T00:24:05","date_gmt":"2023-03-04T00:24:05","guid":{"rendered":"https:\/\/imia.com.cn\/?post_type=product&#038;p=4653"},"modified":"2024-11-30T09:16:54","modified_gmt":"2024-11-30T09:16:54","slug":"usb-charger-with-display","status":"publish","type":"product","link":"https:\/\/imiapower.com\/pt_pt\/products\/wall-charger\/usb-charger-with-display\/","title":{"rendered":"lindo carregador usb com display 12 v"},"content":{"rendered":"<ul>\n<li><strong>Carregador USB com display<\/strong><\/li>\n<li><strong>Sa\u00edda<\/strong>: 5V2.4A 12Wm\u00e1x.<\/li>\n<li><strong>Tens\u00e3o de entrada:<\/strong>100-240 V<\/li>\n<li><strong>Frequ\u00eancia de entrada:<\/strong>50\/60Hz<\/li>\n<li><strong>Classe Energ\u00e9tica: <\/strong>VI<\/li>\n<li><strong>Certifica\u00e7\u00e3o de seguran\u00e7a: <\/strong>EN62368:FCC\/CCC<\/li>\n<li><strong>P\u00e9s dobr\u00e1veis tamanho US\/CN\/JP:<\/strong> 60*26*40mm<\/li>\n<\/ul>","protected":false},"excerpt":{"rendered":"<p>O carregador com display digital pode mostrar tens\u00e3o e corrente durante a carga, desligamento autom\u00e1tico ap\u00f3s carga completa, este produto \u00e9 vendido por v\u00e1rios anos durante o mercado interno e externo<\/p>\n<p>Antes de dormir, carregamos nosso celular, depois de carreg\u00e1-lo totalmente, a energia ser\u00e1 cortada automaticamente, depois de acordarmos de manh\u00e3, verificamos nosso telefone com carga total e interrompemos mais a carga<\/p>\n<p>Este carregador USB com display n\u00e3o apenas o display e o recurso de corte autom\u00e1tico deste carregador, este design do carregador tamb\u00e9m \u00e9 bonito, n\u00e3o como o carregador normal do mercado, este carregador incluindo 8 conjuntos de moldes, o custo de desenvolvimento tamb\u00e9m \u00e9 alto e deixa este carregador se destacar<\/p>\n<p>https:\/\/www.youtube.com\/embed\/tlPwMeR-arw<\/p>","protected":false},"featured_media":4583,"comment_status":"closed","ping_status":"closed","template":"","meta":{"rank_math_lock_modified_date":false,"site-sidebar-layout":"default","site-content-layout":"default","ast-site-content-layout":"default","site-content-style":"default","site-sidebar-style":"default","ast-global-header-display":"","ast-banner-title-visibility":"","ast-main-header-display":"","ast-hfb-above-header-display":"","ast-hfb-below-header-display":"","ast-hfb-mobile-header-display":"","site-post-title":"","ast-breadcrumbs-content":"","ast-featured-img":"","footer-sml-layout":"","ast-disable-related-posts":"","theme-transparent-header-meta":"default","adv-header-id-meta":"","stick-header-meta":"","header-above-stick-meta":"","header-main-stick-meta":"","header-below-stick-meta":"","astra-migrate-meta-layouts":"set","ast-page-background-enabled":"default","ast-page-background-meta":{"desktop":{"background-color":"","background-image":"","background-repeat":"repeat","background-position":"center center","background-size":"auto","background-attachment":"scroll","background-type":"","background-media":"","overlay-type":"","overlay-color":"","overlay-opacity":"","overlay-gradient":""},"tablet":{"background-color":"","background-image":"","background-repeat":"repeat","background-position":"center center","background-size":"auto","background-attachment":"scroll","background-type":"","background-media":"","overlay-type":"","overlay-color":"","overlay-opacity":"","overlay-gradient":""},"mobile":{"background-color":"","background-image":"","background-repeat":"repeat","background-position":"center center","background-size":"auto","background-attachment":"scroll","background-type":"","background-media":"","overlay-type":"","overlay-color":"","overlay-opacity":"","overlay-gradient":""}},"ast-content-background-meta":{"desktop":{"background-color":"var(--ast-global-color-5)","background-image":"","background-repeat":"repeat","background-position":"center center","background-size":"auto","background-attachment":"scroll","background-type":"","background-media":"","overlay-type":"","overlay-color":"","overlay-opacity":"","overlay-gradient":""},"tablet":{"background-color":"var(--ast-global-color-5)","background-image":"","background-repeat":"repeat","background-position":"center center","background-size":"auto","background-attachment":"scroll","background-type":"","background-media":"","overlay-type":"","overlay-color":"","overlay-opacity":"","overlay-gradient":""},"mobile":{"background-color":"var(--ast-global-color-5)","background-image":"","background-repeat":"repeat","background-position":"center center","background-size":"auto","background-attachment":"scroll","background-type":"","background-media":"","overlay-type":"","overlay-color":"","overlay-opacity":"","overlay-gradient":""}}},"product_cat":[43],"product_tag":[],"class_list":{"0":"post-4653","1":"product","2":"type-product","3":"status-publish","4":"has-post-thumbnail","6":"product_cat-wall-charger","7":"desktop-align-center","8":"tablet-align-center","9":"mobile-align-center","11":"first","12":"instock","13":"shipping-taxable","14":"purchasable","15":"product-type-simple"},"_links":{"self":[{"href":"https:\/\/imiapower.com\/pt_pt\/wp-json\/wp\/v2\/product\/4653","targetHints":{"allow":["GET"]}}],"collection":[{"href":"https:\/\/imiapower.com\/pt_pt\/wp-json\/wp\/v2\/product"}],"about":[{"href":"https:\/\/imiapower.com\/pt_pt\/wp-json\/wp\/v2\/types\/product"}],"replies":[{"embeddable":true,"href":"https:\/\/imiapower.com\/pt_pt\/wp-json\/wp\/v2\/comments?post=4653"}],"version-history":[{"count":5,"href":"https:\/\/imiapower.com\/pt_pt\/wp-json\/wp\/v2\/product\/4653\/revisions"}],"predecessor-version":[{"id":8585,"href":"https:\/\/imiapower.com\/pt_pt\/wp-json\/wp\/v2\/product\/4653\/revisions\/8585"}],"wp:featuredmedia":[{"embeddable":true,"href":"https:\/\/imiapower.com\/pt_pt\/wp-json\/wp\/v2\/media\/4583"}],"wp:attachment":[{"href":"https:\/\/imiapower.com\/pt_pt\/wp-json\/wp\/v2\/media?parent=4653"}],"wp:term":[{"taxonomy":"product_cat","embeddable":true,"href":"https:\/\/imiapower.com\/pt_pt\/wp-json\/wp\/v2\/product_cat?post=4653"},{"taxonomy":"product_tag","embeddable":true,"href":"https:\/\/imiapower.com\/pt_pt\/wp-json\/wp\/v2\/product_tag?post=4653"}],"curies":[{"name":"wp","href":"https:\/\/api.w.org\/{rel}","templated":true}]}}