{"id":4660,"date":"2023-03-04T00:24:05","date_gmt":"2023-03-04T00:24:05","guid":{"rendered":"https:\/\/imia.com.cn\/?post_type=product&#038;p=4660"},"modified":"2024-12-09T08:21:32","modified_gmt":"2024-12-09T08:21:32","slug":"30w-usb-c-charger","status":"publish","type":"product","link":"https:\/\/imiapower.com\/pt_pt\/products\/wall-charger\/30w-usb-c-charger\/","title":{"rendered":"Carregador usb c barato de 30w"},"content":{"rendered":"<ul>\n<li><strong>Carregador USB C de 30 W<\/strong><\/li>\n<li><strong>Sa\u00edda:<\/strong> Ar+C 33W m\u00e1x.<\/li>\n<li><strong>USB-A:<\/strong> 5V3A\/9V2A\/12V1.5A QC3.0 18W<\/li>\n<li><strong>Tipo-C:<\/strong> 5V3A\/9V3A\/12V2,5A\/15V2A\/20V1,5A PD 30W<\/li>\n<li><strong>PPS:<\/strong>3,3V-11V 3A<\/li>\n<li><strong>Tens\u00e3o de entrada:<\/strong> 100-240 V<\/li>\n<li><strong>Frequ\u00eancia de entrada:<\/strong> 50\/60Hz<\/li>\n<li><strong>Classe energ\u00e9tica:<\/strong> VI<\/li>\n<li><strong>Certifica\u00e7\u00e3o de seguran\u00e7a:<\/strong> EN62368:FCC\/CE\/SAA<\/li>\n<li><strong>Pino retr\u00e1til do Reino Unido Tamanho do Reino Unido:<\/strong> 75*27*39,5mm<\/li>\n<\/ul>","protected":false},"excerpt":{"rendered":"<p>Carregador USB C de 30 W Sa\u00edda: A+C 33 W Max USB-A: 5 V 3 A\/9 V 2 A\/12 V 1,5 A QC3.0 18 W Tipo C: 5 V 3 A\/9 V 3 A\/12 V 2,5 A\/15 V 2 A\/20 V 1,5 A PD 30 W PPS: 3,3 V-11 V 3 A Tens\u00e3o de entrada: 100-240 V Frequ\u00eancia de entrada: 50\/60 Hz Classe energ\u00e9tica: VI Certifica\u00e7\u00e3o de seguran\u00e7a: EN62368: FCC\/CE\/SAA Pino retr\u00e1til do Reino Unido Tamanho do Reino Unido: 75 * 27 * 39,5 mm<\/p>","protected":false},"featured_media":4585,"comment_status":"closed","ping_status":"closed","template":"","meta":{"rank_math_lock_modified_date":false,"site-sidebar-layout":"default","site-content-layout":"default","ast-site-content-layout":"default","site-content-style":"default","site-sidebar-style":"default","ast-global-header-display":"","ast-banner-title-visibility":"","ast-main-header-display":"","ast-hfb-above-header-display":"","ast-hfb-below-header-display":"","ast-hfb-mobile-header-display":"","site-post-title":"","ast-breadcrumbs-content":"","ast-featured-img":"","footer-sml-layout":"","ast-disable-related-posts":"","theme-transparent-header-meta":"default","adv-header-id-meta":"","stick-header-meta":"","header-above-stick-meta":"","header-main-stick-meta":"","header-below-stick-meta":"","astra-migrate-meta-layouts":"set","ast-page-background-enabled":"default","ast-page-background-meta":{"desktop":{"background-color":"","background-image":"","background-repeat":"repeat","background-position":"center center","background-size":"auto","background-attachment":"scroll","background-type":"","background-media":"","overlay-type":"","overlay-color":"","overlay-opacity":"","overlay-gradient":""},"tablet":{"background-color":"","background-image":"","background-repeat":"repeat","background-position":"center center","background-size":"auto","background-attachment":"scroll","background-type":"","background-media":"","overlay-type":"","overlay-color":"","overlay-opacity":"","overlay-gradient":""},"mobile":{"background-color":"","background-image":"","background-repeat":"repeat","background-position":"center center","background-size":"auto","background-attachment":"scroll","background-type":"","background-media":"","overlay-type":"","overlay-color":"","overlay-opacity":"","overlay-gradient":""}},"ast-content-background-meta":{"desktop":{"background-color":"var(--ast-global-color-5)","background-image":"","background-repeat":"repeat","background-position":"center center","background-size":"auto","background-attachment":"scroll","background-type":"","background-media":"","overlay-type":"","overlay-color":"","overlay-opacity":"","overlay-gradient":""},"tablet":{"background-color":"var(--ast-global-color-5)","background-image":"","background-repeat":"repeat","background-position":"center center","background-size":"auto","background-attachment":"scroll","background-type":"","background-media":"","overlay-type":"","overlay-color":"","overlay-opacity":"","overlay-gradient":""},"mobile":{"background-color":"var(--ast-global-color-5)","background-image":"","background-repeat":"repeat","background-position":"center center","background-size":"auto","background-attachment":"scroll","background-type":"","background-media":"","overlay-type":"","overlay-color":"","overlay-opacity":"","overlay-gradient":""}}},"product_cat":[43],"product_tag":[],"class_list":{"0":"post-4660","1":"product","2":"type-product","3":"status-publish","4":"has-post-thumbnail","6":"product_cat-wall-charger","7":"desktop-align-center","8":"tablet-align-center","9":"mobile-align-center","11":"first","12":"instock","13":"shipping-taxable","14":"purchasable","15":"product-type-simple"},"_links":{"self":[{"href":"https:\/\/imiapower.com\/pt_pt\/wp-json\/wp\/v2\/product\/4660","targetHints":{"allow":["GET"]}}],"collection":[{"href":"https:\/\/imiapower.com\/pt_pt\/wp-json\/wp\/v2\/product"}],"about":[{"href":"https:\/\/imiapower.com\/pt_pt\/wp-json\/wp\/v2\/types\/product"}],"replies":[{"embeddable":true,"href":"https:\/\/imiapower.com\/pt_pt\/wp-json\/wp\/v2\/comments?post=4660"}],"version-history":[{"count":3,"href":"https:\/\/imiapower.com\/pt_pt\/wp-json\/wp\/v2\/product\/4660\/revisions"}],"predecessor-version":[{"id":8797,"href":"https:\/\/imiapower.com\/pt_pt\/wp-json\/wp\/v2\/product\/4660\/revisions\/8797"}],"wp:featuredmedia":[{"embeddable":true,"href":"https:\/\/imiapower.com\/pt_pt\/wp-json\/wp\/v2\/media\/4585"}],"wp:attachment":[{"href":"https:\/\/imiapower.com\/pt_pt\/wp-json\/wp\/v2\/media?parent=4660"}],"wp:term":[{"taxonomy":"product_cat","embeddable":true,"href":"https:\/\/imiapower.com\/pt_pt\/wp-json\/wp\/v2\/product_cat?post=4660"},{"taxonomy":"product_tag","embeddable":true,"href":"https:\/\/imiapower.com\/pt_pt\/wp-json\/wp\/v2\/product_tag?post=4660"}],"curies":[{"name":"wp","href":"https:\/\/api.w.org\/{rel}","templated":true}]}}