{"id":4669,"date":"2023-03-04T00:24:06","date_gmt":"2023-03-04T00:24:06","guid":{"rendered":"https:\/\/imia.com.cn\/?post_type=product&#038;p=4669"},"modified":"2024-07-25T07:49:43","modified_gmt":"2024-07-25T07:49:43","slug":"lightning-to-usb-cable","status":"publish","type":"product","link":"https:\/\/imiapower.com\/pt_pt\/products\/usb-cable\/lightning-to-usb-cable\/","title":{"rendered":"Rel\u00e2mpago poderoso para cabo USB da China"},"content":{"rendered":"<ul>\n<li><strong>rel\u00e2mpago para cabo USB<\/strong><\/li>\n<li><strong>Cabo rel\u00e2mpago Huawei:<\/strong> USB-A para Lightning 20W m\u00e1x.<\/li>\n<li><strong>Especifica\u00e7\u00e3o:<\/strong> OD3.8, 1M<\/li>\n<li><strong>Cor:<\/strong> Branco preto.<\/li>\n<li><strong>Material:<\/strong> TPE, tecido, n\u00e1ilon.<\/li>\n<li><strong>Material do plugue:<\/strong> USB de cobre com roxo.<\/li>\n<li><strong>Fun\u00e7\u00e3o:<\/strong> Transfer\u00eancia de dados, carregamento r\u00e1pido<\/li>\n<\/ul>","protected":false},"excerpt":{"rendered":"<p>Um cabo Lightning para USB \u00e9 um acess\u00f3rio essencial para carregar e sincronizar dispositivos Apple. A escolha de um cabo de alta qualidade garante compatibilidade e desempenho confi\u00e1vel. Com v\u00e1rias op\u00e7\u00f5es dispon\u00edveis em diferentes comprimentos e qualidades de constru\u00e7\u00e3o, voc\u00ea pode encontrar um cabo que atenda \u00e0s suas necessidades para uso di\u00e1rio ou em viagens.<\/p>","protected":false},"featured_media":4598,"comment_status":"closed","ping_status":"closed","template":"","meta":{"rank_math_lock_modified_date":false,"site-sidebar-layout":"default","site-content-layout":"default","ast-site-content-layout":"default","site-content-style":"default","site-sidebar-style":"default","ast-global-header-display":"","ast-banner-title-visibility":"","ast-main-header-display":"","ast-hfb-above-header-display":"","ast-hfb-below-header-display":"","ast-hfb-mobile-header-display":"","site-post-title":"","ast-breadcrumbs-content":"","ast-featured-img":"","footer-sml-layout":"","ast-disable-related-posts":"","theme-transparent-header-meta":"default","adv-header-id-meta":"","stick-header-meta":"","header-above-stick-meta":"","header-main-stick-meta":"","header-below-stick-meta":"","astra-migrate-meta-layouts":"set","ast-page-background-enabled":"default","ast-page-background-meta":{"desktop":{"background-color":"","background-image":"","background-repeat":"repeat","background-position":"center center","background-size":"auto","background-attachment":"scroll","background-type":"","background-media":"","overlay-type":"","overlay-color":"","overlay-opacity":"","overlay-gradient":""},"tablet":{"background-color":"","background-image":"","background-repeat":"repeat","background-position":"center center","background-size":"auto","background-attachment":"scroll","background-type":"","background-media":"","overlay-type":"","overlay-color":"","overlay-opacity":"","overlay-gradient":""},"mobile":{"background-color":"","background-image":"","background-repeat":"repeat","background-position":"center center","background-size":"auto","background-attachment":"scroll","background-type":"","background-media":"","overlay-type":"","overlay-color":"","overlay-opacity":"","overlay-gradient":""}},"ast-content-background-meta":{"desktop":{"background-color":"var(--ast-global-color-5)","background-image":"","background-repeat":"repeat","background-position":"center center","background-size":"auto","background-attachment":"scroll","background-type":"","background-media":"","overlay-type":"","overlay-color":"","overlay-opacity":"","overlay-gradient":""},"tablet":{"background-color":"var(--ast-global-color-5)","background-image":"","background-repeat":"repeat","background-position":"center center","background-size":"auto","background-attachment":"scroll","background-type":"","background-media":"","overlay-type":"","overlay-color":"","overlay-opacity":"","overlay-gradient":""},"mobile":{"background-color":"var(--ast-global-color-5)","background-image":"","background-repeat":"repeat","background-position":"center center","background-size":"auto","background-attachment":"scroll","background-type":"","background-media":"","overlay-type":"","overlay-color":"","overlay-opacity":"","overlay-gradient":""}}},"product_cat":[60],"product_tag":[],"class_list":{"0":"post-4669","1":"product","2":"type-product","3":"status-publish","4":"has-post-thumbnail","6":"product_cat-usb-cable","7":"desktop-align-center","8":"tablet-align-center","9":"mobile-align-center","11":"first","12":"instock","13":"shipping-taxable","14":"purchasable","15":"product-type-simple"},"_links":{"self":[{"href":"https:\/\/imiapower.com\/pt_pt\/wp-json\/wp\/v2\/product\/4669","targetHints":{"allow":["GET"]}}],"collection":[{"href":"https:\/\/imiapower.com\/pt_pt\/wp-json\/wp\/v2\/product"}],"about":[{"href":"https:\/\/imiapower.com\/pt_pt\/wp-json\/wp\/v2\/types\/product"}],"replies":[{"embeddable":true,"href":"https:\/\/imiapower.com\/pt_pt\/wp-json\/wp\/v2\/comments?post=4669"}],"version-history":[{"count":2,"href":"https:\/\/imiapower.com\/pt_pt\/wp-json\/wp\/v2\/product\/4669\/revisions"}],"predecessor-version":[{"id":8169,"href":"https:\/\/imiapower.com\/pt_pt\/wp-json\/wp\/v2\/product\/4669\/revisions\/8169"}],"wp:featuredmedia":[{"embeddable":true,"href":"https:\/\/imiapower.com\/pt_pt\/wp-json\/wp\/v2\/media\/4598"}],"wp:attachment":[{"href":"https:\/\/imiapower.com\/pt_pt\/wp-json\/wp\/v2\/media?parent=4669"}],"wp:term":[{"taxonomy":"product_cat","embeddable":true,"href":"https:\/\/imiapower.com\/pt_pt\/wp-json\/wp\/v2\/product_cat?post=4669"},{"taxonomy":"product_tag","embeddable":true,"href":"https:\/\/imiapower.com\/pt_pt\/wp-json\/wp\/v2\/product_tag?post=4669"}],"curies":[{"name":"wp","href":"https:\/\/api.w.org\/{rel}","templated":true}]}}