{"id":6477,"date":"2024-01-22T04:10:39","date_gmt":"2024-01-22T04:10:39","guid":{"rendered":"https:\/\/imia.com.cn\/?post_type=product&#038;p=6477"},"modified":"2024-11-12T09:56:59","modified_gmt":"2024-11-12T09:56:59","slug":"best-travel-power-adapter-converterter","status":"publish","type":"product","link":"https:\/\/imiapower.com\/pt_pt\/products\/travel-adapter\/best-travel-power-adapter-converterter\/","title":{"rendered":"Melhor f\u00e1brica de conversores de adaptadores de energia para viagem na China"},"content":{"rendered":"<ul>\n<li><strong>Melhor conversor de adaptador de energia para viagens<\/strong><\/li>\n<li><strong>Entrada CA:<\/strong>100 ~ 250 V\/CA 50-60 Hz<\/li>\n<li><strong>Sa\u00edda CA:<\/strong> 6A M\u00e1x.(660W\/110V ou 1440W\/240V)<\/li>\n<li><strong>Plugue:<\/strong> UE\/UA\/Reino Unido\/EUA<\/li>\n<li><strong>Cor: <\/strong>Branco preto<\/li>\n<li><strong>Tamanho:<\/strong> 50*40*75mm<\/li>\n<li><strong>Material:<\/strong> ABS + cobre met\u00e1lico<\/li>\n<li><strong>Observa\u00e7\u00e3o:<\/strong> O tudo-em-um pode ser usado em mais de 170 pa\u00edses<\/li>\n<li><strong>Certificado:<\/strong>\u00a0 CE, Rohs<\/li>\n<\/ul>\n<p>&nbsp;<\/p>","protected":false},"excerpt":{"rendered":"<p>Este \u00e9 um produto necess\u00e1rio para viagens para diferentes pa\u00edses, porque em outros pa\u00edses, o plugue de carregamento \u00e9 diferente, este adaptador incluindo plugues UE, EUA, Austr\u00e1lia e Reino Unido pode atender \u00e0s solicita\u00e7\u00f5es de plugue da maioria dos pa\u00edses<\/p>\n<p>Este melhor conversor de adaptador de energia para viagem <span style=\"font-size: 16px;\">\u00e9 o modelo mais antigo e tamb\u00e9m tem uma vers\u00e3o atualizada com uma porta de carregamento USB dupla que pode carregar smartphones, laptops e alguns outros aparelhos eletr\u00f4nicos com conveni\u00eancia<\/span><\/p>\n<p>Melhor conversor de voltagem de viagem para modelador de cachos<\/p>\n<p>Qual \u00e9 a vantagem do melhor conversor de energia para viagens?<\/p>\n<p>Tornando-o compat\u00edvel com v\u00e1rias tomadas internacionais. Adaptadores embutidos em portas USB permitem o carregamento simult\u00e2neo de muitos dispositivos. Uma vantagem real para viajantes experientes em tecnologia.<\/p>\n<p>Melhor conversor de adaptador de viagem da China<\/p>\n<p>Se voc\u00ea est\u00e1 procurando o melhor conversor de adaptador de viagem da China, o adaptador Imia \u00e9 o melhor. Conhecido por sua qualidade e versatilidade. Dia ap\u00f3s dia, ele se tornou muito popular na China. Al\u00e9m disso, o Imia combina funcionalidade com durabilidade. Tornando-se at\u00e9 mesmo uma excelente escolha para aventuras internacionais.<\/p>\n<p>Algumas desvantagens do melhor conversor adaptador de viagem para a Europa<\/p>\n<p>Embora adaptadores e conversores de viagem sejam essenciais para viagens europeias. Mas adaptadores e conversores de viagem t\u00eam alguns problemas.<\/p>\n<p>Sinais do melhor conversor de adaptador de energia para viagem<\/p>\n<p>Portanto, escolher o melhor conversor de adaptador de viagem para a Europa \u00e9 muito importante. O melhor conversor de adaptador de viagem pode reduzir seus problemas para aventuras na Europa.<\/p>\n<p>Algumas empresas populares de conversores de energia<\/p>\n<p>V\u00e1rias empresas respeit\u00e1veis s\u00e3o conhecidas por produzir conversores de energia e adaptadores de viagem de alta qualidade:<\/p>\n<p>Todas essas marcas se tornaram populares muito cedo por seu desempenho.<\/p>\n<p>&nbsp;<\/p>","protected":false},"featured_media":6480,"comment_status":"closed","ping_status":"closed","template":"","meta":{"rank_math_lock_modified_date":false,"site-sidebar-layout":"default","site-content-layout":"","ast-site-content-layout":"default","site-content-style":"default","site-sidebar-style":"default","ast-global-header-display":"","ast-banner-title-visibility":"","ast-main-header-display":"","ast-hfb-above-header-display":"","ast-hfb-below-header-display":"","ast-hfb-mobile-header-display":"","site-post-title":"","ast-breadcrumbs-content":"","ast-featured-img":"","footer-sml-layout":"","ast-disable-related-posts":"","theme-transparent-header-meta":"default","adv-header-id-meta":"","stick-header-meta":"","header-above-stick-meta":"","header-main-stick-meta":"","header-below-stick-meta":"","astra-migrate-meta-layouts":"set","ast-page-background-enabled":"default","ast-page-background-meta":{"desktop":{"background-color":"","background-image":"","background-repeat":"repeat","background-position":"center center","background-size":"auto","background-attachment":"scroll","background-type":"","background-media":"","overlay-type":"","overlay-color":"","overlay-opacity":"","overlay-gradient":""},"tablet":{"background-color":"","background-image":"","background-repeat":"repeat","background-position":"center center","background-size":"auto","background-attachment":"scroll","background-type":"","background-media":"","overlay-type":"","overlay-color":"","overlay-opacity":"","overlay-gradient":""},"mobile":{"background-color":"","background-image":"","background-repeat":"repeat","background-position":"center center","background-size":"auto","background-attachment":"scroll","background-type":"","background-media":"","overlay-type":"","overlay-color":"","overlay-opacity":"","overlay-gradient":""}},"ast-content-background-meta":{"desktop":{"background-color":"var(--ast-global-color-5)","background-image":"","background-repeat":"repeat","background-position":"center center","background-size":"auto","background-attachment":"scroll","background-type":"","background-media":"","overlay-type":"","overlay-color":"","overlay-opacity":"","overlay-gradient":""},"tablet":{"background-color":"var(--ast-global-color-5)","background-image":"","background-repeat":"repeat","background-position":"center center","background-size":"auto","background-attachment":"scroll","background-type":"","background-media":"","overlay-type":"","overlay-color":"","overlay-opacity":"","overlay-gradient":""},"mobile":{"background-color":"var(--ast-global-color-5)","background-image":"","background-repeat":"repeat","background-position":"center center","background-size":"auto","background-attachment":"scroll","background-type":"","background-media":"","overlay-type":"","overlay-color":"","overlay-opacity":"","overlay-gradient":""}}},"product_cat":[64],"product_tag":[],"class_list":{"0":"post-6477","1":"product","2":"type-product","3":"status-publish","4":"has-post-thumbnail","6":"product_cat-travel-adapter","7":"desktop-align-center","8":"tablet-align-center","9":"mobile-align-center","11":"first","12":"instock","13":"shipping-taxable","14":"product-type-simple"},"_links":{"self":[{"href":"https:\/\/imiapower.com\/pt_pt\/wp-json\/wp\/v2\/product\/6477","targetHints":{"allow":["GET"]}}],"collection":[{"href":"https:\/\/imiapower.com\/pt_pt\/wp-json\/wp\/v2\/product"}],"about":[{"href":"https:\/\/imiapower.com\/pt_pt\/wp-json\/wp\/v2\/types\/product"}],"replies":[{"embeddable":true,"href":"https:\/\/imiapower.com\/pt_pt\/wp-json\/wp\/v2\/comments?post=6477"}],"version-history":[{"count":14,"href":"https:\/\/imiapower.com\/pt_pt\/wp-json\/wp\/v2\/product\/6477\/revisions"}],"predecessor-version":[{"id":8676,"href":"https:\/\/imiapower.com\/pt_pt\/wp-json\/wp\/v2\/product\/6477\/revisions\/8676"}],"wp:featuredmedia":[{"embeddable":true,"href":"https:\/\/imiapower.com\/pt_pt\/wp-json\/wp\/v2\/media\/6480"}],"wp:attachment":[{"href":"https:\/\/imiapower.com\/pt_pt\/wp-json\/wp\/v2\/media?parent=6477"}],"wp:term":[{"taxonomy":"product_cat","embeddable":true,"href":"https:\/\/imiapower.com\/pt_pt\/wp-json\/wp\/v2\/product_cat?post=6477"},{"taxonomy":"product_tag","embeddable":true,"href":"https:\/\/imiapower.com\/pt_pt\/wp-json\/wp\/v2\/product_tag?post=6477"}],"curies":[{"name":"wp","href":"https:\/\/api.w.org\/{rel}","templated":true}]}}