{"id":6481,"date":"2024-01-22T13:41:48","date_gmt":"2024-01-22T13:41:48","guid":{"rendered":"https:\/\/imia.com.cn\/?post_type=product&#038;p=6481"},"modified":"2025-07-15T03:47:14","modified_gmt":"2025-07-15T03:47:14","slug":"pd-quick-charger","status":"publish","type":"product","link":"https:\/\/imiapower.com\/pt_pt\/products\/wall-charger\/pd-quick-charger\/","title":{"rendered":"Carregador r\u00e1pido Samsung PD 25w KC"},"content":{"rendered":"<ul>\n<li><strong>Carregador r\u00e1pido PD<\/strong><\/li>\n<li><strong>Entrada:<\/strong>100~250V<\/li>\n<li><strong>Tipo-C:<\/strong> 5V3A, 9V2.277A, 12V2.08A<\/li>\n<li><strong>Tamanho:<\/strong> 40*15*25cm<\/li>\n<li><strong>Material:<\/strong> PC<\/li>\n<li><strong>Certificado:<\/strong> KC, CE<\/li>\n<\/ul>","protected":false},"excerpt":{"rendered":"<p>Um carregador de parede \u00e9 um dispositivo usado para carregar seus dispositivos eletr\u00f4nicos enquanto eles est\u00e3o conectados a uma tomada el\u00e9trica. Tamb\u00e9m \u00e9 conhecido como carregador USB. Navegue pela lista de carregadores de parede USB abaixo, juntamente com avalia\u00e7\u00f5es e opini\u00f5es associadas.<\/p>","protected":false},"featured_media":6482,"comment_status":"closed","ping_status":"closed","template":"","meta":{"rank_math_lock_modified_date":false,"site-sidebar-layout":"default","site-content-layout":"","ast-site-content-layout":"default","site-content-style":"default","site-sidebar-style":"default","ast-global-header-display":"","ast-banner-title-visibility":"","ast-main-header-display":"","ast-hfb-above-header-display":"","ast-hfb-below-header-display":"","ast-hfb-mobile-header-display":"","site-post-title":"","ast-breadcrumbs-content":"","ast-featured-img":"","footer-sml-layout":"","ast-disable-related-posts":"","theme-transparent-header-meta":"default","adv-header-id-meta":"","stick-header-meta":"","header-above-stick-meta":"","header-main-stick-meta":"","header-below-stick-meta":"","astra-migrate-meta-layouts":"set","ast-page-background-enabled":"default","ast-page-background-meta":{"desktop":{"background-color":"","background-image":"","background-repeat":"repeat","background-position":"center center","background-size":"auto","background-attachment":"scroll","background-type":"","background-media":"","overlay-type":"","overlay-color":"","overlay-opacity":"","overlay-gradient":""},"tablet":{"background-color":"","background-image":"","background-repeat":"repeat","background-position":"center center","background-size":"auto","background-attachment":"scroll","background-type":"","background-media":"","overlay-type":"","overlay-color":"","overlay-opacity":"","overlay-gradient":""},"mobile":{"background-color":"","background-image":"","background-repeat":"repeat","background-position":"center center","background-size":"auto","background-attachment":"scroll","background-type":"","background-media":"","overlay-type":"","overlay-color":"","overlay-opacity":"","overlay-gradient":""}},"ast-content-background-meta":{"desktop":{"background-color":"var(--ast-global-color-5)","background-image":"","background-repeat":"repeat","background-position":"center center","background-size":"auto","background-attachment":"scroll","background-type":"","background-media":"","overlay-type":"","overlay-color":"","overlay-opacity":"","overlay-gradient":""},"tablet":{"background-color":"var(--ast-global-color-5)","background-image":"","background-repeat":"repeat","background-position":"center center","background-size":"auto","background-attachment":"scroll","background-type":"","background-media":"","overlay-type":"","overlay-color":"","overlay-opacity":"","overlay-gradient":""},"mobile":{"background-color":"var(--ast-global-color-5)","background-image":"","background-repeat":"repeat","background-position":"center center","background-size":"auto","background-attachment":"scroll","background-type":"","background-media":"","overlay-type":"","overlay-color":"","overlay-opacity":"","overlay-gradient":""}}},"product_cat":[43],"product_tag":[],"class_list":{"0":"post-6481","1":"product","2":"type-product","3":"status-publish","4":"has-post-thumbnail","6":"product_cat-wall-charger","7":"desktop-align-center","8":"tablet-align-center","9":"mobile-align-center","11":"first","12":"instock","13":"shipping-taxable","14":"product-type-simple"},"_links":{"self":[{"href":"https:\/\/imiapower.com\/pt_pt\/wp-json\/wp\/v2\/product\/6481","targetHints":{"allow":["GET"]}}],"collection":[{"href":"https:\/\/imiapower.com\/pt_pt\/wp-json\/wp\/v2\/product"}],"about":[{"href":"https:\/\/imiapower.com\/pt_pt\/wp-json\/wp\/v2\/types\/product"}],"replies":[{"embeddable":true,"href":"https:\/\/imiapower.com\/pt_pt\/wp-json\/wp\/v2\/comments?post=6481"}],"version-history":[{"count":1,"href":"https:\/\/imiapower.com\/pt_pt\/wp-json\/wp\/v2\/product\/6481\/revisions"}],"predecessor-version":[{"id":8285,"href":"https:\/\/imiapower.com\/pt_pt\/wp-json\/wp\/v2\/product\/6481\/revisions\/8285"}],"wp:featuredmedia":[{"embeddable":true,"href":"https:\/\/imiapower.com\/pt_pt\/wp-json\/wp\/v2\/media\/6482"}],"wp:attachment":[{"href":"https:\/\/imiapower.com\/pt_pt\/wp-json\/wp\/v2\/media?parent=6481"}],"wp:term":[{"taxonomy":"product_cat","embeddable":true,"href":"https:\/\/imiapower.com\/pt_pt\/wp-json\/wp\/v2\/product_cat?post=6481"},{"taxonomy":"product_tag","embeddable":true,"href":"https:\/\/imiapower.com\/pt_pt\/wp-json\/wp\/v2\/product_tag?post=6481"}],"curies":[{"name":"wp","href":"https:\/\/api.w.org\/{rel}","templated":true}]}}