{"id":6495,"date":"2024-01-26T03:06:36","date_gmt":"2024-01-26T03:06:36","guid":{"rendered":"https:\/\/imia.com.cn\/?post_type=product&#038;p=6495"},"modified":"2025-09-30T02:56:01","modified_gmt":"2025-09-30T02:56:01","slug":"best-travel-power-adapter","status":"publish","type":"product","link":"https:\/\/imiapower.com\/pt_pt\/products\/travel-adapter\/best-travel-power-adapter\/","title":{"rendered":"Melhor adaptador de energia para viagens, carregador r\u00e1pido 33w"},"content":{"rendered":"<ul>\n<li><strong>Melhor adaptador de energia para viagens<\/strong><\/li>\n<li><strong>Entrada:<\/strong>100-250 V\/0,8 A M\u00e1x. 50\/60 Hz<\/li>\n<li><strong>Sa\u00edda:<\/strong> Tipo-C1: 5V3A, 9V3A, 12V2.5A, 15V2A, 20V1.5A M\u00c1X. 30W<\/li>\n<li><strong>PPS:<\/strong> 3,3-11V3A, 3,3-16V2A M\u00e1x. 33W<\/li>\n<li><strong>Tipo-C2\/C3:<\/strong> 5V3A M\u00c1X. 15W<\/li>\n<li><strong>USB1\/USB2:<\/strong> 5V2.4A M\u00c1X. 12W<\/li>\n<li><strong>Tipo-C1+Tipo-C2\/C3:<\/strong> PD18W+12W<\/li>\n<li><strong>Tipo-C1+USB:<\/strong> PD18W+12W<\/li>\n<li><strong>Produ\u00e7\u00e3o total:<\/strong>M\u00c1X. 33W Tamanho: 50x70x65 mm<\/li>\n<li><strong>Material:<\/strong> PC demitido + Cooper metal<\/li>\n<li><strong>Observa\u00e7\u00e3o:<\/strong> O multifuncional UE\/UA\/Reino Unido\/EUA pode ser usado em mais de 170 pa\u00edses<\/li>\n<li><strong>Certificado:<\/strong> CE, Rohs, FCC, UKCA, Reach, ERP<\/li>\n<\/ul>","protected":false},"excerpt":{"rendered":"<p><img fetchpriority=\"high\" decoding=\"async\" class=\"alignnone wp-image-8697 size-full\" src=\"https:\/\/imiapower.com\/wp-content\/uploads\/Universal-Travel-Adapter-2-1.jpg\" alt=\"Melhor adaptador de energia para viagens\" width=\"800\" height=\"800\" srcset=\"https:\/\/imiapower.com\/wp-content\/uploads\/Universal-Travel-Adapter-2-1.jpg 800w, https:\/\/imiapower.com\/wp-content\/uploads\/Universal-Travel-Adapter-2-1-300x300.jpg 300w, https:\/\/imiapower.com\/wp-content\/uploads\/Universal-Travel-Adapter-2-1-100x100.jpg 100w, https:\/\/imiapower.com\/wp-content\/uploads\/Universal-Travel-Adapter-2-1-600x600.jpg 600w, https:\/\/imiapower.com\/wp-content\/uploads\/Universal-Travel-Adapter-2-1-64x64.jpg 64w, https:\/\/imiapower.com\/wp-content\/uploads\/Universal-Travel-Adapter-2-1-150x150.jpg 150w, https:\/\/imiapower.com\/wp-content\/uploads\/Universal-Travel-Adapter-2-1-768x768.jpg 768w, https:\/\/imiapower.com\/wp-content\/uploads\/Universal-Travel-Adapter-2-1-12x12.jpg 12w\" sizes=\"(max-width: 800px) 100vw, 800px\" \/><\/p>\n<p>Adaptador de viagem universal. \u00c9 o melhor companheiro de viagem para a maioria das pessoas porque prepara voc\u00ea para qualquer necessidade de carregamento ou energia. Os adaptadores universais de viagem permitem que equipamentos de dupla voltagem de um pa\u00eds, como um transformador ou conversor, sejam conectados a uma tomada el\u00e9trica<\/p>\n<p>Este soquete adaptador de viagem pode ser compat\u00edvel com plugue \u201cpequena \u00c1frica do Sul\u201d que outros fabricantes n\u00e3o podem<\/p>\n<p>Este adaptador de viagem \u00e9 um modelo aterrado, no plugue do Reino Unido usamos material de cobre enquanto outros usam pl\u00e1stico<\/p>\n<p>Este adaptador de viagem usa voltagem selvagem, o soquete pode servir para conectar um secador de cabelo, modelador de cabelo e alguns outros pequenos eletrodom\u00e9sticos.<\/p>\n<p>Para este adaptador de viagem, obtivemos v\u00e1rias certifica\u00e7\u00f5es que atendem aos padr\u00f5es de diferentes pa\u00edses<\/p>\n<p>Este adaptador de viagem aceita design de logotipo personalizado, e a posi\u00e7\u00e3o do design do logotipo possui um display digital LED, que far\u00e1 com que o logotipo pare\u00e7a fant\u00e1stico<\/p>\n<p>&nbsp;<\/p>\n<p>&nbsp;<\/p>","protected":false},"featured_media":7455,"comment_status":"closed","ping_status":"closed","template":"","meta":{"rank_math_lock_modified_date":false,"site-sidebar-layout":"default","site-content-layout":"","ast-site-content-layout":"default","site-content-style":"default","site-sidebar-style":"default","ast-global-header-display":"","ast-banner-title-visibility":"","ast-main-header-display":"","ast-hfb-above-header-display":"","ast-hfb-below-header-display":"","ast-hfb-mobile-header-display":"","site-post-title":"","ast-breadcrumbs-content":"","ast-featured-img":"","footer-sml-layout":"","ast-disable-related-posts":"","theme-transparent-header-meta":"default","adv-header-id-meta":"","stick-header-meta":"","header-above-stick-meta":"","header-main-stick-meta":"","header-below-stick-meta":"","astra-migrate-meta-layouts":"set","ast-page-background-enabled":"default","ast-page-background-meta":{"desktop":{"background-color":"","background-image":"","background-repeat":"repeat","background-position":"center center","background-size":"auto","background-attachment":"scroll","background-type":"","background-media":"","overlay-type":"","overlay-color":"","overlay-opacity":"","overlay-gradient":""},"tablet":{"background-color":"","background-image":"","background-repeat":"repeat","background-position":"center center","background-size":"auto","background-attachment":"scroll","background-type":"","background-media":"","overlay-type":"","overlay-color":"","overlay-opacity":"","overlay-gradient":""},"mobile":{"background-color":"","background-image":"","background-repeat":"repeat","background-position":"center center","background-size":"auto","background-attachment":"scroll","background-type":"","background-media":"","overlay-type":"","overlay-color":"","overlay-opacity":"","overlay-gradient":""}},"ast-content-background-meta":{"desktop":{"background-color":"var(--ast-global-color-5)","background-image":"","background-repeat":"repeat","background-position":"center center","background-size":"auto","background-attachment":"scroll","background-type":"","background-media":"","overlay-type":"","overlay-color":"","overlay-opacity":"","overlay-gradient":""},"tablet":{"background-color":"var(--ast-global-color-5)","background-image":"","background-repeat":"repeat","background-position":"center center","background-size":"auto","background-attachment":"scroll","background-type":"","background-media":"","overlay-type":"","overlay-color":"","overlay-opacity":"","overlay-gradient":""},"mobile":{"background-color":"var(--ast-global-color-5)","background-image":"","background-repeat":"repeat","background-position":"center center","background-size":"auto","background-attachment":"scroll","background-type":"","background-media":"","overlay-type":"","overlay-color":"","overlay-opacity":"","overlay-gradient":""}}},"product_cat":[64],"product_tag":[],"class_list":{"0":"post-6495","1":"product","2":"type-product","3":"status-publish","4":"has-post-thumbnail","6":"product_cat-travel-adapter","7":"desktop-align-center","8":"tablet-align-center","9":"mobile-align-center","11":"first","12":"instock","13":"shipping-taxable","14":"product-type-simple"},"_links":{"self":[{"href":"https:\/\/imiapower.com\/pt_pt\/wp-json\/wp\/v2\/product\/6495","targetHints":{"allow":["GET"]}}],"collection":[{"href":"https:\/\/imiapower.com\/pt_pt\/wp-json\/wp\/v2\/product"}],"about":[{"href":"https:\/\/imiapower.com\/pt_pt\/wp-json\/wp\/v2\/types\/product"}],"replies":[{"embeddable":true,"href":"https:\/\/imiapower.com\/pt_pt\/wp-json\/wp\/v2\/comments?post=6495"}],"version-history":[{"count":4,"href":"https:\/\/imiapower.com\/pt_pt\/wp-json\/wp\/v2\/product\/6495\/revisions"}],"predecessor-version":[{"id":9201,"href":"https:\/\/imiapower.com\/pt_pt\/wp-json\/wp\/v2\/product\/6495\/revisions\/9201"}],"wp:featuredmedia":[{"embeddable":true,"href":"https:\/\/imiapower.com\/pt_pt\/wp-json\/wp\/v2\/media\/7455"}],"wp:attachment":[{"href":"https:\/\/imiapower.com\/pt_pt\/wp-json\/wp\/v2\/media?parent=6495"}],"wp:term":[{"taxonomy":"product_cat","embeddable":true,"href":"https:\/\/imiapower.com\/pt_pt\/wp-json\/wp\/v2\/product_cat?post=6495"},{"taxonomy":"product_tag","embeddable":true,"href":"https:\/\/imiapower.com\/pt_pt\/wp-json\/wp\/v2\/product_tag?post=6495"}],"curies":[{"name":"wp","href":"https:\/\/api.w.org\/{rel}","templated":true}]}}