{"id":6499,"date":"2024-01-26T04:14:59","date_gmt":"2024-01-26T04:14:59","guid":{"rendered":"https:\/\/imia.com.cn\/?post_type=product&#038;p=6499"},"modified":"2024-11-30T03:07:57","modified_gmt":"2024-11-30T03:07:57","slug":"universal-travel-adapter","status":"publish","type":"product","link":"https:\/\/imiapower.com\/pt_pt\/products\/travel-adapter\/universal-travel-adapter\/","title":{"rendered":"Ador\u00e1vel adaptador de viagem universal USB C PD 65w"},"content":{"rendered":"<ul>\n<li><strong>adaptador de viagem universal<\/strong><\/li>\n<li><strong>Tipo-C1:<\/strong> 5V\/3A 9V\/3A 12V\/3A 15V\/3A 20V\/3,25A M\u00e1x. 65W PPS 5V-11V\/4,05A<\/li>\n<li><strong>USB-A:<\/strong> 5V\/3A 9V\/2A 12V\/1,5A M\u00e1x. 18W<\/li>\n<li><strong>Tipo-C2\/C3\/C4:<\/strong> 5V3A 15W<\/li>\n<li><strong>Tipo C1+USBA:<\/strong>PD45W+18W (5V3A\/9V3A\/12V3A\/15V2.5A\/20V2.25A 45w+5V\/3A 9V\/2A 12V\/1.5A M\u00e1x. 18W)<\/li>\n<li><strong>Tipo C1+C2\/C3\/C4:<\/strong> PD45W+15W(5V3A\/9V3A\/12V3A\/15V2.5A\/20V2.25A 45w+ 5V3A 15W)<\/li>\n<li><strong>TipoC2+C3\/C3+C4\/C2+C4:<\/strong> compartilhado 5V3A 15W<\/li>\n<li><strong>TipoC1+C2+C3\/C1+C2+USBA\/C1+C3+USBA:<\/strong> PD45W+15W(5V3A\/9V3A\/12V3A\/15V2.5A\/20V2.25A 45w+ 5V3A 15W)<\/li>\n<li><strong>C1+C2+C3+C4\/C1+C2+C3+USBA:<\/strong> PD45W+15W(5V3A\/9V3A\/12V3A\/15V2.5A\/20V2.25A 45w+ 5V3A 15W)<\/li>\n<li><strong>TipoC2+C3+C4+USBA:<\/strong>\u00a0compartilhado 5V3A 15W<\/li>\n<li><strong>TipoC1+C2+C3+C4+A1:<\/strong> PD45W+15W(5V3A\/9V3A\/12V3A\/15V2.5A\/20V2.25A 45w+ 5V3A 15W)<\/li>\n<li><strong>Tamanho:<\/strong> 50x70x65mm<\/li>\n<li><strong>Material:<\/strong> PC demitido + Cooper metal<\/li>\n<li><strong>Observa\u00e7\u00e3o:<\/strong> O multifuncional UE\/UA\/Reino Unido\/EUA pode ser usado em mais de 170 pa\u00edses<\/li>\n<li><strong>Certifica\u00e7\u00e3o:<\/strong> UKCA, CE, FCC<\/li>\n<\/ul>","protected":false},"excerpt":{"rendered":"<p><img fetchpriority=\"high\" decoding=\"async\" class=\"alignnone size-medium wp-image-8727\" src=\"https:\/\/imiapower.com\/wp-content\/uploads\/Travel-Adapter-6-1-216x300.jpg\" alt=\"adaptador de viagem universal\" width=\"216\" height=\"300\" srcset=\"https:\/\/imiapower.com\/wp-content\/uploads\/Travel-Adapter-6-1-216x300.jpg 216w, https:\/\/imiapower.com\/wp-content\/uploads\/Travel-Adapter-6-1-600x833.jpg 600w, https:\/\/imiapower.com\/wp-content\/uploads\/Travel-Adapter-6-1-64x89.jpg 64w, https:\/\/imiapower.com\/wp-content\/uploads\/Travel-Adapter-6-1-737x1024.jpg 737w, https:\/\/imiapower.com\/wp-content\/uploads\/Travel-Adapter-6-1-768x1067.jpg 768w, https:\/\/imiapower.com\/wp-content\/uploads\/Travel-Adapter-6-1-9x12.jpg 9w, https:\/\/imiapower.com\/wp-content\/uploads\/Travel-Adapter-6-1.jpg 800w\" sizes=\"(max-width: 216px) 100vw, 216px\" \/> <img decoding=\"async\" class=\"alignnone size-medium wp-image-8728\" src=\"https:\/\/imiapower.com\/wp-content\/uploads\/Travel-Adapter-13-238x300.jpg\" alt=\"adaptador de viagem universal\" width=\"238\" height=\"300\" srcset=\"https:\/\/imiapower.com\/wp-content\/uploads\/Travel-Adapter-13-238x300.jpg 238w, https:\/\/imiapower.com\/wp-content\/uploads\/Travel-Adapter-13-600x755.jpg 600w, https:\/\/imiapower.com\/wp-content\/uploads\/Travel-Adapter-13-64x81.jpg 64w, https:\/\/imiapower.com\/wp-content\/uploads\/Travel-Adapter-13-768x966.jpg 768w, https:\/\/imiapower.com\/wp-content\/uploads\/Travel-Adapter-13-10x12.jpg 10w, https:\/\/imiapower.com\/wp-content\/uploads\/Travel-Adapter-13.jpg 778w\" sizes=\"(max-width: 238px) 100vw, 238px\" \/> <img decoding=\"async\" class=\"alignnone size-medium wp-image-8729\" src=\"https:\/\/imiapower.com\/wp-content\/uploads\/Travel-Adapter-14-216x300.jpg\" alt=\"adaptador de viagem universal\" width=\"216\" height=\"300\" srcset=\"https:\/\/imiapower.com\/wp-content\/uploads\/Travel-Adapter-14-216x300.jpg 216w, https:\/\/imiapower.com\/wp-content\/uploads\/Travel-Adapter-14-600x833.jpg 600w, https:\/\/imiapower.com\/wp-content\/uploads\/Travel-Adapter-14-64x89.jpg 64w, https:\/\/imiapower.com\/wp-content\/uploads\/Travel-Adapter-14-737x1024.jpg 737w, https:\/\/imiapower.com\/wp-content\/uploads\/Travel-Adapter-14-768x1067.jpg 768w, https:\/\/imiapower.com\/wp-content\/uploads\/Travel-Adapter-14-9x12.jpg 9w, https:\/\/imiapower.com\/wp-content\/uploads\/Travel-Adapter-14.jpg 800w\" sizes=\"(max-width: 216px) 100vw, 216px\" \/><\/p>\n<p>&nbsp;<\/p>\n<p>Este \u00e9 um produto necess\u00e1rio para viajar para diferentes pa\u00edses, porque em diferentes pa\u00edses, o plugue de carregamento \u00e9 diferente, este adaptador incluindo plugues da UE, EUA, AUS e Reino Unido pode atender \u00e0s solicita\u00e7\u00f5es de plugue da maioria dos pa\u00edses<\/p>\n<p>Este adaptador de viagem com 4 portas de carregamento tipo c, j\u00e1 que os cabos tipo c desempenham um papel importante no mercado eletr\u00f4nico, nosso design acompanha a tend\u00eancia do mercado e atende ao carregamento de dispositivos eletr\u00f4nicos ao mesmo tempo<\/p>\n<p>Este adaptador de viagem universal atrai muitos clientes de marca ap\u00f3s o lan\u00e7amento<\/p>\n<p>Este adaptador de viagem universal \u00e9 adequado para pequenos plugues sul-africanos que outros fornecedores n\u00e3o notaram esse problema<\/p>\n<p>Para este adaptador de viagem universal, aplicamos certifica\u00e7\u00f5es populares como CE, UKCA, FCC, LVD, ERP, REACH, ROHS<\/p>\n<p>Tamb\u00e9m fornecemos designs de logotipo personalizados. Quando o usu\u00e1rio carrega o telefone com este adaptador, o logotipo aparecer\u00e1 na parte superior do adaptador<\/p>\n<p>Fornecemos amostras gr\u00e1tis para nossos valiosos clientes testarem<\/p>\n<p>O mais importante \u00e9 o nosso pre\u00e7o inferior ao do concorrente<\/p>\n<p>Leve nosso adaptador de viagem universal para aproveitar suas f\u00e9rias em todos os pa\u00edses<\/p>\n<p>USBA D+,D-inteligente.\/USB D+,D-Reconhecimento Inteligente,suporte QC3.0,QC2.0,SCP,FCP,AFC,APPLE2.4A,BC1.2. Suporte TYPE-C1 PD3.0,QC3.0,QC2.0,SCP,FCP,AFC,APPLE2.4A,BC1.2<\/p>\n<p>Prazo de produ\u00e7\u00e3o: 25-30 dias<\/p>\n<div id=\"gtx-trans\" style=\"position: absolute; left: -152px; top: -3px;\">\n<div class=\"gtx-trans-icon\"><\/div>\n<\/div>","protected":false},"featured_media":7636,"comment_status":"closed","ping_status":"closed","template":"","meta":{"rank_math_lock_modified_date":false,"site-sidebar-layout":"default","site-content-layout":"","ast-site-content-layout":"default","site-content-style":"default","site-sidebar-style":"default","ast-global-header-display":"","ast-banner-title-visibility":"","ast-main-header-display":"","ast-hfb-above-header-display":"","ast-hfb-below-header-display":"","ast-hfb-mobile-header-display":"","site-post-title":"","ast-breadcrumbs-content":"","ast-featured-img":"","footer-sml-layout":"","ast-disable-related-posts":"","theme-transparent-header-meta":"default","adv-header-id-meta":"","stick-header-meta":"","header-above-stick-meta":"","header-main-stick-meta":"","header-below-stick-meta":"","astra-migrate-meta-layouts":"set","ast-page-background-enabled":"default","ast-page-background-meta":{"desktop":{"background-color":"","background-image":"","background-repeat":"repeat","background-position":"center center","background-size":"auto","background-attachment":"scroll","background-type":"","background-media":"","overlay-type":"","overlay-color":"","overlay-opacity":"","overlay-gradient":""},"tablet":{"background-color":"","background-image":"","background-repeat":"repeat","background-position":"center center","background-size":"auto","background-attachment":"scroll","background-type":"","background-media":"","overlay-type":"","overlay-color":"","overlay-opacity":"","overlay-gradient":""},"mobile":{"background-color":"","background-image":"","background-repeat":"repeat","background-position":"center center","background-size":"auto","background-attachment":"scroll","background-type":"","background-media":"","overlay-type":"","overlay-color":"","overlay-opacity":"","overlay-gradient":""}},"ast-content-background-meta":{"desktop":{"background-color":"var(--ast-global-color-5)","background-image":"","background-repeat":"repeat","background-position":"center center","background-size":"auto","background-attachment":"scroll","background-type":"","background-media":"","overlay-type":"","overlay-color":"","overlay-opacity":"","overlay-gradient":""},"tablet":{"background-color":"var(--ast-global-color-5)","background-image":"","background-repeat":"repeat","background-position":"center center","background-size":"auto","background-attachment":"scroll","background-type":"","background-media":"","overlay-type":"","overlay-color":"","overlay-opacity":"","overlay-gradient":""},"mobile":{"background-color":"var(--ast-global-color-5)","background-image":"","background-repeat":"repeat","background-position":"center center","background-size":"auto","background-attachment":"scroll","background-type":"","background-media":"","overlay-type":"","overlay-color":"","overlay-opacity":"","overlay-gradient":""}}},"product_cat":[64],"product_tag":[],"class_list":{"0":"post-6499","1":"product","2":"type-product","3":"status-publish","4":"has-post-thumbnail","6":"product_cat-travel-adapter","7":"desktop-align-center","8":"tablet-align-center","9":"mobile-align-center","11":"first","12":"instock","13":"featured","14":"shipping-taxable","15":"product-type-simple"},"_links":{"self":[{"href":"https:\/\/imiapower.com\/pt_pt\/wp-json\/wp\/v2\/product\/6499","targetHints":{"allow":["GET"]}}],"collection":[{"href":"https:\/\/imiapower.com\/pt_pt\/wp-json\/wp\/v2\/product"}],"about":[{"href":"https:\/\/imiapower.com\/pt_pt\/wp-json\/wp\/v2\/types\/product"}],"replies":[{"embeddable":true,"href":"https:\/\/imiapower.com\/pt_pt\/wp-json\/wp\/v2\/comments?post=6499"}],"version-history":[{"count":5,"href":"https:\/\/imiapower.com\/pt_pt\/wp-json\/wp\/v2\/product\/6499\/revisions"}],"predecessor-version":[{"id":8108,"href":"https:\/\/imiapower.com\/pt_pt\/wp-json\/wp\/v2\/product\/6499\/revisions\/8108"}],"wp:featuredmedia":[{"embeddable":true,"href":"https:\/\/imiapower.com\/pt_pt\/wp-json\/wp\/v2\/media\/7636"}],"wp:attachment":[{"href":"https:\/\/imiapower.com\/pt_pt\/wp-json\/wp\/v2\/media?parent=6499"}],"wp:term":[{"taxonomy":"product_cat","embeddable":true,"href":"https:\/\/imiapower.com\/pt_pt\/wp-json\/wp\/v2\/product_cat?post=6499"},{"taxonomy":"product_tag","embeddable":true,"href":"https:\/\/imiapower.com\/pt_pt\/wp-json\/wp\/v2\/product_tag?post=6499"}],"curies":[{"name":"wp","href":"https:\/\/api.w.org\/{rel}","templated":true}]}}