{"id":6746,"date":"2024-02-23T02:21:29","date_gmt":"2024-02-23T02:21:29","guid":{"rendered":"https:\/\/imia.com.cn\/?post_type=product&#038;p=6746"},"modified":"2025-09-30T02:50:54","modified_gmt":"2025-09-30T02:50:54","slug":"universal-travel-converter-adapter","status":"publish","type":"product","link":"https:\/\/imiapower.com\/pt_pt\/products\/travel-adapter\/universal-travel-converter-adapter\/","title":{"rendered":"Adaptador conversor universal de viagem barato"},"content":{"rendered":"<ul>\n<li><strong>Adaptador conversor de viagem universal<\/strong><\/li>\n<li><strong>Entrada CA: <\/strong>100 ~ 250 V\/CA 50-60 Hz<\/li>\n<li><strong>Sa\u00edda CA:<\/strong>6A M\u00e1x.(660W\/110V ou 1440W\/240V)<\/li>\n<li><strong>Plugue:<\/strong> UE\/UA\/Reino Unido\/EUA<\/li>\n<li><strong>Cor: <\/strong>Branco preto<\/li>\n<li><strong>Tamanho:<\/strong>50*45*75mm<\/li>\n<li><strong>Materiais:<\/strong> ABS + cobre met\u00e1lico<\/li>\n<li><strong>Pa\u00edses:<\/strong> UE\/UA\/Reino Unido\/EUA tudo em um pode ser usado em mais de 170 pa\u00edses<\/li>\n<li><strong>Certificado:<\/strong> CE, Rohs<\/li>\n<\/ul>","protected":false},"excerpt":{"rendered":"<p>Este \u00e9 um produto necess\u00e1rio para viajar para diferentes pa\u00edses, porque diferentes pa\u00edses, o plugue de carregamento \u00e9 diferente, este adaptador incluindo plugue UE, EUA, AUS, Reino Unido pode atender \u00e0 solicita\u00e7\u00e3o de plugue da maioria dos pa\u00edses<\/p>\n<p>https:\/\/www.youtube.com\/embed\/XpbN6vevT88<\/p>\n<p>&nbsp;<\/p>","protected":false},"featured_media":7311,"comment_status":"closed","ping_status":"closed","template":"","meta":{"rank_math_lock_modified_date":false,"site-sidebar-layout":"default","site-content-layout":"","ast-site-content-layout":"default","site-content-style":"default","site-sidebar-style":"default","ast-global-header-display":"","ast-banner-title-visibility":"","ast-main-header-display":"","ast-hfb-above-header-display":"","ast-hfb-below-header-display":"","ast-hfb-mobile-header-display":"","site-post-title":"","ast-breadcrumbs-content":"","ast-featured-img":"","footer-sml-layout":"","ast-disable-related-posts":"","theme-transparent-header-meta":"default","adv-header-id-meta":"","stick-header-meta":"","header-above-stick-meta":"","header-main-stick-meta":"","header-below-stick-meta":"","astra-migrate-meta-layouts":"set","ast-page-background-enabled":"default","ast-page-background-meta":{"desktop":{"background-color":"","background-image":"","background-repeat":"repeat","background-position":"center center","background-size":"auto","background-attachment":"scroll","background-type":"","background-media":"","overlay-type":"","overlay-color":"","overlay-opacity":"","overlay-gradient":""},"tablet":{"background-color":"","background-image":"","background-repeat":"repeat","background-position":"center center","background-size":"auto","background-attachment":"scroll","background-type":"","background-media":"","overlay-type":"","overlay-color":"","overlay-opacity":"","overlay-gradient":""},"mobile":{"background-color":"","background-image":"","background-repeat":"repeat","background-position":"center center","background-size":"auto","background-attachment":"scroll","background-type":"","background-media":"","overlay-type":"","overlay-color":"","overlay-opacity":"","overlay-gradient":""}},"ast-content-background-meta":{"desktop":{"background-color":"var(--ast-global-color-5)","background-image":"","background-repeat":"repeat","background-position":"center center","background-size":"auto","background-attachment":"scroll","background-type":"","background-media":"","overlay-type":"","overlay-color":"","overlay-opacity":"","overlay-gradient":""},"tablet":{"background-color":"var(--ast-global-color-5)","background-image":"","background-repeat":"repeat","background-position":"center center","background-size":"auto","background-attachment":"scroll","background-type":"","background-media":"","overlay-type":"","overlay-color":"","overlay-opacity":"","overlay-gradient":""},"mobile":{"background-color":"var(--ast-global-color-5)","background-image":"","background-repeat":"repeat","background-position":"center center","background-size":"auto","background-attachment":"scroll","background-type":"","background-media":"","overlay-type":"","overlay-color":"","overlay-opacity":"","overlay-gradient":""}}},"product_cat":[64],"product_tag":[],"class_list":{"0":"post-6746","1":"product","2":"type-product","3":"status-publish","4":"has-post-thumbnail","6":"product_cat-travel-adapter","7":"desktop-align-center","8":"tablet-align-center","9":"mobile-align-center","11":"first","12":"instock","13":"shipping-taxable","14":"product-type-simple"},"_links":{"self":[{"href":"https:\/\/imiapower.com\/pt_pt\/wp-json\/wp\/v2\/product\/6746","targetHints":{"allow":["GET"]}}],"collection":[{"href":"https:\/\/imiapower.com\/pt_pt\/wp-json\/wp\/v2\/product"}],"about":[{"href":"https:\/\/imiapower.com\/pt_pt\/wp-json\/wp\/v2\/types\/product"}],"replies":[{"embeddable":true,"href":"https:\/\/imiapower.com\/pt_pt\/wp-json\/wp\/v2\/comments?post=6746"}],"version-history":[{"count":2,"href":"https:\/\/imiapower.com\/pt_pt\/wp-json\/wp\/v2\/product\/6746\/revisions"}],"predecessor-version":[{"id":7811,"href":"https:\/\/imiapower.com\/pt_pt\/wp-json\/wp\/v2\/product\/6746\/revisions\/7811"}],"wp:featuredmedia":[{"embeddable":true,"href":"https:\/\/imiapower.com\/pt_pt\/wp-json\/wp\/v2\/media\/7311"}],"wp:attachment":[{"href":"https:\/\/imiapower.com\/pt_pt\/wp-json\/wp\/v2\/media?parent=6746"}],"wp:term":[{"taxonomy":"product_cat","embeddable":true,"href":"https:\/\/imiapower.com\/pt_pt\/wp-json\/wp\/v2\/product_cat?post=6746"},{"taxonomy":"product_tag","embeddable":true,"href":"https:\/\/imiapower.com\/pt_pt\/wp-json\/wp\/v2\/product_tag?post=6746"}],"curies":[{"name":"wp","href":"https:\/\/api.w.org\/{rel}","templated":true}]}}