{"id":7141,"date":"2024-03-18T01:08:25","date_gmt":"2024-03-18T01:08:25","guid":{"rendered":"https:\/\/imia.com.cn\/?post_type=product&#038;p=7141"},"modified":"2024-11-29T01:37:07","modified_gmt":"2024-11-29T01:37:07","slug":"china-usb-charger-manufacturer","status":"publish","type":"product","link":"https:\/\/imiapower.com\/pt_pt\/products\/wall-charger\/china-usb-charger-manufacturer\/","title":{"rendered":"Poderoso fabricante de mini carregador USB de 33 W na China"},"content":{"rendered":"<ul>\n<li><strong>fabricante de carregador USB na China<\/strong><\/li>\n<li><strong>Entrada:<\/strong> 110-240 Vca 50-60 Hz<\/li>\n<li><strong>Sa\u00edda:<\/strong> Usb-a: 5v3a\/9v2a\/12v1.5a qc18w<\/li>\n<li><strong>Tipo C1:<\/strong> 5V3A\/9V3A\/12V1,5A\/15V2A\/20V1,5A<\/li>\n<li><strong>PPS:<\/strong> 3,3 V-11 V 3A 3,3 V-16V2A 33 W M\u00c1XIMO A+C: 5V3A<\/li>\n<li><strong>Material:<\/strong> Material \u00e0 prova de fogo para PC<\/li>\n<li><strong>Tamanho:<\/strong> 30*30*68cm<\/li>\n<li><strong>Cor:<\/strong> Rosa, azul, verde<\/li>\n<li><strong>Certificado:<\/strong> KC, CE, FCC, ROHS<\/li>\n<\/ul>","protected":false},"excerpt":{"rendered":"<p>Como fabricante chin\u00eas de carregadores USB, sempre fornecemos diferentes s\u00e9ries de produtos relacionados \u00e0 energia.<\/p>\n<p>Este \u00e9 um \u00f3timo dispositivo que voc\u00ea pode usar facilmente porque a tecnologia cuida da bateria do seu telefone da melhor maneira.<\/p>\n<p>Equipado com tecnologia PD, ele carrega seus dispositivos com efici\u00eancia at\u00e9 3x mais r\u00e1pido do que os carregadores padr\u00e3o.<\/p>\n<p>Suporta uma ampla gama de dispositivos de telefone de marca, sempre usamos smartphones de marcas diferentes para fazer o teste e garantir a compatibilidade. A tecnologia de carregamento inteligente se adapta automaticamente para fornecer a energia ideal para o seu dispositivo<\/p>\n<p>&nbsp;<\/p>","protected":false},"featured_media":8240,"comment_status":"open","ping_status":"closed","template":"","meta":{"rank_math_lock_modified_date":false,"site-sidebar-layout":"default","site-content-layout":"","ast-site-content-layout":"default","site-content-style":"default","site-sidebar-style":"default","ast-global-header-display":"","ast-banner-title-visibility":"","ast-main-header-display":"","ast-hfb-above-header-display":"","ast-hfb-below-header-display":"","ast-hfb-mobile-header-display":"","site-post-title":"","ast-breadcrumbs-content":"","ast-featured-img":"","footer-sml-layout":"","ast-disable-related-posts":"","theme-transparent-header-meta":"default","adv-header-id-meta":"","stick-header-meta":"","header-above-stick-meta":"","header-main-stick-meta":"","header-below-stick-meta":"","astra-migrate-meta-layouts":"set","ast-page-background-enabled":"default","ast-page-background-meta":{"desktop":{"background-color":"","background-image":"","background-repeat":"repeat","background-position":"center center","background-size":"auto","background-attachment":"scroll","background-type":"","background-media":"","overlay-type":"","overlay-color":"","overlay-opacity":"","overlay-gradient":""},"tablet":{"background-color":"","background-image":"","background-repeat":"repeat","background-position":"center center","background-size":"auto","background-attachment":"scroll","background-type":"","background-media":"","overlay-type":"","overlay-color":"","overlay-opacity":"","overlay-gradient":""},"mobile":{"background-color":"","background-image":"","background-repeat":"repeat","background-position":"center center","background-size":"auto","background-attachment":"scroll","background-type":"","background-media":"","overlay-type":"","overlay-color":"","overlay-opacity":"","overlay-gradient":""}},"ast-content-background-meta":{"desktop":{"background-color":"var(--ast-global-color-5)","background-image":"","background-repeat":"repeat","background-position":"center center","background-size":"auto","background-attachment":"scroll","background-type":"","background-media":"","overlay-type":"","overlay-color":"","overlay-opacity":"","overlay-gradient":""},"tablet":{"background-color":"var(--ast-global-color-5)","background-image":"","background-repeat":"repeat","background-position":"center center","background-size":"auto","background-attachment":"scroll","background-type":"","background-media":"","overlay-type":"","overlay-color":"","overlay-opacity":"","overlay-gradient":""},"mobile":{"background-color":"var(--ast-global-color-5)","background-image":"","background-repeat":"repeat","background-position":"center center","background-size":"auto","background-attachment":"scroll","background-type":"","background-media":"","overlay-type":"","overlay-color":"","overlay-opacity":"","overlay-gradient":""}}},"product_cat":[43],"product_tag":[],"class_list":{"0":"post-7141","1":"product","2":"type-product","3":"status-publish","4":"has-post-thumbnail","6":"product_cat-wall-charger","7":"desktop-align-center","8":"tablet-align-center","9":"mobile-align-center","11":"first","12":"instock","13":"shipping-taxable","14":"product-type-simple"},"_links":{"self":[{"href":"https:\/\/imiapower.com\/pt_pt\/wp-json\/wp\/v2\/product\/7141","targetHints":{"allow":["GET"]}}],"collection":[{"href":"https:\/\/imiapower.com\/pt_pt\/wp-json\/wp\/v2\/product"}],"about":[{"href":"https:\/\/imiapower.com\/pt_pt\/wp-json\/wp\/v2\/types\/product"}],"replies":[{"embeddable":true,"href":"https:\/\/imiapower.com\/pt_pt\/wp-json\/wp\/v2\/comments?post=7141"}],"version-history":[{"count":5,"href":"https:\/\/imiapower.com\/pt_pt\/wp-json\/wp\/v2\/product\/7141\/revisions"}],"predecessor-version":[{"id":8706,"href":"https:\/\/imiapower.com\/pt_pt\/wp-json\/wp\/v2\/product\/7141\/revisions\/8706"}],"wp:featuredmedia":[{"embeddable":true,"href":"https:\/\/imiapower.com\/pt_pt\/wp-json\/wp\/v2\/media\/8240"}],"wp:attachment":[{"href":"https:\/\/imiapower.com\/pt_pt\/wp-json\/wp\/v2\/media?parent=7141"}],"wp:term":[{"taxonomy":"product_cat","embeddable":true,"href":"https:\/\/imiapower.com\/pt_pt\/wp-json\/wp\/v2\/product_cat?post=7141"},{"taxonomy":"product_tag","embeddable":true,"href":"https:\/\/imiapower.com\/pt_pt\/wp-json\/wp\/v2\/product_tag?post=7141"}],"curies":[{"name":"wp","href":"https:\/\/api.w.org\/{rel}","templated":true}]}}