{"id":7197,"date":"2024-03-22T00:15:10","date_gmt":"2024-03-22T00:15:10","guid":{"rendered":"https:\/\/imia.com.cn\/?post_type=product&#038;p=7197"},"modified":"2024-08-02T02:16:18","modified_gmt":"2024-08-02T02:16:18","slug":"usb-car-charger","status":"publish","type":"product","link":"https:\/\/imiapower.com\/pt_pt\/products\/car-charger\/usb-car-charger\/","title":{"rendered":"Poderoso carregador usb para carro 38W da China"},"content":{"rendered":"<ul>\n<li><strong>carregador usb para carro<\/strong><\/li>\n<li><strong>Entrada:<\/strong> DC12V-24V<\/li>\n<li><strong>Vers\u00e3o de sa\u00edda1# 1usb:<\/strong> 5V2.1A<\/li>\n<li><strong>Vers\u00e3o2# 1usb:<\/strong> 5V3A\/9V2A\/12V1.5A (m\u00e1x.18W)<\/li>\n<li><strong>Vers\u00e3o 3# 2usb:<\/strong> usb1 5V2.1A, usb2 5V2.1A usb1+usb2 5V3.4A<\/li>\n<li><strong>Vers\u00e3o 4# 2usb:<\/strong> usb1 5V3A\/9V2A\/12V1.5A (m\u00e1x. 18 W) usb2 5V3A\/9V2A\/12V1.5A (m\u00e1x. 18 W) Total: 36 W (m\u00e1x.)<\/li>\n<li><strong>Vers\u00e3o 5# 1usb+1 tipo-c:<\/strong> tipo: 5V3A\/9V2.22A\/12V1.67A(Max.20W) usb1: 5V3A\/9V2A\/12V1.5A(Max.18W) Total: 38W(Max.)<\/li>\n<li><strong>Certifica\u00e7\u00e3o:<\/strong> CE, ROHS, CCC<\/li>\n<li><strong>Prazo de produ\u00e7\u00e3o<\/strong>: cerca de 30-35 dias<\/li>\n<\/ul>","protected":false},"excerpt":{"rendered":"<p>O carregador USB para carro \u00e9 comumente conhecido como tomada de isqueiro e fornece uma ou mais portas USB para carregar dispositivos eletr\u00f4nicos, como smartphones, tablets e outros dispositivos eletr\u00f4nicos.<\/p>\n<p>Este carregador de carro usa um molde com diferentes designs de energia (v\u00e1rias op\u00e7\u00f5es de 10,5 W, 18 W, 36 W, 38 W), os atacadistas podem vend\u00ea-los separadamente ou defini-los com um pre\u00e7o com desconto<\/p>\n<p>Sempre oferecemos garantia de 1 ano e amostras gr\u00e1tis<\/p>\n<p>&nbsp;<\/p>","protected":false},"featured_media":8236,"comment_status":"open","ping_status":"closed","template":"","meta":{"rank_math_lock_modified_date":false,"site-sidebar-layout":"default","site-content-layout":"","ast-site-content-layout":"default","site-content-style":"default","site-sidebar-style":"default","ast-global-header-display":"","ast-banner-title-visibility":"","ast-main-header-display":"","ast-hfb-above-header-display":"","ast-hfb-below-header-display":"","ast-hfb-mobile-header-display":"","site-post-title":"","ast-breadcrumbs-content":"","ast-featured-img":"","footer-sml-layout":"","ast-disable-related-posts":"","theme-transparent-header-meta":"default","adv-header-id-meta":"","stick-header-meta":"","header-above-stick-meta":"","header-main-stick-meta":"","header-below-stick-meta":"","astra-migrate-meta-layouts":"set","ast-page-background-enabled":"default","ast-page-background-meta":{"desktop":{"background-color":"","background-image":"","background-repeat":"repeat","background-position":"center center","background-size":"auto","background-attachment":"scroll","background-type":"","background-media":"","overlay-type":"","overlay-color":"","overlay-opacity":"","overlay-gradient":""},"tablet":{"background-color":"","background-image":"","background-repeat":"repeat","background-position":"center center","background-size":"auto","background-attachment":"scroll","background-type":"","background-media":"","overlay-type":"","overlay-color":"","overlay-opacity":"","overlay-gradient":""},"mobile":{"background-color":"","background-image":"","background-repeat":"repeat","background-position":"center center","background-size":"auto","background-attachment":"scroll","background-type":"","background-media":"","overlay-type":"","overlay-color":"","overlay-opacity":"","overlay-gradient":""}},"ast-content-background-meta":{"desktop":{"background-color":"var(--ast-global-color-5)","background-image":"","background-repeat":"repeat","background-position":"center center","background-size":"auto","background-attachment":"scroll","background-type":"","background-media":"","overlay-type":"","overlay-color":"","overlay-opacity":"","overlay-gradient":""},"tablet":{"background-color":"var(--ast-global-color-5)","background-image":"","background-repeat":"repeat","background-position":"center center","background-size":"auto","background-attachment":"scroll","background-type":"","background-media":"","overlay-type":"","overlay-color":"","overlay-opacity":"","overlay-gradient":""},"mobile":{"background-color":"var(--ast-global-color-5)","background-image":"","background-repeat":"repeat","background-position":"center center","background-size":"auto","background-attachment":"scroll","background-type":"","background-media":"","overlay-type":"","overlay-color":"","overlay-opacity":"","overlay-gradient":""}}},"product_cat":[41],"product_tag":[],"class_list":{"0":"post-7197","1":"product","2":"type-product","3":"status-publish","4":"has-post-thumbnail","6":"product_cat-car-charger","7":"desktop-align-center","8":"tablet-align-center","9":"mobile-align-center","11":"first","12":"instock","13":"shipping-taxable","14":"product-type-simple"},"_links":{"self":[{"href":"https:\/\/imiapower.com\/pt_pt\/wp-json\/wp\/v2\/product\/7197","targetHints":{"allow":["GET"]}}],"collection":[{"href":"https:\/\/imiapower.com\/pt_pt\/wp-json\/wp\/v2\/product"}],"about":[{"href":"https:\/\/imiapower.com\/pt_pt\/wp-json\/wp\/v2\/types\/product"}],"replies":[{"embeddable":true,"href":"https:\/\/imiapower.com\/pt_pt\/wp-json\/wp\/v2\/comments?post=7197"}],"version-history":[{"count":2,"href":"https:\/\/imiapower.com\/pt_pt\/wp-json\/wp\/v2\/product\/7197\/revisions"}],"predecessor-version":[{"id":8202,"href":"https:\/\/imiapower.com\/pt_pt\/wp-json\/wp\/v2\/product\/7197\/revisions\/8202"}],"wp:featuredmedia":[{"embeddable":true,"href":"https:\/\/imiapower.com\/pt_pt\/wp-json\/wp\/v2\/media\/8236"}],"wp:attachment":[{"href":"https:\/\/imiapower.com\/pt_pt\/wp-json\/wp\/v2\/media?parent=7197"}],"wp:term":[{"taxonomy":"product_cat","embeddable":true,"href":"https:\/\/imiapower.com\/pt_pt\/wp-json\/wp\/v2\/product_cat?post=7197"},{"taxonomy":"product_tag","embeddable":true,"href":"https:\/\/imiapower.com\/pt_pt\/wp-json\/wp\/v2\/product_tag?post=7197"}],"curies":[{"name":"wp","href":"https:\/\/api.w.org\/{rel}","templated":true}]}}