{"id":7242,"date":"2024-03-23T03:14:21","date_gmt":"2024-03-23T03:14:21","guid":{"rendered":"https:\/\/imia.com.cn\/?post_type=product&#038;p=7242"},"modified":"2026-01-05T08:19:03","modified_gmt":"2026-01-05T08:19:03","slug":"100w-usb-c-charger","status":"publish","type":"product","link":"https:\/\/imiapower.com\/pt_pt\/products\/wall-charger\/100w-usb-c-charger\/","title":{"rendered":"Carregador USB C absolutamente de 100 W para laptop com cabo de 1,5 m"},"content":{"rendered":"<ul>\n<li><strong>Carregador USB-C de 100 W<\/strong><\/li>\n<li><strong>Entrada:<\/strong> 100-240 VCA 50\/60 Hz<\/li>\n<li><strong>Sa\u00edda:<\/strong> 5,1V 5A 9V 3A 12V 3A 15V 3A 20V 5A<\/li>\n<li><strong>Dimens\u00e3o: <\/strong>65*65*29MM<\/li>\n<li><strong>Projeto:<\/strong> dobrar\/desdobrar plugue EUA<\/li>\n<li><strong>Cor:<\/strong> Preto<\/li>\n<li><strong>Certificado:<\/strong> UL FCC CE CB UKCA<\/li>\n<li><strong>Cabo:<\/strong> Cabo tipo C de 1,5M<\/li>\n<li><strong>Prazo de produ\u00e7\u00e3o:<\/strong> 30 dias<\/li>\n<li><strong>Garantia:<\/strong> 2 anos<\/li>\n<\/ul>","protected":false},"excerpt":{"rendered":"<p>O carregador USB C de 100 W fornece at\u00e9 100 watts de energia para carregar seu laptop. Essa pot\u00eancia \u00e9 suficiente para muitos laptops modernos, incluindo laptops para jogos e aqueles com processadores e placas de v\u00eddeo que consomem muita energia.<\/p>\n<p>Este carregador de laptop possui certifica\u00e7\u00e3o mundial<\/p>\n<p>O plugue dos EUA pode ser projetado como dobr\u00e1vel ou n\u00e3o dobr\u00e1vel<\/p>\n<p>Este carregador de laptop fornece plugues troc\u00e1veis dos EUA, UE, Reino Unido e Austr\u00e1lia e pode ser levado para viagens de neg\u00f3cios para diferentes pa\u00edses, sem necessidade de se preocupar com problemas de soquete CA de diferentes pa\u00edses<\/p>","protected":false},"featured_media":7319,"comment_status":"open","ping_status":"closed","template":"","meta":{"rank_math_lock_modified_date":false,"site-sidebar-layout":"default","site-content-layout":"","ast-site-content-layout":"default","site-content-style":"default","site-sidebar-style":"default","ast-global-header-display":"","ast-banner-title-visibility":"","ast-main-header-display":"","ast-hfb-above-header-display":"","ast-hfb-below-header-display":"","ast-hfb-mobile-header-display":"","site-post-title":"","ast-breadcrumbs-content":"","ast-featured-img":"","footer-sml-layout":"","ast-disable-related-posts":"","theme-transparent-header-meta":"default","adv-header-id-meta":"","stick-header-meta":"","header-above-stick-meta":"","header-main-stick-meta":"","header-below-stick-meta":"","astra-migrate-meta-layouts":"set","ast-page-background-enabled":"default","ast-page-background-meta":{"desktop":{"background-color":"","background-image":"","background-repeat":"repeat","background-position":"center center","background-size":"auto","background-attachment":"scroll","background-type":"","background-media":"","overlay-type":"","overlay-color":"","overlay-opacity":"","overlay-gradient":""},"tablet":{"background-color":"","background-image":"","background-repeat":"repeat","background-position":"center center","background-size":"auto","background-attachment":"scroll","background-type":"","background-media":"","overlay-type":"","overlay-color":"","overlay-opacity":"","overlay-gradient":""},"mobile":{"background-color":"","background-image":"","background-repeat":"repeat","background-position":"center center","background-size":"auto","background-attachment":"scroll","background-type":"","background-media":"","overlay-type":"","overlay-color":"","overlay-opacity":"","overlay-gradient":""}},"ast-content-background-meta":{"desktop":{"background-color":"var(--ast-global-color-5)","background-image":"","background-repeat":"repeat","background-position":"center center","background-size":"auto","background-attachment":"scroll","background-type":"","background-media":"","overlay-type":"","overlay-color":"","overlay-opacity":"","overlay-gradient":""},"tablet":{"background-color":"var(--ast-global-color-5)","background-image":"","background-repeat":"repeat","background-position":"center center","background-size":"auto","background-attachment":"scroll","background-type":"","background-media":"","overlay-type":"","overlay-color":"","overlay-opacity":"","overlay-gradient":""},"mobile":{"background-color":"var(--ast-global-color-5)","background-image":"","background-repeat":"repeat","background-position":"center center","background-size":"auto","background-attachment":"scroll","background-type":"","background-media":"","overlay-type":"","overlay-color":"","overlay-opacity":"","overlay-gradient":""}}},"product_cat":[43],"product_tag":[],"class_list":{"0":"post-7242","1":"product","2":"type-product","3":"status-publish","4":"has-post-thumbnail","6":"product_cat-wall-charger","7":"desktop-align-center","8":"tablet-align-center","9":"mobile-align-center","11":"first","12":"instock","13":"shipping-taxable","14":"product-type-simple"},"_links":{"self":[{"href":"https:\/\/imiapower.com\/pt_pt\/wp-json\/wp\/v2\/product\/7242","targetHints":{"allow":["GET"]}}],"collection":[{"href":"https:\/\/imiapower.com\/pt_pt\/wp-json\/wp\/v2\/product"}],"about":[{"href":"https:\/\/imiapower.com\/pt_pt\/wp-json\/wp\/v2\/types\/product"}],"replies":[{"embeddable":true,"href":"https:\/\/imiapower.com\/pt_pt\/wp-json\/wp\/v2\/comments?post=7242"}],"version-history":[{"count":4,"href":"https:\/\/imiapower.com\/pt_pt\/wp-json\/wp\/v2\/product\/7242\/revisions"}],"predecessor-version":[{"id":8277,"href":"https:\/\/imiapower.com\/pt_pt\/wp-json\/wp\/v2\/product\/7242\/revisions\/8277"}],"wp:featuredmedia":[{"embeddable":true,"href":"https:\/\/imiapower.com\/pt_pt\/wp-json\/wp\/v2\/media\/7319"}],"wp:attachment":[{"href":"https:\/\/imiapower.com\/pt_pt\/wp-json\/wp\/v2\/media?parent=7242"}],"wp:term":[{"taxonomy":"product_cat","embeddable":true,"href":"https:\/\/imiapower.com\/pt_pt\/wp-json\/wp\/v2\/product_cat?post=7242"},{"taxonomy":"product_tag","embeddable":true,"href":"https:\/\/imiapower.com\/pt_pt\/wp-json\/wp\/v2\/product_tag?post=7242"}],"curies":[{"name":"wp","href":"https:\/\/api.w.org\/{rel}","templated":true}]}}