{"id":7489,"date":"2024-04-26T03:02:32","date_gmt":"2024-04-26T03:02:32","guid":{"rendered":"https:\/\/imiapower.com\/?post_type=product&#038;p=7489"},"modified":"2025-05-26T06:34:09","modified_gmt":"2025-05-26T06:34:09","slug":"all-in-one-travel-adapter","status":"publish","type":"product","link":"https:\/\/imiapower.com\/pt_pt\/products\/travel-adapter\/all-in-one-travel-adapter\/","title":{"rendered":"Adaptador de viagem tudo em um mais vendido"},"content":{"rendered":"<ul>\n<li><strong>Adaptador de viagem tudo-em-um<\/strong><\/li>\n<li><strong>Entrada CA:<\/strong>\u00a0 6A m\u00e1x. 100-240Vca<\/li>\n<li><strong>Sa\u00edda USB:<\/strong>5 V 3100 mA<\/li>\n<li><strong>Plugue:<\/strong> UE\/UA\/Reino Unido\/EUA<\/li>\n<li><strong>Cor:<\/strong> Preto branco<\/li>\n<li><strong>Tamanho:<\/strong>60*45*55mm<\/li>\n<li><strong>Material:<\/strong> ABS + cobre metal + \u00f3leo de borracha<\/li>\n<li><strong>Observa\u00e7\u00e3o:<\/strong> UE\/UA\/Reino Unido\/EUA tudo em um pode ser usado em mais de 170 pa\u00edses<\/li>\n<li><strong>Certificado:<\/strong> CE, Rohs<\/li>\n<\/ul>","protected":false},"excerpt":{"rendered":"<p>Este adaptador de viagem da ue \u00e9 um produto necess\u00e1rio para viajar para diferentes pa\u00edses, porque em diferentes pa\u00edses, o plugue de carregamento \u00e9 diferente, este adaptador incluindo plugues da UE, EUA, AUS e Reino Unido pode atender \u00e0s solicita\u00e7\u00f5es de plugue da maioria dos pa\u00edses<\/p>\n<p>Este produto possui 1 porta de carregamento USB A e 1 tipo C que pode atender a solicita\u00e7\u00f5es de carregamento de viagens pessoais<\/p>\n<p>Este modelo \u00e9 um item de viagem cl\u00e1ssico com seu pre\u00e7o barato e se tornou um modelo mais vendido no mundo por muitos anos.<\/p>\n<p>Amostras gr\u00e1tis podem ser fornecidas ao nosso valioso cliente<\/p>\n<p>&nbsp;<\/p>","protected":false},"featured_media":7490,"comment_status":"closed","ping_status":"closed","template":"","meta":{"rank_math_lock_modified_date":false,"site-sidebar-layout":"default","site-content-layout":"","ast-site-content-layout":"default","site-content-style":"default","site-sidebar-style":"default","ast-global-header-display":"","ast-banner-title-visibility":"","ast-main-header-display":"","ast-hfb-above-header-display":"","ast-hfb-below-header-display":"","ast-hfb-mobile-header-display":"","site-post-title":"","ast-breadcrumbs-content":"","ast-featured-img":"","footer-sml-layout":"","ast-disable-related-posts":"","theme-transparent-header-meta":"default","adv-header-id-meta":"","stick-header-meta":"","header-above-stick-meta":"","header-main-stick-meta":"","header-below-stick-meta":"","astra-migrate-meta-layouts":"set","ast-page-background-enabled":"default","ast-page-background-meta":{"desktop":{"background-color":"","background-image":"","background-repeat":"repeat","background-position":"center center","background-size":"auto","background-attachment":"scroll","background-type":"","background-media":"","overlay-type":"","overlay-color":"","overlay-opacity":"","overlay-gradient":""},"tablet":{"background-color":"","background-image":"","background-repeat":"repeat","background-position":"center center","background-size":"auto","background-attachment":"scroll","background-type":"","background-media":"","overlay-type":"","overlay-color":"","overlay-opacity":"","overlay-gradient":""},"mobile":{"background-color":"","background-image":"","background-repeat":"repeat","background-position":"center center","background-size":"auto","background-attachment":"scroll","background-type":"","background-media":"","overlay-type":"","overlay-color":"","overlay-opacity":"","overlay-gradient":""}},"ast-content-background-meta":{"desktop":{"background-color":"var(--ast-global-color-5)","background-image":"","background-repeat":"repeat","background-position":"center center","background-size":"auto","background-attachment":"scroll","background-type":"","background-media":"","overlay-type":"","overlay-color":"","overlay-opacity":"","overlay-gradient":""},"tablet":{"background-color":"var(--ast-global-color-5)","background-image":"","background-repeat":"repeat","background-position":"center center","background-size":"auto","background-attachment":"scroll","background-type":"","background-media":"","overlay-type":"","overlay-color":"","overlay-opacity":"","overlay-gradient":""},"mobile":{"background-color":"var(--ast-global-color-5)","background-image":"","background-repeat":"repeat","background-position":"center center","background-size":"auto","background-attachment":"scroll","background-type":"","background-media":"","overlay-type":"","overlay-color":"","overlay-opacity":"","overlay-gradient":""}}},"product_cat":[64],"product_tag":[],"class_list":{"0":"post-7489","1":"product","2":"type-product","3":"status-publish","4":"has-post-thumbnail","6":"product_cat-travel-adapter","7":"desktop-align-center","8":"tablet-align-center","9":"mobile-align-center","11":"first","12":"instock","13":"shipping-taxable","14":"product-type-simple"},"_links":{"self":[{"href":"https:\/\/imiapower.com\/pt_pt\/wp-json\/wp\/v2\/product\/7489","targetHints":{"allow":["GET"]}}],"collection":[{"href":"https:\/\/imiapower.com\/pt_pt\/wp-json\/wp\/v2\/product"}],"about":[{"href":"https:\/\/imiapower.com\/pt_pt\/wp-json\/wp\/v2\/types\/product"}],"replies":[{"embeddable":true,"href":"https:\/\/imiapower.com\/pt_pt\/wp-json\/wp\/v2\/comments?post=7489"}],"version-history":[{"count":2,"href":"https:\/\/imiapower.com\/pt_pt\/wp-json\/wp\/v2\/product\/7489\/revisions"}],"predecessor-version":[{"id":9197,"href":"https:\/\/imiapower.com\/pt_pt\/wp-json\/wp\/v2\/product\/7489\/revisions\/9197"}],"wp:featuredmedia":[{"embeddable":true,"href":"https:\/\/imiapower.com\/pt_pt\/wp-json\/wp\/v2\/media\/7490"}],"wp:attachment":[{"href":"https:\/\/imiapower.com\/pt_pt\/wp-json\/wp\/v2\/media?parent=7489"}],"wp:term":[{"taxonomy":"product_cat","embeddable":true,"href":"https:\/\/imiapower.com\/pt_pt\/wp-json\/wp\/v2\/product_cat?post=7489"},{"taxonomy":"product_tag","embeddable":true,"href":"https:\/\/imiapower.com\/pt_pt\/wp-json\/wp\/v2\/product_tag?post=7489"}],"curies":[{"name":"wp","href":"https:\/\/api.w.org\/{rel}","templated":true}]}}