{"id":7654,"date":"2024-05-14T07:26:31","date_gmt":"2024-05-14T07:26:31","guid":{"rendered":"https:\/\/imiapower.com\/?post_type=product&#038;p=7654"},"modified":"2026-01-15T03:25:55","modified_gmt":"2026-01-15T03:25:55","slug":"eu-travel-adapter","status":"publish","type":"product","link":"https:\/\/imiapower.com\/pt_pt\/products\/travel-adapter\/eu-travel-adapter\/","title":{"rendered":"Adaptador de viagem acess\u00edvel de 35 W na UE"},"content":{"rendered":"<ul>\n<li><strong>Adaptador de viagem da UE<\/strong><\/li>\n<li style=\"text-align: left;\"><strong>Entrada :<\/strong> AC100 ~ 250 V M\u00e1x. 50 ~ 60 Hz, 0,8 A \/ 2500 W M\u00e1x.<\/li>\n<li style=\"text-align: left;\"><strong>Sa\u00edda C1:<\/strong> 5 V 3,0 A, 9 V 3,0 A, 12 V 2,9 A, 15 V 2,33 A, 20 V 1,75 A 35 W m\u00e1x.<\/li>\n<li style=\"text-align: left;\"><strong>PPS:<\/strong> 3,3 V ~ 11 V 3 A, 3,3 V ~ 16 V 2,18 A PPS 35 W m\u00e1x.<\/li>\n<li style=\"text-align: left;\"><strong>Sa\u00edda C2\/C3:<\/strong> 5V 3A 15W m\u00e1x.<\/li>\n<li style=\"text-align: left;\"><strong>Sa\u00edda C1+C2+C3:<\/strong> PD20W +C2+C3: 15 W m\u00e1x.<\/li>\n<li style=\"text-align: left;\"><strong>Sa\u00edda USB-A1\/A2:<\/strong> 5V 2,4A 12W m\u00e1x.<\/li>\n<li style=\"text-align: left;\"><strong>Sa\u00edda C1+USB-A1\/A2:<\/strong> PD20W + 12W m\u00e1x.<\/li>\n<li style=\"text-align: left;\"><strong>Sa\u00edda C1+C2+C3+USB-A1+A2:<\/strong> C1: PD20W + Outras portas 15W m\u00e1x.<\/li>\n<li style=\"text-align: left;\"><strong>Produ\u00e7\u00e3o total:<\/strong> 35W m\u00e1x.<\/li>\n<li style=\"text-align: left;\"><strong>Avalia\u00e7\u00e3o de fuz\u00edvel:<\/strong> 10A<\/li>\n<li><strong>Material:<\/strong> PC demitido<\/li>\n<li><strong>Tamanho: <\/strong>72x52x57mm<\/li>\n<li><strong>Observa\u00e7\u00e3o:<\/strong> UE\/UA\/Reino Unido\/EUA tudo em um pode ser usado em mais de 170 pa\u00edses<\/li>\n<\/ul>","protected":false},"excerpt":{"rendered":"<p><img fetchpriority=\"high\" decoding=\"async\" class=\"alignnone wp-image-8688 size-full\" src=\"https:\/\/imiapower.com\/wp-content\/uploads\/Power-Adapter-1.jpg\" alt=\"adaptador de viagem da ue\" width=\"800\" height=\"800\" srcset=\"https:\/\/imiapower.com\/wp-content\/uploads\/Power-Adapter-1.jpg 800w, https:\/\/imiapower.com\/wp-content\/uploads\/Power-Adapter-1-300x300.jpg 300w, https:\/\/imiapower.com\/wp-content\/uploads\/Power-Adapter-1-100x100.jpg 100w, https:\/\/imiapower.com\/wp-content\/uploads\/Power-Adapter-1-600x600.jpg 600w, https:\/\/imiapower.com\/wp-content\/uploads\/Power-Adapter-1-64x64.jpg 64w, https:\/\/imiapower.com\/wp-content\/uploads\/Power-Adapter-1-150x150.jpg 150w, https:\/\/imiapower.com\/wp-content\/uploads\/Power-Adapter-1-768x768.jpg 768w, https:\/\/imiapower.com\/wp-content\/uploads\/Power-Adapter-1-12x12.jpg 12w\" sizes=\"(max-width: 800px) 100vw, 800px\" \/> <img decoding=\"async\" class=\"alignnone wp-image-8689 size-full\" src=\"https:\/\/imiapower.com\/wp-content\/uploads\/Power-Adapter-2.jpg\" alt=\"adaptador de viagem da ue\" width=\"800\" height=\"800\" srcset=\"https:\/\/imiapower.com\/wp-content\/uploads\/Power-Adapter-2.jpg 800w, https:\/\/imiapower.com\/wp-content\/uploads\/Power-Adapter-2-300x300.jpg 300w, https:\/\/imiapower.com\/wp-content\/uploads\/Power-Adapter-2-100x100.jpg 100w, https:\/\/imiapower.com\/wp-content\/uploads\/Power-Adapter-2-600x600.jpg 600w, https:\/\/imiapower.com\/wp-content\/uploads\/Power-Adapter-2-64x64.jpg 64w, https:\/\/imiapower.com\/wp-content\/uploads\/Power-Adapter-2-150x150.jpg 150w, https:\/\/imiapower.com\/wp-content\/uploads\/Power-Adapter-2-768x768.jpg 768w, https:\/\/imiapower.com\/wp-content\/uploads\/Power-Adapter-2-12x12.jpg 12w\" sizes=\"(max-width: 800px) 100vw, 800px\" \/><\/p>\n<p>Este adaptador de viagem da ue \u00e9 um produto necess\u00e1rio para viajar para diferentes pa\u00edses, porque em diferentes pa\u00edses, o plugue de carregamento \u00e9 diferente, este adaptador incluindo plugues da UE, EUA, AUS e Reino Unido pode atender \u00e0s solicita\u00e7\u00f5es de plugue da maioria dos pa\u00edses<\/p>\n<p>Para este adaptador de viagem universal, aplicamos certifica\u00e7\u00f5es populares como CE, UKCA, FCC, LVD, ERP, REACH, ROHS<\/p>\n<p>Este adaptador de viagem da UE adota solu\u00e7\u00f5es de distribui\u00e7\u00e3o de energia, esta \u00e9 a solu\u00e7\u00e3o mais popular do mercado para dispositivos de carregamento multiportas, garantindo situa\u00e7\u00f5es de carregamento sem desconex\u00e3o<\/p>\n<p>Os clientes podem escolher se precisam criar um logotipo personalizado com luz LED<\/p>\n<p>O adaptador de viagem com dois fus\u00edveis de 10A protege eficazmente seus dispositivos e protege seus aparelhos el\u00e9tricos ao us\u00e1-los<\/p>\n<p>Suporte de tens\u00e3o selvagem de 100V\u2013250V\/10A(1000W-2500W)<\/p>\n<p>Com seu tamanho pequeno e leve, \u00e9 muito f\u00e1cil de transportar quando sa\u00edmos<\/p>\n<p>Manual do usu\u00e1rio<\/p>\n<p><img decoding=\"async\" class=\"alignnone wp-image-9877 size-large\" style=\"font-style: inherit; font-weight: inherit;\" src=\"https:\/\/imiapower.com\/wp-content\/uploads\/\u5fae\u4fe1\u56fe\u7247_20260115111346_139_100-1024x620.png\" alt=\"adaptador de viagem da ue\" width=\"1024\" height=\"620\" srcset=\"https:\/\/imiapower.com\/wp-content\/uploads\/\u5fae\u4fe1\u56fe\u7247_20260115111346_139_100-1024x620.png 1024w, https:\/\/imiapower.com\/wp-content\/uploads\/\u5fae\u4fe1\u56fe\u7247_20260115111346_139_100-300x182.png 300w, https:\/\/imiapower.com\/wp-content\/uploads\/\u5fae\u4fe1\u56fe\u7247_20260115111346_139_100-768x465.png 768w, https:\/\/imiapower.com\/wp-content\/uploads\/\u5fae\u4fe1\u56fe\u7247_20260115111346_139_100-18x12.png 18w, https:\/\/imiapower.com\/wp-content\/uploads\/\u5fae\u4fe1\u56fe\u7247_20260115111346_139_100-600x363.png 600w, https:\/\/imiapower.com\/wp-content\/uploads\/\u5fae\u4fe1\u56fe\u7247_20260115111346_139_100-64x39.png 64w, https:\/\/imiapower.com\/wp-content\/uploads\/\u5fae\u4fe1\u56fe\u7247_20260115111346_139_100.png 1133w\" sizes=\"(max-width: 1024px) 100vw, 1024px\" \/><\/p>\n<p>Pacote dispon\u00edvel<\/p>\n<p><img loading=\"lazy\" decoding=\"async\" class=\"alignnone size-full wp-image-9878\" src=\"https:\/\/imiapower.com\/wp-content\/uploads\/converted-2-17.webp\" alt=\"Adaptador de viagem da UE\" width=\"1024\" height=\"335\" srcset=\"https:\/\/imiapower.com\/wp-content\/uploads\/converted-2-17.webp 1024w, https:\/\/imiapower.com\/wp-content\/uploads\/converted-2-17-300x98.webp 300w, https:\/\/imiapower.com\/wp-content\/uploads\/converted-2-17-768x251.webp 768w, https:\/\/imiapower.com\/wp-content\/uploads\/converted-2-17-18x6.webp 18w, https:\/\/imiapower.com\/wp-content\/uploads\/converted-2-17-600x196.webp 600w, https:\/\/imiapower.com\/wp-content\/uploads\/converted-2-17-64x21.webp 64w\" sizes=\"(max-width: 1024px) 100vw, 1024px\" \/><\/p>\n<p>&nbsp;<\/p>\n<p>&nbsp;<\/p>","protected":false},"featured_media":7732,"comment_status":"open","ping_status":"closed","template":"","meta":{"rank_math_lock_modified_date":false,"site-sidebar-layout":"default","site-content-layout":"","ast-site-content-layout":"default","site-content-style":"default","site-sidebar-style":"default","ast-global-header-display":"","ast-banner-title-visibility":"","ast-main-header-display":"","ast-hfb-above-header-display":"","ast-hfb-below-header-display":"","ast-hfb-mobile-header-display":"","site-post-title":"","ast-breadcrumbs-content":"","ast-featured-img":"","footer-sml-layout":"","ast-disable-related-posts":"","theme-transparent-header-meta":"default","adv-header-id-meta":"","stick-header-meta":"","header-above-stick-meta":"","header-main-stick-meta":"","header-below-stick-meta":"","astra-migrate-meta-layouts":"set","ast-page-background-enabled":"default","ast-page-background-meta":{"desktop":{"background-color":"","background-image":"","background-repeat":"repeat","background-position":"center center","background-size":"auto","background-attachment":"scroll","background-type":"","background-media":"","overlay-type":"","overlay-color":"","overlay-opacity":"","overlay-gradient":""},"tablet":{"background-color":"","background-image":"","background-repeat":"repeat","background-position":"center center","background-size":"auto","background-attachment":"scroll","background-type":"","background-media":"","overlay-type":"","overlay-color":"","overlay-opacity":"","overlay-gradient":""},"mobile":{"background-color":"","background-image":"","background-repeat":"repeat","background-position":"center center","background-size":"auto","background-attachment":"scroll","background-type":"","background-media":"","overlay-type":"","overlay-color":"","overlay-opacity":"","overlay-gradient":""}},"ast-content-background-meta":{"desktop":{"background-color":"var(--ast-global-color-5)","background-image":"","background-repeat":"repeat","background-position":"center center","background-size":"auto","background-attachment":"scroll","background-type":"","background-media":"","overlay-type":"","overlay-color":"","overlay-opacity":"","overlay-gradient":""},"tablet":{"background-color":"var(--ast-global-color-5)","background-image":"","background-repeat":"repeat","background-position":"center center","background-size":"auto","background-attachment":"scroll","background-type":"","background-media":"","overlay-type":"","overlay-color":"","overlay-opacity":"","overlay-gradient":""},"mobile":{"background-color":"var(--ast-global-color-5)","background-image":"","background-repeat":"repeat","background-position":"center center","background-size":"auto","background-attachment":"scroll","background-type":"","background-media":"","overlay-type":"","overlay-color":"","overlay-opacity":"","overlay-gradient":""}}},"product_cat":[64],"product_tag":[],"class_list":{"0":"post-7654","1":"product","2":"type-product","3":"status-publish","4":"has-post-thumbnail","6":"product_cat-travel-adapter","7":"desktop-align-center","8":"tablet-align-center","9":"mobile-align-center","11":"first","12":"instock","13":"featured","14":"shipping-taxable","15":"product-type-simple"},"_links":{"self":[{"href":"https:\/\/imiapower.com\/pt_pt\/wp-json\/wp\/v2\/product\/7654","targetHints":{"allow":["GET"]}}],"collection":[{"href":"https:\/\/imiapower.com\/pt_pt\/wp-json\/wp\/v2\/product"}],"about":[{"href":"https:\/\/imiapower.com\/pt_pt\/wp-json\/wp\/v2\/types\/product"}],"replies":[{"embeddable":true,"href":"https:\/\/imiapower.com\/pt_pt\/wp-json\/wp\/v2\/comments?post=7654"}],"version-history":[{"count":14,"href":"https:\/\/imiapower.com\/pt_pt\/wp-json\/wp\/v2\/product\/7654\/revisions"}],"predecessor-version":[{"id":8687,"href":"https:\/\/imiapower.com\/pt_pt\/wp-json\/wp\/v2\/product\/7654\/revisions\/8687"}],"wp:featuredmedia":[{"embeddable":true,"href":"https:\/\/imiapower.com\/pt_pt\/wp-json\/wp\/v2\/media\/7732"}],"wp:attachment":[{"href":"https:\/\/imiapower.com\/pt_pt\/wp-json\/wp\/v2\/media?parent=7654"}],"wp:term":[{"taxonomy":"product_cat","embeddable":true,"href":"https:\/\/imiapower.com\/pt_pt\/wp-json\/wp\/v2\/product_cat?post=7654"},{"taxonomy":"product_tag","embeddable":true,"href":"https:\/\/imiapower.com\/pt_pt\/wp-json\/wp\/v2\/product_tag?post=7654"}],"curies":[{"name":"wp","href":"https:\/\/api.w.org\/{rel}","templated":true}]}}