{"id":7707,"date":"2024-05-23T08:29:22","date_gmt":"2024-05-23T08:29:22","guid":{"rendered":"https:\/\/imiapower.com\/?post_type=product&#038;p=7707"},"modified":"2024-06-18T01:24:11","modified_gmt":"2024-06-18T01:24:11","slug":"international-adapter","status":"publish","type":"product","link":"https:\/\/imiapower.com\/pt_pt\/products\/travel-adapter\/international-adapter\/","title":{"rendered":"Poderoso adaptador internacional de 65 W"},"content":{"rendered":"<ul>\n<li><strong>\u00a0Adaptador internacional<\/strong><\/li>\n<li><strong>Entrada CA: <\/strong>100 ~ 250 V\/CA 50-60 Hz 0,8 A<\/li>\n<li><strong>Sa\u00edda CA:<\/strong>10A M\u00e1x.(1000W\/100V ou 2400W\/240V)<\/li>\n<li><strong>Sa\u00edda USB:<\/strong>5V \/2,4A (M\u00c1X. 12W)<\/li>\n<li><strong>Sa\u00edda tipo C2\/C3\/C4:<\/strong> 5V \/2,4A (M\u00c1X. 12W)<\/li>\n<li><strong>Sa\u00edda tipo C1:<\/strong> 5V3A 9V3A 12V3A 15V3A 20V3.25A (M\u00c1X65W)<\/li>\n<li><strong>Tamanho: <\/strong>76*50,5*57mm<\/li>\n<li><strong>Peso: <\/strong>180g<\/li>\n<li><strong>Material:<\/strong> PC disparado + metal cobre<\/li>\n<\/ul>","protected":false},"excerpt":{"rendered":"<p>Este design de adaptador internacional adota o aterramento do Reino Unido. O aterramento do Reino Unido ajuda a proteger contra choques el\u00e9tricos e reduz o risco de curtos-circuitos ou inc\u00eandios.<\/p>\n<p>Os plugues do Reino Unido normalmente apresentam um terceiro pino para aterramento, o que \u00e9 importante para garantir a seguran\u00e7a de dispositivos el\u00e9tricos, especialmente ao viajar para regi\u00f5es com padr\u00f5es el\u00e9tricos variados. Muitos dispositivos s\u00e3o projetados para funcionar com plugues aterrados, e o uso de um adaptador de aterramento de pino do Reino Unido garante compatibilidade com tais dispositivos. \u00c9 particularmente importante para aparelhos eletr\u00f4nicos ou aparelhos sens\u00edveis que exigem uma conex\u00e3o el\u00e9trica est\u00e1vel<\/p>\n<p>O adaptador de viagem com dois fus\u00edveis de 10A protege eficazmente seus dispositivos e protege seus aparelhos el\u00e9tricos ao us\u00e1-los<\/p>\n<p>Suporte de tens\u00e3o selvagem de 100V\u2013250V\/10A(1000W-2500W)<\/p>","protected":false},"featured_media":7717,"comment_status":"open","ping_status":"closed","template":"","meta":{"rank_math_lock_modified_date":false,"site-sidebar-layout":"default","site-content-layout":"","ast-site-content-layout":"default","site-content-style":"default","site-sidebar-style":"default","ast-global-header-display":"","ast-banner-title-visibility":"","ast-main-header-display":"","ast-hfb-above-header-display":"","ast-hfb-below-header-display":"","ast-hfb-mobile-header-display":"","site-post-title":"","ast-breadcrumbs-content":"","ast-featured-img":"","footer-sml-layout":"","ast-disable-related-posts":"","theme-transparent-header-meta":"default","adv-header-id-meta":"","stick-header-meta":"","header-above-stick-meta":"","header-main-stick-meta":"","header-below-stick-meta":"","astra-migrate-meta-layouts":"set","ast-page-background-enabled":"default","ast-page-background-meta":{"desktop":{"background-color":"","background-image":"","background-repeat":"repeat","background-position":"center center","background-size":"auto","background-attachment":"scroll","background-type":"","background-media":"","overlay-type":"","overlay-color":"","overlay-opacity":"","overlay-gradient":""},"tablet":{"background-color":"","background-image":"","background-repeat":"repeat","background-position":"center center","background-size":"auto","background-attachment":"scroll","background-type":"","background-media":"","overlay-type":"","overlay-color":"","overlay-opacity":"","overlay-gradient":""},"mobile":{"background-color":"","background-image":"","background-repeat":"repeat","background-position":"center center","background-size":"auto","background-attachment":"scroll","background-type":"","background-media":"","overlay-type":"","overlay-color":"","overlay-opacity":"","overlay-gradient":""}},"ast-content-background-meta":{"desktop":{"background-color":"var(--ast-global-color-5)","background-image":"","background-repeat":"repeat","background-position":"center center","background-size":"auto","background-attachment":"scroll","background-type":"","background-media":"","overlay-type":"","overlay-color":"","overlay-opacity":"","overlay-gradient":""},"tablet":{"background-color":"var(--ast-global-color-5)","background-image":"","background-repeat":"repeat","background-position":"center center","background-size":"auto","background-attachment":"scroll","background-type":"","background-media":"","overlay-type":"","overlay-color":"","overlay-opacity":"","overlay-gradient":""},"mobile":{"background-color":"var(--ast-global-color-5)","background-image":"","background-repeat":"repeat","background-position":"center center","background-size":"auto","background-attachment":"scroll","background-type":"","background-media":"","overlay-type":"","overlay-color":"","overlay-opacity":"","overlay-gradient":""}}},"product_cat":[64],"product_tag":[],"class_list":{"0":"post-7707","1":"product","2":"type-product","3":"status-publish","4":"has-post-thumbnail","6":"product_cat-travel-adapter","7":"desktop-align-center","8":"tablet-align-center","9":"mobile-align-center","11":"first","12":"instock","13":"shipping-taxable","14":"product-type-simple"},"_links":{"self":[{"href":"https:\/\/imiapower.com\/pt_pt\/wp-json\/wp\/v2\/product\/7707","targetHints":{"allow":["GET"]}}],"collection":[{"href":"https:\/\/imiapower.com\/pt_pt\/wp-json\/wp\/v2\/product"}],"about":[{"href":"https:\/\/imiapower.com\/pt_pt\/wp-json\/wp\/v2\/types\/product"}],"replies":[{"embeddable":true,"href":"https:\/\/imiapower.com\/pt_pt\/wp-json\/wp\/v2\/comments?post=7707"}],"version-history":[{"count":7,"href":"https:\/\/imiapower.com\/pt_pt\/wp-json\/wp\/v2\/product\/7707\/revisions"}],"predecessor-version":[{"id":7721,"href":"https:\/\/imiapower.com\/pt_pt\/wp-json\/wp\/v2\/product\/7707\/revisions\/7721"}],"wp:featuredmedia":[{"embeddable":true,"href":"https:\/\/imiapower.com\/pt_pt\/wp-json\/wp\/v2\/media\/7717"}],"wp:attachment":[{"href":"https:\/\/imiapower.com\/pt_pt\/wp-json\/wp\/v2\/media?parent=7707"}],"wp:term":[{"taxonomy":"product_cat","embeddable":true,"href":"https:\/\/imiapower.com\/pt_pt\/wp-json\/wp\/v2\/product_cat?post=7707"},{"taxonomy":"product_tag","embeddable":true,"href":"https:\/\/imiapower.com\/pt_pt\/wp-json\/wp\/v2\/product_tag?post=7707"}],"curies":[{"name":"wp","href":"https:\/\/api.w.org\/{rel}","templated":true}]}}