{"id":7919,"date":"2024-06-11T03:14:55","date_gmt":"2024-06-11T03:14:55","guid":{"rendered":"https:\/\/imiapower.com\/?post_type=product&#038;p=7919"},"modified":"2024-11-07T12:55:24","modified_gmt":"2024-11-07T12:55:24","slug":"65w-charger-laptop","status":"publish","type":"product","link":"https:\/\/imiapower.com\/pt_pt\/products\/wall-charger\/65w-charger-laptop\/","title":{"rendered":"Fabricante de laptop com carregador de 65 W focado na China"},"content":{"rendered":"<ul>\n<li><strong>port\u00e1til carregador 65w<\/strong><\/li>\n<li><strong>Dimens\u00e3o:<\/strong>65*65*29MM<\/li>\n<li><strong>Caracter\u00edstica: <\/strong>Plugue dobr\u00e1vel dos EUA<\/li>\n<li><strong>Sa\u00edda:<\/strong>5V\/3A, 9V\/3A, 12V\/3A, 15V\/3A, 20V\/3,25A (65w m\u00e1x.)<\/li>\n<li><strong>Cor: <\/strong>Preto branco<\/li>\n<li><strong>Entrada:<\/strong>100-240 VCA 50\/60 Hz<\/li>\n<li><strong>Certificado: <\/strong>UL\/FCC\/CE\/CB\/UKCA\/PSE<\/li>\n<li><strong>Cobrir: <\/strong>Material resistente ao fogo<\/li>\n<li><strong>Prazo de produ\u00e7\u00e3o:<\/strong> 25-30 dias<\/li>\n<\/ul>","protected":false},"excerpt":{"rendered":"<p>Este carregador de laptop de 65 W tem certifica\u00e7\u00e3o mundial. Os clientes que o comprarem de n\u00f3s podem vend\u00ea-lo em qualquer pa\u00eds e \u00e9 uma boa op\u00e7\u00e3o para carregar um laptop em alta velocidade<\/p>\n<p>Compat\u00edvel com os mais recentes notebooks\/laptops\/smartphones<\/p>\n<p>Amostras gr\u00e1tis podem ser fornecidas<\/p>\n<p>Comparado com outros, este carregador de laptop oferece garantia de 3 anos<\/p>\n<p>Para cada envio de amostra para o cliente valioso, forneceremos um relat\u00f3rio de verifica\u00e7\u00e3o de controle de qualidade para garantir que a fun\u00e7\u00e3o da amostra esteja correta para nosso cliente, temos um processo padr\u00e3o de desenvolvimento e verifica\u00e7\u00e3o para atender \u00e0 solicita\u00e7\u00e3o do cliente<\/p>\n<p>&nbsp;<\/p>\n<p>&nbsp;<\/p>\n<p>&nbsp;<\/p>","protected":false},"featured_media":7920,"comment_status":"open","ping_status":"closed","template":"","meta":{"rank_math_lock_modified_date":false,"site-sidebar-layout":"default","site-content-layout":"","ast-site-content-layout":"default","site-content-style":"default","site-sidebar-style":"default","ast-global-header-display":"","ast-banner-title-visibility":"","ast-main-header-display":"","ast-hfb-above-header-display":"","ast-hfb-below-header-display":"","ast-hfb-mobile-header-display":"","site-post-title":"","ast-breadcrumbs-content":"","ast-featured-img":"","footer-sml-layout":"","ast-disable-related-posts":"","theme-transparent-header-meta":"default","adv-header-id-meta":"","stick-header-meta":"","header-above-stick-meta":"","header-main-stick-meta":"","header-below-stick-meta":"","astra-migrate-meta-layouts":"set","ast-page-background-enabled":"default","ast-page-background-meta":{"desktop":{"background-color":"","background-image":"","background-repeat":"repeat","background-position":"center center","background-size":"auto","background-attachment":"scroll","background-type":"","background-media":"","overlay-type":"","overlay-color":"","overlay-opacity":"","overlay-gradient":""},"tablet":{"background-color":"","background-image":"","background-repeat":"repeat","background-position":"center center","background-size":"auto","background-attachment":"scroll","background-type":"","background-media":"","overlay-type":"","overlay-color":"","overlay-opacity":"","overlay-gradient":""},"mobile":{"background-color":"","background-image":"","background-repeat":"repeat","background-position":"center center","background-size":"auto","background-attachment":"scroll","background-type":"","background-media":"","overlay-type":"","overlay-color":"","overlay-opacity":"","overlay-gradient":""}},"ast-content-background-meta":{"desktop":{"background-color":"var(--ast-global-color-5)","background-image":"","background-repeat":"repeat","background-position":"center center","background-size":"auto","background-attachment":"scroll","background-type":"","background-media":"","overlay-type":"","overlay-color":"","overlay-opacity":"","overlay-gradient":""},"tablet":{"background-color":"var(--ast-global-color-5)","background-image":"","background-repeat":"repeat","background-position":"center center","background-size":"auto","background-attachment":"scroll","background-type":"","background-media":"","overlay-type":"","overlay-color":"","overlay-opacity":"","overlay-gradient":""},"mobile":{"background-color":"var(--ast-global-color-5)","background-image":"","background-repeat":"repeat","background-position":"center center","background-size":"auto","background-attachment":"scroll","background-type":"","background-media":"","overlay-type":"","overlay-color":"","overlay-opacity":"","overlay-gradient":""}}},"product_cat":[43],"product_tag":[],"class_list":{"0":"post-7919","1":"product","2":"type-product","3":"status-publish","4":"has-post-thumbnail","6":"product_cat-wall-charger","7":"desktop-align-center","8":"tablet-align-center","9":"mobile-align-center","11":"first","12":"instock","13":"shipping-taxable","14":"product-type-simple"},"_links":{"self":[{"href":"https:\/\/imiapower.com\/pt_pt\/wp-json\/wp\/v2\/product\/7919","targetHints":{"allow":["GET"]}}],"collection":[{"href":"https:\/\/imiapower.com\/pt_pt\/wp-json\/wp\/v2\/product"}],"about":[{"href":"https:\/\/imiapower.com\/pt_pt\/wp-json\/wp\/v2\/types\/product"}],"replies":[{"embeddable":true,"href":"https:\/\/imiapower.com\/pt_pt\/wp-json\/wp\/v2\/comments?post=7919"}],"version-history":[{"count":3,"href":"https:\/\/imiapower.com\/pt_pt\/wp-json\/wp\/v2\/product\/7919\/revisions"}],"predecessor-version":[{"id":7926,"href":"https:\/\/imiapower.com\/pt_pt\/wp-json\/wp\/v2\/product\/7919\/revisions\/7926"}],"wp:featuredmedia":[{"embeddable":true,"href":"https:\/\/imiapower.com\/pt_pt\/wp-json\/wp\/v2\/media\/7920"}],"wp:attachment":[{"href":"https:\/\/imiapower.com\/pt_pt\/wp-json\/wp\/v2\/media?parent=7919"}],"wp:term":[{"taxonomy":"product_cat","embeddable":true,"href":"https:\/\/imiapower.com\/pt_pt\/wp-json\/wp\/v2\/product_cat?post=7919"},{"taxonomy":"product_tag","embeddable":true,"href":"https:\/\/imiapower.com\/pt_pt\/wp-json\/wp\/v2\/product_tag?post=7919"}],"curies":[{"name":"wp","href":"https:\/\/api.w.org\/{rel}","templated":true}]}}