{"id":7960,"date":"2024-06-17T07:24:25","date_gmt":"2024-06-17T07:24:25","guid":{"rendered":"https:\/\/imiapower.com\/?post_type=product&#038;p=7960"},"modified":"2024-11-12T08:13:44","modified_gmt":"2024-11-12T08:13:44","slug":"universal-power-adapter","status":"publish","type":"product","link":"https:\/\/imiapower.com\/pt_pt\/products\/travel-adapter\/universal-power-adapter\/","title":{"rendered":"Adaptador de energia universal construtivo do fabricante chin\u00eas"},"content":{"rendered":"<ul>\n<li><strong>Adaptador de energia universal<\/strong><\/li>\n<li><strong>Entrada CA:<\/strong>100 ~ 250 V\/CA 50-60 Hz 0,8 A<\/li>\n<li><strong>Sa\u00edda CA:<\/strong>10A M\u00e1x.(1000W\/100V ou 2400W\/240V)<\/li>\n<li><strong>Sa\u00edda USB:<\/strong>5V \/2,4A (M\u00c1X. 12W)<\/li>\n<li><strong>Sa\u00edda tipo C2\/C3\/C4:<\/strong> 5V \/2,4A (M\u00c1X. 12W)<\/li>\n<li><strong>Sa\u00edda tipo C1:<\/strong> 5V3A 9V3A 12V3A 15V3A 20V3.25A (M\u00c1X65W)<\/li>\n<li><strong>Tamanho:<\/strong> 76*50,5*57mm<\/li>\n<li><strong>Peso:<\/strong> 180g<\/li>\n<li><strong>Material:<\/strong> PC disparado + metal cobre<\/li>\n<\/ul>","protected":false},"excerpt":{"rendered":"<p>O aterramento do Reino Unido ajuda a proteger contra choques el\u00e9tricos e reduz o risco de curto-circuitos ou inc\u00eandios.<\/p>\n<p>Os plugues do Reino Unido geralmente apresentam um terceiro pino para aterramento, o que \u00e9 importante para garantir a seguran\u00e7a dos dispositivos el\u00e9tricos, especialmente ao viajar para regi\u00f5es com padr\u00f5es el\u00e9tricos variados<\/p>\n<p>Muitos dispositivos s\u00e3o projetados para funcionar com plugues aterrados, e o uso de um adaptador de aterramento de pino do Reino Unido garante a compatibilidade com esses dispositivos<\/p>\n<p>\u00c9 particularmente importante para aparelhos eletr\u00f4nicos ou aparelhos sens\u00edveis que exigem uma conex\u00e3o el\u00e9trica est\u00e1vel<\/p>\n<p>Os adaptadores de viagem modernos devem ser projetados para serem leves, compactos e f\u00e1ceis de usar, os adaptadores de viagem antigos precisam trazer pinos de plugue de diferentes pa\u00edses, o adaptador de energia universal tudo-em-um projetado com v\u00e1rios pinos de plugue em um produto<\/p>\n<p>convers\u00e3o de voltagem universal, permitindo que os usu\u00e1rios carreguem v\u00e1rios dispositivos simultaneamente<\/p>\n<p>Este tipo de adaptador de energia universal \u00e9 um item de grande venda, incluindo eletr\u00f4nicos de consumo, viagens e turismo e s\u00e9ries de itens para presente<\/p>\n<p>A demanda por adaptadores de viagem eficientes, seguros e multifuncionais continua a crescer, levando os fabricantes a inovar e se destacar no atendimento \u00e0s necessidades globais<\/p>","protected":false},"featured_media":7961,"comment_status":"open","ping_status":"closed","template":"","meta":{"rank_math_lock_modified_date":false,"site-sidebar-layout":"default","site-content-layout":"","ast-site-content-layout":"default","site-content-style":"default","site-sidebar-style":"default","ast-global-header-display":"","ast-banner-title-visibility":"","ast-main-header-display":"","ast-hfb-above-header-display":"","ast-hfb-below-header-display":"","ast-hfb-mobile-header-display":"","site-post-title":"","ast-breadcrumbs-content":"","ast-featured-img":"","footer-sml-layout":"","ast-disable-related-posts":"","theme-transparent-header-meta":"default","adv-header-id-meta":"","stick-header-meta":"","header-above-stick-meta":"","header-main-stick-meta":"","header-below-stick-meta":"","astra-migrate-meta-layouts":"set","ast-page-background-enabled":"default","ast-page-background-meta":{"desktop":{"background-color":"","background-image":"","background-repeat":"repeat","background-position":"center center","background-size":"auto","background-attachment":"scroll","background-type":"","background-media":"","overlay-type":"","overlay-color":"","overlay-opacity":"","overlay-gradient":""},"tablet":{"background-color":"","background-image":"","background-repeat":"repeat","background-position":"center center","background-size":"auto","background-attachment":"scroll","background-type":"","background-media":"","overlay-type":"","overlay-color":"","overlay-opacity":"","overlay-gradient":""},"mobile":{"background-color":"","background-image":"","background-repeat":"repeat","background-position":"center center","background-size":"auto","background-attachment":"scroll","background-type":"","background-media":"","overlay-type":"","overlay-color":"","overlay-opacity":"","overlay-gradient":""}},"ast-content-background-meta":{"desktop":{"background-color":"var(--ast-global-color-5)","background-image":"","background-repeat":"repeat","background-position":"center center","background-size":"auto","background-attachment":"scroll","background-type":"","background-media":"","overlay-type":"","overlay-color":"","overlay-opacity":"","overlay-gradient":""},"tablet":{"background-color":"var(--ast-global-color-5)","background-image":"","background-repeat":"repeat","background-position":"center center","background-size":"auto","background-attachment":"scroll","background-type":"","background-media":"","overlay-type":"","overlay-color":"","overlay-opacity":"","overlay-gradient":""},"mobile":{"background-color":"var(--ast-global-color-5)","background-image":"","background-repeat":"repeat","background-position":"center center","background-size":"auto","background-attachment":"scroll","background-type":"","background-media":"","overlay-type":"","overlay-color":"","overlay-opacity":"","overlay-gradient":""}}},"product_cat":[64],"product_tag":[],"class_list":{"0":"post-7960","1":"product","2":"type-product","3":"status-publish","4":"has-post-thumbnail","6":"product_cat-travel-adapter","7":"desktop-align-center","8":"tablet-align-center","9":"mobile-align-center","11":"first","12":"instock","13":"shipping-taxable","14":"product-type-simple"},"_links":{"self":[{"href":"https:\/\/imiapower.com\/pt_pt\/wp-json\/wp\/v2\/product\/7960","targetHints":{"allow":["GET"]}}],"collection":[{"href":"https:\/\/imiapower.com\/pt_pt\/wp-json\/wp\/v2\/product"}],"about":[{"href":"https:\/\/imiapower.com\/pt_pt\/wp-json\/wp\/v2\/types\/product"}],"replies":[{"embeddable":true,"href":"https:\/\/imiapower.com\/pt_pt\/wp-json\/wp\/v2\/comments?post=7960"}],"version-history":[{"count":6,"href":"https:\/\/imiapower.com\/pt_pt\/wp-json\/wp\/v2\/product\/7960\/revisions"}],"predecessor-version":[{"id":8672,"href":"https:\/\/imiapower.com\/pt_pt\/wp-json\/wp\/v2\/product\/7960\/revisions\/8672"}],"wp:featuredmedia":[{"embeddable":true,"href":"https:\/\/imiapower.com\/pt_pt\/wp-json\/wp\/v2\/media\/7961"}],"wp:attachment":[{"href":"https:\/\/imiapower.com\/pt_pt\/wp-json\/wp\/v2\/media?parent=7960"}],"wp:term":[{"taxonomy":"product_cat","embeddable":true,"href":"https:\/\/imiapower.com\/pt_pt\/wp-json\/wp\/v2\/product_cat?post=7960"},{"taxonomy":"product_tag","embeddable":true,"href":"https:\/\/imiapower.com\/pt_pt\/wp-json\/wp\/v2\/product_tag?post=7960"}],"curies":[{"name":"wp","href":"https:\/\/api.w.org\/{rel}","templated":true}]}}