{"id":8008,"date":"2024-06-19T00:51:20","date_gmt":"2024-06-19T00:51:20","guid":{"rendered":"https:\/\/imiapower.com\/?post_type=product&#038;p=8008"},"modified":"2024-06-19T01:06:42","modified_gmt":"2024-06-19T01:06:42","slug":"adaptors-for-international-travel","status":"publish","type":"product","link":"https:\/\/imiapower.com\/pt_pt\/products\/travel-adapter\/adaptors-for-international-travel\/","title":{"rendered":"Adaptadores criativos para viagens internacionais 45w"},"content":{"rendered":"<ul>\n<li><strong>adaptadores para viagens internacionais<\/strong><\/li>\n<li><strong>Entrada CA:<\/strong>100 ~ 250 V\/CA 50-60 Hz 0,8 A<\/li>\n<li><strong>Sa\u00edda CA:<\/strong>10A M\u00e1x.(1000W\/100V ou 2400W\/240V)<\/li>\n<li><strong>Sa\u00edda USB:<\/strong> 5V 2,4A (m\u00e1x. 12W)<\/li>\n<li><strong>Sa\u00edda tipo C1\/C2\/C3:<\/strong> 5V 2,4A (m\u00e1x. 12W)<\/li>\n<li><strong>Sa\u00edda tipo C4:<\/strong> 5V,3A 9V,3A 12V,3A 15V,3A 20V,2,25A (M\u00c1X. 45W)<\/li>\n<li><strong>Tamanho:<\/strong>76*50,5*57mm<\/li>\n<li><strong>Cor: <\/strong>preto\/branco\/amarelo\/verde ou cor personalizada<\/li>\n<li><strong>Peso:<\/strong>180g<\/li>\n<li><strong>Material:<\/strong> PC disparado + metal cobre<\/li>\n<li><strong>Certificado:<\/strong> UKCA, CE, FCC, RoHS, REACH<\/li>\n<\/ul>","protected":false},"excerpt":{"rendered":"<p>Estes adaptadores de design para viagens internacionais baseados em uma ideia de cont\u00eainer com v\u00e1rias cores podem ser escolhidos<\/p>\n<p>Projeto de tens\u00e3o selvagem de 100 V a 250 V que pode ser usado em todo o mundo<\/p>\n<p>Este modelo pode ser fabricado na op\u00e7\u00e3o 20w\/35w\/45w\/65w<\/p>\n<p>Com 4 portas de carregamento tipo c, como os cabos tipo c desempenham um papel importante no mercado eletr\u00f4nico, nosso design acompanha a tend\u00eancia do mercado e atende ao carregamento de dispositivos eletr\u00f4nicos ao mesmo tempo<\/p>\n<p>Soquete universal, adequado para pino UE \/ Reino Unido \/ EUA \/ EUA \/ \u00c1frica do Sul \/ \u00cdndia, enquanto alguns modelos da concorr\u00eancia n\u00e3o s\u00e3o adequados para pino \u00c1frica do Sul<\/p>\n<p><img fetchpriority=\"high\" decoding=\"async\" class=\"alignnone\" src=\"https:\/\/p.globalsources.com\/IMAGES\/PDT\/B6020382707\/international-Travel-Adapter.jpg\" alt=\"adaptadores para viagens internacionais\" width=\"448\" height=\"448\" \/><\/p>\n<p>Oferecemos 1 ano de garantia para este tipo de produto<\/p>\n<p>Amostras gr\u00e1tis podem ser fornecidas e o prazo de produ\u00e7\u00e3o em massa \u00e9 de cerca de 25-30 dias<\/p>\n<p>&nbsp;<\/p>\n<p>&nbsp;<\/p>\n<p>&nbsp;<\/p>","protected":false},"featured_media":8010,"comment_status":"open","ping_status":"closed","template":"","meta":{"rank_math_lock_modified_date":false,"site-sidebar-layout":"default","site-content-layout":"","ast-site-content-layout":"default","site-content-style":"default","site-sidebar-style":"default","ast-global-header-display":"","ast-banner-title-visibility":"","ast-main-header-display":"","ast-hfb-above-header-display":"","ast-hfb-below-header-display":"","ast-hfb-mobile-header-display":"","site-post-title":"","ast-breadcrumbs-content":"","ast-featured-img":"","footer-sml-layout":"","ast-disable-related-posts":"","theme-transparent-header-meta":"default","adv-header-id-meta":"","stick-header-meta":"","header-above-stick-meta":"","header-main-stick-meta":"","header-below-stick-meta":"","astra-migrate-meta-layouts":"set","ast-page-background-enabled":"default","ast-page-background-meta":{"desktop":{"background-color":"","background-image":"","background-repeat":"repeat","background-position":"center center","background-size":"auto","background-attachment":"scroll","background-type":"","background-media":"","overlay-type":"","overlay-color":"","overlay-opacity":"","overlay-gradient":""},"tablet":{"background-color":"","background-image":"","background-repeat":"repeat","background-position":"center center","background-size":"auto","background-attachment":"scroll","background-type":"","background-media":"","overlay-type":"","overlay-color":"","overlay-opacity":"","overlay-gradient":""},"mobile":{"background-color":"","background-image":"","background-repeat":"repeat","background-position":"center center","background-size":"auto","background-attachment":"scroll","background-type":"","background-media":"","overlay-type":"","overlay-color":"","overlay-opacity":"","overlay-gradient":""}},"ast-content-background-meta":{"desktop":{"background-color":"var(--ast-global-color-5)","background-image":"","background-repeat":"repeat","background-position":"center center","background-size":"auto","background-attachment":"scroll","background-type":"","background-media":"","overlay-type":"","overlay-color":"","overlay-opacity":"","overlay-gradient":""},"tablet":{"background-color":"var(--ast-global-color-5)","background-image":"","background-repeat":"repeat","background-position":"center center","background-size":"auto","background-attachment":"scroll","background-type":"","background-media":"","overlay-type":"","overlay-color":"","overlay-opacity":"","overlay-gradient":""},"mobile":{"background-color":"var(--ast-global-color-5)","background-image":"","background-repeat":"repeat","background-position":"center center","background-size":"auto","background-attachment":"scroll","background-type":"","background-media":"","overlay-type":"","overlay-color":"","overlay-opacity":"","overlay-gradient":""}}},"product_cat":[64],"product_tag":[],"class_list":{"0":"post-8008","1":"product","2":"type-product","3":"status-publish","4":"has-post-thumbnail","6":"product_cat-travel-adapter","7":"desktop-align-center","8":"tablet-align-center","9":"mobile-align-center","11":"first","12":"instock","13":"shipping-taxable","14":"product-type-simple"},"_links":{"self":[{"href":"https:\/\/imiapower.com\/pt_pt\/wp-json\/wp\/v2\/product\/8008","targetHints":{"allow":["GET"]}}],"collection":[{"href":"https:\/\/imiapower.com\/pt_pt\/wp-json\/wp\/v2\/product"}],"about":[{"href":"https:\/\/imiapower.com\/pt_pt\/wp-json\/wp\/v2\/types\/product"}],"replies":[{"embeddable":true,"href":"https:\/\/imiapower.com\/pt_pt\/wp-json\/wp\/v2\/comments?post=8008"}],"version-history":[{"count":3,"href":"https:\/\/imiapower.com\/pt_pt\/wp-json\/wp\/v2\/product\/8008\/revisions"}],"predecessor-version":[{"id":8016,"href":"https:\/\/imiapower.com\/pt_pt\/wp-json\/wp\/v2\/product\/8008\/revisions\/8016"}],"wp:featuredmedia":[{"embeddable":true,"href":"https:\/\/imiapower.com\/pt_pt\/wp-json\/wp\/v2\/media\/8010"}],"wp:attachment":[{"href":"https:\/\/imiapower.com\/pt_pt\/wp-json\/wp\/v2\/media?parent=8008"}],"wp:term":[{"taxonomy":"product_cat","embeddable":true,"href":"https:\/\/imiapower.com\/pt_pt\/wp-json\/wp\/v2\/product_cat?post=8008"},{"taxonomy":"product_tag","embeddable":true,"href":"https:\/\/imiapower.com\/pt_pt\/wp-json\/wp\/v2\/product_tag?post=8008"}],"curies":[{"name":"wp","href":"https:\/\/api.w.org\/{rel}","templated":true}]}}