{"id":8077,"date":"2024-07-01T03:32:03","date_gmt":"2024-07-01T03:32:03","guid":{"rendered":"https:\/\/imiapower.com\/?post_type=product&#038;p=8077"},"modified":"2024-11-15T09:28:01","modified_gmt":"2024-11-15T09:28:01","slug":"universal-plug","status":"publish","type":"product","link":"https:\/\/imiapower.com\/pt_pt\/products\/travel-adapter\/universal-plug\/","title":{"rendered":"F\u00e1brica barata de plugue universal 12w na China"},"content":{"rendered":"<ul>\n<li><strong>Plugue universal<\/strong><\/li>\n<li><strong>Entrada CA:<\/strong>110 ~ 240 V\/CA 50-60 Hz<\/li>\n<li>\u00a0<strong>Sa\u00edda CA:<\/strong>6A M\u00e1x.(660W\/110V ou 1440W\/240V)<\/li>\n<li><strong>Sa\u00edda USB:<\/strong>5V 2400mA (total)<\/li>\n<li><strong>Tamanho:<\/strong>64,5x53x61,5mm<\/li>\n<li><strong>Materiais:<\/strong> ABS + cobre met\u00e1lico<\/li>\n<li><strong>Marca:<\/strong> UE\/UA\/Reino Unido\/EUA tudo em um pode ser usado em mais de 170 pa\u00edses<\/li>\n<li><strong>Certificado:<\/strong> CE, Rohs<\/li>\n<li><strong>Servi\u00e7o: <\/strong>1 ano de garantia<\/li>\n<li><strong>Pacote:<\/strong> caixa de cor personalizada ou caixa blister<\/li>\n<\/ul>","protected":false},"excerpt":{"rendered":"<p>O plugue universal \u00e9 um dispositivo de carregamento que inclui quatro plugues diferentes (EUA\/AUS\/EU\/UK) que atendem aos padr\u00f5es de plugue da maioria dos pa\u00edses<\/p>\n<p>Este modelo com seu tamanho reduzido e facilidade de transporte quando viajamos para diversos pa\u00edses, tamb\u00e9m com seu pre\u00e7o barato, podemos ver em muitas lojas de viagens e redes de supermercados<\/p>\n<p>Com a melhoria do n\u00edvel econ\u00f4mico, cada vez mais pessoas viajam para diversos pa\u00edses, e isso se tornar\u00e1 um item obrigat\u00f3rio em nossas viagens.<\/p>\n<p>&nbsp;<\/p>","protected":false},"featured_media":8084,"comment_status":"open","ping_status":"closed","template":"","meta":{"rank_math_lock_modified_date":false,"site-sidebar-layout":"default","site-content-layout":"","ast-site-content-layout":"default","site-content-style":"default","site-sidebar-style":"default","ast-global-header-display":"","ast-banner-title-visibility":"","ast-main-header-display":"","ast-hfb-above-header-display":"","ast-hfb-below-header-display":"","ast-hfb-mobile-header-display":"","site-post-title":"","ast-breadcrumbs-content":"","ast-featured-img":"","footer-sml-layout":"","ast-disable-related-posts":"","theme-transparent-header-meta":"default","adv-header-id-meta":"","stick-header-meta":"","header-above-stick-meta":"","header-main-stick-meta":"","header-below-stick-meta":"","astra-migrate-meta-layouts":"set","ast-page-background-enabled":"default","ast-page-background-meta":{"desktop":{"background-color":"","background-image":"","background-repeat":"repeat","background-position":"center center","background-size":"auto","background-attachment":"scroll","background-type":"","background-media":"","overlay-type":"","overlay-color":"","overlay-opacity":"","overlay-gradient":""},"tablet":{"background-color":"","background-image":"","background-repeat":"repeat","background-position":"center center","background-size":"auto","background-attachment":"scroll","background-type":"","background-media":"","overlay-type":"","overlay-color":"","overlay-opacity":"","overlay-gradient":""},"mobile":{"background-color":"","background-image":"","background-repeat":"repeat","background-position":"center center","background-size":"auto","background-attachment":"scroll","background-type":"","background-media":"","overlay-type":"","overlay-color":"","overlay-opacity":"","overlay-gradient":""}},"ast-content-background-meta":{"desktop":{"background-color":"var(--ast-global-color-5)","background-image":"","background-repeat":"repeat","background-position":"center center","background-size":"auto","background-attachment":"scroll","background-type":"","background-media":"","overlay-type":"","overlay-color":"","overlay-opacity":"","overlay-gradient":""},"tablet":{"background-color":"var(--ast-global-color-5)","background-image":"","background-repeat":"repeat","background-position":"center center","background-size":"auto","background-attachment":"scroll","background-type":"","background-media":"","overlay-type":"","overlay-color":"","overlay-opacity":"","overlay-gradient":""},"mobile":{"background-color":"var(--ast-global-color-5)","background-image":"","background-repeat":"repeat","background-position":"center center","background-size":"auto","background-attachment":"scroll","background-type":"","background-media":"","overlay-type":"","overlay-color":"","overlay-opacity":"","overlay-gradient":""}}},"product_cat":[64],"product_tag":[],"class_list":{"0":"post-8077","1":"product","2":"type-product","3":"status-publish","4":"has-post-thumbnail","6":"product_cat-travel-adapter","7":"desktop-align-center","8":"tablet-align-center","9":"mobile-align-center","11":"first","12":"instock","13":"shipping-taxable","14":"product-type-simple"},"_links":{"self":[{"href":"https:\/\/imiapower.com\/pt_pt\/wp-json\/wp\/v2\/product\/8077","targetHints":{"allow":["GET"]}}],"collection":[{"href":"https:\/\/imiapower.com\/pt_pt\/wp-json\/wp\/v2\/product"}],"about":[{"href":"https:\/\/imiapower.com\/pt_pt\/wp-json\/wp\/v2\/types\/product"}],"replies":[{"embeddable":true,"href":"https:\/\/imiapower.com\/pt_pt\/wp-json\/wp\/v2\/comments?post=8077"}],"version-history":[{"count":4,"href":"https:\/\/imiapower.com\/pt_pt\/wp-json\/wp\/v2\/product\/8077\/revisions"}],"predecessor-version":[{"id":8089,"href":"https:\/\/imiapower.com\/pt_pt\/wp-json\/wp\/v2\/product\/8077\/revisions\/8089"}],"wp:featuredmedia":[{"embeddable":true,"href":"https:\/\/imiapower.com\/pt_pt\/wp-json\/wp\/v2\/media\/8084"}],"wp:attachment":[{"href":"https:\/\/imiapower.com\/pt_pt\/wp-json\/wp\/v2\/media?parent=8077"}],"wp:term":[{"taxonomy":"product_cat","embeddable":true,"href":"https:\/\/imiapower.com\/pt_pt\/wp-json\/wp\/v2\/product_cat?post=8077"},{"taxonomy":"product_tag","embeddable":true,"href":"https:\/\/imiapower.com\/pt_pt\/wp-json\/wp\/v2\/product_tag?post=8077"}],"curies":[{"name":"wp","href":"https:\/\/api.w.org\/{rel}","templated":true}]}}