{"id":8119,"date":"2024-07-12T02:36:37","date_gmt":"2024-07-12T02:36:37","guid":{"rendered":"https:\/\/imiapower.com\/?post_type=product&#038;p=8119"},"modified":"2024-07-24T00:39:12","modified_gmt":"2024-07-24T00:39:12","slug":"travel-smart-adapter","status":"publish","type":"product","link":"https:\/\/imiapower.com\/pt_pt\/products\/travel-adapter\/travel-smart-adapter\/","title":{"rendered":"Adaptador inteligente de viagem barato 20w da china"},"content":{"rendered":"<ul>\n<li><strong>adaptador inteligente de viagem<\/strong><\/li>\n<li><strong>Portas USB tipo C:\u00a0<\/strong> 5V\/3A, 9V\/2,23A, 12V\/1,67A, 20V\/1A, (20W m\u00e1x.)<\/li>\n<li><strong>Portas USB A:<\/strong> Inteligente 5V\/2,4A m\u00e1x.,<\/li>\n<li><strong>Entrada AC:<\/strong>100 V \u2013 250 V 50\/60 Hz<\/li>\n<li><strong>Sa\u00edda A\/C:<\/strong> 880W-110V\/2000W-250V \/ Fus\u00edvel 8Amp m\u00e1x.<\/li>\n<li><strong>Tamanho do produto:<\/strong> 70*50*55mm<\/li>\n<li><strong>Materiais:\u00a0<\/strong> PC retardante de fogo + cobre puro<\/li>\n<li><strong>Tipo de plugue:<\/strong>\u00a0 UE Reino Unido EUA AUS conecta tudo em um<\/li>\n<li><strong>Soquete feminino:\u00a0<\/strong> Universal em todo o mundo<\/li>\n<li><strong>\u00c1rea adequada:<\/strong>\u00a0 Universal para mais de 170 pa\u00edses Melhor companheiro para viagens internacionais<\/li>\n<li><strong>Aterramento:<\/strong> Nenhum Aterramento<\/li>\n<li><strong>Cor:\u00a0<\/strong> Branco, preto, personalizar cores<\/li>\n<li><strong>Padr\u00e3o de qualidade:<\/strong>\u00a0 CE FCC ROHS aprovado<\/li>\n<li><strong>Prazo de entrega da amostra:\u00a0<\/strong> Logotipo personalizado 3 dias, embalagem personalizada 5 dias, amostra de cor do produto personalizada 10 dias.<\/li>\n<li><strong>Garantia:\u00a0<\/strong> Trocamos gratuitamente o produto defeituoso por um novo dentro de um Per\u00edodo de Garantia de 12 meses<\/li>\n<li><strong>Servi\u00e7o customizado:<\/strong>\u00a0 Fornecemos design gratuito para o seu pacote OEM e impress\u00e3o gratuita do logotipo OEM nos produtos.<\/li>\n<\/ul>","protected":false},"excerpt":{"rendered":"<p>O adaptador Travel Smart \u00e9 um adaptador mundial que podemos levar durante nossas viagens de neg\u00f3cios para diferentes pa\u00edses<\/p>","protected":false},"featured_media":8117,"comment_status":"open","ping_status":"closed","template":"","meta":{"rank_math_lock_modified_date":false,"site-sidebar-layout":"default","site-content-layout":"","ast-site-content-layout":"default","site-content-style":"default","site-sidebar-style":"default","ast-global-header-display":"","ast-banner-title-visibility":"","ast-main-header-display":"","ast-hfb-above-header-display":"","ast-hfb-below-header-display":"","ast-hfb-mobile-header-display":"","site-post-title":"","ast-breadcrumbs-content":"","ast-featured-img":"","footer-sml-layout":"","ast-disable-related-posts":"","theme-transparent-header-meta":"default","adv-header-id-meta":"","stick-header-meta":"","header-above-stick-meta":"","header-main-stick-meta":"","header-below-stick-meta":"","astra-migrate-meta-layouts":"set","ast-page-background-enabled":"default","ast-page-background-meta":{"desktop":{"background-color":"","background-image":"","background-repeat":"repeat","background-position":"center center","background-size":"auto","background-attachment":"scroll","background-type":"","background-media":"","overlay-type":"","overlay-color":"","overlay-opacity":"","overlay-gradient":""},"tablet":{"background-color":"","background-image":"","background-repeat":"repeat","background-position":"center center","background-size":"auto","background-attachment":"scroll","background-type":"","background-media":"","overlay-type":"","overlay-color":"","overlay-opacity":"","overlay-gradient":""},"mobile":{"background-color":"","background-image":"","background-repeat":"repeat","background-position":"center center","background-size":"auto","background-attachment":"scroll","background-type":"","background-media":"","overlay-type":"","overlay-color":"","overlay-opacity":"","overlay-gradient":""}},"ast-content-background-meta":{"desktop":{"background-color":"var(--ast-global-color-5)","background-image":"","background-repeat":"repeat","background-position":"center center","background-size":"auto","background-attachment":"scroll","background-type":"","background-media":"","overlay-type":"","overlay-color":"","overlay-opacity":"","overlay-gradient":""},"tablet":{"background-color":"var(--ast-global-color-5)","background-image":"","background-repeat":"repeat","background-position":"center center","background-size":"auto","background-attachment":"scroll","background-type":"","background-media":"","overlay-type":"","overlay-color":"","overlay-opacity":"","overlay-gradient":""},"mobile":{"background-color":"var(--ast-global-color-5)","background-image":"","background-repeat":"repeat","background-position":"center center","background-size":"auto","background-attachment":"scroll","background-type":"","background-media":"","overlay-type":"","overlay-color":"","overlay-opacity":"","overlay-gradient":""}}},"product_cat":[64],"product_tag":[],"class_list":{"0":"post-8119","1":"product","2":"type-product","3":"status-publish","4":"has-post-thumbnail","6":"product_cat-travel-adapter","7":"desktop-align-center","8":"tablet-align-center","9":"mobile-align-center","11":"first","12":"instock","13":"shipping-taxable","14":"product-type-simple"},"_links":{"self":[{"href":"https:\/\/imiapower.com\/pt_pt\/wp-json\/wp\/v2\/product\/8119","targetHints":{"allow":["GET"]}}],"collection":[{"href":"https:\/\/imiapower.com\/pt_pt\/wp-json\/wp\/v2\/product"}],"about":[{"href":"https:\/\/imiapower.com\/pt_pt\/wp-json\/wp\/v2\/types\/product"}],"replies":[{"embeddable":true,"href":"https:\/\/imiapower.com\/pt_pt\/wp-json\/wp\/v2\/comments?post=8119"}],"version-history":[{"count":5,"href":"https:\/\/imiapower.com\/pt_pt\/wp-json\/wp\/v2\/product\/8119\/revisions"}],"predecessor-version":[{"id":8125,"href":"https:\/\/imiapower.com\/pt_pt\/wp-json\/wp\/v2\/product\/8119\/revisions\/8125"}],"wp:featuredmedia":[{"embeddable":true,"href":"https:\/\/imiapower.com\/pt_pt\/wp-json\/wp\/v2\/media\/8117"}],"wp:attachment":[{"href":"https:\/\/imiapower.com\/pt_pt\/wp-json\/wp\/v2\/media?parent=8119"}],"wp:term":[{"taxonomy":"product_cat","embeddable":true,"href":"https:\/\/imiapower.com\/pt_pt\/wp-json\/wp\/v2\/product_cat?post=8119"},{"taxonomy":"product_tag","embeddable":true,"href":"https:\/\/imiapower.com\/pt_pt\/wp-json\/wp\/v2\/product_tag?post=8119"}],"curies":[{"name":"wp","href":"https:\/\/api.w.org\/{rel}","templated":true}]}}