{"id":8212,"date":"2024-08-01T03:32:18","date_gmt":"2024-08-01T03:32:18","guid":{"rendered":"https:\/\/imiapower.com\/?post_type=product&#038;p=8212"},"modified":"2024-08-16T10:07:26","modified_gmt":"2024-08-16T10:07:26","slug":"travel-plug-adapters","status":"publish","type":"product","link":"https:\/\/imiapower.com\/pt_pt\/products\/travel-adapter\/travel-plug-adapters\/","title":{"rendered":"Fornecedor poderoso de adaptadores de plugue de viagem de 30 W na China"},"content":{"rendered":"<ul>\n<li><strong>adaptadores de viagem<\/strong><\/li>\n<li><strong>Entrada CA:<\/strong>100 ~ 250 V\/CA 50-60 Hz<\/li>\n<li><strong>Sa\u00edda CA:<\/strong>6A M\u00e1x.(660W\/100V ou 1330W\/250V)<\/li>\n<li><strong>Sa\u00edda PD:<\/strong> 5V3A\/9V3A\/12V2.5A\/15V2A\/20V1.5A (m\u00e1x. 30W)<\/li>\n<li><strong>Sa\u00edda QC3.0:<\/strong> 5V3A\/9V2A\/12V1.5A (m\u00e1x. 18W)<\/li>\n<li><strong>PD+ CQ:<\/strong> 5V 4A (m\u00e1x. 20W\uff09<\/li>\n<li><strong>Tamanho:<\/strong>50x70x55mm<\/li>\n<li><strong>Material:<\/strong> PC queimado + cobre metal + borracha \u00d3leo<\/li>\n<li><strong>Observa\u00e7\u00e3o:<\/strong> UE\/UA\/Reino Unido\/EUA tudo em um pode ser usado em mais de 170 pa\u00edses<\/li>\n<li><strong>Certificado:<\/strong> CE, Rohs<\/li>\n<\/ul>","protected":false},"excerpt":{"rendered":"<p>Temos duas vers\u00f5es desses adaptadores de tomada de viagem de 30 W, uma vers\u00e3o com 1 porta USB-A e Tipo C, pois alguns clientes preferem 1 adaptador de viagem universal USB-A e 1 USB-C a um pre\u00e7o mais barato, e outra vers\u00e3o com uma porta USB-A dupla e uma porta Tipo C dupla que pode carregar muitos dispositivos ao mesmo tempo. Sempre projetamos produtos com base nas tend\u00eancias do mercado e nos h\u00e1bitos do consumidor.<\/p>\n<p>&nbsp;<\/p>","protected":false},"featured_media":8215,"comment_status":"open","ping_status":"closed","template":"","meta":{"rank_math_lock_modified_date":false,"site-sidebar-layout":"default","site-content-layout":"","ast-site-content-layout":"default","site-content-style":"default","site-sidebar-style":"default","ast-global-header-display":"","ast-banner-title-visibility":"","ast-main-header-display":"","ast-hfb-above-header-display":"","ast-hfb-below-header-display":"","ast-hfb-mobile-header-display":"","site-post-title":"","ast-breadcrumbs-content":"","ast-featured-img":"","footer-sml-layout":"","ast-disable-related-posts":"","theme-transparent-header-meta":"default","adv-header-id-meta":"","stick-header-meta":"","header-above-stick-meta":"","header-main-stick-meta":"","header-below-stick-meta":"","astra-migrate-meta-layouts":"set","ast-page-background-enabled":"default","ast-page-background-meta":{"desktop":{"background-color":"","background-image":"","background-repeat":"repeat","background-position":"center center","background-size":"auto","background-attachment":"scroll","background-type":"","background-media":"","overlay-type":"","overlay-color":"","overlay-opacity":"","overlay-gradient":""},"tablet":{"background-color":"","background-image":"","background-repeat":"repeat","background-position":"center center","background-size":"auto","background-attachment":"scroll","background-type":"","background-media":"","overlay-type":"","overlay-color":"","overlay-opacity":"","overlay-gradient":""},"mobile":{"background-color":"","background-image":"","background-repeat":"repeat","background-position":"center center","background-size":"auto","background-attachment":"scroll","background-type":"","background-media":"","overlay-type":"","overlay-color":"","overlay-opacity":"","overlay-gradient":""}},"ast-content-background-meta":{"desktop":{"background-color":"var(--ast-global-color-5)","background-image":"","background-repeat":"repeat","background-position":"center center","background-size":"auto","background-attachment":"scroll","background-type":"","background-media":"","overlay-type":"","overlay-color":"","overlay-opacity":"","overlay-gradient":""},"tablet":{"background-color":"var(--ast-global-color-5)","background-image":"","background-repeat":"repeat","background-position":"center center","background-size":"auto","background-attachment":"scroll","background-type":"","background-media":"","overlay-type":"","overlay-color":"","overlay-opacity":"","overlay-gradient":""},"mobile":{"background-color":"var(--ast-global-color-5)","background-image":"","background-repeat":"repeat","background-position":"center center","background-size":"auto","background-attachment":"scroll","background-type":"","background-media":"","overlay-type":"","overlay-color":"","overlay-opacity":"","overlay-gradient":""}}},"product_cat":[64],"product_tag":[],"class_list":{"0":"post-8212","1":"product","2":"type-product","3":"status-publish","4":"has-post-thumbnail","6":"product_cat-travel-adapter","7":"desktop-align-center","8":"tablet-align-center","9":"mobile-align-center","11":"first","12":"instock","13":"shipping-taxable","14":"product-type-simple"},"_links":{"self":[{"href":"https:\/\/imiapower.com\/pt_pt\/wp-json\/wp\/v2\/product\/8212","targetHints":{"allow":["GET"]}}],"collection":[{"href":"https:\/\/imiapower.com\/pt_pt\/wp-json\/wp\/v2\/product"}],"about":[{"href":"https:\/\/imiapower.com\/pt_pt\/wp-json\/wp\/v2\/types\/product"}],"replies":[{"embeddable":true,"href":"https:\/\/imiapower.com\/pt_pt\/wp-json\/wp\/v2\/comments?post=8212"}],"version-history":[{"count":3,"href":"https:\/\/imiapower.com\/pt_pt\/wp-json\/wp\/v2\/product\/8212\/revisions"}],"predecessor-version":[{"id":8284,"href":"https:\/\/imiapower.com\/pt_pt\/wp-json\/wp\/v2\/product\/8212\/revisions\/8284"}],"wp:featuredmedia":[{"embeddable":true,"href":"https:\/\/imiapower.com\/pt_pt\/wp-json\/wp\/v2\/media\/8215"}],"wp:attachment":[{"href":"https:\/\/imiapower.com\/pt_pt\/wp-json\/wp\/v2\/media?parent=8212"}],"wp:term":[{"taxonomy":"product_cat","embeddable":true,"href":"https:\/\/imiapower.com\/pt_pt\/wp-json\/wp\/v2\/product_cat?post=8212"},{"taxonomy":"product_tag","embeddable":true,"href":"https:\/\/imiapower.com\/pt_pt\/wp-json\/wp\/v2\/product_tag?post=8212"}],"curies":[{"name":"wp","href":"https:\/\/api.w.org\/{rel}","templated":true}]}}