{"id":8335,"date":"2024-10-15T07:46:38","date_gmt":"2024-10-15T07:46:38","guid":{"rendered":"https:\/\/imiapower.com\/?post_type=product&#038;p=8335"},"modified":"2025-06-24T03:20:04","modified_gmt":"2025-06-24T03:20:04","slug":"best-international-charger","status":"publish","type":"product","link":"https:\/\/imiapower.com\/pt_pt\/products\/travel-adapter\/best-international-charger\/","title":{"rendered":"Melhor carregador internacional para viagens"},"content":{"rendered":"<ul>\n<li><strong>Melhor carregador internacional<\/strong><\/li>\n<li><strong>Entrada CA:<\/strong>110~250 V\/CA 50-60 Hz<\/li>\n<li><strong>Pot\u00eancia nominal:<\/strong> 10A M\u00e1x. (1100W\/110V ou 2500W\/250V)<\/li>\n<li><strong>Sa\u00edda USB:<\/strong> 5V3A\/9V2A\/12V1.5A (m\u00e1x. 18W)<\/li>\n<li><strong>Sa\u00edda tipo C1\/C2\/C3:<\/strong> 5V3A (m\u00e1x. 15W)<\/li>\n<li><strong>Sa\u00edda tipo C4:<\/strong> 5V3A, 9V3A, 12V3A, 15V3A, 20V3,25A (m\u00e1x.: 65w)<\/li>\n<li><strong>Cabo de cabide:<\/strong> Cabo c para c de 20 mm de comprimento para cabide<\/li>\n<li><strong>Tamanho:<\/strong> 73*50*57mm<\/li>\n<li><strong>Peso:<\/strong> 215g<\/li>\n<li><strong>Material:<\/strong> PC queimado + metal cobre<\/li>\n<li><strong>Certifica\u00e7\u00e3o:<\/strong> UKCA, CE, FCC, RoHS<\/li>\n<\/ul>","protected":false},"excerpt":{"rendered":"<p><img fetchpriority=\"high\" decoding=\"async\" class=\"alignnone size-medium wp-image-8623\" src=\"https:\/\/imiapower.com\/wp-content\/uploads\/Travel-Adapter-1-300x300.jpg\" alt=\"melhor carregador internacional\" width=\"300\" height=\"300\" srcset=\"https:\/\/imiapower.com\/wp-content\/uploads\/Travel-Adapter-1-300x300.jpg 300w, https:\/\/imiapower.com\/wp-content\/uploads\/Travel-Adapter-1-100x100.jpg 100w, https:\/\/imiapower.com\/wp-content\/uploads\/Travel-Adapter-1-600x600.jpg 600w, https:\/\/imiapower.com\/wp-content\/uploads\/Travel-Adapter-1-64x64.jpg 64w, https:\/\/imiapower.com\/wp-content\/uploads\/Travel-Adapter-1-150x150.jpg 150w, https:\/\/imiapower.com\/wp-content\/uploads\/Travel-Adapter-1-768x768.jpg 768w, https:\/\/imiapower.com\/wp-content\/uploads\/Travel-Adapter-1-12x12.jpg 12w, https:\/\/imiapower.com\/wp-content\/uploads\/Travel-Adapter-1.jpg 800w\" sizes=\"(max-width: 300px) 100vw, 300px\" \/>\u00a0<img decoding=\"async\" class=\"alignnone size-medium wp-image-8624\" style=\"font-weight: inherit;\" src=\"https:\/\/imiapower.com\/wp-content\/uploads\/\u5fae\u4fe1\u56fe\u7247_20241101111602-300x300.jpg\" alt=\"melhor carregador internacional\" width=\"300\" height=\"300\" srcset=\"https:\/\/imiapower.com\/wp-content\/uploads\/\u5fae\u4fe1\u56fe\u7247_20241101111602-300x300.jpg 300w, https:\/\/imiapower.com\/wp-content\/uploads\/\u5fae\u4fe1\u56fe\u7247_20241101111602-100x100.jpg 100w, https:\/\/imiapower.com\/wp-content\/uploads\/\u5fae\u4fe1\u56fe\u7247_20241101111602-600x600.jpg 600w, https:\/\/imiapower.com\/wp-content\/uploads\/\u5fae\u4fe1\u56fe\u7247_20241101111602-64x64.jpg 64w, https:\/\/imiapower.com\/wp-content\/uploads\/\u5fae\u4fe1\u56fe\u7247_20241101111602-1024x1024.jpg 1024w, https:\/\/imiapower.com\/wp-content\/uploads\/\u5fae\u4fe1\u56fe\u7247_20241101111602-150x150.jpg 150w, https:\/\/imiapower.com\/wp-content\/uploads\/\u5fae\u4fe1\u56fe\u7247_20241101111602-768x768.jpg 768w, https:\/\/imiapower.com\/wp-content\/uploads\/\u5fae\u4fe1\u56fe\u7247_20241101111602-12x12.jpg 12w, https:\/\/imiapower.com\/wp-content\/uploads\/\u5fae\u4fe1\u56fe\u7247_20241101111602.jpg 1500w\" sizes=\"(max-width: 300px) 100vw, 300px\" \/><img decoding=\"async\" class=\"alignnone size-medium wp-image-8625\" style=\"font-style: inherit; font-weight: inherit;\" src=\"https:\/\/imiapower.com\/wp-content\/uploads\/\u5fae\u4fe1\u56fe\u7247_20241101111608-2-300x300.jpg\" alt=\"melhor carregador internacional\" width=\"300\" height=\"300\" srcset=\"https:\/\/imiapower.com\/wp-content\/uploads\/\u5fae\u4fe1\u56fe\u7247_20241101111608-2-300x300.jpg 300w, https:\/\/imiapower.com\/wp-content\/uploads\/\u5fae\u4fe1\u56fe\u7247_20241101111608-2-100x100.jpg 100w, https:\/\/imiapower.com\/wp-content\/uploads\/\u5fae\u4fe1\u56fe\u7247_20241101111608-2-600x600.jpg 600w, https:\/\/imiapower.com\/wp-content\/uploads\/\u5fae\u4fe1\u56fe\u7247_20241101111608-2-64x64.jpg 64w, https:\/\/imiapower.com\/wp-content\/uploads\/\u5fae\u4fe1\u56fe\u7247_20241101111608-2-1024x1024.jpg 1024w, https:\/\/imiapower.com\/wp-content\/uploads\/\u5fae\u4fe1\u56fe\u7247_20241101111608-2-150x150.jpg 150w, https:\/\/imiapower.com\/wp-content\/uploads\/\u5fae\u4fe1\u56fe\u7247_20241101111608-2-768x768.jpg 768w, https:\/\/imiapower.com\/wp-content\/uploads\/\u5fae\u4fe1\u56fe\u7247_20241101111608-2-12x12.jpg 12w, https:\/\/imiapower.com\/wp-content\/uploads\/\u5fae\u4fe1\u56fe\u7247_20241101111608-2.jpg 1500w\" sizes=\"(max-width: 300px) 100vw, 300px\" \/><span style=\"font-size: 16px;\">\u00a0<\/span><\/p>\n<p>O melhor carregador internacional oferece compatibilidade em mais de 170 pa\u00edses, com soquetes JP\/US, AUS, EU e UK para atender a diversas necessidades de viagem. Fabricado usando material de PC de alta qualidade, o melhor carregador internacional \u00e9 constru\u00eddo com tecnologia GaN avan\u00e7ada e incorpora prote\u00e7\u00e3o de fus\u00edvel duplo para maior seguran\u00e7a e durabilidade. Projetado como um adaptador de viagem universal, ele fornece conectividade mundial e ampla compatibilidade, tornando-o uma excelente escolha para viajantes a neg\u00f3cios.<\/p>\n<p>Com uma sa\u00edda potente de 65 W, este melhor carregador internacional pode alimentar rapidamente smartphones modernos, tablets e at\u00e9 mesmo alguns laptops. Ele inclui um cabo, garantindo usabilidade imediata sem a necessidade de compras adicionais. A inclus\u00e3o de um cabo tamb\u00e9m reduz o n\u00famero de itens que voc\u00ea precisa lembrar e embalar ao viajar. Equipado com v\u00e1rios adaptadores de plugue, este carregador permite que voc\u00ea o use perfeitamente em v\u00e1rios pa\u00edses, eliminando a necessidade de um adaptador de viagem separado. Com suporte a protocolos de carregamento r\u00e1pido, como PD e QC, ele garante carregamento r\u00e1pido e eficiente para dispositivos compat\u00edveis, tornando-o uma escolha de primeira linha para viajantes.<\/p>\n<p>Ampla compatibilidade: funciona em mais de 170 pa\u00edses com soquetes JP\/US, AUS, EU e UK.<\/p>\n<p>Qualidade de constru\u00e7\u00e3o premium: feito de material de PC queimado de alta qualidade para durabilidade e seguran\u00e7a.<\/p>\n<p>Tecnologia avan\u00e7ada: incorpora tecnologia GaN e prote\u00e7\u00e3o de fus\u00edvel duplo para desempenho eficiente e seguro.<\/p>\n<p>Conectividade universal: projetado como um adaptador de viagem mundial, ideal para viajantes corporativos frequentes.<\/p>\n<p>Alta pot\u00eancia de sa\u00edda: capacidade de 65 W para carregar rapidamente smartphones, tablets e alguns laptops.<\/p>\n<p>Cabo inclu\u00eddo: pronto para uso imediato, sem necessidade de compra de cabos adicionais.<\/p>\n<p>F\u00e1cil de transportar: reduz o inc\u00f4modo de fazer as malas com um cabo inclu\u00eddo, minimizando o n\u00famero de itens a serem transportados.<\/p>\n<p>Adaptadores de plugue vers\u00e1teis: v\u00eam com v\u00e1rias op\u00e7\u00f5es de plugues para uso perfeito em v\u00e1rios pa\u00edses.<\/p>\n<p>Suporte para carregamento r\u00e1pido: compat\u00edvel com protocolos como PD e QC, garantindo carregamento mais r\u00e1pido para dispositivos suportados.<\/p>","protected":false},"featured_media":8621,"comment_status":"open","ping_status":"closed","template":"","meta":{"rank_math_lock_modified_date":false,"site-sidebar-layout":"default","site-content-layout":"","ast-site-content-layout":"default","site-content-style":"default","site-sidebar-style":"default","ast-global-header-display":"","ast-banner-title-visibility":"","ast-main-header-display":"","ast-hfb-above-header-display":"","ast-hfb-below-header-display":"","ast-hfb-mobile-header-display":"","site-post-title":"","ast-breadcrumbs-content":"","ast-featured-img":"","footer-sml-layout":"","ast-disable-related-posts":"","theme-transparent-header-meta":"default","adv-header-id-meta":"","stick-header-meta":"","header-above-stick-meta":"","header-main-stick-meta":"","header-below-stick-meta":"","astra-migrate-meta-layouts":"set","ast-page-background-enabled":"default","ast-page-background-meta":{"desktop":{"background-color":"","background-image":"","background-repeat":"repeat","background-position":"center center","background-size":"auto","background-attachment":"scroll","background-type":"","background-media":"","overlay-type":"","overlay-color":"","overlay-opacity":"","overlay-gradient":""},"tablet":{"background-color":"","background-image":"","background-repeat":"repeat","background-position":"center center","background-size":"auto","background-attachment":"scroll","background-type":"","background-media":"","overlay-type":"","overlay-color":"","overlay-opacity":"","overlay-gradient":""},"mobile":{"background-color":"","background-image":"","background-repeat":"repeat","background-position":"center center","background-size":"auto","background-attachment":"scroll","background-type":"","background-media":"","overlay-type":"","overlay-color":"","overlay-opacity":"","overlay-gradient":""}},"ast-content-background-meta":{"desktop":{"background-color":"var(--ast-global-color-5)","background-image":"","background-repeat":"repeat","background-position":"center center","background-size":"auto","background-attachment":"scroll","background-type":"","background-media":"","overlay-type":"","overlay-color":"","overlay-opacity":"","overlay-gradient":""},"tablet":{"background-color":"var(--ast-global-color-5)","background-image":"","background-repeat":"repeat","background-position":"center center","background-size":"auto","background-attachment":"scroll","background-type":"","background-media":"","overlay-type":"","overlay-color":"","overlay-opacity":"","overlay-gradient":""},"mobile":{"background-color":"var(--ast-global-color-5)","background-image":"","background-repeat":"repeat","background-position":"center center","background-size":"auto","background-attachment":"scroll","background-type":"","background-media":"","overlay-type":"","overlay-color":"","overlay-opacity":"","overlay-gradient":""}}},"product_cat":[64],"product_tag":[],"class_list":{"0":"post-8335","1":"product","2":"type-product","3":"status-publish","4":"has-post-thumbnail","6":"product_cat-travel-adapter","7":"desktop-align-center","8":"tablet-align-center","9":"mobile-align-center","11":"first","12":"instock","13":"shipping-taxable","14":"product-type-simple"},"_links":{"self":[{"href":"https:\/\/imiapower.com\/pt_pt\/wp-json\/wp\/v2\/product\/8335","targetHints":{"allow":["GET"]}}],"collection":[{"href":"https:\/\/imiapower.com\/pt_pt\/wp-json\/wp\/v2\/product"}],"about":[{"href":"https:\/\/imiapower.com\/pt_pt\/wp-json\/wp\/v2\/types\/product"}],"replies":[{"embeddable":true,"href":"https:\/\/imiapower.com\/pt_pt\/wp-json\/wp\/v2\/comments?post=8335"}],"version-history":[{"count":8,"href":"https:\/\/imiapower.com\/pt_pt\/wp-json\/wp\/v2\/product\/8335\/revisions"}],"predecessor-version":[{"id":8701,"href":"https:\/\/imiapower.com\/pt_pt\/wp-json\/wp\/v2\/product\/8335\/revisions\/8701"}],"wp:featuredmedia":[{"embeddable":true,"href":"https:\/\/imiapower.com\/pt_pt\/wp-json\/wp\/v2\/media\/8621"}],"wp:attachment":[{"href":"https:\/\/imiapower.com\/pt_pt\/wp-json\/wp\/v2\/media?parent=8335"}],"wp:term":[{"taxonomy":"product_cat","embeddable":true,"href":"https:\/\/imiapower.com\/pt_pt\/wp-json\/wp\/v2\/product_cat?post=8335"},{"taxonomy":"product_tag","embeddable":true,"href":"https:\/\/imiapower.com\/pt_pt\/wp-json\/wp\/v2\/product_tag?post=8335"}],"curies":[{"name":"wp","href":"https:\/\/api.w.org\/{rel}","templated":true}]}}