{"id":8345,"date":"2024-10-15T07:59:42","date_gmt":"2024-10-15T07:59:42","guid":{"rendered":"https:\/\/imiapower.com\/?post_type=product&#038;p=8345"},"modified":"2024-12-02T00:20:33","modified_gmt":"2024-12-02T00:20:33","slug":"universal-charger-adapter","status":"publish","type":"product","link":"https:\/\/imiapower.com\/pt_pt\/products\/travel-adapter\/universal-charger-adapter\/","title":{"rendered":"Adaptador de carregador universal privado do fabricante chin\u00eas"},"content":{"rendered":"<ul>\n<li><strong>adaptador de carregador universal<\/strong><\/li>\n<li><strong>Entrada CA:<\/strong>110~250 V\/CA 50-60 Hz<\/li>\n<li><strong>Pot\u00eancia nominal:<\/strong> 10A M\u00e1x. (1100W\/110V ou 2500W\/250V)<\/li>\n<li><strong>Sa\u00edda USB:<\/strong> 5V3A\/9V2A\/12V1.5A (m\u00e1x. 18W)<\/li>\n<li><strong>Sa\u00edda tipo C1\/C2\/C3:<\/strong> 5V3A (m\u00e1x. 15W)<\/li>\n<li><strong>Sa\u00edda tipo C4:<\/strong> 5V3A, 9V3A, 12V2.91A, 15V2.33A, 20V1.75A (m\u00e1x.35w)<\/li>\n<li><strong>Cabo de cabide:<\/strong> Cabo c para c de 20 mm de comprimento para cabide<\/li>\n<li><strong>Tamanho:<\/strong> 73*50*57mm<\/li>\n<li><strong>Peso:<\/strong> 160g<\/li>\n<li><strong>Material:<\/strong> PC queimado + metal cobre<\/li>\n<li><strong>Certifica\u00e7\u00e3o:<\/strong> UKCA, CE, FCC, RoHS<\/li>\n<\/ul>","protected":false},"excerpt":{"rendered":"<p>A compatibilidade do adaptador de carregador universal \u00e9 sempre usada em mais de 170 pa\u00edses, com seus soquetes JP\/US, AUS, EU e UK<\/p>\n<p>Nossa f\u00e1brica sempre usa PC disparado para produ\u00e7\u00e3o de adaptadores de viagem de alta qualidade, design de tecnologia GaN e prote\u00e7\u00e3o de fus\u00edvel duplo<\/p>\n<p>Um adaptador de viagem universal \u00e9 um dispositivo de carregamento com ampla compatibilidade e conectividade mundial, al\u00e9m de ser uma boa escolha para empres\u00e1rios que viajam ao exterior.<\/p>\n<p>Para o mesmo design de alojamento do adaptador, oferecemos diferentes sa\u00eddas de pot\u00eancia, o cliente pode escolher 35w, 45w e 65w, ou tamb\u00e9m pode vend\u00ea-los como uma s\u00e9rie<\/p>\n<p>Este adaptador de carregador universal de design oferecemos v\u00e1rias op\u00e7\u00f5es de cores, incluindo branco, preto, vermelho, amarelo, verde e etc., tamb\u00e9m aceitamos design de cores personalizado<\/p>\n<p>Tamb\u00e9m temos outra op\u00e7\u00e3o para o design, podemos substituir a porta de carregamento do tipo C do meio por uma porta de carregamento lightning, j\u00e1 que alguns consumidores ainda usam portas de carregamento lightning para carregar seus iPhones, sempre projetamos adaptadores de viagem tudo-em-um conforme a demanda dos consumidores<\/p>\n<p>&nbsp;<\/p>","protected":false},"featured_media":8349,"comment_status":"open","ping_status":"closed","template":"","meta":{"rank_math_lock_modified_date":false,"site-sidebar-layout":"default","site-content-layout":"","ast-site-content-layout":"default","site-content-style":"default","site-sidebar-style":"default","ast-global-header-display":"","ast-banner-title-visibility":"","ast-main-header-display":"","ast-hfb-above-header-display":"","ast-hfb-below-header-display":"","ast-hfb-mobile-header-display":"","site-post-title":"","ast-breadcrumbs-content":"","ast-featured-img":"","footer-sml-layout":"","ast-disable-related-posts":"","theme-transparent-header-meta":"default","adv-header-id-meta":"","stick-header-meta":"","header-above-stick-meta":"","header-main-stick-meta":"","header-below-stick-meta":"","astra-migrate-meta-layouts":"set","ast-page-background-enabled":"default","ast-page-background-meta":{"desktop":{"background-color":"","background-image":"","background-repeat":"repeat","background-position":"center center","background-size":"auto","background-attachment":"scroll","background-type":"","background-media":"","overlay-type":"","overlay-color":"","overlay-opacity":"","overlay-gradient":""},"tablet":{"background-color":"","background-image":"","background-repeat":"repeat","background-position":"center center","background-size":"auto","background-attachment":"scroll","background-type":"","background-media":"","overlay-type":"","overlay-color":"","overlay-opacity":"","overlay-gradient":""},"mobile":{"background-color":"","background-image":"","background-repeat":"repeat","background-position":"center center","background-size":"auto","background-attachment":"scroll","background-type":"","background-media":"","overlay-type":"","overlay-color":"","overlay-opacity":"","overlay-gradient":""}},"ast-content-background-meta":{"desktop":{"background-color":"var(--ast-global-color-5)","background-image":"","background-repeat":"repeat","background-position":"center center","background-size":"auto","background-attachment":"scroll","background-type":"","background-media":"","overlay-type":"","overlay-color":"","overlay-opacity":"","overlay-gradient":""},"tablet":{"background-color":"var(--ast-global-color-5)","background-image":"","background-repeat":"repeat","background-position":"center center","background-size":"auto","background-attachment":"scroll","background-type":"","background-media":"","overlay-type":"","overlay-color":"","overlay-opacity":"","overlay-gradient":""},"mobile":{"background-color":"var(--ast-global-color-5)","background-image":"","background-repeat":"repeat","background-position":"center center","background-size":"auto","background-attachment":"scroll","background-type":"","background-media":"","overlay-type":"","overlay-color":"","overlay-opacity":"","overlay-gradient":""}}},"product_cat":[64],"product_tag":[],"class_list":{"0":"post-8345","1":"product","2":"type-product","3":"status-publish","4":"has-post-thumbnail","6":"product_cat-travel-adapter","7":"desktop-align-center","8":"tablet-align-center","9":"mobile-align-center","11":"first","12":"instock","13":"shipping-taxable","14":"product-type-simple"},"_links":{"self":[{"href":"https:\/\/imiapower.com\/pt_pt\/wp-json\/wp\/v2\/product\/8345","targetHints":{"allow":["GET"]}}],"collection":[{"href":"https:\/\/imiapower.com\/pt_pt\/wp-json\/wp\/v2\/product"}],"about":[{"href":"https:\/\/imiapower.com\/pt_pt\/wp-json\/wp\/v2\/types\/product"}],"replies":[{"embeddable":true,"href":"https:\/\/imiapower.com\/pt_pt\/wp-json\/wp\/v2\/comments?post=8345"}],"version-history":[{"count":4,"href":"https:\/\/imiapower.com\/pt_pt\/wp-json\/wp\/v2\/product\/8345\/revisions"}],"predecessor-version":[{"id":8644,"href":"https:\/\/imiapower.com\/pt_pt\/wp-json\/wp\/v2\/product\/8345\/revisions\/8644"}],"wp:featuredmedia":[{"embeddable":true,"href":"https:\/\/imiapower.com\/pt_pt\/wp-json\/wp\/v2\/media\/8349"}],"wp:attachment":[{"href":"https:\/\/imiapower.com\/pt_pt\/wp-json\/wp\/v2\/media?parent=8345"}],"wp:term":[{"taxonomy":"product_cat","embeddable":true,"href":"https:\/\/imiapower.com\/pt_pt\/wp-json\/wp\/v2\/product_cat?post=8345"},{"taxonomy":"product_tag","embeddable":true,"href":"https:\/\/imiapower.com\/pt_pt\/wp-json\/wp\/v2\/product_tag?post=8345"}],"curies":[{"name":"wp","href":"https:\/\/api.w.org\/{rel}","templated":true}]}}