{"id":8353,"date":"2024-10-15T08:08:55","date_gmt":"2024-10-15T08:08:55","guid":{"rendered":"https:\/\/imiapower.com\/?post_type=product&#038;p=8353"},"modified":"2024-11-07T14:22:56","modified_gmt":"2024-11-07T14:22:56","slug":"universal-outlet-adapter","status":"publish","type":"product","link":"https:\/\/imiapower.com\/pt_pt\/products\/travel-adapter\/universal-outlet-adapter\/","title":{"rendered":"Adaptador de tomada universal de qualidade"},"content":{"rendered":"<ul>\n<li><strong>Adaptador de tomada universal<\/strong><\/li>\n<li><strong>Entrada CA:<\/strong>110~250 V\/CA 50-60 Hz<\/li>\n<li><strong>Pot\u00eancia nominal:<\/strong> 10A M\u00e1x. (1100W\/110V ou 2500W\/250V)<\/li>\n<li><strong>Sa\u00edda USB:<\/strong> 5V3A\/9V2A\/12V1.5A (m\u00e1x. 18W)<\/li>\n<li><strong>Sa\u00edda tipo C1\/C2\/C3:<\/strong> 5V3A (m\u00e1x. 15W)<\/li>\n<li><strong>Sa\u00edda tipo C4:<\/strong> 5V3A, 9V3A, 12V3A, 15V3A, 20V2,25A (m\u00e1x.45w)<\/li>\n<li><strong>Cabo de cabide:<\/strong> Cabo c para c de 20 mm de comprimento para cabide<\/li>\n<li><strong>Tamanho:<\/strong> 73*50*57mm<\/li>\n<li><strong>Peso:<\/strong> 215g<\/li>\n<li><strong>Material:<\/strong> PC queimado + metal cobre<\/li>\n<li><strong>Certifica\u00e7\u00e3o:<\/strong> UKCA, CE, FCC, RoHS<\/li>\n<\/ul>","protected":false},"excerpt":{"rendered":"<p>Para este modelo de adaptador de tomada universal, projetamos 3 pot\u00eancias diferentes, 35 W, 45 W e 65 W, com base em consultas de marketing.<\/p>\n<p>Por enquanto, adaptadores\/carregadores de celular com cabo se tornaram uma tend\u00eancia da moda, porque as pessoas sempre levam diferentes dispositivos eletr\u00f4nicos quando v\u00e3o a algum lugar, como smartphones, fones de ouvido sem fio e smartwatches. \u00c0s vezes, com iPads, um adaptador com um cabo pode carregar nossos dispositivos eletr\u00f4nicos facilmente sem se preocupar em perder cabos.<\/p>\n<p>Nosso cabo foi projetado como um suporte no canto superior do adaptador de viagem universal, por isso \u00e9 muito pr\u00e1tico para n\u00f3s carreg\u00e1-lo.<\/p>\n<p>A compatibilidade do adaptador de tomada universal \u00e9 sempre usada em mais de 170 pa\u00edses, com seus soquetes JP\/US, AUS, EU e UK<\/p>\n<p>Nossa f\u00e1brica sempre usa PC disparado para produ\u00e7\u00e3o de adaptadores de viagem de alta qualidade, design de tecnologia GaN e prote\u00e7\u00e3o de fus\u00edvel duplo<\/p>\n<p>Um adaptador de viagem universal \u00e9 um dispositivo de carregamento com ampla compatibilidade e conectividade mundial, al\u00e9m de ser uma boa escolha para empres\u00e1rios que viajam ao exterior.<\/p>","protected":false},"featured_media":8357,"comment_status":"open","ping_status":"closed","template":"","meta":{"rank_math_lock_modified_date":false,"site-sidebar-layout":"default","site-content-layout":"","ast-site-content-layout":"default","site-content-style":"default","site-sidebar-style":"default","ast-global-header-display":"","ast-banner-title-visibility":"","ast-main-header-display":"","ast-hfb-above-header-display":"","ast-hfb-below-header-display":"","ast-hfb-mobile-header-display":"","site-post-title":"","ast-breadcrumbs-content":"","ast-featured-img":"","footer-sml-layout":"","ast-disable-related-posts":"","theme-transparent-header-meta":"default","adv-header-id-meta":"","stick-header-meta":"","header-above-stick-meta":"","header-main-stick-meta":"","header-below-stick-meta":"","astra-migrate-meta-layouts":"set","ast-page-background-enabled":"default","ast-page-background-meta":{"desktop":{"background-color":"","background-image":"","background-repeat":"repeat","background-position":"center center","background-size":"auto","background-attachment":"scroll","background-type":"","background-media":"","overlay-type":"","overlay-color":"","overlay-opacity":"","overlay-gradient":""},"tablet":{"background-color":"","background-image":"","background-repeat":"repeat","background-position":"center center","background-size":"auto","background-attachment":"scroll","background-type":"","background-media":"","overlay-type":"","overlay-color":"","overlay-opacity":"","overlay-gradient":""},"mobile":{"background-color":"","background-image":"","background-repeat":"repeat","background-position":"center center","background-size":"auto","background-attachment":"scroll","background-type":"","background-media":"","overlay-type":"","overlay-color":"","overlay-opacity":"","overlay-gradient":""}},"ast-content-background-meta":{"desktop":{"background-color":"var(--ast-global-color-5)","background-image":"","background-repeat":"repeat","background-position":"center center","background-size":"auto","background-attachment":"scroll","background-type":"","background-media":"","overlay-type":"","overlay-color":"","overlay-opacity":"","overlay-gradient":""},"tablet":{"background-color":"var(--ast-global-color-5)","background-image":"","background-repeat":"repeat","background-position":"center center","background-size":"auto","background-attachment":"scroll","background-type":"","background-media":"","overlay-type":"","overlay-color":"","overlay-opacity":"","overlay-gradient":""},"mobile":{"background-color":"var(--ast-global-color-5)","background-image":"","background-repeat":"repeat","background-position":"center center","background-size":"auto","background-attachment":"scroll","background-type":"","background-media":"","overlay-type":"","overlay-color":"","overlay-opacity":"","overlay-gradient":""}}},"product_cat":[64],"product_tag":[],"class_list":{"0":"post-8353","1":"product","2":"type-product","3":"status-publish","4":"has-post-thumbnail","6":"product_cat-travel-adapter","7":"desktop-align-center","8":"tablet-align-center","9":"mobile-align-center","11":"first","12":"instock","13":"shipping-taxable","14":"product-type-simple"},"_links":{"self":[{"href":"https:\/\/imiapower.com\/pt_pt\/wp-json\/wp\/v2\/product\/8353","targetHints":{"allow":["GET"]}}],"collection":[{"href":"https:\/\/imiapower.com\/pt_pt\/wp-json\/wp\/v2\/product"}],"about":[{"href":"https:\/\/imiapower.com\/pt_pt\/wp-json\/wp\/v2\/types\/product"}],"replies":[{"embeddable":true,"href":"https:\/\/imiapower.com\/pt_pt\/wp-json\/wp\/v2\/comments?post=8353"}],"version-history":[{"count":4,"href":"https:\/\/imiapower.com\/pt_pt\/wp-json\/wp\/v2\/product\/8353\/revisions"}],"predecessor-version":[{"id":8631,"href":"https:\/\/imiapower.com\/pt_pt\/wp-json\/wp\/v2\/product\/8353\/revisions\/8631"}],"wp:featuredmedia":[{"embeddable":true,"href":"https:\/\/imiapower.com\/pt_pt\/wp-json\/wp\/v2\/media\/8357"}],"wp:attachment":[{"href":"https:\/\/imiapower.com\/pt_pt\/wp-json\/wp\/v2\/media?parent=8353"}],"wp:term":[{"taxonomy":"product_cat","embeddable":true,"href":"https:\/\/imiapower.com\/pt_pt\/wp-json\/wp\/v2\/product_cat?post=8353"},{"taxonomy":"product_tag","embeddable":true,"href":"https:\/\/imiapower.com\/pt_pt\/wp-json\/wp\/v2\/product_tag?post=8353"}],"curies":[{"name":"wp","href":"https:\/\/api.w.org\/{rel}","templated":true}]}}