{"id":8708,"date":"2024-11-29T06:22:29","date_gmt":"2024-11-29T06:22:29","guid":{"rendered":"https:\/\/imiapower.com\/?post_type=product&#038;p=8708"},"modified":"2024-11-29T06:35:46","modified_gmt":"2024-11-29T06:35:46","slug":"power-sockets","status":"publish","type":"product","link":"https:\/\/imiapower.com\/pt_pt\/products\/power-strip\/power-sockets\/","title":{"rendered":"tomadas el\u00e9tricas quadradas potentes para escrit\u00f3rio"},"content":{"rendered":"<ul>\n<li><strong>Tomadas de energia<\/strong><\/li>\n<li><strong>Classifica\u00e7\u00e3o de pot\u00eancia:<\/strong> 16A,220V ~240V<\/li>\n<li><strong>Sa\u00edda total USB-A+ USB-C:<\/strong> \u00a0DP 20W<\/li>\n<li><strong>Sa\u00edda USB-A \u00fanica:<\/strong> \u00a05V,3A 9V,2A 12V,1,5A (M\u00c1X. 18W)<\/li>\n<li><strong>Sa\u00edda USB-C \u00fanica:<\/strong> 5 V, 3 A 9 V, 2,2 A 12 V, 1,67 A (M\u00c1X. 20 W)<\/li>\n<li><strong>Cabo:<\/strong> 3*1,5 mm, n\u00facleo de fio de cobre, comprimento do cabo \u00e9 1,8 m<\/li>\n<li><strong>Material:<\/strong> PC disparado + metal cobre<\/li>\n<li><strong>Tamanho: <\/strong>82*82*82MM<\/li>\n<li><strong>Peso:<\/strong> 470g<\/li>\n<li><strong>Certifica\u00e7\u00e3o:<\/strong> Certifica\u00e7\u00e3o Ce &amp; Rohs<\/li>\n<\/ul>","protected":false},"excerpt":{"rendered":"<p><img fetchpriority=\"high\" decoding=\"async\" class=\"alignnone wp-image-8715 size-full\" src=\"https:\/\/imiapower.com\/wp-content\/uploads\/surge-protector-1.jpg\" alt=\"tomadas el\u00e9tricas\" width=\"800\" height=\"800\" srcset=\"https:\/\/imiapower.com\/wp-content\/uploads\/surge-protector-1.jpg 800w, https:\/\/imiapower.com\/wp-content\/uploads\/surge-protector-1-300x300.jpg 300w, https:\/\/imiapower.com\/wp-content\/uploads\/surge-protector-1-100x100.jpg 100w, https:\/\/imiapower.com\/wp-content\/uploads\/surge-protector-1-600x600.jpg 600w, https:\/\/imiapower.com\/wp-content\/uploads\/surge-protector-1-64x64.jpg 64w, https:\/\/imiapower.com\/wp-content\/uploads\/surge-protector-1-150x150.jpg 150w, https:\/\/imiapower.com\/wp-content\/uploads\/surge-protector-1-768x768.jpg 768w, https:\/\/imiapower.com\/wp-content\/uploads\/surge-protector-1-12x12.jpg 12w\" sizes=\"(max-width: 800px) 100vw, 800px\" \/><\/p>\n<p>Esta tomada el\u00e9trica com 4 extens\u00f5es de plugue e 4 portas USB (2 USB A + 2 USB C) \u00e9 f\u00e1cil de transportar e economiza espa\u00e7o. As portas USB e extens\u00f5es de soquete podem ser usadas ao mesmo tempo<\/p>\n<p>As portas USB s\u00e3o adequadas para iPhone, Samsung e Pad, e os plugues multi-soquete s\u00e3o adequados para TVs, sistemas de \u00e1udio, consoles de jogos, equipamentos, etc.<\/p>\n<p>Tomadas el\u00e9tricas com fun\u00e7\u00e3o de prote\u00e7\u00e3o eletr\u00f4nica do adaptador de energia, com prote\u00e7\u00e3o contra sobretens\u00e3o, prote\u00e7\u00e3o contra sobrecorrente, prote\u00e7\u00e3o contra curto-circuito e fun\u00e7\u00f5es de prote\u00e7\u00e3o contra surtos. A prote\u00e7\u00e3o contra surtos pode evitar situa\u00e7\u00f5es potencialmente perigosas que podem danificar equipamentos eletr\u00f4nicos.<\/p>","protected":false},"featured_media":8709,"comment_status":"open","ping_status":"closed","template":"","meta":{"rank_math_lock_modified_date":false,"site-sidebar-layout":"default","site-content-layout":"","ast-site-content-layout":"default","site-content-style":"default","site-sidebar-style":"default","ast-global-header-display":"","ast-banner-title-visibility":"","ast-main-header-display":"","ast-hfb-above-header-display":"","ast-hfb-below-header-display":"","ast-hfb-mobile-header-display":"","site-post-title":"","ast-breadcrumbs-content":"","ast-featured-img":"","footer-sml-layout":"","ast-disable-related-posts":"","theme-transparent-header-meta":"default","adv-header-id-meta":"","stick-header-meta":"","header-above-stick-meta":"","header-main-stick-meta":"","header-below-stick-meta":"","astra-migrate-meta-layouts":"set","ast-page-background-enabled":"default","ast-page-background-meta":{"desktop":{"background-color":"","background-image":"","background-repeat":"repeat","background-position":"center center","background-size":"auto","background-attachment":"scroll","background-type":"","background-media":"","overlay-type":"","overlay-color":"","overlay-opacity":"","overlay-gradient":""},"tablet":{"background-color":"","background-image":"","background-repeat":"repeat","background-position":"center center","background-size":"auto","background-attachment":"scroll","background-type":"","background-media":"","overlay-type":"","overlay-color":"","overlay-opacity":"","overlay-gradient":""},"mobile":{"background-color":"","background-image":"","background-repeat":"repeat","background-position":"center center","background-size":"auto","background-attachment":"scroll","background-type":"","background-media":"","overlay-type":"","overlay-color":"","overlay-opacity":"","overlay-gradient":""}},"ast-content-background-meta":{"desktop":{"background-color":"var(--ast-global-color-5)","background-image":"","background-repeat":"repeat","background-position":"center center","background-size":"auto","background-attachment":"scroll","background-type":"","background-media":"","overlay-type":"","overlay-color":"","overlay-opacity":"","overlay-gradient":""},"tablet":{"background-color":"var(--ast-global-color-5)","background-image":"","background-repeat":"repeat","background-position":"center center","background-size":"auto","background-attachment":"scroll","background-type":"","background-media":"","overlay-type":"","overlay-color":"","overlay-opacity":"","overlay-gradient":""},"mobile":{"background-color":"var(--ast-global-color-5)","background-image":"","background-repeat":"repeat","background-position":"center center","background-size":"auto","background-attachment":"scroll","background-type":"","background-media":"","overlay-type":"","overlay-color":"","overlay-opacity":"","overlay-gradient":""}}},"product_cat":[239],"product_tag":[],"class_list":{"0":"post-8708","1":"product","2":"type-product","3":"status-publish","4":"has-post-thumbnail","6":"product_cat-power-strip","7":"desktop-align-center","8":"tablet-align-center","9":"mobile-align-center","11":"first","12":"instock","13":"shipping-taxable","14":"product-type-simple"},"_links":{"self":[{"href":"https:\/\/imiapower.com\/pt_pt\/wp-json\/wp\/v2\/product\/8708","targetHints":{"allow":["GET"]}}],"collection":[{"href":"https:\/\/imiapower.com\/pt_pt\/wp-json\/wp\/v2\/product"}],"about":[{"href":"https:\/\/imiapower.com\/pt_pt\/wp-json\/wp\/v2\/types\/product"}],"replies":[{"embeddable":true,"href":"https:\/\/imiapower.com\/pt_pt\/wp-json\/wp\/v2\/comments?post=8708"}],"version-history":[{"count":6,"href":"https:\/\/imiapower.com\/pt_pt\/wp-json\/wp\/v2\/product\/8708\/revisions"}],"predecessor-version":[{"id":8716,"href":"https:\/\/imiapower.com\/pt_pt\/wp-json\/wp\/v2\/product\/8708\/revisions\/8716"}],"wp:featuredmedia":[{"embeddable":true,"href":"https:\/\/imiapower.com\/pt_pt\/wp-json\/wp\/v2\/media\/8709"}],"wp:attachment":[{"href":"https:\/\/imiapower.com\/pt_pt\/wp-json\/wp\/v2\/media?parent=8708"}],"wp:term":[{"taxonomy":"product_cat","embeddable":true,"href":"https:\/\/imiapower.com\/pt_pt\/wp-json\/wp\/v2\/product_cat?post=8708"},{"taxonomy":"product_tag","embeddable":true,"href":"https:\/\/imiapower.com\/pt_pt\/wp-json\/wp\/v2\/product_tag?post=8708"}],"curies":[{"name":"wp","href":"https:\/\/api.w.org\/{rel}","templated":true}]}}