{"id":9241,"date":"2025-01-12T03:19:02","date_gmt":"2025-01-12T03:19:02","guid":{"rendered":"https:\/\/imiapower.com\/?post_type=product&#038;p=9241"},"modified":"2025-07-16T03:32:28","modified_gmt":"2025-07-16T03:32:28","slug":"70w-plug-adapter-set","status":"publish","type":"product","link":"https:\/\/imiapower.com\/pt_pt\/products\/travel-adapter\/70w-plug-adapter-set\/","title":{"rendered":"Conjunto de adaptadores de tomada premium de 70 W \u2013 carregador de viagem com USB-C e sa\u00edda multiporta"},"content":{"rendered":"<ul>\n<li><strong>Conjunto de adaptadores de tomada<\/strong><\/li>\n<li><strong>Entrada CA: <\/strong>100~250 V\/CA 50-60 Hz 1,2 A<\/li>\n<li><strong>Sa\u00edda CA:<\/strong> 10A M\u00e1x.(1000W\/100V ou 2400W\/240V)<\/li>\n<li><strong>Sa\u00edda USB:<\/strong> 5V3A\/9V2A\/12V 1,5A (m\u00e1x. 18W)<\/li>\n<li><strong>Sa\u00edda do cabo C1:<\/strong>5V3A, 9V3A, 12V3A, 15V3A, 20V3,5A 70W<\/li>\n<li><strong>Sa\u00edda tipo C2:<\/strong> \u00a05V3A, 9V3A, 12V3A, 15V3A, 20V3,5A 70W<\/li>\n<li><strong>Tipo C3:<\/strong>5V1A 5W<\/li>\n<li><strong>C1\/C2+C3:<\/strong> 65W+5W<\/li>\n<li><strong>C1+C2+C3:<\/strong> 35W+20W+5W<\/li>\n<li><strong>C1+C2+C3+USB: <\/strong>35W+15W++5W+5V3A<\/li>\n<li><strong>C3+USB: <\/strong>5V3A<\/li>\n<li><strong>Certificado:<\/strong> CE\/FCC\/RoHS<\/li>\n<\/ul>","protected":false},"excerpt":{"rendered":"<p><img fetchpriority=\"high\" decoding=\"async\" class=\"alignnone wp-image-9245 size-large\" src=\"https:\/\/imiapower.com\/wp-content\/uploads\/I-T706-4-1024x569.webp\" alt=\"Conjunto de adaptadores de tomada\" width=\"1024\" height=\"569\" srcset=\"https:\/\/imiapower.com\/wp-content\/uploads\/I-T706-4-1024x569.webp 1024w, https:\/\/imiapower.com\/wp-content\/uploads\/I-T706-4-300x167.webp 300w, https:\/\/imiapower.com\/wp-content\/uploads\/I-T706-4-768x427.webp 768w, https:\/\/imiapower.com\/wp-content\/uploads\/I-T706-4-1536x854.webp 1536w, https:\/\/imiapower.com\/wp-content\/uploads\/I-T706-4-2048x1138.webp 2048w, https:\/\/imiapower.com\/wp-content\/uploads\/I-T706-4-18x10.webp 18w, https:\/\/imiapower.com\/wp-content\/uploads\/I-T706-4-600x333.webp 600w, https:\/\/imiapower.com\/wp-content\/uploads\/I-T706-4-64x36.webp 64w\" sizes=\"(max-width: 1024px) 100vw, 1024px\" \/><\/p>\n<p data-start=\"160\" data-end=\"490\">Mantenha-se carregado onde quer que v\u00e1 com este adaptador de parede USB de 70 W, com instru\u00e7\u00f5es de cabo integradas para um uso r\u00e1pido e sem complica\u00e7\u00f5es. Como um conjunto de adaptadores universais compacto e confi\u00e1vel, ele oferece carregamento r\u00e1pido USB-C atrav\u00e9s de m\u00faltiplas portas, tornando-o o carregador de viagem multiportas e conversor de energia global ideal para viajantes modernos.<\/p>","protected":false},"featured_media":9242,"comment_status":"open","ping_status":"closed","template":"","meta":{"rank_math_lock_modified_date":false,"site-sidebar-layout":"default","site-content-layout":"","ast-site-content-layout":"default","site-content-style":"default","site-sidebar-style":"default","ast-global-header-display":"","ast-banner-title-visibility":"","ast-main-header-display":"","ast-hfb-above-header-display":"","ast-hfb-below-header-display":"","ast-hfb-mobile-header-display":"","site-post-title":"","ast-breadcrumbs-content":"","ast-featured-img":"","footer-sml-layout":"","ast-disable-related-posts":"","theme-transparent-header-meta":"default","adv-header-id-meta":"","stick-header-meta":"","header-above-stick-meta":"","header-main-stick-meta":"","header-below-stick-meta":"","astra-migrate-meta-layouts":"set","ast-page-background-enabled":"default","ast-page-background-meta":{"desktop":{"background-color":"","background-image":"","background-repeat":"repeat","background-position":"center center","background-size":"auto","background-attachment":"scroll","background-type":"","background-media":"","overlay-type":"","overlay-color":"","overlay-opacity":"","overlay-gradient":""},"tablet":{"background-color":"","background-image":"","background-repeat":"repeat","background-position":"center center","background-size":"auto","background-attachment":"scroll","background-type":"","background-media":"","overlay-type":"","overlay-color":"","overlay-opacity":"","overlay-gradient":""},"mobile":{"background-color":"","background-image":"","background-repeat":"repeat","background-position":"center center","background-size":"auto","background-attachment":"scroll","background-type":"","background-media":"","overlay-type":"","overlay-color":"","overlay-opacity":"","overlay-gradient":""}},"ast-content-background-meta":{"desktop":{"background-color":"var(--ast-global-color-5)","background-image":"","background-repeat":"repeat","background-position":"center center","background-size":"auto","background-attachment":"scroll","background-type":"","background-media":"","overlay-type":"","overlay-color":"","overlay-opacity":"","overlay-gradient":""},"tablet":{"background-color":"var(--ast-global-color-5)","background-image":"","background-repeat":"repeat","background-position":"center center","background-size":"auto","background-attachment":"scroll","background-type":"","background-media":"","overlay-type":"","overlay-color":"","overlay-opacity":"","overlay-gradient":""},"mobile":{"background-color":"var(--ast-global-color-5)","background-image":"","background-repeat":"repeat","background-position":"center center","background-size":"auto","background-attachment":"scroll","background-type":"","background-media":"","overlay-type":"","overlay-color":"","overlay-opacity":"","overlay-gradient":""}}},"product_cat":[64],"product_tag":[],"class_list":{"0":"post-9241","1":"product","2":"type-product","3":"status-publish","4":"has-post-thumbnail","6":"product_cat-travel-adapter","7":"desktop-align-center","8":"tablet-align-center","9":"mobile-align-center","11":"first","12":"instock","13":"featured","14":"shipping-taxable","15":"product-type-simple"},"_links":{"self":[{"href":"https:\/\/imiapower.com\/pt_pt\/wp-json\/wp\/v2\/product\/9241","targetHints":{"allow":["GET"]}}],"collection":[{"href":"https:\/\/imiapower.com\/pt_pt\/wp-json\/wp\/v2\/product"}],"about":[{"href":"https:\/\/imiapower.com\/pt_pt\/wp-json\/wp\/v2\/types\/product"}],"replies":[{"embeddable":true,"href":"https:\/\/imiapower.com\/pt_pt\/wp-json\/wp\/v2\/comments?post=9241"}],"version-history":[{"count":4,"href":"https:\/\/imiapower.com\/pt_pt\/wp-json\/wp\/v2\/product\/9241\/revisions"}],"predecessor-version":[{"id":9248,"href":"https:\/\/imiapower.com\/pt_pt\/wp-json\/wp\/v2\/product\/9241\/revisions\/9248"}],"wp:featuredmedia":[{"embeddable":true,"href":"https:\/\/imiapower.com\/pt_pt\/wp-json\/wp\/v2\/media\/9242"}],"wp:attachment":[{"href":"https:\/\/imiapower.com\/pt_pt\/wp-json\/wp\/v2\/media?parent=9241"}],"wp:term":[{"taxonomy":"product_cat","embeddable":true,"href":"https:\/\/imiapower.com\/pt_pt\/wp-json\/wp\/v2\/product_cat?post=9241"},{"taxonomy":"product_tag","embeddable":true,"href":"https:\/\/imiapower.com\/pt_pt\/wp-json\/wp\/v2\/product_tag?post=9241"}],"curies":[{"name":"wp","href":"https:\/\/api.w.org\/{rel}","templated":true}]}}