{"id":9258,"date":"2025-06-13T08:53:33","date_gmt":"2025-06-13T08:53:33","guid":{"rendered":"https:\/\/imiapower.com\/?post_type=product&#038;p=9258"},"modified":"2025-06-14T03:20:26","modified_gmt":"2025-06-14T03:20:26","slug":"best-worldwide-travel-adaptor","status":"publish","type":"product","link":"https:\/\/imiapower.com\/pt_pt\/products\/travel-adapter\/best-worldwide-travel-adaptor\/","title":{"rendered":"Melhor Adaptador de Viagem do Mundo 35W \u2013 R\u00e1pido, Compacto e Universal"},"content":{"rendered":"<ul>\n<li><strong>Melhor adaptador de viagem do mundo<\/strong><\/li>\n<li><strong>Entrada CA:<\/strong> 100 ~ 250 V\/CA 50-60 Hz 0,8 A<\/li>\n<li><strong>Sa\u00edda CA:<\/strong>10A m\u00e1x. (1000W\/100V ou 2400W\/240V)<\/li>\n<li><strong>Sa\u00edda USB \u00fanica:<\/strong> 5 V, 3 A 9 V, 2 A 12 V, 1,5 A (m\u00e1x. 18 W)<\/li>\n<li><strong>Sa\u00edda \u00fanica tipo C:<\/strong> 5V,3A 9V,3A 12V,2,91A 15V,2,33A 20V,1,75A (M\u00c1X. 35W)<\/li>\n<li><strong>Tamanho:<\/strong> 74 x 50,5 x 53,9 mm<\/li>\n<li><strong>Cor:<\/strong> Preto<\/li>\n<li><strong>Peso:<\/strong> 170g<\/li>\n<li><strong>Materiais:<\/strong> PC queimado + metal cobre<\/li>\n<li><strong>Certificado:<\/strong> \u00a0 CE, FCC, ROHs, REACH<\/li>\n<\/ul>","protected":false},"excerpt":{"rendered":"<p><img fetchpriority=\"high\" decoding=\"async\" class=\"alignnone wp-image-9264 size-full\" src=\"https:\/\/imiapower.com\/wp-content\/uploads\/converted-6.webp\" alt=\"melhor adaptador de viagem do mundo\" width=\"1024\" height=\"1024\" srcset=\"https:\/\/imiapower.com\/wp-content\/uploads\/converted-6.webp 1024w, https:\/\/imiapower.com\/wp-content\/uploads\/converted-6-300x300.webp 300w, https:\/\/imiapower.com\/wp-content\/uploads\/converted-6-150x150.webp 150w, https:\/\/imiapower.com\/wp-content\/uploads\/converted-6-768x768.webp 768w, https:\/\/imiapower.com\/wp-content\/uploads\/converted-6-12x12.webp 12w, https:\/\/imiapower.com\/wp-content\/uploads\/converted-6-600x600.webp 600w, https:\/\/imiapower.com\/wp-content\/uploads\/converted-6-100x100.webp 100w, https:\/\/imiapower.com\/wp-content\/uploads\/converted-6-64x64.webp 64w\" sizes=\"(max-width: 1024px) 100vw, 1024px\" \/><\/p>\n<p>Embora adaptadores de viagem de alta pot\u00eancia, como os modelos de 100 W, estejam ganhando aten\u00e7\u00e3o, o adaptador de viagem USB-C de 35 W continua sendo uma das op\u00e7\u00f5es mais populares e pr\u00e1ticas para viajantes globais. Ele oferece o equil\u00edbrio perfeito entre desempenho, portabilidade e pre\u00e7o.<\/p>\n<p>Com compatibilidade de plugue universal, carregamento r\u00e1pido via USB-C e multiportas e um design compacto, ele \u00e9 ideal para smartphones, tablets e outros dispositivos do dia a dia.<\/p>\n<p>Esteja voc\u00ea indo para a Europa, \u00c1sia ou Am\u00e9ricas, este melhor adaptador de viagem mundial oferece carregamento confi\u00e1vel sem volume ou alto custo<\/p>","protected":false},"featured_media":9261,"comment_status":"open","ping_status":"closed","template":"","meta":{"rank_math_lock_modified_date":false,"site-sidebar-layout":"default","site-content-layout":"","ast-site-content-layout":"default","site-content-style":"default","site-sidebar-style":"default","ast-global-header-display":"","ast-banner-title-visibility":"","ast-main-header-display":"","ast-hfb-above-header-display":"","ast-hfb-below-header-display":"","ast-hfb-mobile-header-display":"","site-post-title":"","ast-breadcrumbs-content":"","ast-featured-img":"","footer-sml-layout":"","ast-disable-related-posts":"","theme-transparent-header-meta":"default","adv-header-id-meta":"","stick-header-meta":"","header-above-stick-meta":"","header-main-stick-meta":"","header-below-stick-meta":"","astra-migrate-meta-layouts":"set","ast-page-background-enabled":"default","ast-page-background-meta":{"desktop":{"background-color":"","background-image":"","background-repeat":"repeat","background-position":"center center","background-size":"auto","background-attachment":"scroll","background-type":"","background-media":"","overlay-type":"","overlay-color":"","overlay-opacity":"","overlay-gradient":""},"tablet":{"background-color":"","background-image":"","background-repeat":"repeat","background-position":"center center","background-size":"auto","background-attachment":"scroll","background-type":"","background-media":"","overlay-type":"","overlay-color":"","overlay-opacity":"","overlay-gradient":""},"mobile":{"background-color":"","background-image":"","background-repeat":"repeat","background-position":"center center","background-size":"auto","background-attachment":"scroll","background-type":"","background-media":"","overlay-type":"","overlay-color":"","overlay-opacity":"","overlay-gradient":""}},"ast-content-background-meta":{"desktop":{"background-color":"var(--ast-global-color-5)","background-image":"","background-repeat":"repeat","background-position":"center center","background-size":"auto","background-attachment":"scroll","background-type":"","background-media":"","overlay-type":"","overlay-color":"","overlay-opacity":"","overlay-gradient":""},"tablet":{"background-color":"var(--ast-global-color-5)","background-image":"","background-repeat":"repeat","background-position":"center center","background-size":"auto","background-attachment":"scroll","background-type":"","background-media":"","overlay-type":"","overlay-color":"","overlay-opacity":"","overlay-gradient":""},"mobile":{"background-color":"var(--ast-global-color-5)","background-image":"","background-repeat":"repeat","background-position":"center center","background-size":"auto","background-attachment":"scroll","background-type":"","background-media":"","overlay-type":"","overlay-color":"","overlay-opacity":"","overlay-gradient":""}}},"product_cat":[64],"product_tag":[],"class_list":{"0":"post-9258","1":"product","2":"type-product","3":"status-publish","4":"has-post-thumbnail","6":"product_cat-travel-adapter","7":"desktop-align-center","8":"tablet-align-center","9":"mobile-align-center","11":"first","12":"instock","13":"featured","14":"shipping-taxable","15":"product-type-simple"},"_links":{"self":[{"href":"https:\/\/imiapower.com\/pt_pt\/wp-json\/wp\/v2\/product\/9258","targetHints":{"allow":["GET"]}}],"collection":[{"href":"https:\/\/imiapower.com\/pt_pt\/wp-json\/wp\/v2\/product"}],"about":[{"href":"https:\/\/imiapower.com\/pt_pt\/wp-json\/wp\/v2\/types\/product"}],"replies":[{"embeddable":true,"href":"https:\/\/imiapower.com\/pt_pt\/wp-json\/wp\/v2\/comments?post=9258"}],"version-history":[{"count":2,"href":"https:\/\/imiapower.com\/pt_pt\/wp-json\/wp\/v2\/product\/9258\/revisions"}],"predecessor-version":[{"id":9266,"href":"https:\/\/imiapower.com\/pt_pt\/wp-json\/wp\/v2\/product\/9258\/revisions\/9266"}],"wp:featuredmedia":[{"embeddable":true,"href":"https:\/\/imiapower.com\/pt_pt\/wp-json\/wp\/v2\/media\/9261"}],"wp:attachment":[{"href":"https:\/\/imiapower.com\/pt_pt\/wp-json\/wp\/v2\/media?parent=9258"}],"wp:term":[{"taxonomy":"product_cat","embeddable":true,"href":"https:\/\/imiapower.com\/pt_pt\/wp-json\/wp\/v2\/product_cat?post=9258"},{"taxonomy":"product_tag","embeddable":true,"href":"https:\/\/imiapower.com\/pt_pt\/wp-json\/wp\/v2\/product_tag?post=9258"}],"curies":[{"name":"wp","href":"https:\/\/api.w.org\/{rel}","templated":true}]}}