{"id":9378,"date":"2025-06-26T06:27:53","date_gmt":"2025-06-26T06:27:53","guid":{"rendered":"https:\/\/imiapower.com\/?post_type=product&#038;p=9378"},"modified":"2025-08-21T00:56:19","modified_gmt":"2025-08-21T00:56:19","slug":"17w-travel-adapter-supplier","status":"publish","type":"product","link":"https:\/\/imiapower.com\/pt_pt\/products\/travel-adapter\/17w-travel-adapter-supplier\/","title":{"rendered":"Adaptador de viagem compacto de 17 W \u2013 Solu\u00e7\u00e3o de carregamento universal para viajantes"},"content":{"rendered":"<div class=\"elementor elementor-656 elementor-location-single post-2511 product type-product status-publish has-post-thumbnail product_cat-world-travel-adapter first instock shipping-taxable product-type-simple product\" data-elementor-type=\"product\" data-elementor-id=\"656\" data-elementor-post-type=\"elementor_library\">\n<section class=\"elementor-section elementor-top-section elementor-element elementor-element-52a1a10 elementor-section-boxed ang-section-padding-initial elementor-section-height-default elementor-section-height-default elementor-repeater-item-none elementor-repeater-item-none_hover\" data-id=\"52a1a10\" data-element_type=\"section\" data-settings=\"{&quot;background_background&quot;:&quot;classic&quot;}\">\n<div class=\"elementor-container elementor-column-gap-default\">\n<div class=\"elementor-column elementor-col-100 elementor-top-column elementor-element elementor-element-29536b3 elementor-repeater-item-none elementor-repeater-item-none_hover\" data-id=\"29536b3\" data-element_type=\"column\">\n<div class=\"elementor-widget-wrap elementor-element-populated\">\n<div class=\"elementor-element elementor-element-c8b75d7 elementor-repeater-item-none elementor-repeater-item-none_hover elementor-widget elementor-widget-woocommerce-product-content\" data-id=\"c8b75d7\" data-element_type=\"widget\" data-widget_type=\"woocommerce-product-content.default\">\n<div class=\"elementor-widget-container\">\n<ul>\n<li><strong>Fornecedor de adaptadores de viagem<\/strong><\/li>\n<li><strong>Tens\u00e3o de entrada:<\/strong>110~250 V\/CA 50-60 Hz<\/li>\n<li><strong>Sa\u00edda CA:<\/strong>10A M\u00e1x.(1000W\/100V ou 2400W\/240V)<\/li>\n<li><strong>Sa\u00edda USB \u00fanica:<\/strong> 5V 3,4A (m\u00e1x. 17W)<\/li>\n<li><strong>Sa\u00edda \u00fanica tipo C:<\/strong>5V 3,4A (m\u00e1x. 17W)<\/li>\n<li><strong>Sa\u00edda USB+Tipo C:<\/strong> 5V3A (m\u00e1x. 15W)<\/li>\n<li><strong>Tamanho :<\/strong>74*50,5*53,9 mm<\/li>\n<li><strong>Materiais:<\/strong> PC disparado + metal cobre<\/li>\n<li><strong>Certificado :<\/strong> FCC, CE<\/li>\n<\/ul>\n<\/div>\n<\/div>\n<\/div>\n<\/div>\n<\/div>\n<\/section>\n<\/div>\n<div class=\"elementor elementor-120 elementor-location-footer\" data-elementor-type=\"footer\" data-elementor-id=\"120\" data-elementor-post-type=\"elementor_library\">\n<section class=\"elementor-section elementor-top-section elementor-element elementor-element-4d8fbf12 elementor-section-boxed ang-section-padding-initial elementor-section-height-default elementor-section-height-default elementor-repeater-item-none elementor-repeater-item-none_hover\" data-id=\"4d8fbf12\" data-element_type=\"section\" data-settings=\"{&quot;background_background&quot;:&quot;classic&quot;}\">\n<div class=\"elementor-container elementor-column-gap-no\">\n<div class=\"elementor-column elementor-col-100 elementor-top-column elementor-element elementor-element-6bc60036 elementor-repeater-item-none elementor-repeater-item-none_hover\" data-id=\"6bc60036\" data-element_type=\"column\">\n<div class=\"elementor-widget-wrap elementor-element-populated\">\n<section class=\"elementor-section elementor-inner-section elementor-element elementor-element-5d81a5e0 elementor-section-content-top elementor-section-boxed ang-section-padding-initial elementor-section-height-default elementor-section-height-default elementor-repeater-item-none elementor-repeater-item-none_hover\" data-id=\"5d81a5e0\" data-element_type=\"section\" data-settings=\"{&quot;background_background&quot;:&quot;classic&quot;}\">\n<div class=\"elementor-container elementor-column-gap-no\">\n<div class=\"elementor-column elementor-col-20 elementor-inner-column elementor-element elementor-element-6b6a26e6 elementor-repeater-item-none elementor-repeater-item-none_hover\" data-id=\"6b6a26e6\" data-element_type=\"column\">\n<div class=\"elementor-widget-wrap elementor-element-populated\">\n<div class=\"elementor-element elementor-element-7cff912 external_elementor-repeater-item-none_external elementor-repeater-item-none elementor-repeater-item-none_hover elementor-widget elementor-widget-image\" data-id=\"7cff912\" data-element_type=\"widget\" data-widget_type=\"image.default\"><\/div>\n<\/div>\n<\/div>\n<\/div>\n<\/section>\n<\/div>\n<\/div>\n<\/div>\n<\/section>\n<\/div>","protected":false},"excerpt":{"rendered":"<p>Um adaptador de viagem universal leve de 17 W projetado para viajantes globais.<\/p>\n<p>Compat\u00edvel com v\u00e1rios tipos de plugues e seguro para carregamento di\u00e1rio. Ideal para fornecedores de adaptadores de viagem, atacadistas e parceiros OEM.<\/p>\n<p data-start=\"778\" data-end=\"833\">\u2714\ufe0f <strong data-start=\"781\" data-end=\"795\">Sa\u00edda de 17 W<\/strong> \u2013 Suporta carregamento seguro e est\u00e1vel<\/p>\n<p data-start=\"836\" data-end=\"894\">\ud83c\udf0d <strong data-start=\"839\" data-end=\"866\">Compatibilidade Universal<\/strong> \u2013 Trabalha em mais de 150 pa\u00edses<\/p>\n<p data-start=\"897\" data-end=\"946\">\ud83d\udd0c <strong data-start=\"900\" data-end=\"921\">Design multi-plugue<\/strong> \u2013 EUA\/UE\/Reino Unido\/AU inclu\u00eddos<\/p>\n<p data-start=\"949\" data-end=\"1033\">\ud83d\udd0b <strong data-start=\"952\" data-end=\"980\">Distribui\u00e7\u00e3o Inteligente de Energia<\/strong> \u2013 Otimizado para telefones, tablets e pequenos dispositivos<\/p>\n<p data-start=\"1036\" data-end=\"1093\">\ud83e\uddf3 <strong data-start=\"1039\" data-end=\"1064\">Compacto e leve<\/strong> \u2013 Formato pronto para viagens<\/p>\n<p>\ud83c\udff7\ufe0f <strong data-start=\"1100\" data-end=\"1121\">OEM\/ODM dispon\u00edvel<\/strong> \u2013 Pedidos em grandes quantidades para fornecedores<\/p>","protected":false},"featured_media":9383,"comment_status":"open","ping_status":"closed","template":"","meta":{"rank_math_lock_modified_date":false,"site-sidebar-layout":"default","site-content-layout":"","ast-site-content-layout":"default","site-content-style":"default","site-sidebar-style":"default","ast-global-header-display":"","ast-banner-title-visibility":"","ast-main-header-display":"","ast-hfb-above-header-display":"","ast-hfb-below-header-display":"","ast-hfb-mobile-header-display":"","site-post-title":"","ast-breadcrumbs-content":"","ast-featured-img":"","footer-sml-layout":"","ast-disable-related-posts":"","theme-transparent-header-meta":"default","adv-header-id-meta":"","stick-header-meta":"","header-above-stick-meta":"","header-main-stick-meta":"","header-below-stick-meta":"","astra-migrate-meta-layouts":"set","ast-page-background-enabled":"default","ast-page-background-meta":{"desktop":{"background-color":"","background-image":"","background-repeat":"repeat","background-position":"center center","background-size":"auto","background-attachment":"scroll","background-type":"","background-media":"","overlay-type":"","overlay-color":"","overlay-opacity":"","overlay-gradient":""},"tablet":{"background-color":"","background-image":"","background-repeat":"repeat","background-position":"center center","background-size":"auto","background-attachment":"scroll","background-type":"","background-media":"","overlay-type":"","overlay-color":"","overlay-opacity":"","overlay-gradient":""},"mobile":{"background-color":"","background-image":"","background-repeat":"repeat","background-position":"center center","background-size":"auto","background-attachment":"scroll","background-type":"","background-media":"","overlay-type":"","overlay-color":"","overlay-opacity":"","overlay-gradient":""}},"ast-content-background-meta":{"desktop":{"background-color":"var(--ast-global-color-5)","background-image":"","background-repeat":"repeat","background-position":"center center","background-size":"auto","background-attachment":"scroll","background-type":"","background-media":"","overlay-type":"","overlay-color":"","overlay-opacity":"","overlay-gradient":""},"tablet":{"background-color":"var(--ast-global-color-5)","background-image":"","background-repeat":"repeat","background-position":"center center","background-size":"auto","background-attachment":"scroll","background-type":"","background-media":"","overlay-type":"","overlay-color":"","overlay-opacity":"","overlay-gradient":""},"mobile":{"background-color":"var(--ast-global-color-5)","background-image":"","background-repeat":"repeat","background-position":"center center","background-size":"auto","background-attachment":"scroll","background-type":"","background-media":"","overlay-type":"","overlay-color":"","overlay-opacity":"","overlay-gradient":""}}},"product_cat":[64],"product_tag":[],"class_list":{"0":"post-9378","1":"product","2":"type-product","3":"status-publish","4":"has-post-thumbnail","6":"product_cat-travel-adapter","7":"desktop-align-center","8":"tablet-align-center","9":"mobile-align-center","11":"first","12":"instock","13":"featured","14":"shipping-taxable","15":"product-type-simple"},"_links":{"self":[{"href":"https:\/\/imiapower.com\/pt_pt\/wp-json\/wp\/v2\/product\/9378","targetHints":{"allow":["GET"]}}],"collection":[{"href":"https:\/\/imiapower.com\/pt_pt\/wp-json\/wp\/v2\/product"}],"about":[{"href":"https:\/\/imiapower.com\/pt_pt\/wp-json\/wp\/v2\/types\/product"}],"replies":[{"embeddable":true,"href":"https:\/\/imiapower.com\/pt_pt\/wp-json\/wp\/v2\/comments?post=9378"}],"version-history":[{"count":2,"href":"https:\/\/imiapower.com\/pt_pt\/wp-json\/wp\/v2\/product\/9378\/revisions"}],"predecessor-version":[{"id":9385,"href":"https:\/\/imiapower.com\/pt_pt\/wp-json\/wp\/v2\/product\/9378\/revisions\/9385"}],"wp:featuredmedia":[{"embeddable":true,"href":"https:\/\/imiapower.com\/pt_pt\/wp-json\/wp\/v2\/media\/9383"}],"wp:attachment":[{"href":"https:\/\/imiapower.com\/pt_pt\/wp-json\/wp\/v2\/media?parent=9378"}],"wp:term":[{"taxonomy":"product_cat","embeddable":true,"href":"https:\/\/imiapower.com\/pt_pt\/wp-json\/wp\/v2\/product_cat?post=9378"},{"taxonomy":"product_tag","embeddable":true,"href":"https:\/\/imiapower.com\/pt_pt\/wp-json\/wp\/v2\/product_tag?post=9378"}],"curies":[{"name":"wp","href":"https:\/\/api.w.org\/{rel}","templated":true}]}}