{"id":9403,"date":"2025-07-07T03:13:09","date_gmt":"2025-07-07T03:13:09","guid":{"rendered":"https:\/\/imiapower.com\/?post_type=product&#038;p=9403"},"modified":"2025-07-07T03:13:10","modified_gmt":"2025-07-07T03:13:10","slug":"bulk-travel-usb-adapters-17w","status":"publish","type":"product","link":"https:\/\/imiapower.com\/pt_pt\/products\/travel-adapter\/bulk-travel-usb-adapters-17w\/","title":{"rendered":"Adaptador USB universal de viagem de 17 W \u2013 Adaptadores USB de viagem a granel para empresas e presentes"},"content":{"rendered":"<ul>\n<li><strong>Adaptadores USB para viagem em massa<\/strong><\/li>\n<li><strong>Tens\u00e3o de entrada:<\/strong> 110~250 V\/CA 50-60 Hz<\/li>\n<li><strong>Sa\u00edda CA: <\/strong>10A M\u00e1x.(1000W\/100V ou 2400W\/240V)<\/li>\n<li><strong>Sa\u00edda USB \u00fanica:<\/strong> 5V 3,4A (m\u00e1x. 17W)<\/li>\n<li><strong>Sa\u00edda \u00fanica tipo C:<\/strong>5V 3,4A (m\u00e1x. 17W)<\/li>\n<li><strong>Sa\u00edda USB+Tipo C:<\/strong> 5V3A (m\u00e1x. 15W)<\/li>\n<li><strong>Tamanho :<\/strong>74*50,5*53,9 mm<\/li>\n<li><strong>Materiais:<\/strong> PC disparado + metal cobre<\/li>\n<li><strong>Certificado :<\/strong> FCC, CE<\/li>\n<\/ul>","protected":false},"excerpt":{"rendered":"<p>O Adaptador USB Universal de Viagem de 17 W foi projetado para viajantes globais e empresas que buscam solu\u00e7\u00f5es de carregamento confi\u00e1veis em grandes quantidades.<\/p>\n<p>Com 2 portas USB-A e 2 portas USB-C compat\u00edveis com plugues EUA\/Reino Unido\/AUS\/UE, ele garante carregamento r\u00e1pido e seguro em todo o mundo, tornando-o perfeito para atacado, brindes corporativos ou revenda<\/p>","protected":false},"featured_media":9404,"comment_status":"open","ping_status":"closed","template":"","meta":{"rank_math_lock_modified_date":false,"site-sidebar-layout":"default","site-content-layout":"","ast-site-content-layout":"default","site-content-style":"default","site-sidebar-style":"default","ast-global-header-display":"","ast-banner-title-visibility":"","ast-main-header-display":"","ast-hfb-above-header-display":"","ast-hfb-below-header-display":"","ast-hfb-mobile-header-display":"","site-post-title":"","ast-breadcrumbs-content":"","ast-featured-img":"","footer-sml-layout":"","ast-disable-related-posts":"","theme-transparent-header-meta":"default","adv-header-id-meta":"","stick-header-meta":"","header-above-stick-meta":"","header-main-stick-meta":"","header-below-stick-meta":"","astra-migrate-meta-layouts":"set","ast-page-background-enabled":"default","ast-page-background-meta":{"desktop":{"background-color":"","background-image":"","background-repeat":"repeat","background-position":"center center","background-size":"auto","background-attachment":"scroll","background-type":"","background-media":"","overlay-type":"","overlay-color":"","overlay-opacity":"","overlay-gradient":""},"tablet":{"background-color":"","background-image":"","background-repeat":"repeat","background-position":"center center","background-size":"auto","background-attachment":"scroll","background-type":"","background-media":"","overlay-type":"","overlay-color":"","overlay-opacity":"","overlay-gradient":""},"mobile":{"background-color":"","background-image":"","background-repeat":"repeat","background-position":"center center","background-size":"auto","background-attachment":"scroll","background-type":"","background-media":"","overlay-type":"","overlay-color":"","overlay-opacity":"","overlay-gradient":""}},"ast-content-background-meta":{"desktop":{"background-color":"var(--ast-global-color-5)","background-image":"","background-repeat":"repeat","background-position":"center center","background-size":"auto","background-attachment":"scroll","background-type":"","background-media":"","overlay-type":"","overlay-color":"","overlay-opacity":"","overlay-gradient":""},"tablet":{"background-color":"var(--ast-global-color-5)","background-image":"","background-repeat":"repeat","background-position":"center center","background-size":"auto","background-attachment":"scroll","background-type":"","background-media":"","overlay-type":"","overlay-color":"","overlay-opacity":"","overlay-gradient":""},"mobile":{"background-color":"var(--ast-global-color-5)","background-image":"","background-repeat":"repeat","background-position":"center center","background-size":"auto","background-attachment":"scroll","background-type":"","background-media":"","overlay-type":"","overlay-color":"","overlay-opacity":"","overlay-gradient":""}}},"product_cat":[64],"product_tag":[],"class_list":{"0":"post-9403","1":"product","2":"type-product","3":"status-publish","4":"has-post-thumbnail","6":"product_cat-travel-adapter","7":"desktop-align-center","8":"tablet-align-center","9":"mobile-align-center","11":"first","12":"instock","13":"shipping-taxable","14":"product-type-simple"},"_links":{"self":[{"href":"https:\/\/imiapower.com\/pt_pt\/wp-json\/wp\/v2\/product\/9403","targetHints":{"allow":["GET"]}}],"collection":[{"href":"https:\/\/imiapower.com\/pt_pt\/wp-json\/wp\/v2\/product"}],"about":[{"href":"https:\/\/imiapower.com\/pt_pt\/wp-json\/wp\/v2\/types\/product"}],"replies":[{"embeddable":true,"href":"https:\/\/imiapower.com\/pt_pt\/wp-json\/wp\/v2\/comments?post=9403"}],"version-history":[{"count":2,"href":"https:\/\/imiapower.com\/pt_pt\/wp-json\/wp\/v2\/product\/9403\/revisions"}],"predecessor-version":[{"id":9411,"href":"https:\/\/imiapower.com\/pt_pt\/wp-json\/wp\/v2\/product\/9403\/revisions\/9411"}],"wp:featuredmedia":[{"embeddable":true,"href":"https:\/\/imiapower.com\/pt_pt\/wp-json\/wp\/v2\/media\/9404"}],"wp:attachment":[{"href":"https:\/\/imiapower.com\/pt_pt\/wp-json\/wp\/v2\/media?parent=9403"}],"wp:term":[{"taxonomy":"product_cat","embeddable":true,"href":"https:\/\/imiapower.com\/pt_pt\/wp-json\/wp\/v2\/product_cat?post=9403"},{"taxonomy":"product_tag","embeddable":true,"href":"https:\/\/imiapower.com\/pt_pt\/wp-json\/wp\/v2\/product_tag?post=9403"}],"curies":[{"name":"wp","href":"https:\/\/api.w.org\/{rel}","templated":true}]}}